{"id":480,"date":"2020-12-30T17:59:22","date_gmt":"2020-12-30T16:59:22","guid":{"rendered":"https:\/\/www.pedagogie.ac-nice.fr\/espagnol\/?page_id=480"},"modified":"2025-02-04T14:46:03","modified_gmt":"2025-02-04T13:46:03","slug":"competences-numeriques-pix","status":"publish","type":"page","link":"https:\/\/www.pedagogie.ac-nice.fr\/espagnol\/lespagnol-et-le-numerique\/competences-numeriques-pix\/","title":{"rendered":"Comp\u00e9tences num\u00e9riques &#8211; PIX"},"content":{"rendered":"<p><img loading=\"lazy\" decoding=\"async\" class=\"alignnone wp-image-2252 size-full\" src=\"https:\/\/www.pedagogie.ac-nice.fr\/espagnol\/wp-content\/uploads\/sites\/43\/2025\/02\/Copie-de-Ensenar-deleitando-26.png\" alt=\"\" width=\"15840\" height=\"4752\" srcset=\"https:\/\/www.pedagogie.ac-nice.fr\/espagnol\/wp-content\/uploads\/sites\/43\/2025\/02\/Copie-de-Ensenar-deleitando-26.png 15840w, https:\/\/www.pedagogie.ac-nice.fr\/espagnol\/wp-content\/uploads\/sites\/43\/2025\/02\/Copie-de-Ensenar-deleitando-26-300x90.png 300w, https:\/\/www.pedagogie.ac-nice.fr\/espagnol\/wp-content\/uploads\/sites\/43\/2025\/02\/Copie-de-Ensenar-deleitando-26-1024x307.png 1024w, https:\/\/www.pedagogie.ac-nice.fr\/espagnol\/wp-content\/uploads\/sites\/43\/2025\/02\/Copie-de-Ensenar-deleitando-26-768x230.png 768w, https:\/\/www.pedagogie.ac-nice.fr\/espagnol\/wp-content\/uploads\/sites\/43\/2025\/02\/Copie-de-Ensenar-deleitando-26-1536x461.png 1536w, https:\/\/www.pedagogie.ac-nice.fr\/espagnol\/wp-content\/uploads\/sites\/43\/2025\/02\/Copie-de-Ensenar-deleitando-26-2048x614.png 2048w\" sizes=\"auto, (max-width: 15840px) 100vw, 15840px\" \/><\/p>\n<ul>\n<li><span style=\"font-family: verdana, geneva, sans-serif; font-size: 10pt;\"><strong>Le Cadre de R\u00e9f\u00e9rence des Comp\u00e9tences Num\u00e9riques (CRCN) :<\/strong><\/span><\/li>\n<\/ul>\n<div style=\"padding-left: 40px;\"><span style=\"font-family: verdana, geneva, sans-serif; font-size: 10pt;\">Inspir\u00e9 du CERCL, le CRCN a \u00e9t\u00e9 \u00e9labor\u00e9 par le Minist\u00e8re de l\u2019\u00c9ducation Nationale et de la Jeunesse et le Minist\u00e8re de l\u2019Enseignement Sup\u00e9rieur, de la Recherche et de l\u2019Innovation.&nbsp;<strong>Ce cadre est valable de l&rsquo;\u00e9cole primaire \u00e0 l&rsquo;universit\u00e9<\/strong>.&nbsp;<\/span><\/div>\n<div style=\"padding-left: 40px;\"><span style=\"font-family: verdana, geneva, sans-serif; font-size: 10pt;\"><strong><a href=\"https:\/\/www.education.gouv.fr\/pid285\/bulletin_officiel.html?cid_bo=145589\">Le Bulletin Officiel d&rsquo;octobre 2019<\/a><\/strong>&nbsp;pr\u00e9cise le d\u00e9cret et les arr\u00eat\u00e9s concernant la certification des comp\u00e9tences num\u00e9riques \u00e0 l&rsquo;\u00e9cole via la plateforme PIX.&nbsp;<\/span><\/div>\n<div style=\"padding-left: 40px;\">&nbsp;<\/div>\n<div style=\"padding-left: 40px;\"><span style=\"font-family: verdana, geneva, sans-serif; font-size: 10pt;\">Le CRCN se d\u00e9cline en&nbsp;<strong>16 comp\u00e9tences<\/strong>&nbsp;attendues dans&nbsp;<strong>5 domaines d&rsquo;activit\u00e9s<\/strong>. Huit niveaux de ma\u00eetrise progressive sont propos\u00e9s pour les \u00e9l\u00e8ves de l&rsquo;\u00e9cole au lyc\u00e9e, pour les \u00e9tudiants du sup\u00e9rieur et pour un contexte de formation d&rsquo;adultes.&nbsp;<strong>\u00c0 ce jour, seuls les 5 premiers niveaux son \u00e9valuables :<\/strong><\/span><\/div>\n<div>\n<ul>\n<li style=\"list-style-type: none;\">\n<ul>\n<li><span style=\"font-family: verdana, geneva, sans-serif; font-size: 10pt;\"><strong>Informations et&nbsp;donn\u00e9es<\/strong><\/span><\/li>\n<li><span style=\"font-family: verdana, geneva, sans-serif; font-size: 10pt;\"><strong>Communication et information<\/strong><\/span><\/li>\n<li><span style=\"font-family: verdana, geneva, sans-serif; font-size: 10pt;\"><strong>Cr\u00e9ation de contenu<\/strong><\/span><\/li>\n<li><span style=\"font-family: verdana, geneva, sans-serif; font-size: 10pt;\"><strong>Protection et s\u00e9curit\u00e9<\/strong><\/span><\/li>\n<li><span style=\"font-family: verdana, geneva, sans-serif; font-size: 10pt;\"><strong>Environnement num\u00e9rique&nbsp;<\/strong><\/span><\/li>\n<\/ul>\n<\/li>\n<\/ul>\n<\/div>\n<div style=\"padding-left: 40px;\"><span style=\"font-family: verdana, geneva, sans-serif; font-size: 10pt;\">Une page \u00c9duscol est consacr\u00e9e \u00e0 la&nbsp;<strong>certification des comp\u00e9tences num\u00e9riques<\/strong>.&nbsp;<\/span><\/div>\n<div style=\"padding-left: 40px;\"><span style=\"font-family: verdana, geneva, sans-serif; font-size: 10pt;\"><strong><a href=\"https:\/\/eduscol.education.fr\/pid38816\/certification-des-competences-numeriques.html\">Consultez la page<\/a><\/strong><\/span><\/div>\n<div>&nbsp;<\/div>\n<div style=\"padding-left: 40px;\"><span style=\"font-family: verdana, geneva, sans-serif; font-size: 10pt;\">Consultez \u00e9galement le document d&rsquo;accompagnement pour la mise en \u0153uvre du CRCN.<\/span><\/div>\n<div style=\"padding-left: 40px;\"><span style=\"font-family: verdana, geneva, sans-serif; font-size: 10pt;\"><strong><a href=\"https:\/\/cache.media.eduscol.education.fr\/file\/CRCNum\/57\/0\/Document_accompagnement_CRCN_1205570.pdf\">Cliquez ici<\/a><\/strong><\/span><\/div>\n<div>&nbsp;<\/div>\n<ul>\n<li><span style=\"font-family: verdana, geneva, sans-serif; font-size: 10pt;\"><strong>Le site de la DANE de l&rsquo;acad\u00e9mie de Nice :<\/strong><\/span><\/li>\n<\/ul>\n<p style=\"padding-left: 40px;\"><span style=\"font-family: verdana, geneva, sans-serif; font-size: 10pt;\"><strong><a href=\"https:\/\/www.pedagogie.ac-nice.fr\/dane\/pix\">Consultez la page PIX -DANE 06<\/a><\/strong><\/span><\/p>\n<ul>\n<li><span style=\"font-family: verdana, geneva, sans-serif; font-size: 10pt;\"><strong>La plateforme PIX :<\/strong><\/span><\/li>\n<\/ul>\n<div style=\"padding-left: 40px;\"><span style=\"font-family: verdana, geneva, sans-serif; font-size: 10pt;\">Pix est un&nbsp;<strong>projet public<\/strong>&nbsp;de plateforme en ligne d\u2019<strong>\u00e9valuation et de certification des comp\u00e9tences num\u00e9riques<\/strong>.<\/span><\/div>\n<div style=\"padding-left: 40px;\"><span style=\"font-family: verdana, geneva, sans-serif; font-size: 10pt;\">Son objectif est d\u2019<strong>accompagner l\u2019\u00e9l\u00e9vation du niveau g\u00e9n\u00e9ral de connaissances et de comp\u00e9tences num\u00e9riques<\/strong>&nbsp;et ainsi de pr\u00e9parer la transformation digitale de l\u2019ensemble de notre soci\u00e9t\u00e9 et de notre \u00e9conomie.<\/span><\/div>\n<div style=\"padding-left: 40px;\"><span style=\"font-family: verdana, geneva, sans-serif; font-size: 10pt;\">La certification des \u00e9l\u00e8ves de 3\u00e8 et de Terminale sera obligatoire d\u00e8s la rentr\u00e9e 2020.<\/span><\/div>\n<div style=\"padding-left: 40px;\">&nbsp;<\/div>\n<div style=\"padding-left: 40px;\"><span style=\"font-family: verdana, geneva, sans-serif; font-size: 10pt;\"><strong><a href=\"https:\/\/pix.fr\/\">Acc\u00e9dez \u00e0 la plateforme PIX<\/a><\/strong><\/span><\/div>\n<div>&nbsp;<\/div>\n<div style=\"padding-left: 40px;\"><span style=\"font-family: verdana, geneva, sans-serif; font-size: 10pt;\"><a href=\"https:\/\/europass.cedefop.europa.eu\/sites\/default\/files\/dc_-_fr.pdf\"><strong>Les comp\u00e9tences num\u00e9riques Europass<\/strong><\/a><\/span><\/div>\n<p style=\"padding-left: 40px;\"><span style=\"font-family: verdana, geneva, sans-serif; font-size: 10pt;\">&nbsp;<img loading=\"lazy\" decoding=\"async\" class=\"\" src=\"https:\/\/www.pedagogie.ac-nice.fr\/portail-de-langues\/espagnol\/images\/pix_-logo.png\" alt=\"\" width=\"323\" height=\"122\"><\/span><\/p>\n","protected":false},"excerpt":{"rendered":"<p>Le Cadre de R\u00e9f\u00e9rence des Comp\u00e9tences Num\u00e9riques (CRCN) : Inspir\u00e9 du CERCL, le CRCN a \u00e9t\u00e9 \u00e9labor\u00e9 par le Minist\u00e8re<\/p>\n","protected":false},"author":278,"featured_media":0,"parent":438,"menu_order":0,"comment_status":"closed","ping_status":"closed","template":"","meta":{"colormag_page_container_layout":"default_layout","colormag_page_sidebar_layout":"default_layout","ngg_post_thumbnail":0,"footnotes":""},"class_list":["post-480","page","type-page","status-publish","hentry"],"rttpg_featured_image_url":null,"rttpg_author":{"display_name":"jeromebesse","author_link":"https:\/\/www.pedagogie.ac-nice.fr\/espagnol\/author\/jeromebesse\/"},"rttpg_comment":0,"rttpg_category":null,"rttpg_excerpt":"Le Cadre de R\u00e9f\u00e9rence des Comp\u00e9tences Num\u00e9riques (CRCN) : Inspir\u00e9 du CERCL, le CRCN a \u00e9t\u00e9 \u00e9labor\u00e9 par le Minist\u00e8re","post_mailing_queue_ids":[],"_links":{"self":[{"href":"https:\/\/www.pedagogie.ac-nice.fr\/espagnol\/wp-json\/wp\/v2\/pages\/480","targetHints":{"allow":["GET"]}}],"collection":[{"href":"https:\/\/www.pedagogie.ac-nice.fr\/espagnol\/wp-json\/wp\/v2\/pages"}],"about":[{"href":"https:\/\/www.pedagogie.ac-nice.fr\/espagnol\/wp-json\/wp\/v2\/types\/page"}],"author":[{"embeddable":true,"href":"https:\/\/www.pedagogie.ac-nice.fr\/espagnol\/wp-json\/wp\/v2\/users\/278"}],"replies":[{"embeddable":true,"href":"https:\/\/www.pedagogie.ac-nice.fr\/espagnol\/wp-json\/wp\/v2\/comments?post=480"}],"version-history":[{"count":4,"href":"https:\/\/www.pedagogie.ac-nice.fr\/espagnol\/wp-json\/wp\/v2\/pages\/480\/revisions"}],"predecessor-version":[{"id":2253,"href":"https:\/\/www.pedagogie.ac-nice.fr\/espagnol\/wp-json\/wp\/v2\/pages\/480\/revisions\/2253"}],"up":[{"embeddable":true,"href":"https:\/\/www.pedagogie.ac-nice.fr\/espagnol\/wp-json\/wp\/v2\/pages\/438"}],"wp:attachment":[{"href":"https:\/\/www.pedagogie.ac-nice.fr\/espagnol\/wp-json\/wp\/v2\/media?parent=480"}],"curies":[{"name":"wp","href":"https:\/\/api.w.org\/{rel}","templated":true}]}}