{"id":501,"date":"2020-12-31T10:04:54","date_gmt":"2020-12-31T09:04:54","guid":{"rendered":"https:\/\/www.pedagogie.ac-nice.fr\/espagnol\/?page_id=501"},"modified":"2026-03-26T16:14:20","modified_gmt":"2026-03-26T15:14:20","slug":"contact","status":"publish","type":"page","link":"https:\/\/www.pedagogie.ac-nice.fr\/espagnol\/nous-contacter\/contact\/","title":{"rendered":"L&rsquo;\u00e9quipe"},"content":{"rendered":"<p>&nbsp;<\/p>\n<ul>\n<li><span style=\"font-family: verdana, geneva, sans-serif; font-size: 10pt;\"><span style=\"font-family: verdana, geneva, sans-serif; font-size: 10pt;\"><strong>Inspection P\u00e9dagogique :<\/strong><\/span><\/span>&nbsp;<strong style=\"font-family: verdana, geneva, sans-serif; font-size: 10pt;\">Mich\u00e8le-Ruth Wendling-Turrillo<br \/>\n<\/strong><strong style=\"font-family: verdana, geneva, sans-serif; font-size: 10pt;\"><strong style=\"font-family: verdana, geneva, sans-serif; font-size: 10pt;\">IA-IPR, Langues Vivantes, Espagnol<br \/>\n<\/strong><\/strong><span style=\"font-family: verdana, geneva, sans-serif; font-size: 10pt;\">michele-ruth.wendling@ac-nice.fr<br \/>\n<\/span><strong style=\"font-family: verdana, geneva, sans-serif; font-size: 10pt;\"><strong style=\"font-family: verdana, geneva, sans-serif; font-size: 10pt;\"><br \/>\n<\/strong><\/strong><strong style=\"font-family: verdana, geneva, sans-serif; font-size: 10pt;\">B\u00e9atrice Mecqinion<br \/>\n<\/strong><strong style=\"font-family: verdana, geneva, sans-serif; font-size: 10pt;\">IA-IPR, Langues Vivantes, Espagnol<br \/>\n<\/strong><span style=\"font-family: verdana, geneva, sans-serif; font-size: 10pt;\">beatrice.mecqinion@ac-nice.fr<\/span><strong style=\"font-family: verdana, geneva, sans-serif; font-size: 10pt;\"><br \/>\n<\/strong><\/li>\n<\/ul>\n<div style=\"padding-left: 40px;\"><span style=\"font-family: verdana, geneva, sans-serif; font-size: 10pt;\">Rectorat de l&rsquo;a<\/span><span style=\"font-family: verdana, geneva, sans-serif; font-size: 10pt;\">cad\u00e9mie de Nice<\/span><\/div>\n<div style=\"padding-left: 40px;\"><span style=\"font-family: verdana, geneva, sans-serif; font-size: 10pt;\">53 avenue Cap de Croix &#8211; 06001 NICE<\/span><\/div>\n<div style=\"padding-left: 40px;\">\n<p><span style=\"font-family: verdana, geneva, sans-serif; font-size: 10pt;\">06 46 26 84 17<\/span><\/p>\n<p>&nbsp;<\/p>\n<\/div>\n<ul>\n<li><span style=\"font-family: verdana, geneva, sans-serif; font-size: 10pt;\"><strong>Charg\u00e9es de Mission :<\/strong><\/span><\/li>\n<\/ul>\n<div style=\"padding-left: 40px;\"><span style=\"font-family: verdana, geneva, sans-serif; font-size: 10pt;\"><strong>Marie-Louise Gonz\u00e1lez<\/strong><\/span><\/div>\n<div style=\"padding-left: 40px;\"><span id=\"cloakabca4d7700e0e108d19ba78be35e9698\" style=\"font-family: verdana, geneva, sans-serif; font-size: 10pt;\">marie-louise.gonzalez@ac-nice.fr<\/span><\/div>\n<div style=\"padding-left: 40px;\">&nbsp;<\/div>\n<div style=\"padding-left: 40px;\"><span style=\"font-family: verdana, geneva, sans-serif; font-size: 10pt;\"><strong>C\u00e9line Meslard<\/strong><\/span><\/div>\n<div style=\"padding-left: 40px;\"><span id=\"cloak7366b5a78f4be9a711214169f7aacc77\" style=\"font-family: verdana, geneva, sans-serif; font-size: 10pt;\">celine-virginie.sarda@ac-nice.fr<\/span><\/div>\n<div style=\"padding-left: 40px;\">&nbsp;<\/div>\n<ul>\n<li><span style=\"font-family: verdana, geneva, sans-serif; font-size: 10pt;\"><strong>Webmestre et IAN&nbsp;:<\/strong><\/span><\/li>\n<\/ul>\n<div style=\"padding-left: 40px;\"><span style=\"font-family: verdana, geneva, sans-serif; font-size: 10pt;\"><strong>J\u00e9r\u00f4me Besse<\/strong><\/span><\/div>\n<div style=\"padding-left: 40px;\"><span style=\"font-family: verdana, geneva, sans-serif; font-size: 10pt;\"><strong>Interlocuteur Acad\u00e9mique au Num\u00e9rique Langues Vivantes<\/strong><\/span><\/div>\n<div style=\"padding-left: 40px;\"><span id=\"cloakfdaabf4b92d4153abf43cba5acfa0bb4\" style=\"font-family: verdana, geneva, sans-serif; font-size: 10pt;\">jerome.besse@ac-nice.fr<\/span><\/div>\n<div style=\"padding-left: 40px;\"><span style=\"font-family: verdana, geneva, sans-serif; font-size: 10pt;\">06 18 90 87 54<\/span><\/div>\n<div style=\"padding-left: 40px;\">&nbsp;<\/div>\n<ul>\n<li><span style=\"font-family: verdana, geneva, sans-serif; font-size: 10pt;\"><strong>\u00c9quipe de formatrices :<br \/>\n<\/strong><\/span><\/li>\n<\/ul>\n<div style=\"padding-left: 40px;\"><span style=\"font-family: verdana, geneva, sans-serif; font-size: 10pt;\"><strong>Marie-Pierre Magne&nbsp;<\/strong>&nbsp;<span id=\"cloakf8b350215ee6698ac37a54b7588030d8\">marie-pier.magne@ac-nice.fr<\/span><\/span><\/div>\n<div style=\"padding-left: 40px;\"><span style=\"font-family: verdana, geneva, sans-serif; font-size: 10pt;\"><strong>Josepha Ruiz&nbsp;<\/strong><span id=\"cloakc8f94a724ff94aae37ee10e451821730\">josepha.ruiz@ac-nice.fr<br \/>\n<strong>Aude Milon<\/strong> aude.milon@ac-nice.fr<br \/>\n<strong>Gema Garc\u00eda<\/strong> <strong>Padilla<\/strong> gema.garcia-padilla1@ac-nice.fr<\/span><\/span><\/div>\n<p style=\"padding-left: 40px;\">&nbsp;<\/p>\n","protected":false},"excerpt":{"rendered":"<p>&nbsp; Inspection P\u00e9dagogique :&nbsp;Mich\u00e8le-Ruth Wendling-Turrillo IA-IPR, Langues Vivantes, Espagnol michele-ruth.wendling@ac-nice.fr B\u00e9atrice Mecqinion IA-IPR, Langues Vivantes, Espagnol beatrice.mecqinion@ac-nice.fr Rectorat de l&rsquo;acad\u00e9mie<\/p>\n","protected":false},"author":278,"featured_media":0,"parent":494,"menu_order":0,"comment_status":"closed","ping_status":"closed","template":"","meta":{"colormag_page_container_layout":"default_layout","colormag_page_sidebar_layout":"default_layout","ngg_post_thumbnail":0,"footnotes":""},"class_list":["post-501","page","type-page","status-publish","hentry"],"rttpg_featured_image_url":null,"rttpg_author":{"display_name":"jeromebesse","author_link":"https:\/\/www.pedagogie.ac-nice.fr\/espagnol\/author\/jeromebesse\/"},"rttpg_comment":0,"rttpg_category":null,"rttpg_excerpt":"&nbsp; Inspection P\u00e9dagogique :&nbsp;Mich\u00e8le-Ruth Wendling-Turrillo IA-IPR, Langues Vivantes, Espagnol michele-ruth.wendling@ac-nice.fr B\u00e9atrice Mecqinion IA-IPR, Langues Vivantes, Espagnol beatrice.mecqinion@ac-nice.fr Rectorat de l&rsquo;acad\u00e9mie","post_mailing_queue_ids":[],"_links":{"self":[{"href":"https:\/\/www.pedagogie.ac-nice.fr\/espagnol\/wp-json\/wp\/v2\/pages\/501","targetHints":{"allow":["GET"]}}],"collection":[{"href":"https:\/\/www.pedagogie.ac-nice.fr\/espagnol\/wp-json\/wp\/v2\/pages"}],"about":[{"href":"https:\/\/www.pedagogie.ac-nice.fr\/espagnol\/wp-json\/wp\/v2\/types\/page"}],"author":[{"embeddable":true,"href":"https:\/\/www.pedagogie.ac-nice.fr\/espagnol\/wp-json\/wp\/v2\/users\/278"}],"replies":[{"embeddable":true,"href":"https:\/\/www.pedagogie.ac-nice.fr\/espagnol\/wp-json\/wp\/v2\/comments?post=501"}],"version-history":[{"count":18,"href":"https:\/\/www.pedagogie.ac-nice.fr\/espagnol\/wp-json\/wp\/v2\/pages\/501\/revisions"}],"predecessor-version":[{"id":2877,"href":"https:\/\/www.pedagogie.ac-nice.fr\/espagnol\/wp-json\/wp\/v2\/pages\/501\/revisions\/2877"}],"up":[{"embeddable":true,"href":"https:\/\/www.pedagogie.ac-nice.fr\/espagnol\/wp-json\/wp\/v2\/pages\/494"}],"wp:attachment":[{"href":"https:\/\/www.pedagogie.ac-nice.fr\/espagnol\/wp-json\/wp\/v2\/media?parent=501"}],"curies":[{"name":"wp","href":"https:\/\/api.w.org\/{rel}","templated":true}]}}