{"id":521,"date":"2020-12-31T11:07:00","date_gmt":"2020-12-31T10:07:00","guid":{"rendered":"https:\/\/www.pedagogie.ac-nice.fr\/espagnol\/?page_id=521"},"modified":"2025-02-03T19:18:55","modified_gmt":"2025-02-03T18:18:55","slug":"culture","status":"publish","type":"page","link":"https:\/\/www.pedagogie.ac-nice.fr\/espagnol\/culture\/","title":{"rendered":"Culture"},"content":{"rendered":"<p><img loading=\"lazy\" decoding=\"async\" class=\"alignnone wp-image-2210 size-full\" src=\"https:\/\/www.pedagogie.ac-nice.fr\/espagnol\/wp-content\/uploads\/sites\/43\/2025\/02\/Copie-de-Ensenar-deleitando-10.png\" alt=\"\" width=\"15840\" height=\"4752\" srcset=\"https:\/\/www.pedagogie.ac-nice.fr\/espagnol\/wp-content\/uploads\/sites\/43\/2025\/02\/Copie-de-Ensenar-deleitando-10.png 15840w, https:\/\/www.pedagogie.ac-nice.fr\/espagnol\/wp-content\/uploads\/sites\/43\/2025\/02\/Copie-de-Ensenar-deleitando-10-300x90.png 300w, https:\/\/www.pedagogie.ac-nice.fr\/espagnol\/wp-content\/uploads\/sites\/43\/2025\/02\/Copie-de-Ensenar-deleitando-10-1024x307.png 1024w, https:\/\/www.pedagogie.ac-nice.fr\/espagnol\/wp-content\/uploads\/sites\/43\/2025\/02\/Copie-de-Ensenar-deleitando-10-768x230.png 768w, https:\/\/www.pedagogie.ac-nice.fr\/espagnol\/wp-content\/uploads\/sites\/43\/2025\/02\/Copie-de-Ensenar-deleitando-10-1536x461.png 1536w, https:\/\/www.pedagogie.ac-nice.fr\/espagnol\/wp-content\/uploads\/sites\/43\/2025\/02\/Copie-de-Ensenar-deleitando-10-2048x614.png 2048w\" sizes=\"auto, (max-width: 15840px) 100vw, 15840px\" \/><\/p>\n<ul>\n<li><strong><span style=\"font-family: verdana, geneva, sans-serif;\">La Fiesta del cine : festival de cin\u00e9ma latino du 21 au 30 mars 2025<\/span><\/strong><br \/>\n<span style=\"font-family: verdana, geneva, sans-serif;\">\u00c0 retrouver dans les cin\u00e9mas Le Rialto et Vari\u00e9t\u00e9s de Nice.<\/span><br \/>\n<span style=\"font-family: verdana, geneva, sans-serif;\">Consultez le site du festival <strong><a href=\"https:\/\/lafiestadelcine.bocaboca.com.br\/\">ici<\/a><\/strong>.<\/span><img loading=\"lazy\" decoding=\"async\" class=\"alignnone wp-image-2201 size-full\" src=\"https:\/\/www.pedagogie.ac-nice.fr\/espagnol\/wp-content\/uploads\/sites\/43\/2025\/02\/LAFIESTA2025_HOME.jpg\" alt=\"\" width=\"1920\" height=\"1570\" srcset=\"https:\/\/www.pedagogie.ac-nice.fr\/espagnol\/wp-content\/uploads\/sites\/43\/2025\/02\/LAFIESTA2025_HOME.jpg 1920w, https:\/\/www.pedagogie.ac-nice.fr\/espagnol\/wp-content\/uploads\/sites\/43\/2025\/02\/LAFIESTA2025_HOME-300x245.jpg 300w, https:\/\/www.pedagogie.ac-nice.fr\/espagnol\/wp-content\/uploads\/sites\/43\/2025\/02\/LAFIESTA2025_HOME-1024x837.jpg 1024w, https:\/\/www.pedagogie.ac-nice.fr\/espagnol\/wp-content\/uploads\/sites\/43\/2025\/02\/LAFIESTA2025_HOME-768x628.jpg 768w, https:\/\/www.pedagogie.ac-nice.fr\/espagnol\/wp-content\/uploads\/sites\/43\/2025\/02\/LAFIESTA2025_HOME-1536x1256.jpg 1536w\" sizes=\"auto, (max-width: 1920px) 100vw, 1920px\" \/><\/li>\n<\/ul>\n<p>&nbsp;<\/p>\n<ul>\n<li><strong><span style=\"font-family: verdana, geneva, sans-serif;\">Le dernier film de Pedro Almod\u00f3var enfin en salle !<br \/>\n<\/span><\/strong><br \/>\n<iframe loading=\"lazy\" title=\"Madres Paralelas - Bande-Annonce Officielle HD\" width=\"800\" height=\"450\" src=\"https:\/\/www.youtube.com\/embed\/fahQARfx6EM?feature=oembed\" frameborder=\"0\" allow=\"accelerometer; autoplay; clipboard-write; encrypted-media; gyroscope; picture-in-picture; web-share\" referrerpolicy=\"strict-origin-when-cross-origin\" allowfullscreen><\/iframe><\/li>\n<\/ul>\n<p>&nbsp;<\/p>\n<ul>\n<li><strong><span style=\"font-family: verdana, geneva, sans-serif;\">Festival Cin\u00e9alma, \u00e9dition 2021<\/span><\/strong><\/li>\n<\/ul>\n<p><span style=\"font-family: verdana, geneva, sans-serif; color: #000000;\"><strong style=\"color: #333333; font-family: Georgia, 'Times New Roman', 'Bitstream Charter', Times, serif;\"><span style=\"font-family: verdana, geneva, sans-serif;\"><img loading=\"lazy\" decoding=\"async\" class=\"alignnone wp-image-1007\" src=\"https:\/\/www.pedagogie.ac-nice.fr\/espagnol\/wp-content\/uploads\/sites\/43\/2021\/09\/Cinealma-300x86.jpg\" alt=\"\" width=\"827\" height=\"237\" srcset=\"https:\/\/www.pedagogie.ac-nice.fr\/espagnol\/wp-content\/uploads\/sites\/43\/2021\/09\/Cinealma-300x86.jpg 300w, https:\/\/www.pedagogie.ac-nice.fr\/espagnol\/wp-content\/uploads\/sites\/43\/2021\/09\/Cinealma-1024x293.jpg 1024w, https:\/\/www.pedagogie.ac-nice.fr\/espagnol\/wp-content\/uploads\/sites\/43\/2021\/09\/Cinealma-768x220.jpg 768w, https:\/\/www.pedagogie.ac-nice.fr\/espagnol\/wp-content\/uploads\/sites\/43\/2021\/09\/Cinealma.jpg 1339w\" sizes=\"auto, (max-width: 827px) 100vw, 827px\" \/><\/span><\/strong><span style=\"font-size: 10pt;\">Comme chaque automne, la programmation propose un panorama riche et vari\u00e9 des cultures de la M\u00e9diterran\u00e9e.<\/span><\/span><\/p>\n<p><span style=\"font-family: verdana, geneva, sans-serif; color: #000000; font-size: 10pt;\">Nous profitons de cet article pour f\u00e9liciter et remercier notre coll\u00e8gue Laura Maza Scibetta, en charge de la programmation hispanophone, pour la qualit\u00e9 et la constance des films pr\u00e9sent\u00e9s au fil des ans.<\/span><\/p>\n<p><strong><span style=\"font-family: verdana, geneva, sans-serif; color: #000000; font-size: 10pt;\">Cette ann\u00e9e, une seule s\u00e9ance scolaire pour un film espagnol,&nbsp;<em>Uno para todos<\/em>, de&nbsp;David Ilundain (Espagne \u2013 1h31), in\u00e9dit en France, le jeudi 21 octobre \u00e0 14 heures.<\/span><\/strong><\/p>\n<p><span style=\"font-family: verdana, geneva, sans-serif; color: #000000;\"><img loading=\"lazy\" decoding=\"async\" class=\"alignnone size-medium wp-image-1010\" src=\"https:\/\/www.pedagogie.ac-nice.fr\/espagnol\/wp-content\/uploads\/sites\/43\/2021\/09\/uno-para-todos-2-211x300.jpg\" sizes=\"auto, (max-width: 211px) 100vw, 211px\" srcset=\"https:\/\/www.pedagogie.ac-nice.fr\/espagnol\/wp-content\/uploads\/sites\/43\/2021\/09\/uno-para-todos-2-211x300.jpg 211w, https:\/\/www.pedagogie.ac-nice.fr\/espagnol\/wp-content\/uploads\/sites\/43\/2021\/09\/uno-para-todos-2.jpg 600w\" alt=\"\" width=\"211\" height=\"300\"><\/span><\/p>\n<p><span style=\"font-family: verdana, geneva, sans-serif; color: #000000;\"><a style=\"color: #000000;\" href=\"https:\/\/youtu.be\/BtkHmBLefZw\"><img loading=\"lazy\" decoding=\"async\" class=\"alignnone wp-image-1009\" src=\"https:\/\/www.pedagogie.ac-nice.fr\/espagnol\/wp-content\/uploads\/sites\/43\/2021\/09\/uno-para-todos-300x127.jpg\" sizes=\"auto, (max-width: 403px) 100vw, 403px\" srcset=\"https:\/\/www.pedagogie.ac-nice.fr\/espagnol\/wp-content\/uploads\/sites\/43\/2021\/09\/uno-para-todos-300x127.jpg 300w, https:\/\/www.pedagogie.ac-nice.fr\/espagnol\/wp-content\/uploads\/sites\/43\/2021\/09\/uno-para-todos.jpg 634w\" alt=\"\" width=\"403\" height=\"171\"><\/a><\/span><\/p>\n<p><span style=\"font-family: verdana, geneva, sans-serif; color: #000000; font-size: 10pt;\">(Cliquez sur l\u2019image pour voir la bande-annonce)<\/span><\/p>\n<p><span style=\"font-family: verdana, geneva, sans-serif; color: #000000; font-size: 10pt;\"><em>Sinopsis: Un profesor interino asume la tarea de ser tutor de una clase de sexto de primaria en un pueblo completamente desconocido para&nbsp;\u00e9l. Cuando descubre que tiene que reintegrar a un alumno enfermo en el aula, se encuentra con un problema inesperado: casi ninguno de sus compa\u00f1eros quiere que vuelva a clase.<\/em><\/span><\/p>\n<p><strong><span style=\"font-family: verdana, geneva, sans-serif; color: #000000; font-size: 10pt;\">Informations et r\u00e9servations : <a style=\"color: #000000;\" href=\".fr\">cinealma.fr<\/a><\/span><\/strong><\/p>\n<p>&nbsp;<\/p>\n<div class=\"ox-text ox-margin-bottom-medium\">\n<ul>\n<li><span style=\"color: #000000;\"><strong><span style=\"font-family: verdana, geneva, sans-serif;\">\u00ab\u00a0Frida Kahlo, ma r\u00e9alit\u00e9\u00a0\u00bb, un spectacle seule en sc\u00e8ne sur la mythique artiste mexicaine !<\/span><\/strong><\/span><\/li>\n<\/ul>\n<p><span style=\"color: #000000;\"><span style=\"font-family: verdana, geneva, sans-serif; font-size: 10pt;\"><span class=\"PBLongTxt\">Th\u00e9\u00e2tre<\/span><\/span><\/span><span style=\"color: #000000;\"><span style=\"font-family: verdana, geneva, sans-serif; font-size: 10pt;\"> | Autoportrait vivant d\u2019une femme au besoin visc\u00e9ral de cr\u00e9er.&nbsp;<\/span><\/span><span style=\"color: #000000;\"><span style=\"font-family: verdana, geneva, sans-serif; font-size: 10pt;\"><br \/>\n<\/span><\/span><strong><span style=\"color: #000000;\"><span style=\"font-family: verdana, geneva, sans-serif; font-size: 10pt;\">De et avec B\u00e9n\u00e9dicte Allard<\/span><\/span><span style=\"color: #000000;\"><span style=\"font-family: verdana, geneva, sans-serif; font-size: 10pt;\"><br \/>\n<\/span><\/span><\/strong><span style=\"color: #000000;\"><span style=\"font-family: verdana, geneva, sans-serif; font-size: 10pt;\">Journal intime impertinent et sulfureux. Autoportrait irr\u00e9sistible peint \u00e0 l\u2019or, au sang et \u00e0 la sueur d\u2019une femme dans un monde d\u2019hommes. Ballerine \u00e0 la colonne bris\u00e9e, Frida danse la vie en \u00e9ternelle affranchie : Viva la vida !<\/span><\/span><\/p>\n<h2><span style=\"color: #000000;\"><img loading=\"lazy\" decoding=\"async\" class=\"alignnone wp-image-930\" src=\"https:\/\/www.pedagogie.ac-nice.fr\/espagnol\/wp-content\/uploads\/sites\/43\/2021\/09\/frida-benedicte-300x116.jpg\" alt=\"\" width=\"954\" height=\"369\" srcset=\"https:\/\/www.pedagogie.ac-nice.fr\/espagnol\/wp-content\/uploads\/sites\/43\/2021\/09\/frida-benedicte-300x116.jpg 300w, https:\/\/www.pedagogie.ac-nice.fr\/espagnol\/wp-content\/uploads\/sites\/43\/2021\/09\/frida-benedicte-768x296.jpg 768w\" sizes=\"auto, (max-width: 954px) 100vw, 954px\" \/><\/span><\/h2>\n<h2><span class=\"PBStatic\" style=\"font-family: verdana, geneva, sans-serif; font-size: 10pt; color: #000000;\">Dur\u00e9e 1h15 | Tarifs : 15, 12, 10 \u20ac<\/span><\/h2>\n<p><span style=\"font-family: verdana, geneva, sans-serif; font-size: 10pt; color: #000000;\">Production d\u00e9l\u00e9gu\u00e9e StART 361\u00b0.&nbsp;<\/span><\/p>\n<p><span style=\"font-family: verdana, geneva, sans-serif; font-size: 10pt; color: #000000;\">Production Collectif la Machine &#8211; <\/span><span style=\"font-family: verdana, geneva, sans-serif; font-size: 10pt; color: #000000;\">Coproduction l&rsquo;Entre-Pont &#8211; <\/span><span style=\"font-family: verdana, geneva, sans-serif; font-size: 10pt; color: #000000;\">Avec le soutien du Forum Jacques Pr\u00e9vert, du Th\u00e9\u00e2tre National de Nice et du Lavoir Th\u00e9\u00e2tre de Menton &#8211; <\/span><span style=\"font-family: verdana, geneva, sans-serif; font-size: 10pt; color: #000000;\">Mise en sc\u00e8ne &amp; Cr\u00e9ation Musicale : Cl\u00e9ment Althaus &#8211; <\/span><span style=\"font-family: verdana, geneva, sans-serif; font-size: 10pt; color: #000000;\">Cr\u00e9ation Lumi\u00e8re : Samu\u00e8le Dumas &#8211; Costumes : Babette Puget &#8211; <\/span><span style=\"font-family: verdana, geneva, sans-serif; font-size: 10pt; color: #000000;\">Visuel : Meghann Stanley &#8211; R\u00e9f\u00e9rent Linguistique : J\u00e9r\u00f4me Besse<\/span><span style=\"font-family: verdana, geneva, sans-serif; font-size: 10pt; color: #000000;\"><strong><a style=\"color: #000000;\" href=\"https:\/\/www.benedicteallard.com\/\" rel=\"hlid[=]2048[&amp;]href[=]https:\/\/www.benedicteallard.com\/\">Plus d&rsquo;infos ici<\/a><\/strong><\/span><\/p>\n<\/div>\n<div class=\"ox-text ox-margin-bottom-medium\">\n<p><span style=\"font-family: verdana, geneva, sans-serif; font-size: 10pt; color: #000000;\"><strong><span class=\"PBNumber\">VENDREDI 25 &amp; SAMEDI 26 F\u00c9VRIER&nbsp;2022 | 20h30<\/span><\/strong><\/span><\/p>\n<p><strong><span style=\"color: #000000; font-size: 10pt;\"><a style=\"color: #000000;\" href=\"http:\/\/www.espacemagnan.com\/spectacles\"><span style=\"font-family: verdana, geneva, sans-serif;\">R\u00e9servations ici<\/span><\/a><\/span><\/strong><\/p>\n<p><strong><span class=\"PBStatic\" style=\"font-family: verdana, geneva, sans-serif; font-size: 10pt; color: #000000;\">Repr\u00e9sentations scolaires : JEUDI 24&nbsp;F\u00c9VRIER&nbsp;| 14h15 &#8211;&nbsp;<span class=\"PBErrMsg\">COMPLET<\/span> + VENDREDI 25 F\u00c9VRIER | 10h&nbsp;<\/span><\/strong><\/p>\n<\/div>\n","protected":false},"excerpt":{"rendered":"<p>La Fiesta del cine : festival de cin\u00e9ma latino du 21 au 30 mars 2025 \u00c0 retrouver dans les cin\u00e9mas<\/p>\n","protected":false},"author":278,"featured_media":0,"parent":0,"menu_order":0,"comment_status":"closed","ping_status":"closed","template":"","meta":{"colormag_page_container_layout":"default_layout","colormag_page_sidebar_layout":"default_layout","ngg_post_thumbnail":0,"footnotes":""},"class_list":["post-521","page","type-page","status-publish","hentry"],"rttpg_featured_image_url":null,"rttpg_author":{"display_name":"jeromebesse","author_link":"https:\/\/www.pedagogie.ac-nice.fr\/espagnol\/author\/jeromebesse\/"},"rttpg_comment":0,"rttpg_category":null,"rttpg_excerpt":"La Fiesta del cine : festival de cin\u00e9ma latino du 21 au 30 mars 2025 \u00c0 retrouver dans les cin\u00e9mas","post_mailing_queue_ids":[],"_links":{"self":[{"href":"https:\/\/www.pedagogie.ac-nice.fr\/espagnol\/wp-json\/wp\/v2\/pages\/521","targetHints":{"allow":["GET"]}}],"collection":[{"href":"https:\/\/www.pedagogie.ac-nice.fr\/espagnol\/wp-json\/wp\/v2\/pages"}],"about":[{"href":"https:\/\/www.pedagogie.ac-nice.fr\/espagnol\/wp-json\/wp\/v2\/types\/page"}],"author":[{"embeddable":true,"href":"https:\/\/www.pedagogie.ac-nice.fr\/espagnol\/wp-json\/wp\/v2\/users\/278"}],"replies":[{"embeddable":true,"href":"https:\/\/www.pedagogie.ac-nice.fr\/espagnol\/wp-json\/wp\/v2\/comments?post=521"}],"version-history":[{"count":12,"href":"https:\/\/www.pedagogie.ac-nice.fr\/espagnol\/wp-json\/wp\/v2\/pages\/521\/revisions"}],"predecessor-version":[{"id":2213,"href":"https:\/\/www.pedagogie.ac-nice.fr\/espagnol\/wp-json\/wp\/v2\/pages\/521\/revisions\/2213"}],"wp:attachment":[{"href":"https:\/\/www.pedagogie.ac-nice.fr\/espagnol\/wp-json\/wp\/v2\/media?parent=521"}],"curies":[{"name":"wp","href":"https:\/\/api.w.org\/{rel}","templated":true}]}}