{"id":692,"date":"2021-02-10T09:04:21","date_gmt":"2021-02-10T08:04:21","guid":{"rendered":"https:\/\/www.pedagogie.ac-nice.fr\/espagnol\/?page_id=692"},"modified":"2025-02-03T19:24:28","modified_gmt":"2025-02-03T18:24:28","slug":"inter-langues","status":"publish","type":"page","link":"https:\/\/www.pedagogie.ac-nice.fr\/espagnol\/inter-langues\/","title":{"rendered":"Inter-langues"},"content":{"rendered":"<p><img loading=\"lazy\" decoding=\"async\" class=\"alignnone wp-image-2216 size-full\" src=\"https:\/\/www.pedagogie.ac-nice.fr\/espagnol\/wp-content\/uploads\/sites\/43\/2025\/02\/Copie-de-Ensenar-deleitando-12.png\" alt=\"\" width=\"15840\" height=\"4752\" srcset=\"https:\/\/www.pedagogie.ac-nice.fr\/espagnol\/wp-content\/uploads\/sites\/43\/2025\/02\/Copie-de-Ensenar-deleitando-12.png 15840w, https:\/\/www.pedagogie.ac-nice.fr\/espagnol\/wp-content\/uploads\/sites\/43\/2025\/02\/Copie-de-Ensenar-deleitando-12-300x90.png 300w, https:\/\/www.pedagogie.ac-nice.fr\/espagnol\/wp-content\/uploads\/sites\/43\/2025\/02\/Copie-de-Ensenar-deleitando-12-1024x307.png 1024w, https:\/\/www.pedagogie.ac-nice.fr\/espagnol\/wp-content\/uploads\/sites\/43\/2025\/02\/Copie-de-Ensenar-deleitando-12-768x230.png 768w, https:\/\/www.pedagogie.ac-nice.fr\/espagnol\/wp-content\/uploads\/sites\/43\/2025\/02\/Copie-de-Ensenar-deleitando-12-1536x461.png 1536w, https:\/\/www.pedagogie.ac-nice.fr\/espagnol\/wp-content\/uploads\/sites\/43\/2025\/02\/Copie-de-Ensenar-deleitando-12-2048x614.png 2048w\" sizes=\"auto, (max-width: 15840px) 100vw, 15840px\" \/><\/p>\n<ul>\n<li><span style=\"color: #000000;\"><strong><span style=\"font-family: verdana, geneva, sans-serif;\">La lettre EduNum n\u00b0 37 (janvier 2023) vient de para\u00eetre !<\/span><\/strong><\/span><br \/>\n<span style=\"font-family: verdana, geneva, sans-serif; color: #000000;\">Les contributions du Groupe Num\u00e9rique Disciplinaire Inter-langues de l&rsquo;acad\u00e9mie de Nice et du groupe de travail sur les TraAM LV (Travaux Acad\u00e9miques Mutualis\u00e9s en Langues Vivantes) y sont mis en lumi\u00e8re :<\/span><br \/>\n<span style=\"font-family: verdana, geneva, sans-serif; color: #000000;\">&#8211; la <strong>sitographie en LV<\/strong> du GND<\/span><br \/>\n<span style=\"font-family: verdana, geneva, sans-serif; color: #000000;\">&#8211; les <strong>TraAM LV<\/strong> autour d&rsquo;une <strong>pe\u0301dagogie diffe\u0301rencie\u0301e<\/strong> et coope\u0301rative au service de <strong>l\u2019autonomie a\u0300 l\u2019oral<\/strong>, dans un contexte de <strong>simulation globale interlangues<\/strong>.<br \/>\n+ <a href=\"https:\/\/www.pedagogie.ac-nice.fr\/italien\/2023\/01\/25\/focus-sur-la-lettre-edunum-lv-n37-janvier-2023\/\"><strong>d&rsquo;infos<\/strong><\/a> sur le site d&rsquo;italien.<br \/>\n<a href=\"https:\/\/eduscol.education.fr\/document\/46471\/download?attachment\"><strong>Cliquez ici<\/strong><\/a>&nbsp;pour consulter la lettre EduNum.<\/span><br \/>\n<strong><br \/>\n<\/strong><a href=\"https:\/\/eduscol.education.fr\/document\/46471\/download?attachment\"><img loading=\"lazy\" decoding=\"async\" class=\"alignnone wp-image-1495 size-large\" src=\"https:\/\/www.pedagogie.ac-nice.fr\/espagnol\/wp-content\/uploads\/sites\/43\/2023\/01\/Capture-decran-2023-01-25-a-15.34.26-726x1024.png\" alt=\"\" width=\"726\" height=\"1024\" srcset=\"https:\/\/www.pedagogie.ac-nice.fr\/espagnol\/wp-content\/uploads\/sites\/43\/2023\/01\/Capture-decran-2023-01-25-a-15.34.26-726x1024.png 726w, https:\/\/www.pedagogie.ac-nice.fr\/espagnol\/wp-content\/uploads\/sites\/43\/2023\/01\/Capture-decran-2023-01-25-a-15.34.26-213x300.png 213w, https:\/\/www.pedagogie.ac-nice.fr\/espagnol\/wp-content\/uploads\/sites\/43\/2023\/01\/Capture-decran-2023-01-25-a-15.34.26-768x1083.png 768w, https:\/\/www.pedagogie.ac-nice.fr\/espagnol\/wp-content\/uploads\/sites\/43\/2023\/01\/Capture-decran-2023-01-25-a-15.34.26.png 804w\" sizes=\"auto, (max-width: 726px) 100vw, 726px\" \/><\/a><\/li>\n<li><strong><span style=\"font-family: verdana, geneva, sans-serif; color: #000000;\">Newsletter Inter-langues #3 : <\/span><\/strong><span style=\"font-family: verdana, geneva, sans-serif; color: #000000;\">Demandez le programme !<br \/>\n&#8211; <\/span><span style=\"font-family: verdana, geneva, sans-serif; color: #000000;\">la 3\u00e8me \u00e9dition du <strong>concours inter-langues \u00ab\u00a0Histoires communes\u00a0\u00bb<\/strong>, avec pour th\u00e9matique <strong>\u00ab\u00a0L&rsquo;important, c&rsquo;est de communiquer !\u00a0\u00bb<br \/>\n<\/strong>&#8211; une sitographie inter-langues, pour une autonomie accrue de nos \u00e9l\u00e8ves<\/span><\/li>\n<\/ul>\n<p style=\"padding-left: 40px;\"><a href=\"https:\/\/drive.google.com\/file\/d\/1yOAVqH8T8Do9WiEmUMBxmY6SGvYPWveR\/view?usp=share_link\"><img loading=\"lazy\" decoding=\"async\" class=\"alignnone size-medium wp-image-1476\" src=\"https:\/\/www.pedagogie.ac-nice.fr\/espagnol\/wp-content\/uploads\/sites\/43\/2022\/11\/Newsletter-LV--212x300.png\" alt=\"\" width=\"212\" height=\"300\" srcset=\"https:\/\/www.pedagogie.ac-nice.fr\/espagnol\/wp-content\/uploads\/sites\/43\/2022\/11\/Newsletter-LV--212x300.png 212w, https:\/\/www.pedagogie.ac-nice.fr\/espagnol\/wp-content\/uploads\/sites\/43\/2022\/11\/Newsletter-LV--724x1024.png 724w, https:\/\/www.pedagogie.ac-nice.fr\/espagnol\/wp-content\/uploads\/sites\/43\/2022\/11\/Newsletter-LV--768x1086.png 768w, https:\/\/www.pedagogie.ac-nice.fr\/espagnol\/wp-content\/uploads\/sites\/43\/2022\/11\/Newsletter-LV--1086x1536.png 1086w, https:\/\/www.pedagogie.ac-nice.fr\/espagnol\/wp-content\/uploads\/sites\/43\/2022\/11\/Newsletter-LV-.png 1414w\" sizes=\"auto, (max-width: 212px) 100vw, 212px\" \/><\/a><\/p>\n<ul>\n<li><span style=\"font-family: verdana, geneva, sans-serif; color: #000000;\"><strong>Newsletter Inter-langues, et de 2 !<\/strong> : En cette fin d&rsquo;ann\u00e9e, retrouvez l&rsquo;actualit\u00e9 des Langues Vivantes dans l&rsquo;acad\u00e9mie de Nice. Au programme, retour sur le concours d&rsquo;\u00e9criture collaborative et sur le projet TraAM LV \u00a0\u00bb La conf\u00e9rence europ\u00e9enne\u00a0\u00bb et la pr\u00e9paration de la Journ\u00e9e Europ\u00e9enne des Langues, d\u00e8s la rentr\u00e9e ! Cliquez sur l\u2019image !<\/span><\/li>\n<\/ul>\n<p style=\"padding-left: 40px;\"><span style=\"color: #000000;\"><a style=\"color: #000000;\" href=\"https:\/\/drive.google.com\/file\/d\/1X5ckF5Uihw4iIqasII4MjYMkPYOX293Q\/view?usp=drivesdk\"><img loading=\"lazy\" decoding=\"async\" class=\"alignnone size-medium wp-image-1384\" src=\"https:\/\/www.pedagogie.ac-nice.fr\/espagnol\/wp-content\/uploads\/sites\/43\/2022\/07\/E81B3118-61EE-49AC-A948-B90F9737A32B-212x300.png\" alt=\"\" width=\"212\" height=\"300\" srcset=\"https:\/\/www.pedagogie.ac-nice.fr\/espagnol\/wp-content\/uploads\/sites\/43\/2022\/07\/E81B3118-61EE-49AC-A948-B90F9737A32B-212x300.png 212w, https:\/\/www.pedagogie.ac-nice.fr\/espagnol\/wp-content\/uploads\/sites\/43\/2022\/07\/E81B3118-61EE-49AC-A948-B90F9737A32B-724x1024.png 724w, https:\/\/www.pedagogie.ac-nice.fr\/espagnol\/wp-content\/uploads\/sites\/43\/2022\/07\/E81B3118-61EE-49AC-A948-B90F9737A32B-768x1086.png 768w, https:\/\/www.pedagogie.ac-nice.fr\/espagnol\/wp-content\/uploads\/sites\/43\/2022\/07\/E81B3118-61EE-49AC-A948-B90F9737A32B-1086x1536.png 1086w, https:\/\/www.pedagogie.ac-nice.fr\/espagnol\/wp-content\/uploads\/sites\/43\/2022\/07\/E81B3118-61EE-49AC-A948-B90F9737A32B.png 1414w\" sizes=\"auto, (max-width: 212px) 100vw, 212px\" \/><\/a><\/span><\/p>\n<ul>\n<li><span style=\"font-family: verdana, geneva, sans-serif; color: #000000;\">Retrouvez <strong>l&rsquo;actualit\u00e9 des langues vivantes<\/strong> au sein de l&rsquo;acad\u00e9mie de Nice en lisant la premi\u00e8re <strong>newsletter inter-langues<\/strong> : <a href=\"https:\/\/www.pedagogie.ac-nice.fr\/espagnol\/wp-content\/uploads\/sites\/43\/2022\/02\/Newsletter-LV-2.pdf\"><strong>cliquez ici<\/strong><\/a> ou sur l&rsquo;image !<\/span><\/li>\n<\/ul>\n<p style=\"padding-left: 40px;\"><a href=\"https:\/\/www.pedagogie.ac-nice.fr\/espagnol\/wp-content\/uploads\/sites\/43\/2022\/02\/Newsletter-LV-2.pdf\"><img loading=\"lazy\" decoding=\"async\" class=\"alignnone size-medium wp-image-1280\" src=\"https:\/\/www.pedagogie.ac-nice.fr\/espagnol\/wp-content\/uploads\/sites\/43\/2022\/02\/Newsletter-LV-1-212x300.png\" alt=\"\" width=\"212\" height=\"300\" srcset=\"https:\/\/www.pedagogie.ac-nice.fr\/espagnol\/wp-content\/uploads\/sites\/43\/2022\/02\/Newsletter-LV-1-212x300.png 212w, https:\/\/www.pedagogie.ac-nice.fr\/espagnol\/wp-content\/uploads\/sites\/43\/2022\/02\/Newsletter-LV-1-724x1024.png 724w, https:\/\/www.pedagogie.ac-nice.fr\/espagnol\/wp-content\/uploads\/sites\/43\/2022\/02\/Newsletter-LV-1-768x1086.png 768w, https:\/\/www.pedagogie.ac-nice.fr\/espagnol\/wp-content\/uploads\/sites\/43\/2022\/02\/Newsletter-LV-1-1086x1536.png 1086w, https:\/\/www.pedagogie.ac-nice.fr\/espagnol\/wp-content\/uploads\/sites\/43\/2022\/02\/Newsletter-LV-1.png 1414w\" sizes=\"auto, (max-width: 212px) 100vw, 212px\" \/><\/a><\/p>\n<p style=\"text-align: left;\"><span style=\"font-family: verdana, geneva, sans-serif; color: #000000;\">Pour les autres informations inter-langues : voir le menu d\u00e9roulant<\/span><\/p>\n<p>&nbsp;<\/p>\n","protected":false},"excerpt":{"rendered":"<p>La lettre EduNum n\u00b0 37 (janvier 2023) vient de para\u00eetre ! Les contributions du Groupe Num\u00e9rique Disciplinaire Inter-langues de l&rsquo;acad\u00e9mie<\/p>\n","protected":false},"author":278,"featured_media":0,"parent":0,"menu_order":0,"comment_status":"closed","ping_status":"closed","template":"","meta":{"colormag_page_container_layout":"default_layout","colormag_page_sidebar_layout":"default_layout","ngg_post_thumbnail":0,"footnotes":""},"class_list":["post-692","page","type-page","status-publish","hentry"],"rttpg_featured_image_url":null,"rttpg_author":{"display_name":"jeromebesse","author_link":"https:\/\/www.pedagogie.ac-nice.fr\/espagnol\/author\/jeromebesse\/"},"rttpg_comment":0,"rttpg_category":null,"rttpg_excerpt":"La lettre EduNum n\u00b0 37 (janvier 2023) vient de para\u00eetre ! Les contributions du Groupe Num\u00e9rique Disciplinaire Inter-langues de l&rsquo;acad\u00e9mie","post_mailing_queue_ids":[],"_links":{"self":[{"href":"https:\/\/www.pedagogie.ac-nice.fr\/espagnol\/wp-json\/wp\/v2\/pages\/692","targetHints":{"allow":["GET"]}}],"collection":[{"href":"https:\/\/www.pedagogie.ac-nice.fr\/espagnol\/wp-json\/wp\/v2\/pages"}],"about":[{"href":"https:\/\/www.pedagogie.ac-nice.fr\/espagnol\/wp-json\/wp\/v2\/types\/page"}],"author":[{"embeddable":true,"href":"https:\/\/www.pedagogie.ac-nice.fr\/espagnol\/wp-json\/wp\/v2\/users\/278"}],"replies":[{"embeddable":true,"href":"https:\/\/www.pedagogie.ac-nice.fr\/espagnol\/wp-json\/wp\/v2\/comments?post=692"}],"version-history":[{"count":60,"href":"https:\/\/www.pedagogie.ac-nice.fr\/espagnol\/wp-json\/wp\/v2\/pages\/692\/revisions"}],"predecessor-version":[{"id":2218,"href":"https:\/\/www.pedagogie.ac-nice.fr\/espagnol\/wp-json\/wp\/v2\/pages\/692\/revisions\/2218"}],"wp:attachment":[{"href":"https:\/\/www.pedagogie.ac-nice.fr\/espagnol\/wp-json\/wp\/v2\/media?parent=692"}],"curies":[{"name":"wp","href":"https:\/\/api.w.org\/{rel}","templated":true}]}}