{"id":968,"date":"2021-09-27T10:20:21","date_gmt":"2021-09-27T08:20:21","guid":{"rendered":"https:\/\/www.pedagogie.ac-nice.fr\/espagnol\/?page_id=968"},"modified":"2025-02-04T16:11:21","modified_gmt":"2025-02-04T15:11:21","slug":"guide-de-levaluation","status":"publish","type":"page","link":"https:\/\/www.pedagogie.ac-nice.fr\/espagnol\/guide-de-levaluation\/","title":{"rendered":"Guide de l&rsquo;\u00e9valuation au lyc\u00e9e"},"content":{"rendered":"<p><span style=\"font-family: verdana, geneva, sans-serif;\">Ce guide expose \u00e0 la fois <strong>des principes communs, des pr\u00e9conisations par discipline et par sp\u00e9cialit\u00e9 ainsi que des pr\u00e9conisations pour le pilotage g\u00e9n\u00e9ral de l\u2019\u00e9valuation<\/strong>.<\/span><\/p>\n<p><span style=\"font-family: verdana, geneva, sans-serif;\">Cliquez <strong><a href=\"https:\/\/www.pedagogie.ac-nice.fr\/espagnol\/wp-content\/uploads\/sites\/43\/2024\/02\/guide_evaluation_novembre_2023-2.pdf\">ici<\/a><\/strong> pour le t\u00e9l\u00e9charger, et notamment \u00e0 partie des pages 10 puis 82.<\/span><\/p>\n<a href=\"https:\/\/www.pedagogie.ac-nice.fr\/espagnol\/wp-content\/uploads\/sites\/43\/2024\/02\/guide_evaluation_novembre_2023-2.pdf\" class=\"pdfemb-viewer\" style=\"\" data-width=\"max\" data-height=\"max\" data-toolbar=\"bottom\" data-toolbar-fixed=\"off\">guide_evaluation_novembre_2023-2<\/a>\n","protected":false},"excerpt":{"rendered":"<p>Ce guide expose \u00e0 la fois des principes communs, des pr\u00e9conisations par discipline et par sp\u00e9cialit\u00e9 ainsi que des pr\u00e9conisations<\/p>\n","protected":false},"author":278,"featured_media":0,"parent":0,"menu_order":0,"comment_status":"closed","ping_status":"closed","template":"","meta":{"colormag_page_container_layout":"default_layout","colormag_page_sidebar_layout":"default_layout","ngg_post_thumbnail":0,"footnotes":""},"class_list":["post-968","page","type-page","status-publish","hentry"],"rttpg_featured_image_url":null,"rttpg_author":{"display_name":"jeromebesse","author_link":"https:\/\/www.pedagogie.ac-nice.fr\/espagnol\/author\/jeromebesse\/"},"rttpg_comment":0,"rttpg_category":null,"rttpg_excerpt":"Ce guide expose \u00e0 la fois des principes communs, des pr\u00e9conisations par discipline et par sp\u00e9cialit\u00e9 ainsi que des pr\u00e9conisations","post_mailing_queue_ids":[],"_links":{"self":[{"href":"https:\/\/www.pedagogie.ac-nice.fr\/espagnol\/wp-json\/wp\/v2\/pages\/968","targetHints":{"allow":["GET"]}}],"collection":[{"href":"https:\/\/www.pedagogie.ac-nice.fr\/espagnol\/wp-json\/wp\/v2\/pages"}],"about":[{"href":"https:\/\/www.pedagogie.ac-nice.fr\/espagnol\/wp-json\/wp\/v2\/types\/page"}],"author":[{"embeddable":true,"href":"https:\/\/www.pedagogie.ac-nice.fr\/espagnol\/wp-json\/wp\/v2\/users\/278"}],"replies":[{"embeddable":true,"href":"https:\/\/www.pedagogie.ac-nice.fr\/espagnol\/wp-json\/wp\/v2\/comments?post=968"}],"version-history":[{"count":5,"href":"https:\/\/www.pedagogie.ac-nice.fr\/espagnol\/wp-json\/wp\/v2\/pages\/968\/revisions"}],"predecessor-version":[{"id":1732,"href":"https:\/\/www.pedagogie.ac-nice.fr\/espagnol\/wp-json\/wp\/v2\/pages\/968\/revisions\/1732"}],"wp:attachment":[{"href":"https:\/\/www.pedagogie.ac-nice.fr\/espagnol\/wp-json\/wp\/v2\/media?parent=968"}],"curies":[{"name":"wp","href":"https:\/\/api.w.org\/{rel}","templated":true}]}}