{"id":1008,"date":"2019-11-16T18:53:04","date_gmt":"2019-11-16T17:53:04","guid":{"rendered":"https:\/\/www.pedagogie.ac-nice.fr\/fanfictionalecole\/?page_id=1008"},"modified":"2019-11-16T18:53:04","modified_gmt":"2019-11-16T17:53:04","slug":"canevas-type-de-sequence","status":"publish","type":"page","link":"https:\/\/www.pedagogie.ac-nice.fr\/fanfictionalecole\/accompagnement-didactique\/canevas-type-de-sequence\/","title":{"rendered":"Canevas type de s\u00e9quence"},"content":{"rendered":"<p>[et_pb_section fb_built=\u00a0\u00bb1&Prime; background_color=\u00a0\u00bb#e09900&Prime; _builder_version=\u00a0\u00bb3.17.2&Prime; custom_padding=\u00a0\u00bb0|0px|45px|0px|false|false\u00a0\u00bb][et_pb_row _builder_version=\u00a0\u00bb3.17.2&Prime; custom_padding=\u00a0\u00bb47px|0px|27px|0px|false|false\u00a0\u00bb][et_pb_column type=\u00a0\u00bb4_4&Prime; _builder_version=\u00a0\u00bb3.17.2&Prime; parallax=\u00a0\u00bboff\u00a0\u00bb parallax_method=\u00a0\u00bbon\u00a0\u00bb][et_pb_button custom_button=\u00a0\u00bbon\u00a0\u00bb button_text_size=\u00a0\u00bb34px\u00a0\u00bb button_text_color=\u00a0\u00bb#ffffff\u00a0\u00bb button_bg_color=\u00a0\u00bb#e09900&Prime; button_border_width=\u00a0\u00bb5px\u00a0\u00bb button_border_color=\u00a0\u00bb#ffffff\u00a0\u00bb button_border_radius=\u00a0\u00bb29px\u00a0\u00bb button_icon=\u00a0\u00bb%%71%%\u00a0\u00bb button_text=\u00a0\u00bbT\u00e9l\u00e9chargez le canevas d&rsquo;une s\u00e9quence \u00e0 adapter\u00a0\u00bb _builder_version=\u00a0\u00bb3.17.2&Prime; button_url=\u00a0\u00bbhttps:\/\/www.pedagogie.ac-nice.fr\/fanfictionalecole\/wp-content\/uploads\/sites\/27\/2019\/11\/CANEVAS-DE-S\u00c9QUENCE-2.pdf\u00a0\u00bb button_alignment=\u00a0\u00bbcenter\u00a0\u00bb button_font=\u00a0\u00bb||||||||\u00a0\u00bb][\/et_pb_button][\/et_pb_column][\/et_pb_row][\/et_pb_section]<\/p>\n","protected":false},"excerpt":{"rendered":"","protected":false},"author":197,"featured_media":0,"parent":37,"menu_order":0,"comment_status":"closed","ping_status":"closed","template":"","meta":{"_et_pb_use_builder":"on","_et_pb_old_content":"","_et_gb_content_width":"","ngg_post_thumbnail":0,"footnotes":""},"class_list":["post-1008","page","type-page","status-publish","hentry"],"rttpg_featured_image_url":null,"rttpg_author":{"display_name":"lauremayer","author_link":"https:\/\/www.pedagogie.ac-nice.fr\/fanfictionalecole\/author\/lauremayer\/"},"rttpg_comment":0,"rttpg_category":null,"rttpg_excerpt":null,"post_mailing_queue_ids":[],"_links":{"self":[{"href":"https:\/\/www.pedagogie.ac-nice.fr\/fanfictionalecole\/wp-json\/wp\/v2\/pages\/1008","targetHints":{"allow":["GET"]}}],"collection":[{"href":"https:\/\/www.pedagogie.ac-nice.fr\/fanfictionalecole\/wp-json\/wp\/v2\/pages"}],"about":[{"href":"https:\/\/www.pedagogie.ac-nice.fr\/fanfictionalecole\/wp-json\/wp\/v2\/types\/page"}],"author":[{"embeddable":true,"href":"https:\/\/www.pedagogie.ac-nice.fr\/fanfictionalecole\/wp-json\/wp\/v2\/users\/197"}],"replies":[{"embeddable":true,"href":"https:\/\/www.pedagogie.ac-nice.fr\/fanfictionalecole\/wp-json\/wp\/v2\/comments?post=1008"}],"version-history":[{"count":3,"href":"https:\/\/www.pedagogie.ac-nice.fr\/fanfictionalecole\/wp-json\/wp\/v2\/pages\/1008\/revisions"}],"predecessor-version":[{"id":1011,"href":"https:\/\/www.pedagogie.ac-nice.fr\/fanfictionalecole\/wp-json\/wp\/v2\/pages\/1008\/revisions\/1011"}],"up":[{"embeddable":true,"href":"https:\/\/www.pedagogie.ac-nice.fr\/fanfictionalecole\/wp-json\/wp\/v2\/pages\/37"}],"wp:attachment":[{"href":"https:\/\/www.pedagogie.ac-nice.fr\/fanfictionalecole\/wp-json\/wp\/v2\/media?parent=1008"}],"curies":[{"name":"wp","href":"https:\/\/api.w.org\/{rel}","templated":true}]}}