{"id":37,"date":"2019-04-23T17:52:10","date_gmt":"2019-04-23T15:52:10","guid":{"rendered":"https:\/\/www.pedagogie.ac-nice.fr\/fanfictionalecole\/?page_id=37"},"modified":"2019-11-16T19:04:32","modified_gmt":"2019-11-16T18:04:32","slug":"accompagnement-didactique","status":"publish","type":"page","link":"https:\/\/www.pedagogie.ac-nice.fr\/fanfictionalecole\/accompagnement-didactique\/","title":{"rendered":"Accompagnement didactique"},"content":{"rendered":"<p>[et_pb_section fb_built=\u00a0\u00bb1&Prime; _builder_version=\u00a0\u00bb3.17.2&Prime; custom_padding=\u00a0\u00bb0|0px|0|0px|false|false\u00a0\u00bb][et_pb_row custom_padding=\u00a0\u00bb0|0px|27px|0px|false|false\u00a0\u00bb _builder_version=\u00a0\u00bb3.17.2&Prime;][et_pb_column type=\u00a0\u00bb4_4&Prime; _builder_version=\u00a0\u00bb3.17.2&Prime; parallax=\u00a0\u00bboff\u00a0\u00bb parallax_method=\u00a0\u00bbon\u00a0\u00bb][et_pb_image src=\u00a0\u00bbhttps:\/\/www.pedagogie.ac-nice.fr\/fanfictionalecole\/wp-content\/uploads\/sites\/27\/2019\/05\/IMG_6573.jpeg\u00a0\u00bb align=\u00a0\u00bbcenter\u00a0\u00bb _builder_version=\u00a0\u00bb3.17.2&Prime; max_width=\u00a0\u00bb71%\u00a0\u00bb animation_style=\u00a0\u00bbslide\u00a0\u00bb animation_duration=\u00a0\u00bb1900ms\u00a0\u00bb animation_delay=\u00a0\u00bb200ms\u00a0\u00bb animation_intensity_slide=\u00a0\u00bb97%\u00a0\u00bb][\/et_pb_image][\/et_pb_column][\/et_pb_row][\/et_pb_section][et_pb_section fb_built=\u00a0\u00bb1&Prime; _builder_version=\u00a0\u00bb3.17.2&Prime; background_color=\u00a0\u00bb#e09900&Prime; custom_padding=\u00a0\u00bb0|0px|0|0px|false|false\u00a0\u00bb][et_pb_row _builder_version=\u00a0\u00bb3.17.2&Prime;][et_pb_column type=\u00a0\u00bb1_4&Prime; _builder_version=\u00a0\u00bb3.0.47&Prime; parallax=\u00a0\u00bboff\u00a0\u00bb parallax_method=\u00a0\u00bbon\u00a0\u00bb][et_pb_button button_url=\u00a0\u00bbhttps:\/\/www.pedagogie.ac-nice.fr\/fanfictionalecole\/accompagnement-didactique\/organisation-generale\/\u00a0\u00bb url_new_window=\u00a0\u00bbon\u00a0\u00bb button_text=\u00a0\u00bbOrganisation g\u00e9n\u00e9rale\u00a0\u00bb button_alignment=\u00a0\u00bbcenter\u00a0\u00bb _builder_version=\u00a0\u00bb3.17.2&Prime; custom_button=\u00a0\u00bbon\u00a0\u00bb button_text_size=\u00a0\u00bb25px\u00a0\u00bb button_border_radius=\u00a0\u00bb45px\u00a0\u00bb button_font=\u00a0\u00bb||||||||\u00a0\u00bb box_shadow_style=\u00a0\u00bbpreset2&Prime; background_layout=\u00a0\u00bbdark\u00a0\u00bb][\/et_pb_button][et_pb_text _builder_version=\u00a0\u00bb3.17.2&Prime;]<\/p>\n<ul>\n<li>\n<h4>Organiser le temps de la lecture<\/h4>\n<\/li>\n<li>\n<h4>La fanfiction dans la s\u00e9quence<\/h4>\n<\/li>\n<li>\n<h4>Les liens lecture \/ \u00e9criture<\/h4>\n<\/li>\n<li>\n<h4>Canevas de s\u00e9quence<\/h4>\n<\/li>\n<\/ul>\n<p>[\/et_pb_text][et_pb_button button_url=\u00a0\u00bbhttps:\/\/www.pedagogie.ac-nice.fr\/fanfictionalecole\/accompagnement-didactique\/canevas-type-de-sequence\/\u00a0\u00bb url_new_window=\u00a0\u00bbon\u00a0\u00bb button_text=\u00a0\u00bbCanevas type de s\u00e9quence\u00a0\u00bb button_alignment=\u00a0\u00bbcenter\u00a0\u00bb _builder_version=\u00a0\u00bb3.17.2&Prime; custom_button=\u00a0\u00bbon\u00a0\u00bb button_text_size=\u00a0\u00bb25px\u00a0\u00bb button_border_radius=\u00a0\u00bb45px\u00a0\u00bb button_font=\u00a0\u00bb||||||||\u00a0\u00bb box_shadow_style=\u00a0\u00bbpreset2&Prime; background_layout=\u00a0\u00bbdark\u00a0\u00bb][\/et_pb_button][\/et_pb_column][et_pb_column type=\u00a0\u00bb1_4&Prime; _builder_version=\u00a0\u00bb3.0.47&Prime; parallax=\u00a0\u00bboff\u00a0\u00bb parallax_method=\u00a0\u00bbon\u00a0\u00bb][et_pb_button button_url=\u00a0\u00bbhttps:\/\/www.pedagogie.ac-nice.fr\/fanfictionalecole\/accompagnement-didactique\/lecture\/?et_fb=1&Prime; button_text=\u00a0\u00bbLecture\u00a0\u00bb button_alignment=\u00a0\u00bbcenter\u00a0\u00bb _builder_version=\u00a0\u00bb3.17.2&Prime; custom_button=\u00a0\u00bbon\u00a0\u00bb button_text_size=\u00a0\u00bb25px\u00a0\u00bb button_border_radius=\u00a0\u00bb45px\u00a0\u00bb button_font=\u00a0\u00bb||||||||\u00a0\u00bb box_shadow_style=\u00a0\u00bbpreset2&Prime; background_layout=\u00a0\u00bbdark\u00a0\u00bb][\/et_pb_button][et_pb_text _builder_version=\u00a0\u00bb3.17.2&Prime;]<\/p>\n<ul>\n<li>\n<h4>Utiliser les forums<\/h4>\n<\/li>\n<li>\n<h4>S\u00e9ance de lecture inaugurale<\/h4>\n<\/li>\n<li>\n<h4>S\u00e9ance de lecture transversale<\/h4>\n<\/li>\n<li>\n<h4>Activit\u00e9 de d\u00e9bat interpr\u00e9tatif<\/h4>\n<\/li>\n<li>\n<h4>Cercle de lecture<\/h4>\n<\/li>\n<li>\n<h4>S\u00e9ance de lecture cr\u00e9ative<\/h4>\n<\/li>\n<li>\n<h4>Bilans de lecture<\/h4>\n<\/li>\n<li>\n<h4>Activit\u00e9s r\u00e9flexives<\/h4>\n<\/li>\n<\/ul>\n<p>[\/et_pb_text][\/et_pb_column][et_pb_column type=\u00a0\u00bb1_4&Prime; _builder_version=\u00a0\u00bb3.0.47&Prime; parallax=\u00a0\u00bboff\u00a0\u00bb parallax_method=\u00a0\u00bbon\u00a0\u00bb][et_pb_button button_url=\u00a0\u00bbhttps:\/\/www.pedagogie.ac-nice.fr\/fanfictionalecole\/accompagnement-didactique\/ecriture\/\u00a0\u00bb button_text=\u00a0\u00bbEcriture\u00a0\u00bb button_alignment=\u00a0\u00bbcenter\u00a0\u00bb _builder_version=\u00a0\u00bb3.17.2&Prime; custom_button=\u00a0\u00bbon\u00a0\u00bb button_text_size=\u00a0\u00bb25px\u00a0\u00bb button_border_radius=\u00a0\u00bb45px\u00a0\u00bb button_font=\u00a0\u00bb||||||||\u00a0\u00bb box_shadow_style=\u00a0\u00bbpreset2&Prime; background_layout=\u00a0\u00bbdark\u00a0\u00bb][\/et_pb_button][et_pb_text _builder_version=\u00a0\u00bb3.17.2&Prime;]<\/p>\n<ul>\n<li>\n<h4>Quels \u00e9crits sur la plateforme<\/h4>\n<\/li>\n<li>\n<h4>Propositions d&rsquo;\u00e9criture de fanfiction<\/h4>\n<\/li>\n<li>\n<h4>Lancer des propositions de fanfiction<\/h4>\n<\/li>\n<li>\n<h4>R\u00e9\u00e9crire \u00e0 partir de commentaires<\/h4>\n<\/li>\n<li>\n<h4>R\u00e9\u00e9crire en revenant \u00e0 l&rsquo;\u0153uvre<\/h4>\n<\/li>\n<li>\n<h4>Concevoir le travail sur la langue autour des \u00e9crits de fanfiction<\/h4>\n<\/li>\n<li>\n<h4>Les ressources de la r\u00e9\u00e9criture<\/h4>\n<\/li>\n<li>\n<h4>Proposer des activit\u00e9s r\u00e9flexives en \u00e9criture<\/h4>\n<\/li>\n<\/ul>\n<p>[\/et_pb_text][\/et_pb_column][et_pb_column type=\u00a0\u00bb1_4&Prime; _builder_version=\u00a0\u00bb3.0.47&Prime; parallax=\u00a0\u00bboff\u00a0\u00bb parallax_method=\u00a0\u00bbon\u00a0\u00bb][et_pb_button button_url=\u00a0\u00bbhttps:\/\/www.pedagogie.ac-nice.fr\/fanfictionalecole\/accompagnement-didactique\/competences-numeriques\/\u00a0\u00bb button_text=\u00a0\u00bbComp\u00e9tences num\u00e9riques\u00a0\u00bb button_alignment=\u00a0\u00bbcenter\u00a0\u00bb _builder_version=\u00a0\u00bb3.17.2&Prime; custom_button=\u00a0\u00bbon\u00a0\u00bb button_text_size=\u00a0\u00bb25px\u00a0\u00bb button_border_radius=\u00a0\u00bb45px\u00a0\u00bb button_font=\u00a0\u00bb||||||||\u00a0\u00bb box_shadow_style=\u00a0\u00bbpreset2&Prime; background_layout=\u00a0\u00bbdark\u00a0\u00bb][\/et_pb_button][et_pb_text _builder_version=\u00a0\u00bb3.17.2&Prime;]<\/p>\n<ul>\n<li>\n<h4>Avoir un comportement \u00e9thique et civique<\/h4>\n<\/li>\n<li>\n<h4>D\u00e9couverte de la plateforme<\/h4>\n<\/li>\n<li>\n<h4>D\u00e9poser un avis<\/h4>\n<\/li>\n<li>\n<h4>D\u00e9poser un commentaire<\/h4>\n<\/li>\n<\/ul>\n<p>[\/et_pb_text][\/et_pb_column][\/et_pb_row][\/et_pb_section]<\/p>\n","protected":false},"excerpt":{"rendered":"<p>Organiser le temps de la lecture La fanfiction dans la s\u00e9quence Les liens lecture \/ \u00e9criture Canevas de s\u00e9quence Utiliser les forums S\u00e9ance de lecture inaugurale S\u00e9ance de lecture transversale Activit\u00e9 de d\u00e9bat interpr\u00e9tatif Cercle de lecture S\u00e9ance de lecture cr\u00e9ative Bilans de lecture Activit\u00e9s r\u00e9flexives Quels \u00e9crits sur la plateforme Propositions d&rsquo;\u00e9criture de fanfiction [&hellip;]<\/p>\n","protected":false},"author":194,"featured_media":0,"parent":0,"menu_order":0,"comment_status":"closed","ping_status":"closed","template":"","meta":{"_et_pb_use_builder":"on","_et_pb_old_content":"","_et_gb_content_width":"","ngg_post_thumbnail":0,"footnotes":""},"class_list":["post-37","page","type-page","status-publish","hentry"],"rttpg_featured_image_url":null,"rttpg_author":{"display_name":"ianlettres","author_link":"https:\/\/www.pedagogie.ac-nice.fr\/fanfictionalecole\/author\/ianlettres\/"},"rttpg_comment":0,"rttpg_category":null,"rttpg_excerpt":"Organiser le temps de la lecture La fanfiction dans la s\u00e9quence Les liens lecture \/ \u00e9criture Canevas de s\u00e9quence Utiliser les forums S\u00e9ance de lecture inaugurale S\u00e9ance de lecture transversale Activit\u00e9 de d\u00e9bat interpr\u00e9tatif Cercle de lecture S\u00e9ance de lecture cr\u00e9ative Bilans de lecture Activit\u00e9s r\u00e9flexives Quels \u00e9crits sur la plateforme Propositions d'\u00e9criture de fanfiction\u2026","post_mailing_queue_ids":[],"_links":{"self":[{"href":"https:\/\/www.pedagogie.ac-nice.fr\/fanfictionalecole\/wp-json\/wp\/v2\/pages\/37","targetHints":{"allow":["GET"]}}],"collection":[{"href":"https:\/\/www.pedagogie.ac-nice.fr\/fanfictionalecole\/wp-json\/wp\/v2\/pages"}],"about":[{"href":"https:\/\/www.pedagogie.ac-nice.fr\/fanfictionalecole\/wp-json\/wp\/v2\/types\/page"}],"author":[{"embeddable":true,"href":"https:\/\/www.pedagogie.ac-nice.fr\/fanfictionalecole\/wp-json\/wp\/v2\/users\/194"}],"replies":[{"embeddable":true,"href":"https:\/\/www.pedagogie.ac-nice.fr\/fanfictionalecole\/wp-json\/wp\/v2\/comments?post=37"}],"version-history":[{"count":64,"href":"https:\/\/www.pedagogie.ac-nice.fr\/fanfictionalecole\/wp-json\/wp\/v2\/pages\/37\/revisions"}],"predecessor-version":[{"id":1016,"href":"https:\/\/www.pedagogie.ac-nice.fr\/fanfictionalecole\/wp-json\/wp\/v2\/pages\/37\/revisions\/1016"}],"wp:attachment":[{"href":"https:\/\/www.pedagogie.ac-nice.fr\/fanfictionalecole\/wp-json\/wp\/v2\/media?parent=37"}],"curies":[{"name":"wp","href":"https:\/\/api.w.org\/{rel}","templated":true}]}}