{"id":44,"date":"2019-04-23T17:53:32","date_gmt":"2019-04-23T15:53:32","guid":{"rendered":"https:\/\/www.pedagogie.ac-nice.fr\/fanfictionalecole\/?page_id=44"},"modified":"2021-02-01T15:59:16","modified_gmt":"2021-02-01T14:59:16","slug":"accompagnement-technique","status":"publish","type":"page","link":"https:\/\/www.pedagogie.ac-nice.fr\/fanfictionalecole\/accompagnement-technique\/","title":{"rendered":"Accompagnement technique"},"content":{"rendered":"<p>[et_pb_section bb_built=\u00a0\u00bb1&Prime; _builder_version=\u00a0\u00bb3.17.2&Prime; custom_padding=\u00a0\u00bb0|0px|0|0px|false|false\u00a0\u00bb inner_width=\u00a0\u00bbauto\u00a0\u00bb inner_max_width=\u00a0\u00bb1080px\u00a0\u00bb next_background_color=\u00a0\u00bb#7cda24&Prime;][et_pb_row custom_padding=\u00a0\u00bb0|0px|0|0px|false|false\u00a0\u00bb _builder_version=\u00a0\u00bb3.17.2&Prime; module_alignment=\u00a0\u00bbcenter\u00a0\u00bb width=\u00a0\u00bb80%\u00a0\u00bb max_width=\u00a0\u00bb1080px\u00a0\u00bb][et_pb_column type=\u00a0\u00bb4_4&Prime; _builder_version=\u00a0\u00bb3.17.2&Prime; parallax=\u00a0\u00bboff\u00a0\u00bb parallax_method=\u00a0\u00bbon\u00a0\u00bb custom_padding__hover=\u00a0\u00bb|||\u00a0\u00bb custom_padding=\u00a0\u00bb|||\u00a0\u00bb][et_pb_image src=\u00a0\u00bbhttps:\/\/www.pedagogie.ac-nice.fr\/fanfictionalecole\/wp-content\/uploads\/sites\/27\/2019\/05\/Untitled-design-2.jpg\u00a0\u00bb align=\u00a0\u00bbcenter\u00a0\u00bb _builder_version=\u00a0\u00bb4.6.0&Prime; animation_style=\u00a0\u00bbslide\u00a0\u00bb animation_duration=\u00a0\u00bb1900ms\u00a0\u00bb animation_delay=\u00a0\u00bb200ms\u00a0\u00bb animation_intensity_slide=\u00a0\u00bb97%\u00a0\u00bb align_last_edited=\u00a0\u00bbon|desktop\u00a0\u00bb align_tablet=\u00a0\u00bbcenter\u00a0\u00bb]<\/p>\n<p><\/p>\n<p>[\/et_pb_image][\/et_pb_column][\/et_pb_row][\/et_pb_section][et_pb_section bb_built=\u00a0\u00bb1&Prime; _builder_version=\u00a0\u00bb3.17.2&Prime; background_color=\u00a0\u00bb#7cda24&Prime; custom_padding=\u00a0\u00bb0|0px|0|0px|false|false\u00a0\u00bb inner_width=\u00a0\u00bbauto\u00a0\u00bb inner_max_width=\u00a0\u00bb1080px\u00a0\u00bb prev_background_color=\u00a0\u00bb#ffffff\u00a0\u00bb][et_pb_row custom_padding=\u00a0\u00bb27px|0px|0|0px|false|false\u00a0\u00bb _builder_version=\u00a0\u00bb3.17.2&Prime; width=\u00a0\u00bb80%\u00a0\u00bb max_width=\u00a0\u00bb1080px\u00a0\u00bb][et_pb_column type=\u00a0\u00bb1_3&Prime; _builder_version=\u00a0\u00bb3.17.2&Prime; parallax=\u00a0\u00bboff\u00a0\u00bb parallax_method=\u00a0\u00bbon\u00a0\u00bb custom_padding__hover=\u00a0\u00bb|||\u00a0\u00bb custom_padding=\u00a0\u00bb|||\u00a0\u00bb][et_pb_button button_url=\u00a0\u00bbhttps:\/\/www.pedagogie.ac-nice.fr\/fanfictionalecole\/accompagnement-technique\/apprivoiser-moodle\/\u00a0\u00bb button_text=\u00a0\u00bbApprivoiser Moodle\u00a0\u00bb button_alignment=\u00a0\u00bbcenter\u00a0\u00bb _builder_version=\u00a0\u00bb3.17.2&Prime; custom_button=\u00a0\u00bbon\u00a0\u00bb button_text_size=\u00a0\u00bb25px\u00a0\u00bb button_border_radius=\u00a0\u00bb45px\u00a0\u00bb button_font=\u00a0\u00bb||||||||\u00a0\u00bb box_shadow_style=\u00a0\u00bbpreset2&Prime; background_layout=\u00a0\u00bbdark\u00a0\u00bb]<\/p>\n<p><\/p>\n<p>[\/et_pb_button][et_pb_text _builder_version=\u00a0\u00bb4.6.0&Prime; text_orientation=\u00a0\u00bbleft\u00a0\u00bb]<\/p>\n<ul>\n<li><span style=\"color: #ffffff;\">Se connecter<\/span><\/li>\n<li><span style=\"color: #ffffff;\">Ouvrir un cours\u00a0<\/span><\/li>\n<li><span style=\"color: #ffffff;\">Fonctions de base\u00a0<\/span><\/li>\n<li><span style=\"color: #ffffff;\">Inscrire ses \u00e9l\u00e8ves\u00a0<\/span><\/li>\n<\/ul>\n<p>[\/et_pb_text][et_pb_text _builder_version=\u00a0\u00bb3.17.2&Prime; text_orientation=\u00a0\u00bbleft\u00a0\u00bb]<\/p>\n<p><\/p>\n<p>[\/et_pb_text][\/et_pb_column][et_pb_column type=\u00a0\u00bb1_3&Prime; _builder_version=\u00a0\u00bb3.17.2&Prime; parallax=\u00a0\u00bboff\u00a0\u00bb parallax_method=\u00a0\u00bbon\u00a0\u00bb custom_padding__hover=\u00a0\u00bb|||\u00a0\u00bb custom_padding=\u00a0\u00bb|||\u00a0\u00bb][et_pb_button button_url=\u00a0\u00bbhttps:\/\/www.pedagogie.ac-nice.fr\/fanfictionalecole\/accompagnement-technique\/parametrage-dune-fanfiction-dans-moodle\/\u00a0\u00bb button_text=\u00a0\u00bbParam\u00e9trage de la fanfiction\u00a0\u00bb button_alignment=\u00a0\u00bbcenter\u00a0\u00bb _builder_version=\u00a0\u00bb3.17.2&Prime; custom_button=\u00a0\u00bbon\u00a0\u00bb button_text_size=\u00a0\u00bb25px\u00a0\u00bb button_border_radius=\u00a0\u00bb45px\u00a0\u00bb button_font=\u00a0\u00bb||||||||\u00a0\u00bb box_shadow_style=\u00a0\u00bbpreset2&Prime; background_layout=\u00a0\u00bbdark\u00a0\u00bb]<\/p>\n<p><\/p>\n<p>[\/et_pb_button][et_pb_text _builder_version=\u00a0\u00bb3.17.2&Prime; text_orientation=\u00a0\u00bbleft\u00a0\u00bb]<\/p>\n<ul>\n<li><span style=\"color: #ffffff;\">Param\u00e9trer un forum<\/span><\/li>\n<li><span style=\"color: #ffffff;\">Param\u00e9trer un wiki<\/span><\/li>\n<li><span style=\"color: #ffffff;\">Param\u00e9trage total en 15 min<\/span><\/li>\n<li><span style=\"color: #ffffff;\">D&rsquo;une ann\u00e9e sur l&rsquo;autre: sauvegarder, restaurer<\/span><\/li>\n<\/ul>\n<p>[\/et_pb_text][\/et_pb_column][et_pb_column type=\u00a0\u00bb1_3&Prime; _builder_version=\u00a0\u00bb3.17.2&Prime; parallax=\u00a0\u00bboff\u00a0\u00bb parallax_method=\u00a0\u00bbon\u00a0\u00bb custom_padding__hover=\u00a0\u00bb|||\u00a0\u00bb custom_padding=\u00a0\u00bb|||\u00a0\u00bb][et_pb_button button_url=\u00a0\u00bbhttps:\/\/www.pedagogie.ac-nice.fr\/fanfictionalecole\/accompagnement-technique\/linterface-professeur-comparaison-des-versions\/?et_fb=1&Prime; button_text=\u00a0\u00bbL&rsquo;interface professeur\u00a0\u00bb button_alignment=\u00a0\u00bbcenter\u00a0\u00bb _builder_version=\u00a0\u00bb3.17.2&Prime; custom_button=\u00a0\u00bbon\u00a0\u00bb button_text_size=\u00a0\u00bb25px\u00a0\u00bb button_border_radius=\u00a0\u00bb45px\u00a0\u00bb button_font=\u00a0\u00bb||||||||\u00a0\u00bb box_shadow_style=\u00a0\u00bbpreset2&Prime; background_layout=\u00a0\u00bbdark\u00a0\u00bb]<\/p>\n<p><\/p>\n<p>[\/et_pb_button][\/et_pb_column][\/et_pb_row][\/et_pb_section]<\/p>\n","protected":false},"excerpt":{"rendered":"<p>Se connecter Ouvrir un cours\u00a0 Fonctions de base\u00a0 Inscrire ses \u00e9l\u00e8ves\u00a0 Param\u00e9trer un forum Param\u00e9trer un wiki Param\u00e9trage total en 15 min D&rsquo;une ann\u00e9e sur l&rsquo;autre: sauvegarder, restaurer<\/p>\n","protected":false},"author":194,"featured_media":0,"parent":0,"menu_order":0,"comment_status":"closed","ping_status":"closed","template":"","meta":{"_et_pb_use_builder":"on","_et_pb_old_content":"","_et_gb_content_width":"","ngg_post_thumbnail":0,"footnotes":""},"class_list":["post-44","page","type-page","status-publish","hentry"],"rttpg_featured_image_url":null,"rttpg_author":{"display_name":"ianlettres","author_link":"https:\/\/www.pedagogie.ac-nice.fr\/fanfictionalecole\/author\/ianlettres\/"},"rttpg_comment":0,"rttpg_category":null,"rttpg_excerpt":"Se connecter Ouvrir un cours\u00a0 Fonctions de base\u00a0 Inscrire ses \u00e9l\u00e8ves\u00a0 Param\u00e9trer un forum Param\u00e9trer un wiki Param\u00e9trage total en 15 min D'une ann\u00e9e sur l'autre: sauvegarder, restaurer","post_mailing_queue_ids":[],"_links":{"self":[{"href":"https:\/\/www.pedagogie.ac-nice.fr\/fanfictionalecole\/wp-json\/wp\/v2\/pages\/44","targetHints":{"allow":["GET"]}}],"collection":[{"href":"https:\/\/www.pedagogie.ac-nice.fr\/fanfictionalecole\/wp-json\/wp\/v2\/pages"}],"about":[{"href":"https:\/\/www.pedagogie.ac-nice.fr\/fanfictionalecole\/wp-json\/wp\/v2\/types\/page"}],"author":[{"embeddable":true,"href":"https:\/\/www.pedagogie.ac-nice.fr\/fanfictionalecole\/wp-json\/wp\/v2\/users\/194"}],"replies":[{"embeddable":true,"href":"https:\/\/www.pedagogie.ac-nice.fr\/fanfictionalecole\/wp-json\/wp\/v2\/comments?post=44"}],"version-history":[{"count":18,"href":"https:\/\/www.pedagogie.ac-nice.fr\/fanfictionalecole\/wp-json\/wp\/v2\/pages\/44\/revisions"}],"predecessor-version":[{"id":1037,"href":"https:\/\/www.pedagogie.ac-nice.fr\/fanfictionalecole\/wp-json\/wp\/v2\/pages\/44\/revisions\/1037"}],"wp:attachment":[{"href":"https:\/\/www.pedagogie.ac-nice.fr\/fanfictionalecole\/wp-json\/wp\/v2\/media?parent=44"}],"curies":[{"name":"wp","href":"https:\/\/api.w.org\/{rel}","templated":true}]}}