{"id":46,"date":"2019-04-23T17:53:49","date_gmt":"2019-04-23T15:53:49","guid":{"rendered":"https:\/\/www.pedagogie.ac-nice.fr\/fanfictionalecole\/?page_id=46"},"modified":"2019-05-28T21:02:48","modified_gmt":"2019-05-28T19:02:48","slug":"apports-scientifiques","status":"publish","type":"page","link":"https:\/\/www.pedagogie.ac-nice.fr\/fanfictionalecole\/apports-scientifiques\/","title":{"rendered":"Apports scientifiques"},"content":{"rendered":"<p>[et_pb_section fb_built=\u00a0\u00bb1&Prime; _builder_version=\u00a0\u00bb3.17.2&Prime; custom_padding=\u00a0\u00bb0|0px|0|0px|false|false\u00a0\u00bb][et_pb_row _builder_version=\u00a0\u00bb3.17.2&Prime;][et_pb_column type=\u00a0\u00bb4_4&Prime; _builder_version=\u00a0\u00bb3.17.2&Prime; parallax=\u00a0\u00bboff\u00a0\u00bb parallax_method=\u00a0\u00bbon\u00a0\u00bb][et_pb_image src=\u00a0\u00bbhttps:\/\/www.pedagogie.ac-nice.fr\/fanfictionalecole\/wp-content\/uploads\/sites\/27\/2019\/05\/IMG_6987-1.jpg\u00a0\u00bb align=\u00a0\u00bbcenter\u00a0\u00bb _builder_version=\u00a0\u00bb3.17.2&Prime; animation_style=\u00a0\u00bbslide\u00a0\u00bb animation_duration=\u00a0\u00bb1900ms\u00a0\u00bb animation_delay=\u00a0\u00bb200ms\u00a0\u00bb animation_intensity_slide=\u00a0\u00bb97%\u00a0\u00bb][\/et_pb_image][\/et_pb_column][\/et_pb_row][\/et_pb_section][et_pb_section fb_built=\u00a0\u00bb1&Prime; _builder_version=\u00a0\u00bb3.17.2&Prime; background_color=\u00a0\u00bb#8300e9&Prime; custom_padding=\u00a0\u00bb0|0px|0|0px|false|false\u00a0\u00bb][et_pb_row _builder_version=\u00a0\u00bb3.17.2&Prime;][et_pb_column type=\u00a0\u00bb1_3&Prime; _builder_version=\u00a0\u00bb3.17.2&Prime; parallax=\u00a0\u00bboff\u00a0\u00bb parallax_method=\u00a0\u00bbon\u00a0\u00bb][et_pb_button button_url=\u00a0\u00bbhttps:\/\/www.pedagogie.ac-nice.fr\/fanfictionalecole\/apports-scientifiques\/presentations\/\u00a0\u00bb button_text=\u00a0\u00bbChercheurs Enseignants\u00a0\u00bb button_alignment=\u00a0\u00bbcenter\u00a0\u00bb _builder_version=\u00a0\u00bb3.17.2&Prime; custom_button=\u00a0\u00bbon\u00a0\u00bb button_text_size=\u00a0\u00bb25px\u00a0\u00bb button_border_radius=\u00a0\u00bb45px\u00a0\u00bb button_font=\u00a0\u00bb||||||||\u00a0\u00bb box_shadow_style=\u00a0\u00bbpreset2&Prime; background_layout=\u00a0\u00bbdark\u00a0\u00bb][\/et_pb_button][et_pb_text _builder_version=\u00a0\u00bb3.17.2&Prime;]<\/p>\n<p>&nbsp;<\/p>\n<ul>\n<li><span style=\"color: #ffffff;\">Pierre Moinard<\/span><\/li>\n<li><span style=\"color: #ffffff;\">Magali Brunel<\/span><\/li>\n<li><span style=\"color: #ffffff;\">Laure Mayer<\/span><\/li>\n<li><span style=\"color: #ffffff;\">Moniques Richard<\/span><\/li>\n<\/ul>\n<p>[\/et_pb_text][\/et_pb_column][et_pb_column type=\u00a0\u00bb1_3&Prime; _builder_version=\u00a0\u00bb3.17.2&Prime; parallax=\u00a0\u00bboff\u00a0\u00bb parallax_method=\u00a0\u00bbon\u00a0\u00bb][et_pb_button button_url=\u00a0\u00bbhttps:\/\/www.pedagogie.ac-nice.fr\/fanfictionalecole\/apports-scientifiques\/extraits-darticles\/\u00a0\u00bb button_text=\u00a0\u00bbExtraits d&rsquo;articles\u00a0\u00bb button_alignment=\u00a0\u00bbcenter\u00a0\u00bb _builder_version=\u00a0\u00bb3.17.2&Prime; custom_button=\u00a0\u00bbon\u00a0\u00bb button_text_size=\u00a0\u00bb25px\u00a0\u00bb button_border_radius=\u00a0\u00bb45px\u00a0\u00bb button_font=\u00a0\u00bb||||||||\u00a0\u00bb box_shadow_style=\u00a0\u00bbpreset2&Prime; background_layout=\u00a0\u00bbdark\u00a0\u00bb][\/et_pb_button][et_pb_text _builder_version=\u00a0\u00bb3.17.2&Prime;]<\/p>\n<ul>\n<li><span style=\"color: #ffffff;\">Lecture subjective et enseignement\u00a0<\/span><\/li>\n<li><span style=\"color: #ffffff;\">Le texte du lecteur<\/span><\/li>\n<li><span style=\"color: #ffffff;\">Les communaut\u00e9s interpr\u00e9tatives dans la classe<\/span><\/li>\n<li><span style=\"color: #ffffff;\">Adolescents et nouvelles litt\u00e9raties<\/span><\/li>\n<li><span style=\"color: #ffffff;\">Diversit\u00e9 des textes et des lecteurs dans la fanfiction<\/span><\/li>\n<li><span style=\"color: #ffffff;\">Fanfiction et lecture d\u2019\u0153uvre int\u00e9grale<\/span><\/li>\n<li><span style=\"color: #ffffff;\">Forums num\u00e9riques et communaut\u00e9s de lecteurs<\/span><\/li>\n<li><span style=\"color: #ffffff;\">Le sujet scripteur<\/span><\/li>\n<li><span style=\"color: #ffffff;\">Diversifier les relations entre lecture et \u00e9criture<\/span><\/li>\n<li><span style=\"color: #ffffff;\">\u00c9crire dans les blancs et les traces de l\u2019\u00e9crivain\u00a0: \u00ab\u00a0l\u2019\u00e9criture cam\u00e9l\u00e9on\u00a0\u00bb<\/span><\/li>\n<\/ul>\n<p>[\/et_pb_text][\/et_pb_column][et_pb_column type=\u00a0\u00bb1_3&Prime; _builder_version=\u00a0\u00bb3.17.2&Prime; parallax=\u00a0\u00bboff\u00a0\u00bb parallax_method=\u00a0\u00bbon\u00a0\u00bb][et_pb_button button_url=\u00a0\u00bbhttps:\/\/www.pedagogie.ac-nice.fr\/fanfictionalecole\/apports-scientifiques\/bibliographie-et-sitographie\/\u00a0\u00bb button_text=\u00a0\u00bbBibliographie sitographie\u00a0\u00bb button_alignment=\u00a0\u00bbcenter\u00a0\u00bb _builder_version=\u00a0\u00bb3.17.2&Prime; custom_button=\u00a0\u00bbon\u00a0\u00bb button_text_size=\u00a0\u00bb25px\u00a0\u00bb button_border_radius=\u00a0\u00bb45px\u00a0\u00bb button_font=\u00a0\u00bb||||||||\u00a0\u00bb box_shadow_style=\u00a0\u00bbpreset2&Prime; background_layout=\u00a0\u00bbdark\u00a0\u00bb][\/et_pb_button][\/et_pb_column][\/et_pb_row][\/et_pb_section]<\/p>\n","protected":false},"excerpt":{"rendered":"<p>&nbsp; Pierre Moinard Magali Brunel Laure Mayer Moniques Richard Lecture subjective et enseignement\u00a0 Le texte du lecteur Les communaut\u00e9s interpr\u00e9tatives dans la classe Adolescents et nouvelles litt\u00e9raties Diversit\u00e9 des textes et des lecteurs dans la fanfiction Fanfiction et lecture d\u2019\u0153uvre int\u00e9grale Forums num\u00e9riques et communaut\u00e9s de lecteurs Le sujet scripteur Diversifier les relations entre lecture [&hellip;]<\/p>\n","protected":false},"author":194,"featured_media":0,"parent":0,"menu_order":0,"comment_status":"closed","ping_status":"closed","template":"","meta":{"_et_pb_use_builder":"on","_et_pb_old_content":"","_et_gb_content_width":"","ngg_post_thumbnail":0,"footnotes":""},"class_list":["post-46","page","type-page","status-publish","hentry"],"rttpg_featured_image_url":null,"rttpg_author":{"display_name":"ianlettres","author_link":"https:\/\/www.pedagogie.ac-nice.fr\/fanfictionalecole\/author\/ianlettres\/"},"rttpg_comment":0,"rttpg_category":null,"rttpg_excerpt":"&nbsp; Pierre Moinard Magali Brunel Laure Mayer Moniques Richard Lecture subjective et enseignement\u00a0 Le texte du lecteur Les communaut\u00e9s interpr\u00e9tatives dans la classe Adolescents et nouvelles litt\u00e9raties Diversit\u00e9 des textes et des lecteurs dans la fanfiction Fanfiction et lecture d\u2019\u0153uvre int\u00e9grale Forums num\u00e9riques et communaut\u00e9s de lecteurs Le sujet scripteur Diversifier les relations entre lecture\u2026","post_mailing_queue_ids":[],"_links":{"self":[{"href":"https:\/\/www.pedagogie.ac-nice.fr\/fanfictionalecole\/wp-json\/wp\/v2\/pages\/46","targetHints":{"allow":["GET"]}}],"collection":[{"href":"https:\/\/www.pedagogie.ac-nice.fr\/fanfictionalecole\/wp-json\/wp\/v2\/pages"}],"about":[{"href":"https:\/\/www.pedagogie.ac-nice.fr\/fanfictionalecole\/wp-json\/wp\/v2\/types\/page"}],"author":[{"embeddable":true,"href":"https:\/\/www.pedagogie.ac-nice.fr\/fanfictionalecole\/wp-json\/wp\/v2\/users\/194"}],"replies":[{"embeddable":true,"href":"https:\/\/www.pedagogie.ac-nice.fr\/fanfictionalecole\/wp-json\/wp\/v2\/comments?post=46"}],"version-history":[{"count":16,"href":"https:\/\/www.pedagogie.ac-nice.fr\/fanfictionalecole\/wp-json\/wp\/v2\/pages\/46\/revisions"}],"predecessor-version":[{"id":838,"href":"https:\/\/www.pedagogie.ac-nice.fr\/fanfictionalecole\/wp-json\/wp\/v2\/pages\/46\/revisions\/838"}],"wp:attachment":[{"href":"https:\/\/www.pedagogie.ac-nice.fr\/fanfictionalecole\/wp-json\/wp\/v2\/media?parent=46"}],"curies":[{"name":"wp","href":"https:\/\/api.w.org\/{rel}","templated":true}]}}