{"id":69,"date":"2019-04-23T18:04:49","date_gmt":"2019-04-23T16:04:49","guid":{"rendered":"https:\/\/www.pedagogie.ac-nice.fr\/fanfictionalecole\/?page_id=69"},"modified":"2019-05-28T20:47:32","modified_gmt":"2019-05-28T18:47:32","slug":"du-cote-de-leleve","status":"publish","type":"page","link":"https:\/\/www.pedagogie.ac-nice.fr\/fanfictionalecole\/accompagnement-pedagogique\/du-cote-de-leleve\/","title":{"rendered":"Du c\u00f4t\u00e9 de l&rsquo;\u00e9l\u00e8ve"},"content":{"rendered":"<p>[et_pb_section fb_built=\u00a0\u00bb1&Prime; _builder_version=\u00a0\u00bb3.17.2&Prime; custom_padding=\u00a0\u00bb0|0px|0|0px|false|false\u00a0\u00bb][et_pb_row _builder_version=\u00a0\u00bb3.17.2&Prime;][et_pb_column type=\u00a0\u00bb1_2&Prime; _builder_version=\u00a0\u00bb3.17.2&Prime; parallax=\u00a0\u00bboff\u00a0\u00bb parallax_method=\u00a0\u00bbon\u00a0\u00bb][et_pb_text _builder_version=\u00a0\u00bb3.17.2&Prime;]<\/p>\n<h1 style=\"text-align: center;\">Du c\u00f4t\u00e9 de l&rsquo;\u00e9l\u00e8ve<\/h1>\n<p>[\/et_pb_text][\/et_pb_column][et_pb_column type=\u00a0\u00bb1_2&Prime; _builder_version=\u00a0\u00bb3.17.2&Prime; parallax=\u00a0\u00bboff\u00a0\u00bb parallax_method=\u00a0\u00bbon\u00a0\u00bb][et_pb_text _builder_version=\u00a0\u00bb3.17.2&Prime;]<\/p>\n<p style=\"text-align: center;\"><img loading=\"lazy\" decoding=\"async\" src=\"https:\/\/www.pedagogie.ac-nice.fr\/fanfictionalecole\/wp-content\/uploads\/sites\/27\/2019\/05\/backpack.png\" width=\"128\" height=\"128\" alt=\"\" class=\"wp-image-547 alignnone size-full\" \/><\/p>\n<p>[\/et_pb_text][\/et_pb_column][\/et_pb_row][\/et_pb_section][et_pb_section fb_built=\u00a0\u00bb1&Prime; _builder_version=\u00a0\u00bb3.17.2&Prime; background_color=\u00a0\u00bb#ffffff\u00a0\u00bb custom_padding=\u00a0\u00bb0|0px|26px|0px|false|false\u00a0\u00bb][et_pb_row custom_padding=\u00a0\u00bb27px|0px|0|0px|false|false\u00a0\u00bb _builder_version=\u00a0\u00bb3.17.2&Prime; background_color=\u00a0\u00bb#e09900&Prime;][et_pb_column type=\u00a0\u00bb1_2&Prime; _builder_version=\u00a0\u00bb3.17.2&Prime; parallax=\u00a0\u00bboff\u00a0\u00bb parallax_method=\u00a0\u00bbon\u00a0\u00bb][et_pb_text _builder_version=\u00a0\u00bb3.17.2&Prime;]<\/p>\n<h3 style=\"text-align: center;\"><span style=\"color: #ffffff;\">Collaborer entre \u00e9l\u00e8ves<\/span><\/h3>\n<p>[\/et_pb_text][\/et_pb_column][et_pb_column type=\u00a0\u00bb1_2&Prime; _builder_version=\u00a0\u00bb3.17.2&Prime; parallax=\u00a0\u00bboff\u00a0\u00bb parallax_method=\u00a0\u00bbon\u00a0\u00bb][et_pb_text _builder_version=\u00a0\u00bb3.17.2&Prime;]<\/p>\n<h3 style=\"text-align: center;\"><span style=\"color: #ffffff;\">\u00c9crire avec le livre<\/span><\/h3>\n<p>[\/et_pb_text][\/et_pb_column][\/et_pb_row][\/et_pb_section][et_pb_section fb_built=\u00a0\u00bb1&Prime; _builder_version=\u00a0\u00bb3.17.2&Prime; custom_padding=\u00a0\u00bb2px|0px|54px|0px|false|false\u00a0\u00bb][et_pb_row custom_padding=\u00a0\u00bb0|0px|27px|0px|false|false\u00a0\u00bb _builder_version=\u00a0\u00bb3.17.2&Prime;][et_pb_column type=\u00a0\u00bb1_2&Prime; _builder_version=\u00a0\u00bb3.17.2&Prime; parallax=\u00a0\u00bboff\u00a0\u00bb parallax_method=\u00a0\u00bbon\u00a0\u00bb][et_pb_video _builder_version=\u00a0\u00bb3.17.2&Prime; src=\u00a0\u00bbhttps:\/\/www.pedagogie.ac-nice.fr\/fanfictionalecole\/wp-content\/uploads\/sites\/27\/2019\/05\/CollaborerEntreEleves.mp4&Prime;][\/et_pb_video][\/et_pb_column][et_pb_column type=\u00a0\u00bb1_2&Prime; _builder_version=\u00a0\u00bb3.17.2&Prime; parallax=\u00a0\u00bboff\u00a0\u00bb parallax_method=\u00a0\u00bbon\u00a0\u00bb][et_pb_video _builder_version=\u00a0\u00bb3.17.2&Prime; src=\u00a0\u00bbhttps:\/\/www.pedagogie.ac-nice.fr\/fanfictionalecole\/wp-content\/uploads\/sites\/27\/2019\/05\/EcrireAvecLeLivre.mp4&Prime;][\/et_pb_video][\/et_pb_column][\/et_pb_row][et_pb_row custom_padding=\u00a0\u00bb27px|0px|0|0px|false|false\u00a0\u00bb _builder_version=\u00a0\u00bb3.17.2&Prime; background_color=\u00a0\u00bb#e09900&Prime;][et_pb_column type=\u00a0\u00bb1_2&Prime; _builder_version=\u00a0\u00bb3.17.2&Prime; parallax=\u00a0\u00bboff\u00a0\u00bb parallax_method=\u00a0\u00bbon\u00a0\u00bb][et_pb_text _builder_version=\u00a0\u00bb3.17.2&Prime;]<\/p>\n<h3 style=\"text-align: center;\"><span style=\"color: #ffffff;\">Cercles de lecture<\/span><\/h3>\n<p>[\/et_pb_text][\/et_pb_column][et_pb_column type=\u00a0\u00bb1_2&Prime; _builder_version=\u00a0\u00bb3.17.2&Prime; parallax=\u00a0\u00bboff\u00a0\u00bb parallax_method=\u00a0\u00bbon\u00a0\u00bb][et_pb_text _builder_version=\u00a0\u00bb3.17.2&Prime;]<\/p>\n<h3 style=\"text-align: center;\"><span style=\"color: #ffffff;\">Commenter un texte de pair<\/span><\/h3>\n<p>[\/et_pb_text][\/et_pb_column][\/et_pb_row][et_pb_row _builder_version=\u00a0\u00bb3.17.2&Prime;][et_pb_column type=\u00a0\u00bb1_2&Prime; _builder_version=\u00a0\u00bb3.17.2&Prime; parallax=\u00a0\u00bboff\u00a0\u00bb parallax_method=\u00a0\u00bbon\u00a0\u00bb][et_pb_video _builder_version=\u00a0\u00bb3.17.2&Prime; src=\u00a0\u00bbhttps:\/\/www.pedagogie.ac-nice.fr\/fanfictionalecole\/wp-content\/uploads\/sites\/27\/2019\/05\/CerclesDeLecture.mp4&Prime;][\/et_pb_video][\/et_pb_column][et_pb_column type=\u00a0\u00bb1_2&Prime; _builder_version=\u00a0\u00bb3.17.2&Prime; parallax=\u00a0\u00bboff\u00a0\u00bb parallax_method=\u00a0\u00bbon\u00a0\u00bb][et_pb_video src_webm=\u00a0\u00bbhttps:\/\/www.pedagogie.ac-nice.fr\/fanfictionalecole\/wp-content\/uploads\/sites\/27\/2019\/05\/CommenterUnTexteDePair.mp4&Prime; _builder_version=\u00a0\u00bb3.17.2&Prime; src=\u00a0\u00bbhttps:\/\/www.pedagogie.ac-nice.fr\/fanfictionalecole\/wp-content\/uploads\/sites\/27\/2019\/05\/CommenterUnTexteDePair.mp4&Prime;][\/et_pb_video][\/et_pb_column][\/et_pb_row][\/et_pb_section]<\/p>\n","protected":false},"excerpt":{"rendered":"<p>Du c\u00f4t\u00e9 de l&rsquo;\u00e9l\u00e8veCollaborer entre \u00e9l\u00e8ves\u00c9crire avec le livreCercles de lectureCommenter un texte de pair<\/p>\n","protected":false},"author":194,"featured_media":0,"parent":42,"menu_order":0,"comment_status":"closed","ping_status":"closed","template":"","meta":{"_et_pb_use_builder":"on","_et_pb_old_content":"","_et_gb_content_width":"","ngg_post_thumbnail":0,"footnotes":""},"class_list":["post-69","page","type-page","status-publish","hentry"],"rttpg_featured_image_url":null,"rttpg_author":{"display_name":"ianlettres","author_link":"https:\/\/www.pedagogie.ac-nice.fr\/fanfictionalecole\/author\/ianlettres\/"},"rttpg_comment":0,"rttpg_category":null,"rttpg_excerpt":"Du c\u00f4t\u00e9 de l'\u00e9l\u00e8veCollaborer entre \u00e9l\u00e8ves\u00c9crire avec le livreCercles de lectureCommenter un texte de pair","post_mailing_queue_ids":[],"_links":{"self":[{"href":"https:\/\/www.pedagogie.ac-nice.fr\/fanfictionalecole\/wp-json\/wp\/v2\/pages\/69","targetHints":{"allow":["GET"]}}],"collection":[{"href":"https:\/\/www.pedagogie.ac-nice.fr\/fanfictionalecole\/wp-json\/wp\/v2\/pages"}],"about":[{"href":"https:\/\/www.pedagogie.ac-nice.fr\/fanfictionalecole\/wp-json\/wp\/v2\/types\/page"}],"author":[{"embeddable":true,"href":"https:\/\/www.pedagogie.ac-nice.fr\/fanfictionalecole\/wp-json\/wp\/v2\/users\/194"}],"replies":[{"embeddable":true,"href":"https:\/\/www.pedagogie.ac-nice.fr\/fanfictionalecole\/wp-json\/wp\/v2\/comments?post=69"}],"version-history":[{"count":6,"href":"https:\/\/www.pedagogie.ac-nice.fr\/fanfictionalecole\/wp-json\/wp\/v2\/pages\/69\/revisions"}],"predecessor-version":[{"id":828,"href":"https:\/\/www.pedagogie.ac-nice.fr\/fanfictionalecole\/wp-json\/wp\/v2\/pages\/69\/revisions\/828"}],"up":[{"embeddable":true,"href":"https:\/\/www.pedagogie.ac-nice.fr\/fanfictionalecole\/wp-json\/wp\/v2\/pages\/42"}],"wp:attachment":[{"href":"https:\/\/www.pedagogie.ac-nice.fr\/fanfictionalecole\/wp-json\/wp\/v2\/media?parent=69"}],"curies":[{"name":"wp","href":"https:\/\/api.w.org\/{rel}","templated":true}]}}