{"id":83,"date":"2019-04-23T18:10:25","date_gmt":"2019-04-23T16:10:25","guid":{"rendered":"https:\/\/www.pedagogie.ac-nice.fr\/fanfictionalecole\/?page_id=83"},"modified":"2019-05-28T21:07:24","modified_gmt":"2019-05-28T19:07:24","slug":"presentations","status":"publish","type":"page","link":"https:\/\/www.pedagogie.ac-nice.fr\/fanfictionalecole\/apports-scientifiques\/presentations\/","title":{"rendered":"Chercheurs et enseignants"},"content":{"rendered":"<p>[et_pb_section fb_built=\u00a0\u00bb1&Prime; _builder_version=\u00a0\u00bb3.17.2&Prime; custom_padding=\u00a0\u00bb0|0px|0|0px|false|false\u00a0\u00bb][et_pb_row _builder_version=\u00a0\u00bb3.17.2&Prime;][et_pb_column type=\u00a0\u00bb1_2&Prime; _builder_version=\u00a0\u00bb3.17.2&Prime; parallax=\u00a0\u00bboff\u00a0\u00bb parallax_method=\u00a0\u00bbon\u00a0\u00bb][et_pb_text _builder_version=\u00a0\u00bb3.17.2&Prime;]<\/p>\n<h1 style=\"text-align: center;\">Chercheurs et enseignants<\/h1>\n<p>[\/et_pb_text][\/et_pb_column][et_pb_column type=\u00a0\u00bb1_2&Prime; _builder_version=\u00a0\u00bb3.17.2&Prime; parallax=\u00a0\u00bboff\u00a0\u00bb parallax_method=\u00a0\u00bbon\u00a0\u00bb][et_pb_text _builder_version=\u00a0\u00bb3.17.2&Prime;]<\/p>\n<p style=\"text-align: center;\"><img loading=\"lazy\" decoding=\"async\" src=\"https:\/\/www.pedagogie.ac-nice.fr\/fanfictionalecole\/wp-content\/uploads\/sites\/27\/2019\/05\/analytics.png\" width=\"128\" height=\"128\" alt=\"\" class=\"wp-image-565 alignnone size-full\" \/><\/p>\n<p>[\/et_pb_text][\/et_pb_column][\/et_pb_row][\/et_pb_section][et_pb_section fb_built=\u00a0\u00bb1&Prime; _builder_version=\u00a0\u00bb3.17.2&Prime; background_color=\u00a0\u00bb#0c71c3&Prime; custom_padding=\u00a0\u00bb0|0px|0|0px|false|false\u00a0\u00bb][et_pb_row _builder_version=\u00a0\u00bb3.17.2&Prime;][et_pb_column type=\u00a0\u00bb1_2&Prime; _builder_version=\u00a0\u00bb3.17.2&Prime; parallax=\u00a0\u00bboff\u00a0\u00bb parallax_method=\u00a0\u00bbon\u00a0\u00bb][et_pb_text _builder_version=\u00a0\u00bb3.17.2&Prime;]<\/p>\n<h4 style=\"text-align: right;\"><strong><span style=\"color: #ffffff;\"><\/span><\/strong><\/h4>\n<h4 style=\"text-align: right;\"><strong><span style=\"color: #ffffff;\"><\/span><\/strong><\/h4>\n<h4 style=\"text-align: right;\"><strong><span style=\"color: #ffffff;\">Pierre Moinard\u00a0<\/span><\/strong><\/h4>\n<h4 style=\"text-align: right;\"><span style=\"color: #ffffff;\">Universit\u00e9 de Cergy-Pontoise<\/span><\/h4>\n<p>[\/et_pb_text][\/et_pb_column][et_pb_column type=\u00a0\u00bb1_2&Prime; _builder_version=\u00a0\u00bb3.17.2&Prime; parallax=\u00a0\u00bboff\u00a0\u00bb parallax_method=\u00a0\u00bbon\u00a0\u00bb][et_pb_video _builder_version=\u00a0\u00bb3.17.2&Prime; src=\u00a0\u00bbhttps:\/\/www.pedagogie.ac-nice.fr\/fanfictionalecole\/wp-content\/uploads\/sites\/27\/2019\/05\/15522936719a151-360.mp4&Prime;][\/et_pb_video][\/et_pb_column][\/et_pb_row][\/et_pb_section][et_pb_section fb_built=\u00a0\u00bb1&Prime; _builder_version=\u00a0\u00bb3.17.2&Prime; custom_padding=\u00a0\u00bb0|0px|0|0px|false|false\u00a0\u00bb][et_pb_row _builder_version=\u00a0\u00bb3.17.2&Prime;][et_pb_column type=\u00a0\u00bb1_2&Prime; _builder_version=\u00a0\u00bb3.17.2&Prime; parallax=\u00a0\u00bboff\u00a0\u00bb parallax_method=\u00a0\u00bbon\u00a0\u00bb][et_pb_video _builder_version=\u00a0\u00bb3.17.2&Prime; src=\u00a0\u00bbhttps:\/\/www.pedagogie.ac-nice.fr\/fanfictionalecole\/wp-content\/uploads\/sites\/27\/2019\/05\/Pre\u0301sentation-de-la-ressource-Magali-Brunel.mp4&Prime;][\/et_pb_video][\/et_pb_column][et_pb_column type=\u00a0\u00bb1_2&Prime; _builder_version=\u00a0\u00bb3.17.2&Prime; parallax=\u00a0\u00bboff\u00a0\u00bb parallax_method=\u00a0\u00bbon\u00a0\u00bb][et_pb_text _builder_version=\u00a0\u00bb3.17.2&Prime;]<\/p>\n<h4 style=\"text-align: left;\"><strong><span style=\"color: #3366ff;\"><\/span><\/strong><\/h4>\n<h4 style=\"text-align: left;\"><strong><span style=\"color: #3366ff;\"><\/span><\/strong><\/h4>\n<h4 style=\"text-align: left;\"><strong><span style=\"color: #3366ff;\">Magali Brunel\u00a0<\/span><\/strong><\/h4>\n<h4 style=\"text-align: left;\"><span style=\"color: #3366ff;\">ESPE Toulon<\/span><\/h4>\n<h4 style=\"text-align: left;\"><span style=\"color: #3366ff;\">Universit\u00e9 de Sophia-Antipolis<\/span><\/h4>\n<p>[\/et_pb_text][\/et_pb_column][\/et_pb_row][\/et_pb_section][et_pb_section fb_built=\u00a0\u00bb1&Prime; _builder_version=\u00a0\u00bb3.17.2&Prime; background_color=\u00a0\u00bb#0c71c3&Prime; custom_padding=\u00a0\u00bb0|0px|0|0px|false|false\u00a0\u00bb][et_pb_row custom_padding=\u00a0\u00bb22px|0px|27px|0px|false|false\u00a0\u00bb _builder_version=\u00a0\u00bb3.17.2&Prime;][et_pb_column type=\u00a0\u00bb1_2&Prime; _builder_version=\u00a0\u00bb3.17.2&Prime; parallax=\u00a0\u00bboff\u00a0\u00bb parallax_method=\u00a0\u00bbon\u00a0\u00bb][et_pb_text _builder_version=\u00a0\u00bb3.17.2&Prime;]<\/p>\n<h4 style=\"text-align: right;\"><strong><span style=\"color: #ffffff;\"><\/span><\/strong><\/h4>\n<h4 style=\"text-align: right;\"><strong><span style=\"color: #ffffff;\"><\/span><\/strong><\/h4>\n<h4 style=\"text-align: right;\"><strong><span style=\"color: #ffffff;\">Laure Mayer<\/span><\/strong><\/h4>\n<h4 style=\"text-align: right;\"><span style=\"color: #ffffff;\">Professeur de Lettres<\/span><\/h4>\n<h4 style=\"text-align: right;\"><span style=\"color: #ffffff;\">IAN Lettres<\/span><\/h4>\n<h4 style=\"text-align: right;\"><span style=\"color: #ffffff;\">DANE<\/span><\/h4>\n<p>[\/et_pb_text][\/et_pb_column][et_pb_column type=\u00a0\u00bb1_2&Prime; _builder_version=\u00a0\u00bb3.17.2&Prime; parallax=\u00a0\u00bboff\u00a0\u00bb parallax_method=\u00a0\u00bbon\u00a0\u00bb][et_pb_video _builder_version=\u00a0\u00bb3.17.2&Prime; src=\u00a0\u00bbhttps:\/\/www.pedagogie.ac-nice.fr\/fanfictionalecole\/wp-content\/uploads\/sites\/27\/2019\/05\/LMayerSapproprierlafanffiction.mp4&Prime;][\/et_pb_video][\/et_pb_column][\/et_pb_row][\/et_pb_section][et_pb_section fb_built=\u00a0\u00bb1&Prime; _builder_version=\u00a0\u00bb3.17.2&Prime; custom_padding=\u00a0\u00bb0|0px|54px|0px|false|false\u00a0\u00bb][et_pb_row _builder_version=\u00a0\u00bb3.17.2&Prime;][et_pb_column type=\u00a0\u00bb1_2&Prime; _builder_version=\u00a0\u00bb3.17.2&Prime; parallax=\u00a0\u00bboff\u00a0\u00bb parallax_method=\u00a0\u00bbon\u00a0\u00bb][et_pb_video _builder_version=\u00a0\u00bb3.17.2&Prime; src=\u00a0\u00bbhttps:\/\/www.pedagogie.ac-nice.fr\/fanfictionalecole\/wp-content\/uploads\/sites\/27\/2019\/05\/1558097375b6bdd-480.mp4&Prime;][\/et_pb_video][\/et_pb_column][et_pb_column type=\u00a0\u00bb1_2&Prime; _builder_version=\u00a0\u00bb3.17.2&Prime; parallax=\u00a0\u00bboff\u00a0\u00bb parallax_method=\u00a0\u00bbon\u00a0\u00bb][et_pb_text _builder_version=\u00a0\u00bb3.17.2&Prime;]<\/p>\n<h4><strong><span style=\"color: #3366ff;\"><\/span><\/strong><\/h4>\n<h4><strong><span style=\"color: #3366ff;\"><\/span><\/strong><\/h4>\n<h4><strong><span style=\"color: #3366ff;\"><\/span><\/strong><\/h4>\n<h4><strong><span style=\"color: #3366ff;\"><\/span><\/strong><\/h4>\n<h4><strong><span style=\"color: #3366ff;\"><\/span><\/strong><\/h4>\n<h4><strong><span style=\"color: #3366ff;\"><\/span><\/strong><\/h4>\n<h4><strong><span style=\"color: #3366ff;\">Moniques Richard<\/span><\/strong><\/h4>\n<h4><span style=\"color: #3366ff;\">Professeure titulaire, <\/span><span style=\"color: #3366ff;\">Universit\u00e9 du Qu\u00e9bec<\/span><\/h4>\n<h4><span style=\"color: #3366ff;\">Montr\u00e9al<\/span><\/h4>\n<p>[\/et_pb_text][\/et_pb_column][\/et_pb_row][\/et_pb_section]<\/p>\n","protected":false},"excerpt":{"rendered":"<p>Chercheurs et enseignants Pierre Moinard\u00a0 Universit\u00e9 de Cergy-Pontoise Magali Brunel\u00a0 ESPE Toulon Universit\u00e9 de Sophia-Antipolis Laure Mayer Professeur de Lettres IAN Lettres DANE Moniques Richard Professeure titulaire, Universit\u00e9 du Qu\u00e9bec Montr\u00e9al<\/p>\n","protected":false},"author":194,"featured_media":0,"parent":46,"menu_order":1,"comment_status":"closed","ping_status":"closed","template":"","meta":{"_et_pb_use_builder":"on","_et_pb_old_content":"","_et_gb_content_width":"","ngg_post_thumbnail":0,"footnotes":""},"class_list":["post-83","page","type-page","status-publish","hentry"],"rttpg_featured_image_url":null,"rttpg_author":{"display_name":"ianlettres","author_link":"https:\/\/www.pedagogie.ac-nice.fr\/fanfictionalecole\/author\/ianlettres\/"},"rttpg_comment":0,"rttpg_category":null,"rttpg_excerpt":"Chercheurs et enseignants Pierre Moinard\u00a0 Universit\u00e9 de Cergy-Pontoise Magali Brunel\u00a0 ESPE Toulon Universit\u00e9 de Sophia-Antipolis Laure Mayer Professeur de Lettres IAN Lettres DANE Moniques Richard Professeure titulaire, Universit\u00e9 du Qu\u00e9bec Montr\u00e9al","post_mailing_queue_ids":[],"_links":{"self":[{"href":"https:\/\/www.pedagogie.ac-nice.fr\/fanfictionalecole\/wp-json\/wp\/v2\/pages\/83","targetHints":{"allow":["GET"]}}],"collection":[{"href":"https:\/\/www.pedagogie.ac-nice.fr\/fanfictionalecole\/wp-json\/wp\/v2\/pages"}],"about":[{"href":"https:\/\/www.pedagogie.ac-nice.fr\/fanfictionalecole\/wp-json\/wp\/v2\/types\/page"}],"author":[{"embeddable":true,"href":"https:\/\/www.pedagogie.ac-nice.fr\/fanfictionalecole\/wp-json\/wp\/v2\/users\/194"}],"replies":[{"embeddable":true,"href":"https:\/\/www.pedagogie.ac-nice.fr\/fanfictionalecole\/wp-json\/wp\/v2\/comments?post=83"}],"version-history":[{"count":11,"href":"https:\/\/www.pedagogie.ac-nice.fr\/fanfictionalecole\/wp-json\/wp\/v2\/pages\/83\/revisions"}],"predecessor-version":[{"id":840,"href":"https:\/\/www.pedagogie.ac-nice.fr\/fanfictionalecole\/wp-json\/wp\/v2\/pages\/83\/revisions\/840"}],"up":[{"embeddable":true,"href":"https:\/\/www.pedagogie.ac-nice.fr\/fanfictionalecole\/wp-json\/wp\/v2\/pages\/46"}],"wp:attachment":[{"href":"https:\/\/www.pedagogie.ac-nice.fr\/fanfictionalecole\/wp-json\/wp\/v2\/media?parent=83"}],"curies":[{"name":"wp","href":"https:\/\/api.w.org\/{rel}","templated":true}]}}