{"id":93,"date":"2019-04-23T18:24:24","date_gmt":"2019-04-23T16:24:24","guid":{"rendered":"https:\/\/www.pedagogie.ac-nice.fr\/fanfictionalecole\/?page_id=93"},"modified":"2019-05-18T09:46:34","modified_gmt":"2019-05-18T07:46:34","slug":"bibliographie-et-sitographie","status":"publish","type":"page","link":"https:\/\/www.pedagogie.ac-nice.fr\/fanfictionalecole\/apports-scientifiques\/bibliographie-et-sitographie\/","title":{"rendered":"Bibliographie et sitographie"},"content":{"rendered":"<p>[et_pb_section fb_built=\u00a0\u00bb1&Prime; _builder_version=\u00a0\u00bb3.17.2&Prime; background_color=\u00a0\u00bb#b068e8&Prime; custom_padding=\u00a0\u00bb0|0px|0|0px|false|false\u00a0\u00bb][et_pb_row _builder_version=\u00a0\u00bb3.17.2&Prime;][et_pb_column type=\u00a0\u00bb1_2&Prime; _builder_version=\u00a0\u00bb3.17.2&Prime; parallax=\u00a0\u00bboff\u00a0\u00bb parallax_method=\u00a0\u00bbon\u00a0\u00bb][et_pb_text _builder_version=\u00a0\u00bb3.17.2&Prime;]<\/p>\n<h1 class=\"entry-title main_title\" style=\"text-align: center;\">Bibliographie et sitographie<\/h1>\n<p>[\/et_pb_text][\/et_pb_column][et_pb_column type=\u00a0\u00bb1_2&Prime; _builder_version=\u00a0\u00bb3.17.2&Prime; parallax=\u00a0\u00bboff\u00a0\u00bb parallax_method=\u00a0\u00bbon\u00a0\u00bb][et_pb_text _builder_version=\u00a0\u00bb3.17.2&Prime;]<\/p>\n<p style=\"text-align: center;\"><img loading=\"lazy\" decoding=\"async\" src=\"https:\/\/www.pedagogie.ac-nice.fr\/fanfictionalecole\/wp-content\/uploads\/sites\/27\/2019\/05\/books.png\" width=\"128\" height=\"128\" alt=\"\" class=\"wp-image-573 alignnone size-full\" \/><\/p>\n<p>[\/et_pb_text][\/et_pb_column][\/et_pb_row][\/et_pb_section][et_pb_section fb_built=\u00a0\u00bb1&Prime; _builder_version=\u00a0\u00bb3.17.2&Prime; custom_padding=\u00a0\u00bb0|0px|54px|0px|false|false\u00a0\u00bb][et_pb_row _builder_version=\u00a0\u00bb3.17.2&Prime;][et_pb_column type=\u00a0\u00bb4_4&Prime; _builder_version=\u00a0\u00bb3.17.2&Prime; parallax=\u00a0\u00bboff\u00a0\u00bb parallax_method=\u00a0\u00bbon\u00a0\u00bb][et_pb_text _builder_version=\u00a0\u00bb3.17.2&Prime;]<\/p>\n<p><strong>Acad\u00e9mie de Caen Rouen<\/strong>. \u00ab Une \u00e9criture collaborative de type fanfiction\u00a0\u00bb D\u00e9velopper les comp\u00e9tences du XXIe si\u00e8cle et s\u2019approprier la culture num\u00e9rique,\u00a0<a rel=\"noreferrer noopener\" href=\"https:\/\/projet-avenir-e-normandie.ac-caen.fr\/Developper-les-competences-du-XXIe-siecle-et-s-approprier-la-culture-numerique\" target=\"_blank\">https:\/\/projet-avenir-e-normandie.ac-caen.fr\/Developper-les-competences-du-XXIe-siecle-et-s-approprier-la-culture-numerique<\/a>.<\/p>\n<p><strong>Acad\u00e9mie de Nice<\/strong>. <em>Tous lecteurs, tous auteurs, la fanfiction, nouvel espace lettr\u00e9<\/em>, site de l\u2019acad\u00e9mie de Nice,\u00a0\u00a0vid\u00e9o de pr\u00e9sentation de l\u2019exp\u00e9rimentation V. Schol, M. Brunel,\u00a0<a href=\"https:\/\/acamedia.ac-nice.fr\/v2\/watch_video.php?v=1918\" target=\"_blank\" rel=\"noreferrer noopener\" aria-label=\" (ouverture dans un nouvel onglet)\">https:\/\/acamedia.ac-nice.fr\/v2\/watch_video.php?v=1918<\/a>.<\/p>\n<p><strong>Barnab\u00e9 F.<\/strong> (2014). Ludicisation des pratiques d\u2019\u00e9criture sur Internet\u00a0: une \u00e9tude des fanfictions comme dispositifs jouables \u2013 In\u00a0<em>Sciences du jeu<\/em>, 2.<\/p>\n<p><strong>Bourdaa\u00a0M<\/strong>. (2015). Les\u00a0<em>fans studies<\/em>en question\u00a0: perspectives et enjeux\u00a0,\u00a0<em>Revue fran\u00e7aise des sciences de l\u2019information et de la communication<\/em>, 7\u00a0|\u00a02015, mis en ligne le 23 novembre 2015, consult\u00e9 le 12 juillet 2016. R\u00e9cup\u00e9r\u00e9 du site\u00a0<a href=\"http:\/\/rfsic.revues.org\/1644\">http:\/\/r<\/a><a href=\"http:\/\/rfsic.revues.org\/1644\" target=\"_blank\" rel=\"noreferrer noopener\" aria-label=\"fsic.revues.org\/ (ouverture dans un nouvel onglet)\">fsic.revues.org\/<\/a><a href=\"http:\/\/rfsic.revues.org\/1644\">1644<\/a><\/p>\n<p><strong>Brunel M. <\/strong>(2018). Les \u00e9crits de fanfiction dans la classe,\u00a0<em>Le fran\u00e7ais aujourd\u2019hui,<\/em>\u00a0<em>La conversion du litt\u00e9raire<\/em>(200), Mars 2018, p.31-42.<\/p>\n<p><strong>Brunel M. et Gu\u00e9rin-Callebout C.<\/strong> (2016). \u00ab\u00a0\u00c9crire dans\u00a0\u00bb, \u00e9criture litt\u00e9raire sur \u00e9cran. Pr\u00e9sentation d\u2019une exp\u00e9rimentation en classe de 3<sup>e<\/sup>ann\u00e9e du secondaire,\u00a0<em>Revue de recherche en litt\u00e9ratie m\u00e9diatique multimodale, L\u2019\u00e9criture num\u00e9rique \u00e0 l\u2019\u00e9cole, nouvelles textualit\u00e9s, nouveaux enjeux<\/em>, n\u00b03. R\u00e9cup\u00e9r\u00e9 du site\u00a0<a href=\"http:\/\/litmedmod.ca\/sites\/default\/files\/pdf\/r2-lmm_vol3_brunel.pdf\" target=\"_blank\" rel=\"noreferrer noopener\" aria-label=\" (ouverture dans un nouvel onglet)\">http:\/\/litmedmod.ca\/sites\/default\/files\/pdf\/r2-lmm_vol3_brunel.pdf<\/a><\/p>\n<p><strong>Brunel M. et Taous T. <\/strong>(2018).\u00a0\u00abR\u00e9viser son texte sur \u00e9cran. Analyse des processus \u00e0 l\u2019\u0153uvre dans un dispositif d\u2019\u00e9crits de fanfiction en classe de 3<sup>\u00e8me\u00a0<\/sup>\u00bb,\u00a0<em>Rep\u00e8res, n\u00b057,Collecter, interpr\u00e9ter, enseigner l\u2019\u00e9criture. Analyses linguistiques des \u00e9crits d\u2019\u00e9l\u00e8ves.\u00a0<\/em><\/p>\n<p><strong>Bucheton, D. <\/strong>(2014).\u00a0<em>Refonder l\u2019enseignement de l\u2019\u00e9criture.\u00a0<\/em>Paris\u2009: Retz.<\/p>\n<p><strong>Chapelain B.<\/strong> (2017). La participation dans les \u00e9critures cr\u00e9atives en r\u00e9seaux : de la r\u00e9ception \u00e0 la production,\u00a0<em>Le fran\u00e7ais aujourd\u2019hui<\/em>2017\/1, 196, p. 45-56.<\/p>\n<p><strong>Canard E.<\/strong> (2017) \u00c9crire des fanfictions en classe, c\u2019est possible\u00a0!,\u00a0<em>L\u2019\u00c9tudiant,<\/em><a href=\"https:\/\/www.letudiant.fr\/college\/et-si-vous-aviez-cours-de-fanfictions.html\" target=\"_blank\" rel=\"noreferrer noopener\" aria-label=\" (ouverture dans un nouvel onglet)\">https:\/\/www.letudiant.fr\/college\/et-si-vous-aviez-cours-de-fanfictions.html<\/a><\/p>\n<p><strong>Chatdocsblog<\/strong>,\u00a0<em>La fanfiction<\/em>,\u00a0<a href=\"https:\/\/chatdocsblog.wordpress.com\/2018\/05\/11\/la-fanfiction\/\" target=\"_blank\" rel=\"noreferrer noopener\" aria-label=\" (ouverture dans un nouvel onglet)\">https:\/\/chatdocsblog.wordpress.com\/2018\/05\/11\/la-fanfiction\/<\/a><\/p>\n<p><strong>Fran\u00e7ois, S. <\/strong>(2007). Les fanfictions, nouveaux lieux d\u2019expression de soi pour la jeunesse,\u00a0<em>Agora d\u00e9bats\/jeunesse<\/em>(46) ,p. 58-68.<\/p>\n<p><em>\u00c9tude fanfiction<\/em>,\u00a0\u00a0<a href=\"http:\/\/etude.fanfiction.free.fr\/lexique.php\" target=\"_blank\" rel=\"noreferrer noopener\" aria-label=\" (ouverture dans un nouvel onglet)\">http:\/\/etude.fanfiction.free.fr\/lexique.php<\/a>consult\u00e9 le 1-03-2019.<\/p>\n<p><strong>Fran\u00e7ois S. <\/strong>(2009). Fanf(r)ictions : Tensions identitaires et relationnelles chez les auteurs de\u00a0r\u00e9cits de fans,\u00a0<em>R\u00e9seaux<\/em>,\u00a0<em>153<\/em>, 157-189.\u00a0[<a href=\"http:\/\/www.cairn.info\/revue-reseaux-2009-1-page-157.htm\" target=\"_blank\" rel=\"noreferrer noopener\" aria-label=\" (ouverture dans un nouvel onglet)\">http:\/\/www.cairn.info\/revue-reseaux-2009-1-page-157.htm<\/a>]<\/p>\n<p><strong>Larr\u00e8re V.<\/strong> (2015). Pourquoi et comment accompagner l\u2019\u00e9l\u00e8ve dans la lecture d\u2019\u0153uvres int\u00e9grales ?\u00a0<em>Les Cahiers de Didactique des lettres<\/em>, Lire et \u00eatre lecteur,\u00a0<a href=\"https:\/\/revues.univ-pau.fr\/cahiers-didactique-lettres\/388\" rel=\"nofollow\">https:\/\/revues.univ-pau.fr\/cahiers-didactique-lettres\/388<\/a>.\u00a0<\/p>\n<p><span style=\"font-size: 20px;\"><strong>N. Lacelle<\/strong> (2019),<\/span><span style=\"font-size: 20px;\">\u00a0<\/span><i class=\"\" style=\"font-size: 20px;\">Les concepts de la litt\u00e9rature m\u00e9diatique multimodale<\/i><span style=\"font-size: 20px;\">,<\/span><span style=\"font-size: 20px;\">\u00a0<\/span><a href=\"https:\/\/chaire-lmm.squarespace.com\/les-concepts-de-la-lmm\" class=\"\" target=\"_blank\" rel=\"noopener noreferrer\" style=\"font-size: 20px;\">https:\/\/chaire-lmm.squarespace.com\/les-concepts-de-la-lmm<\/a><\/p>\n<p><strong>Lacelle N., Boutin J.F. &amp; Lebrun M.<\/strong> (2017).\u00a0<em>La litt\u00e9ratie m\u00e9diatique multimodale appliqu\u00e9e en contexte num\u00e9rique.\u00a0<\/em>Qu\u00e9bec\u00a0: Presses Universitaires du Qu\u00e9bec.<\/p>\n<p><strong>Lebrun, M. et\u00a0Lacelle, N.<\/strong>\u00a0(2017). La n\u00e9buleuse narrative num\u00e9rique chez les adolescents scripteurs : un bouleversement des genres. Dans O. Bertrand, J.Andr\u00e9 et I. Schaffner (dir<em>.)\u00a0Le Fran\u00e7ais \u00e9crit au si\u00e8cle du num\u00e9rique : enseignement et apprentissage ?<\/em>(p. 21-33).\u00a0Paris : Les \u00e9ditions de l\u2019\u00c9cole Polytechnique<\/p>\n<p><strong>Lebrun, M., Lacelle, N. et Boutin, J.-F.<\/strong> (2012). De la (r)\u00e9volution m\u00e9diatique en communication \u00e0 la litt\u00e9ratie : la multimodalit\u00e9. In M. Lebrun, N. Lacelle, et J.-F. Boutin (\u00e9d.),\u00a0<em>La litt\u00e9ratie m\u00e9diatique multimodale. De nouvelles approches en lecture-\u00e9criture \u00e0 l\u2019\u00e9cole et hors de l\u2019\u00e9cole\u00a0<\/em>(p.\u00a01-16). Qu\u00e9bec : Presses de l\u2019Universit\u00e9 du Qu\u00e9bec.<\/p>\n<p><strong>Mazauric C., Fourtanier M.J. &amp; Langlade G <\/strong>(dir.) (2011).\u00a0<em>Le texte du lecteur<\/em>. Bruxelles\u00a0: Peter Lang.<\/p>\n<p><strong>Moinard P. <\/strong>(2017). Commenter des textes litt\u00e9raires en collaboration sur des forums et des blogues dans le secondaire,\u00a0<em>Le Fran\u00e7ais aujourd\u2019hui 196, \u00c9critures num\u00e9riques, des usages sociaux aux formations,<\/em>p.71-80.<\/p>\n<p><strong>Mol E.<\/strong>, Fanfictions,l\u2019\u00e9criture num\u00e9rique.\u00a0<em>Lettres num\u00e9rique,\u00a0<\/em><a href=\"http:\/\/www.lettresnumeriques.be\/2018\/10\/05\/fanfictions-lecriture-numerique-et-solidaire\/\" target=\"_blank\" rel=\"noreferrer noopener\" aria-label=\" (ouverture dans un nouvel onglet)\">http:\/\/www.lettresnumeriques.be\/2018\/10\/05\/fanfictions-lecriture-numerique-et-solidaire\/<\/a>consult\u00e9 le 1-03-2019.<\/p>\n<p><strong>Oger M. <\/strong>(2012).\u00a0<em>Litterature et Internet \u2013 La fanfiction \u2013 Enjeux litt\u00e9raires et \u00e9ditoriaux<\/em>.\u00a0[http:\/\/memoireonline.com\/07\/12\/5994\/m_Litterature-et-internet\u2013la-fanfiction-Enjeux-litteraires-et-editoriaux0.html]<\/p>\n<p><strong>Oriol-Boyer, C<\/strong>. (1990).\u00a0<em>La r\u00e9\u00e9criture<\/em>. Actes de l\u2019universit\u00e9 d\u2019\u00e9t\u00e9 de Cerisy-La-Salledu 22-27 ao\u00fbt 1988 \u00e0 Grenoble\u2009: CEDITEL.<\/p>\n<p><strong>Rouxel A. &amp; Langlade G.<\/strong> (2004).\u00a0<em>Le sujet lecteur, lecture subjective et enseignement de la litt\u00e9rature.<\/em>Rennes\u00a0: Presses Universitaires de Rennes.\u00a0<\/p>\n<p><strong>Penloup M.C.<\/strong> (2017). Didactique de l\u2019\u00e9criture : le d\u00e9j\u00e0-l\u00e0 des pratiques d\u2019\u00e9criture num\u00e9rique \u00bb,\u00a0<em>Le fran\u00e7ais aujourd\u2019hui\u00a0<\/em>2017\/1, 196, p. 57-70.<\/p>\n<p><strong>Saint-Gelais R.<\/strong> (2011).\u00a0<em>Fictions transfuges\u00a0: la transfictionnalit\u00e9 et ses enjeux<\/em>. Paris\u00a0: Seuil.<\/p>\n<p><strong>Sauvaire M. <\/strong>(2013). Diversit\u00e9 des lectures litt\u00e9raires\u00a0: comment former des sujets lecteurs divers. Th\u00e8se de doctorat.\u00a0<a href=\"https:\/\/tel.archives-ouvertes.fr\/\" target=\"_blank\" rel=\"noreferrer noopener\" aria-label=\" (ouverture dans un nouvel onglet)\">https:\/\/tel.archives-ouvertes.fr<\/a><\/p>\n<p><strong>Wielezynski E.<\/strong>, (2016),\u00a0<em>Fanfiction, ce que l\u2019auteur a oubli\u00e9 d\u2019\u00e9crire<\/em>(documentaire diffus\u00e9 sur France 4.\u00a0<\/p>\n<div id=\"jp-post-flair\" class=\"sharedaddy sd-like-enabled sd-sharing-enabled\">\n<div class=\"sharedaddy sd-sharing-enabled\"><\/div>\n<\/div>\n<p>[\/et_pb_text][\/et_pb_column][\/et_pb_row][\/et_pb_section]<\/p>\n","protected":false},"excerpt":{"rendered":"<p>Bibliographie et sitographie Acad\u00e9mie de Caen Rouen. \u00ab Une \u00e9criture collaborative de type fanfiction\u00a0\u00bb D\u00e9velopper les comp\u00e9tences du XXIe si\u00e8cle et s\u2019approprier la culture num\u00e9rique,\u00a0https:\/\/projet-avenir-e-normandie.ac-caen.fr\/Developper-les-competences-du-XXIe-siecle-et-s-approprier-la-culture-numerique. Acad\u00e9mie de Nice. Tous lecteurs, tous auteurs, la fanfiction, nouvel espace lettr\u00e9, site de l\u2019acad\u00e9mie de Nice,\u00a0\u00a0vid\u00e9o de pr\u00e9sentation de l\u2019exp\u00e9rimentation V. Schol, M. Brunel,\u00a0https:\/\/acamedia.ac-nice.fr\/v2\/watch_video.php?v=1918. Barnab\u00e9 F. (2014). Ludicisation des [&hellip;]<\/p>\n","protected":false},"author":194,"featured_media":0,"parent":46,"menu_order":4,"comment_status":"closed","ping_status":"closed","template":"","meta":{"_et_pb_use_builder":"on","_et_pb_old_content":"","_et_gb_content_width":"","ngg_post_thumbnail":0,"footnotes":""},"class_list":["post-93","page","type-page","status-publish","hentry"],"rttpg_featured_image_url":null,"rttpg_author":{"display_name":"ianlettres","author_link":"https:\/\/www.pedagogie.ac-nice.fr\/fanfictionalecole\/author\/ianlettres\/"},"rttpg_comment":0,"rttpg_category":null,"rttpg_excerpt":"Bibliographie et sitographie Acad\u00e9mie de Caen Rouen. \u00ab Une \u00e9criture collaborative de type fanfiction\u00a0\u00bb D\u00e9velopper les comp\u00e9tences du XXIe si\u00e8cle et s\u2019approprier la culture num\u00e9rique,\u00a0https:\/\/projet-avenir-e-normandie.ac-caen.fr\/Developper-les-competences-du-XXIe-siecle-et-s-approprier-la-culture-numerique. Acad\u00e9mie de Nice. Tous lecteurs, tous auteurs, la fanfiction, nouvel espace lettr\u00e9, site de l\u2019acad\u00e9mie de Nice,\u00a0\u00a0vid\u00e9o de pr\u00e9sentation de l\u2019exp\u00e9rimentation V. Schol, M. Brunel,\u00a0https:\/\/acamedia.ac-nice.fr\/v2\/watch_video.php?v=1918. Barnab\u00e9 F. (2014). Ludicisation des\u2026","post_mailing_queue_ids":[],"_links":{"self":[{"href":"https:\/\/www.pedagogie.ac-nice.fr\/fanfictionalecole\/wp-json\/wp\/v2\/pages\/93","targetHints":{"allow":["GET"]}}],"collection":[{"href":"https:\/\/www.pedagogie.ac-nice.fr\/fanfictionalecole\/wp-json\/wp\/v2\/pages"}],"about":[{"href":"https:\/\/www.pedagogie.ac-nice.fr\/fanfictionalecole\/wp-json\/wp\/v2\/types\/page"}],"author":[{"embeddable":true,"href":"https:\/\/www.pedagogie.ac-nice.fr\/fanfictionalecole\/wp-json\/wp\/v2\/users\/194"}],"replies":[{"embeddable":true,"href":"https:\/\/www.pedagogie.ac-nice.fr\/fanfictionalecole\/wp-json\/wp\/v2\/comments?post=93"}],"version-history":[{"count":6,"href":"https:\/\/www.pedagogie.ac-nice.fr\/fanfictionalecole\/wp-json\/wp\/v2\/pages\/93\/revisions"}],"predecessor-version":[{"id":575,"href":"https:\/\/www.pedagogie.ac-nice.fr\/fanfictionalecole\/wp-json\/wp\/v2\/pages\/93\/revisions\/575"}],"up":[{"embeddable":true,"href":"https:\/\/www.pedagogie.ac-nice.fr\/fanfictionalecole\/wp-json\/wp\/v2\/pages\/46"}],"wp:attachment":[{"href":"https:\/\/www.pedagogie.ac-nice.fr\/fanfictionalecole\/wp-json\/wp\/v2\/media?parent=93"}],"curies":[{"name":"wp","href":"https:\/\/api.w.org\/{rel}","templated":true}]}}