{"id":1375,"date":"2021-01-14T21:18:47","date_gmt":"2021-01-14T20:18:47","guid":{"rendered":"https:\/\/www.pedagogie.ac-nice.fr\/italien\/?page_id=1375"},"modified":"2021-01-14T21:31:33","modified_gmt":"2021-01-14T20:31:33","slug":"textes-officiels","status":"publish","type":"page","link":"https:\/\/www.pedagogie.ac-nice.fr\/italien\/textes-officiels\/","title":{"rendered":"TEXTES OFFICIELS"},"content":{"rendered":"<p>Vous trouverez sur cette page toutes les informations concernant les textes officiels pour l&rsquo;enseignement de l&rsquo;italien. Ces ressources sont class\u00e9es en diff\u00e9rentes rubriques pour vous permettre une recherche et une consultation efficace :<\/p>\n<ul>\n<li><a href=\"https:\/\/www.pedagogie.ac-nice.fr\/italien\/2012\/01\/20\/cadre-europeen\/\">le Cadre Europ\u00e9en et les descripteurs de capacit\u00e9s<\/a><\/li>\n<\/ul>\n<p>&nbsp;<\/p>\n<ul>\n<li><a href=\"https:\/\/www.pedagogie.ac-nice.fr\/italien\/2021\/01\/14\/programmes-et-documents-daccompagnement\/\">les programmes et les documents d&rsquo;accompagnement<\/a><\/li>\n<\/ul>\n<p>&nbsp;<\/p>\n<ul>\n<li><a href=\"https:\/\/www.pedagogie.ac-nice.fr\/italien\/2021\/01\/14\/textes-officiels-examens\/\">les textes officiels relatifs aux examens<\/a><\/li>\n<\/ul>\n","protected":false},"excerpt":{"rendered":"<p>Vous trouverez sur cette page toutes les informations concernant les textes officiels pour l&rsquo;enseignement de l&rsquo;italien. Ces ressources sont class\u00e9es en diff\u00e9rentes rubriques pour vous permettre une recherche et une consultation efficace : le Cadre Europ\u00e9en et les descripteurs de capacit\u00e9s &nbsp; les programmes et les documents d&rsquo;accompagnement &nbsp; les textes officiels relatifs aux examens<\/p>\n","protected":false},"author":263,"featured_media":0,"parent":0,"menu_order":0,"comment_status":"closed","ping_status":"closed","template":"","meta":{"ngg_post_thumbnail":0,"footnotes":""},"class_list":["post-1375","page","type-page","status-publish","hentry","nodate","item-wrap"],"rttpg_featured_image_url":null,"rttpg_author":{"display_name":"florentdemoulin","author_link":"https:\/\/www.pedagogie.ac-nice.fr\/italien\/author\/florentdemoulin\/"},"rttpg_comment":0,"rttpg_category":null,"rttpg_excerpt":"Vous trouverez sur cette page toutes les informations concernant les textes officiels pour l&rsquo;enseignement de l&rsquo;italien. Ces ressources sont class\u00e9es en diff\u00e9rentes rubriques pour vous permettre une recherche et une consultation efficace : le Cadre Europ\u00e9en et les descripteurs de capacit\u00e9s &nbsp; les programmes et les documents d&rsquo;accompagnement &nbsp; les textes officiels relatifs aux examens","post_mailing_queue_ids":[],"_links":{"self":[{"href":"https:\/\/www.pedagogie.ac-nice.fr\/italien\/wp-json\/wp\/v2\/pages\/1375","targetHints":{"allow":["GET"]}}],"collection":[{"href":"https:\/\/www.pedagogie.ac-nice.fr\/italien\/wp-json\/wp\/v2\/pages"}],"about":[{"href":"https:\/\/www.pedagogie.ac-nice.fr\/italien\/wp-json\/wp\/v2\/types\/page"}],"author":[{"embeddable":true,"href":"https:\/\/www.pedagogie.ac-nice.fr\/italien\/wp-json\/wp\/v2\/users\/263"}],"replies":[{"embeddable":true,"href":"https:\/\/www.pedagogie.ac-nice.fr\/italien\/wp-json\/wp\/v2\/comments?post=1375"}],"version-history":[{"count":2,"href":"https:\/\/www.pedagogie.ac-nice.fr\/italien\/wp-json\/wp\/v2\/pages\/1375\/revisions"}],"predecessor-version":[{"id":1384,"href":"https:\/\/www.pedagogie.ac-nice.fr\/italien\/wp-json\/wp\/v2\/pages\/1375\/revisions\/1384"}],"wp:attachment":[{"href":"https:\/\/www.pedagogie.ac-nice.fr\/italien\/wp-json\/wp\/v2\/media?parent=1375"}],"curies":[{"name":"wp","href":"https:\/\/api.w.org\/{rel}","templated":true}]}}