{"id":1748,"date":"2021-02-10T22:20:28","date_gmt":"2021-02-10T21:20:28","guid":{"rendered":"https:\/\/www.pedagogie.ac-nice.fr\/italien\/?page_id=1748"},"modified":"2022-07-08T16:58:40","modified_gmt":"2022-07-08T14:58:40","slug":"interlangue","status":"publish","type":"page","link":"https:\/\/www.pedagogie.ac-nice.fr\/italien\/interlangue\/","title":{"rendered":"INTER-LANGUES"},"content":{"rendered":"<p><span style=\"font-size: 14pt;\"><a href=\"https:\/\/www.pedagogie.ac-nice.fr\/italien\/2022\/07\/06\/newsletter-inter-langues\/\"><strong><span style=\"color: #008000;\">Newsletter inter-langues<\/span><\/strong><\/a><\/span><\/p>\n<p><span style=\"font-size: 14pt;\"><a href=\"https:\/\/www.pedagogie.ac-nice.fr\/italien\/2020\/12\/18\/le-groupe-numerique-interlangue\/\"><strong><span style=\"color: #ff0000;\">Le groupe num\u00e9rique inter-langues<\/span><\/strong><\/a><\/span><\/p>\n<p><span style=\"font-size: 14pt;\"><strong><span style=\"color: #008000;\"><a style=\"color: #008000;\" href=\"https:\/\/www.pedagogie.ac-nice.fr\/italien\/2021\/06\/01\/projets-inter-langues-2021\/\">D\u00e9fi inter-langues 2021 <\/a><\/span><\/strong><br \/>\n<\/span><\/p>\n<p><span style=\"font-size: 14pt;\"><a href=\"https:\/\/www.pedagogie.ac-nice.fr\/italien\/2021\/06\/01\/palmares-du-concours-inter-langues-histoires-communes\/\"><span style=\"color: #008000;\"><strong><span style=\"color: #ff0000;\">Palmar\u00e8s du concours inter-langues \u201chistoires communes\u201d 2021<\/span><\/strong><\/span><\/a><\/span><\/p>\n<p><strong><span style=\"font-size: 14pt; color: #008000;\"><a style=\"color: #008000;\" href=\"https:\/\/www.pedagogie.ac-nice.fr\/italien\/2021\/12\/15\/semaine-des-langues-vivantes-du-4-au-8-avril-2022\/\">D\u00e9fi inter-langues 2022<\/a><\/span><\/strong><\/p>\n<p><span style=\"font-size: 14pt;\"><a href=\"https:\/\/www.pedagogie.ac-nice.fr\/italien\/2022\/06\/07\/palmares-du-concours-inter-langues-histoires-communes-2022\/\"><strong><span style=\"color: #ff0000;\">Palmar\u00e8s du concours inter-langues \u201chistoires communes\u201d 2022<\/span><\/strong><\/a><\/span><\/p>\n<p><span style=\"font-size: 14pt;\"><strong><span style=\"color: #008000;\"><a style=\"color: #008000;\" href=\"https:\/\/www.pedagogie.ac-nice.fr\/italien\/2022\/07\/08\/journee-europeenne-des-langues-26-septembre\/\">Journ\u00e9e europ\u00e9enne des langues<\/a><\/span><\/strong><\/span><\/p>\n<p><span style=\"font-size: 14pt;\"><a href=\"https:\/\/www.pedagogie.ac-nice.fr\/italien\/2021\/11\/13\/inter-langues-2022-et-presidence-francaise-de-lunion-europeenne\/\"><span style=\"color: #ff0000;\"><strong>Inter-langues 2022 et Pr\u00e9sidence fran\u00e7aise de l&rsquo;Union Europ\u00e9enne<\/strong><\/span><\/a><\/span><\/p>\n","protected":false},"excerpt":{"rendered":"<p>Newsletter inter-langues Le groupe num\u00e9rique inter-langues D\u00e9fi inter-langues 2021 Palmar\u00e8s du concours inter-langues \u201chistoires communes\u201d 2021 D\u00e9fi inter-langues 2022 Palmar\u00e8s du concours inter-langues \u201chistoires communes\u201d 2022 Journ\u00e9e europ\u00e9enne des langues Inter-langues 2022 et Pr\u00e9sidence fran\u00e7aise de l&rsquo;Union Europ\u00e9enne<\/p>\n","protected":false},"author":263,"featured_media":0,"parent":0,"menu_order":0,"comment_status":"closed","ping_status":"closed","template":"","meta":{"ngg_post_thumbnail":0,"footnotes":""},"class_list":["post-1748","page","type-page","status-publish","hentry","nodate","item-wrap"],"rttpg_featured_image_url":null,"rttpg_author":{"display_name":"florentdemoulin","author_link":"https:\/\/www.pedagogie.ac-nice.fr\/italien\/author\/florentdemoulin\/"},"rttpg_comment":0,"rttpg_category":null,"rttpg_excerpt":"Newsletter inter-langues Le groupe num\u00e9rique inter-langues D\u00e9fi inter-langues 2021 Palmar\u00e8s du concours inter-langues \u201chistoires communes\u201d 2021 D\u00e9fi inter-langues 2022 Palmar\u00e8s du concours inter-langues \u201chistoires communes\u201d 2022 Journ\u00e9e europ\u00e9enne des langues Inter-langues 2022 et Pr\u00e9sidence fran\u00e7aise de l&rsquo;Union Europ\u00e9enne","post_mailing_queue_ids":[],"_links":{"self":[{"href":"https:\/\/www.pedagogie.ac-nice.fr\/italien\/wp-json\/wp\/v2\/pages\/1748","targetHints":{"allow":["GET"]}}],"collection":[{"href":"https:\/\/www.pedagogie.ac-nice.fr\/italien\/wp-json\/wp\/v2\/pages"}],"about":[{"href":"https:\/\/www.pedagogie.ac-nice.fr\/italien\/wp-json\/wp\/v2\/types\/page"}],"author":[{"embeddable":true,"href":"https:\/\/www.pedagogie.ac-nice.fr\/italien\/wp-json\/wp\/v2\/users\/263"}],"replies":[{"embeddable":true,"href":"https:\/\/www.pedagogie.ac-nice.fr\/italien\/wp-json\/wp\/v2\/comments?post=1748"}],"version-history":[{"count":16,"href":"https:\/\/www.pedagogie.ac-nice.fr\/italien\/wp-json\/wp\/v2\/pages\/1748\/revisions"}],"predecessor-version":[{"id":3079,"href":"https:\/\/www.pedagogie.ac-nice.fr\/italien\/wp-json\/wp\/v2\/pages\/1748\/revisions\/3079"}],"wp:attachment":[{"href":"https:\/\/www.pedagogie.ac-nice.fr\/italien\/wp-json\/wp\/v2\/media?parent=1748"}],"curies":[{"name":"wp","href":"https:\/\/api.w.org\/{rel}","templated":true}]}}