{"id":1853,"date":"2021-03-13T14:01:06","date_gmt":"2021-03-13T13:01:06","guid":{"rendered":"https:\/\/www.pedagogie.ac-nice.fr\/italien\/?page_id=1853"},"modified":"2021-03-13T14:01:06","modified_gmt":"2021-03-13T13:01:06","slug":"litalien-et-le-numerique","status":"publish","type":"page","link":"https:\/\/www.pedagogie.ac-nice.fr\/italien\/litalien-et-le-numerique\/","title":{"rendered":"L&rsquo;ITALIEN ET LE NUM\u00c9RIQUE"},"content":{"rendered":"<p>1- <a href=\"https:\/\/www.pedagogie.ac-nice.fr\/italien\/2017\/06\/20\/pourquoi-utiliser-le-numerique\/\">Pourquoi utiliser le num\u00e9rique ?<\/a><\/p>\n<p>2- <a href=\"https:\/\/www.pedagogie.ac-nice.fr\/italien\/2020\/12\/18\/veille-numerique-en-italien\/\">Consultez les articles de notre veille num\u00e9rique en Italien<\/a><\/p>\n<p>3-&nbsp;<a href=\"https:\/\/www.pedagogie.ac-nice.fr\/italien\/2020\/12\/18\/le-groupe-numerique-disciplinaire-en-italien\/\">Suivez les activit\u00e9s du Groupe Num\u00e9rique Disciplinaire de l\u2019acad\u00e9mie de Nice<\/a><\/p>\n<p>4- <a href=\"https:\/\/www.pedagogie.ac-nice.fr\/italien\/2020\/12\/18\/le-groupe-numerique-interlangue\/\">Ne manquez rien du travail du Groupe &nbsp;Num\u00e9rique Interlangue de l\u2019acad\u00e9mie de Nice<\/a><\/p>\n<p>5- <a href=\"https:\/\/eduscol.education.fr\/721\/cadre-de-reference-des-competences-numeriques\">Consultez le r\u00e9f\u00e9rentiel du Cadre de R\u00e9f\u00e9rence des Comp\u00e9tences Num\u00e9riques (CRCN)<\/a><\/p>\n<p>6- <a href=\"https:\/\/www.pedagogie.ac-nice.fr\/italien\/2020\/12\/18\/travailler-avec-pix\/\">D\u00e9couvrez quelques conseils pour contribuer \u00e0 l\u2019enseignement des comp\u00e9tences num\u00e9riques et aux campagnes de certification PIX.<\/a><\/p>\n<p>7- <a href=\"https:\/\/www.pedagogie.ac-nice.fr\/italien\/2020\/12\/18\/quelques-utilisations-pedagogiques-du-numerique\/\">Jetez un \u0153il sur quelques utilisations p\u00e9dagogiques du num\u00e9rique en cours de langues.<\/a><\/p>\n<p>8- <a href=\"https:\/\/www.pedagogie.ac-nice.fr\/italien\/2020\/12\/18\/lenseignement-mixte-en-lv\/\">Profitez de ces quelques conseils pour la mise en place d\u2019un enseignement mixte en LV.<\/a><\/p>\n<p>&nbsp;<\/p>\n<p><a href=\"https:\/\/www.pedagogie.ac-nice.fr\/italien\/2016\/06\/01\/sequences-et-activites-mobilisant-le-numerique\/\"><strong><span style=\"color: #008000;\">S\u00c9QUENCES ET ACTIVIT\u00c9S MOBILISANT LE NUM\u00c9RIQUE<\/span><\/strong><\/a><\/p>\n","protected":false},"excerpt":{"rendered":"<p>1- Pourquoi utiliser le num\u00e9rique ? 2- Consultez les articles de notre veille num\u00e9rique en Italien 3-&nbsp;Suivez les activit\u00e9s du Groupe Num\u00e9rique Disciplinaire de l\u2019acad\u00e9mie de Nice 4- Ne manquez rien du travail du Groupe &nbsp;Num\u00e9rique Interlangue de l\u2019acad\u00e9mie de Nice 5- Consultez le r\u00e9f\u00e9rentiel du Cadre de R\u00e9f\u00e9rence des Comp\u00e9tences Num\u00e9riques (CRCN) 6- D\u00e9couvrez &hellip; <\/p>\n<p><a class=\"more-link btn\" href=\"https:\/\/www.pedagogie.ac-nice.fr\/italien\/litalien-et-le-numerique\/\">Lire la suite<\/a><\/p>\n","protected":false},"author":263,"featured_media":0,"parent":0,"menu_order":0,"comment_status":"closed","ping_status":"closed","template":"","meta":{"ngg_post_thumbnail":0,"footnotes":""},"class_list":["post-1853","page","type-page","status-publish","hentry","nodate","item-wrap"],"rttpg_featured_image_url":null,"rttpg_author":{"display_name":"florentdemoulin","author_link":"https:\/\/www.pedagogie.ac-nice.fr\/italien\/author\/florentdemoulin\/"},"rttpg_comment":0,"rttpg_category":null,"rttpg_excerpt":"1- Pourquoi utiliser le num\u00e9rique ? 2- Consultez les articles de notre veille num\u00e9rique en Italien 3-&nbsp;Suivez les activit\u00e9s du Groupe Num\u00e9rique Disciplinaire de l\u2019acad\u00e9mie de Nice 4- Ne manquez rien du travail du Groupe &nbsp;Num\u00e9rique Interlangue de l\u2019acad\u00e9mie de Nice 5- Consultez le r\u00e9f\u00e9rentiel du Cadre de R\u00e9f\u00e9rence des Comp\u00e9tences Num\u00e9riques (CRCN) 6- D\u00e9couvrez\u2026","post_mailing_queue_ids":[],"_links":{"self":[{"href":"https:\/\/www.pedagogie.ac-nice.fr\/italien\/wp-json\/wp\/v2\/pages\/1853","targetHints":{"allow":["GET"]}}],"collection":[{"href":"https:\/\/www.pedagogie.ac-nice.fr\/italien\/wp-json\/wp\/v2\/pages"}],"about":[{"href":"https:\/\/www.pedagogie.ac-nice.fr\/italien\/wp-json\/wp\/v2\/types\/page"}],"author":[{"embeddable":true,"href":"https:\/\/www.pedagogie.ac-nice.fr\/italien\/wp-json\/wp\/v2\/users\/263"}],"replies":[{"embeddable":true,"href":"https:\/\/www.pedagogie.ac-nice.fr\/italien\/wp-json\/wp\/v2\/comments?post=1853"}],"version-history":[{"count":0,"href":"https:\/\/www.pedagogie.ac-nice.fr\/italien\/wp-json\/wp\/v2\/pages\/1853\/revisions"}],"wp:attachment":[{"href":"https:\/\/www.pedagogie.ac-nice.fr\/italien\/wp-json\/wp\/v2\/media?parent=1853"}],"curies":[{"name":"wp","href":"https:\/\/api.w.org\/{rel}","templated":true}]}}