{"id":2391,"date":"2021-09-14T10:17:11","date_gmt":"2021-09-14T08:17:11","guid":{"rendered":"https:\/\/www.pedagogie.ac-nice.fr\/italien\/?page_id=2391"},"modified":"2026-03-24T22:06:34","modified_gmt":"2026-03-24T21:06:34","slug":"a-la-une","status":"publish","type":"page","link":"https:\/\/www.pedagogie.ac-nice.fr\/italien\/","title":{"rendered":"A la une!"},"content":{"rendered":"<div>\n<div id=\"primary\">\n<div id=\"content\" class=\"clearfix\" style=\"text-align: center;\">\n<div class=\"article-container\">\n<article id=\"post-2\" class=\"post-2 page type-page status-publish hentry\">\n<div class=\"entry-content clearfix\" style=\"text-align: justify;\">\n<h3 style=\"text-align: left;\"><a href=\"https:\/\/www.pedagogie.ac-nice.fr\/italien\/2026\/03\/24\/semaine-des-langues-vivantes-23-mars-2026\/\"><span style=\"color: #008000;\"><strong>Concours inter-langues \u00ab\u00a0histoires communes\u00a0\u00bb 2026<\/strong><\/span><\/a><\/h3>\n<p style=\"text-align: left;\"><a href=\"https:\/\/www.pedagogie.ac-nice.fr\/italien\/2026\/03\/24\/semaine-des-langues-vivantes-23-mars-2026\/\" rel=\"attachment wp-att-4208\"><img loading=\"lazy\" decoding=\"async\" class=\"alignnone size-large wp-image-4208\" src=\"https:\/\/www.pedagogie.ac-nice.fr\/italien\/wp-content\/uploads\/sites\/44\/2026\/03\/Capture-de\u0301cran-2026-03-24-a\u0300-22.01.20-1024x240.png\" alt=\"\" width=\"555\" height=\"130\" srcset=\"https:\/\/www.pedagogie.ac-nice.fr\/italien\/wp-content\/uploads\/sites\/44\/2026\/03\/Capture-de\u0301cran-2026-03-24-a\u0300-22.01.20-1024x240.png 1024w, https:\/\/www.pedagogie.ac-nice.fr\/italien\/wp-content\/uploads\/sites\/44\/2026\/03\/Capture-de\u0301cran-2026-03-24-a\u0300-22.01.20-300x70.png 300w, https:\/\/www.pedagogie.ac-nice.fr\/italien\/wp-content\/uploads\/sites\/44\/2026\/03\/Capture-de\u0301cran-2026-03-24-a\u0300-22.01.20-768x180.png 768w, https:\/\/www.pedagogie.ac-nice.fr\/italien\/wp-content\/uploads\/sites\/44\/2026\/03\/Capture-de\u0301cran-2026-03-24-a\u0300-22.01.20-555x130.png 555w, https:\/\/www.pedagogie.ac-nice.fr\/italien\/wp-content\/uploads\/sites\/44\/2026\/03\/Capture-de\u0301cran-2026-03-24-a\u0300-22.01.20.png 1520w\" sizes=\"auto, (max-width: 555px) 100vw, 555px\" \/><\/a><\/p>\n<p><strong data-start=\"95\" data-end=\"235\">Chaque ann\u00e9e, la Semaine des langues met \u00e0 l\u2019honneur le plurilinguisme et la diversit\u00e9 culturelle dans les \u00e9coles et les \u00e9tablissements.<\/strong><\/p>\n<\/div>\n<div class=\"entry-content clearfix\" style=\"text-align: justify;\">D\u00e9couvrez comment cet \u00e9v\u00e9nement encourage la pratique des langues, valorise les projets d\u2019\u00e9l\u00e8ves et favorise l\u2019ouverture internationale dans l\u2019acad\u00e9mie de Nice (cliquez <a href=\"https:\/\/www.ac-nice.fr\/la-semaine-des-langues-vivantes\"><strong>ici<\/strong><\/a>). <strong>Le palmar\u00e8s du concours inter-langues \u00ab&nbsp;Histoires communes&nbsp;\u00bb a \u00e9t\u00e9 r\u00e9v\u00e9l\u00e9 lundi 23 mars<\/strong>, \u00e0 l\u2019occasion du <strong>lancement officiel de la Semaine des Langues 2026<\/strong> ! Cliquez <a href=\"https:\/\/www.pedagogie.ac-nice.fr\/italien\/2026\/03\/24\/semaine-des-langues-vivantes-23-mars-2026\/\"><strong>ici<\/strong><\/a> pour en savoir plus.<\/div>\n<div class=\"entry-content clearfix\" style=\"text-align: justify;\">\n<p><a href=\"https:\/\/www.pedagogie.ac-nice.fr\/italien\/2025\/11\/18\/defi-inter-langues-histoires-communes-2026\/\" rel=\"attachment wp-att-4123\"><img loading=\"lazy\" decoding=\"async\" class=\"wp-image-4123 aligncenter\" src=\"https:\/\/www.pedagogie.ac-nice.fr\/italien\/wp-content\/uploads\/sites\/44\/2025\/11\/semiane_langues_2026-727x1024.png\" alt=\"\" width=\"302\" height=\"426\" srcset=\"https:\/\/www.pedagogie.ac-nice.fr\/italien\/wp-content\/uploads\/sites\/44\/2025\/11\/semiane_langues_2026-727x1024.png 727w, https:\/\/www.pedagogie.ac-nice.fr\/italien\/wp-content\/uploads\/sites\/44\/2025\/11\/semiane_langues_2026-213x300.png 213w, https:\/\/www.pedagogie.ac-nice.fr\/italien\/wp-content\/uploads\/sites\/44\/2025\/11\/semiane_langues_2026-768x1082.png 768w, https:\/\/www.pedagogie.ac-nice.fr\/italien\/wp-content\/uploads\/sites\/44\/2025\/11\/semiane_langues_2026-1091x1536.png 1091w, https:\/\/www.pedagogie.ac-nice.fr\/italien\/wp-content\/uploads\/sites\/44\/2025\/11\/semiane_langues_2026-555x782.png 555w, https:\/\/www.pedagogie.ac-nice.fr\/italien\/wp-content\/uploads\/sites\/44\/2025\/11\/semiane_langues_2026.png 1268w\" sizes=\"auto, (max-width: 302px) 100vw, 302px\" \/><\/a><\/p>\n<h3 style=\"text-align: left;\">___________________________________<\/h3>\n<p style=\"text-align: left;\"><span style=\"color: #008000;\"><strong>NOUVEAU LYC\u00c9E G\u00c9N\u00c9RAL ET TECHNOLOGIQUE : GUIDE DE L&rsquo;\u00c9VALUATION &#8211; MEMENTO ET VADEMECUM<\/strong><\/span><\/p>\n<p style=\"text-align: left;\">Ce guide de l\u2019\u00e9valuation au service des apprentissages des lyc\u00e9ens s&rsquo;inscrit dans le prolongement et en compl\u00e9ment de la note de service \u00ab&nbsp;Modalit\u00e9s d&rsquo;\u00e9valuation des candidats \u00e0 compter de la session 2022&nbsp;\u00bb du 28 juillet 2021 publi\u00e9e au <a href=\"https:\/\/www.education.gouv.fr\/pid285\/bulletin_officiel.html?pid_bo=40442\">Bulletin officiel du 29 juillet<\/a>. Il expose \u00e0 la fois <strong>des principes communs, des pr\u00e9conisations par discipline et par sp\u00e9cialit\u00e9 ainsi que des pr\u00e9conisations pour le pilotage g\u00e9n\u00e9ral de l\u2019\u00e9valuation<\/strong>.<\/p>\n<p style=\"text-align: left;\">Consultez sans tarder <a href=\"https:\/\/www.pedagogie.ac-nice.fr\/italien\/wp-content\/uploads\/sites\/44\/2021\/01\/guide-de-l-evaluation-lgt-20032023_LV.pdf\">le guide de l&rsquo;\u00e9valuation<\/a> (version actualis\u00e9e de mars 2023)<\/p>\n<p style=\"text-align: left;\"><a href=\"https:\/\/www.pedagogie.ac-nice.fr\/italien\/wp-content\/uploads\/sites\/44\/2021\/01\/guide-de-l-evaluation-lgt-20032023_LV.pdf\" class=\"pdfemb-viewer\" style=\"\" data-width=\"max\" data-height=\"max\" data-toolbar=\"bottom\" data-toolbar-fixed=\"off\">guide-de-l-evaluation-lgt-20032023_LV<\/a><\/p>\n<p style=\"text-align: left;\">Consultez \u00e9galement <a href=\"https:\/\/www.pedagogie.ac-nice.fr\/italien\/wp-content\/uploads\/sites\/44\/2025\/11\/2025-memento-cadre_reglementaire-evaluations_bac.pdf\">le m\u00e9mento<\/a> (version actualis\u00e9e de septembre 2025)<\/p>\n<p style=\"text-align: left;\"><a href=\"https:\/\/www.pedagogie.ac-nice.fr\/italien\/wp-content\/uploads\/sites\/44\/2025\/11\/2025-memento-cadre_reglementaire-evaluations_bac.pdf\" class=\"pdfemb-viewer\" style=\"\" data-width=\"max\" data-height=\"max\" data-toolbar=\"bottom\" data-toolbar-fixed=\"off\">2025-memento-cadre_reglementaire-evaluations_bac<\/a><\/p>\n<p style=\"text-align: left;\">Consultez <a href=\"https:\/\/www.pedagogie.ac-nice.fr\/italien\/wp-content\/uploads\/sites\/44\/2025\/11\/2025_vademecum_projet-devaluation.pdf\">le vademecum<\/a> concernant le projet d&rsquo;\u00e9valuation en lyc\u00e9e (version actualis\u00e9e de septembre 2025)<\/p>\n<p style=\"text-align: left;\"><a href=\"https:\/\/www.pedagogie.ac-nice.fr\/italien\/wp-content\/uploads\/sites\/44\/2025\/11\/2025_vademecum_projet-devaluation.pdf\" class=\"pdfemb-viewer\" style=\"\" data-width=\"max\" data-height=\"max\" data-toolbar=\"bottom\" data-toolbar-fixed=\"off\">2025_vademecum_projet-devaluation<\/a><\/p>\n<p style=\"text-align: left;\">Ressources disponibles sur Eduscol:<\/p>\n<ul>\n<li style=\"text-align: left;\"><a href=\"https:\/\/www.education.gouv.fr\/bo\/2025\/Hebdo32\/MENE2523744N\">le projet d&rsquo;\u00e9valuation au lyc\u00e9e g\u00e9n\u00e9ral et technologique (BO n\u00b032 du 28 ao\u00fbt 2025)<\/a><\/li>\n<li style=\"text-align: left;\"><a href=\"https:\/\/www.education.gouv.fr\/bo\/2025\/Hebdo32\/MENE2523743N\">les modalit\u00e9s d&rsquo;\u00e9valuation des enseignements relevant du contr\u00f4le continu pour les candidats dits \u00ab\u00a0individuels\u00a0\u00bb (BO n\u00b032 du 28 ao\u00fbt 2025)<\/a><\/li>\n<li style=\"text-align: left;\"><a href=\"https:\/\/www.education.gouv.fr\/bo\/2025\/Hebdo32\/MENE2523745N\">les r\u00e8gles applicables aux situations particuli\u00e8res d&rsquo;inscription aux baccalaur\u00e9ats g\u00e9n\u00e9ral et technologique : passation des \u00e9preuves, dispenses, conservation des notes<\/a><\/li>\n<\/ul>\n<h3 style=\"text-align: left;\">___________________________________<\/h3>\n<h3 style=\"text-align: left;\">&nbsp;<strong><span style=\"color: #008000;\">Lettre de rentr\u00e9e LVE 2025<\/span>&nbsp;<\/strong><\/h3>\n<p style=\"text-align: left;\"><a href=\"https:\/\/www.pedagogie.ac-nice.fr\/italien\/wp-content\/uploads\/sites\/44\/2025\/09\/Lettre-de-rentree-LVE-2025.pdf\" class=\"pdfemb-viewer\" style=\"\" data-width=\"max\" data-height=\"max\" data-toolbar=\"bottom\" data-toolbar-fixed=\"off\">Lettre de rentre\u0301e LVE 2025<\/a><\/p>\n<h3 style=\"text-align: left;\">___________________________________<\/h3>\n<h3><span style=\"color: #008000;\"><strong>Nouveaux programmes Coll\u00e8ge et lyc\u00e9e &#8211; <span style=\"color: #008000;\"><a style=\"color: #008000;\" href=\"https:\/\/www.education.gouv.fr\/bo\/2025\/Hebdo22\">BO n\u00b022 du 29 mai 2025<\/a><\/span><\/strong><\/span><\/h3>\n<\/div>\n<\/article>\n<\/div>\n<p><em><strong><span style=\"color: #ff0000;\">&nbsp;&nbsp; Nuovo!<\/span><\/strong><\/em><\/p>\n<\/div>\n<\/div>\n<ul>\n<li><strong><a href=\"https:\/\/www.pedagogie.ac-nice.fr\/italien\/2025\/06\/05\/nouveaux-programmes-italien-college-bo-n22-du-29-mai-2025\/\">Nouveaux programmes du coll\u00e8ge<\/a><\/strong><\/li>\n<li><a href=\"https:\/\/www.pedagogie.ac-nice.fr\/italien\/2022\/12\/15\/reperes-de-progressivite-en-lv-et-en-italien-au-cycle-4\/\"><strong>Rep\u00e8res de progression en LV et en italien au cycle 4<\/strong><\/a><\/li>\n<li><strong><a href=\"https:\/\/www.pedagogie.ac-nice.fr\/italien\/2025\/06\/05\/nouveaux-programmes-italien-lycee-bo-n22-du-29-mai-2025\/\">Nouveaux programmes du lyc\u00e9e&nbsp;<\/a><\/strong><\/li>\n<\/ul>\n<div id=\"primary\">\n<div id=\"content\" class=\"clearfix\" style=\"text-align: center;\">\n<div class=\"article-container\">\n<article id=\"post-2\" class=\"post-2 page type-page status-publish hentry\">\n<div class=\"entry-content clearfix\">\n<h3 style=\"text-align: left;\">___________________________________<\/h3>\n<\/div>\n<\/article>\n<\/div>\n<\/div>\n<\/div>\n<h3 style=\"text-align: justify;\">\u00c0 compter de la session 2023, <a href=\"https:\/\/eduscol.education.fr\/3742\/l-attestation-de-langues-vivantes\">une attestation de langues vivantes<\/a> est d\u00e9livr\u00e9e \u00e0 tous les candidats au baccalaur\u00e9at g\u00e9n\u00e9ral et technologique, qu\u2019ils r\u00e9ussissent ou non l\u2019examen.<\/h3>\n<p><span style=\"color: #008000;\"><a style=\"color: #008000;\" href=\"https:\/\/www.pedagogie.ac-nice.fr\/italien\/2023\/03\/02\/lattestation-de-langues-vivantes\/\">Cliquez ici pour lire notre article<\/a><\/span><\/p>\n<h1 class=\"post-title entry-title\">__________________________________<\/h1>\n<\/div>\n<p>&nbsp;<\/p>\n<div style=\"width: 555px;\" class=\"wp-video\"><video class=\"wp-video-shortcode\" id=\"video-2391-1\" width=\"555\" height=\"119\" preload=\"metadata\" controls=\"controls\"><source type=\"video\/mp4\" src=\"https:\/\/www.pedagogie.ac-nice.fr\/italien\/wp-content\/uploads\/sites\/44\/2022\/02\/Itali@Nice.mp4?_=1\" \/><a href=\"https:\/\/www.pedagogie.ac-nice.fr\/italien\/wp-content\/uploads\/sites\/44\/2022\/02\/Itali@Nice.mp4\">https:\/\/www.pedagogie.ac-nice.fr\/italien\/wp-content\/uploads\/sites\/44\/2022\/02\/Itali@Nice.mp4<\/a><\/video><\/div>\n","protected":false},"excerpt":{"rendered":"<p>Concours inter-langues \u00ab\u00a0histoires communes\u00a0\u00bb 2026 Chaque ann\u00e9e, la Semaine des langues met \u00e0 l\u2019honneur le plurilinguisme et la diversit\u00e9 culturelle dans les \u00e9coles et les \u00e9tablissements. D\u00e9couvrez comment cet \u00e9v\u00e9nement encourage la pratique des langues, valorise les projets d\u2019\u00e9l\u00e8ves et favorise l\u2019ouverture internationale dans l\u2019acad\u00e9mie de Nice (cliquez ici). Le palmar\u00e8s du concours inter-langues \u00ab&nbsp;Histoires &hellip; <\/p>\n<p><a class=\"more-link btn\" href=\"https:\/\/www.pedagogie.ac-nice.fr\/italien\/\">Lire la suite<\/a><\/p>\n","protected":false},"author":263,"featured_media":0,"parent":0,"menu_order":0,"comment_status":"closed","ping_status":"closed","template":"","meta":{"ngg_post_thumbnail":0,"footnotes":""},"class_list":["post-2391","page","type-page","status-publish","hentry","nodate","item-wrap"],"rttpg_featured_image_url":null,"rttpg_author":{"display_name":"florentdemoulin","author_link":"https:\/\/www.pedagogie.ac-nice.fr\/italien\/author\/florentdemoulin\/"},"rttpg_comment":0,"rttpg_category":null,"rttpg_excerpt":"Concours inter-langues \u00ab\u00a0histoires communes\u00a0\u00bb 2026 Chaque ann\u00e9e, la Semaine des langues met \u00e0 l\u2019honneur le plurilinguisme et la diversit\u00e9 culturelle dans les \u00e9coles et les \u00e9tablissements. D\u00e9couvrez comment cet \u00e9v\u00e9nement encourage la pratique des langues, valorise les projets d\u2019\u00e9l\u00e8ves et favorise l\u2019ouverture internationale dans l\u2019acad\u00e9mie de Nice (cliquez ici). Le palmar\u00e8s du concours inter-langues \u00ab&nbsp;Histoires\u2026","post_mailing_queue_ids":[],"_links":{"self":[{"href":"https:\/\/www.pedagogie.ac-nice.fr\/italien\/wp-json\/wp\/v2\/pages\/2391","targetHints":{"allow":["GET"]}}],"collection":[{"href":"https:\/\/www.pedagogie.ac-nice.fr\/italien\/wp-json\/wp\/v2\/pages"}],"about":[{"href":"https:\/\/www.pedagogie.ac-nice.fr\/italien\/wp-json\/wp\/v2\/types\/page"}],"author":[{"embeddable":true,"href":"https:\/\/www.pedagogie.ac-nice.fr\/italien\/wp-json\/wp\/v2\/users\/263"}],"replies":[{"embeddable":true,"href":"https:\/\/www.pedagogie.ac-nice.fr\/italien\/wp-json\/wp\/v2\/comments?post=2391"}],"version-history":[{"count":82,"href":"https:\/\/www.pedagogie.ac-nice.fr\/italien\/wp-json\/wp\/v2\/pages\/2391\/revisions"}],"predecessor-version":[{"id":4210,"href":"https:\/\/www.pedagogie.ac-nice.fr\/italien\/wp-json\/wp\/v2\/pages\/2391\/revisions\/4210"}],"wp:attachment":[{"href":"https:\/\/www.pedagogie.ac-nice.fr\/italien\/wp-json\/wp\/v2\/media?parent=2391"}],"curies":[{"name":"wp","href":"https:\/\/api.w.org\/{rel}","templated":true}]}}