{"id":2731,"date":"2022-03-31T15:58:40","date_gmt":"2022-03-31T13:58:40","guid":{"rendered":"https:\/\/www.pedagogie.ac-nice.fr\/italien\/?page_id=2731"},"modified":"2022-03-31T19:33:06","modified_gmt":"2022-03-31T17:33:06","slug":"traam","status":"publish","type":"page","link":"https:\/\/www.pedagogie.ac-nice.fr\/italien\/traam\/","title":{"rendered":"TRAAM"},"content":{"rendered":"<h3 class=\"page__title\" style=\"text-align: justify;\"><a href=\"https:\/\/eduscol.education.fr\/692\/les-travaux-academiques-mutualises-traam\"><span style=\"text-decoration: underline;\">Les travaux acad\u00e9miques mutualis\u00e9s (TraAM) : des laboratoires de pratiques num\u00e9riques<\/span><\/a><\/h3>\n<p>&nbsp;<\/p>\n<p style=\"text-align: justify;\">Co-pilot\u00e9s par la DNE et l&rsquo;inspection g\u00e9n\u00e9rale de l\u2019\u00e9ducation, du sport et de la recherche, les TraAM sont fond\u00e9s sur la mutualisation inter-acad\u00e9mique, et s&rsquo;appuient sur des exp\u00e9rimentations dans des classes. Ils associent les \u00e9quipes acad\u00e9miques du\u202f<strong>premier et du second degr\u00e9<\/strong>.<\/p>\n<p style=\"text-align: justify;\">Les TraAM aboutissent \u00e0 des productions de sc\u00e9narios p\u00e9dagogiques du num\u00e9rique en lien avec le <a href=\"https:\/\/eduscol.education.fr\/738\/cadre-de-reference-des-competences-numeriques\" target=\"_self\" rel=\"noopener\">cadre de r\u00e9f\u00e9rence des comp\u00e9tences num\u00e9riques<\/a> (CRCN) et participent au d\u00e9veloppement d\u2019une culture num\u00e9rique. Ces sc\u00e9narios sont partag\u00e9s dans <a href=\"https:\/\/eduscol.education.fr\/162\/edubase\" target=\"_self\" rel=\"noopener\">\u00c9dubase<\/a>.&nbsp;<\/p>\n<p style=\"text-align: justify;\">Les travaux pr\u00e9sent\u00e9s r\u00e9sultent de l&rsquo;engagement de quelques\u202f<strong>700 enseignants<\/strong>\u202fr\u00e9partis sur l&rsquo;ensemble du territoire, \u00e9cole, coll\u00e8ge, lyc\u00e9e et post-bac (BTS) ainsi que sur\u202f<strong>16 disciplines et enseignements<\/strong>. Ils repr\u00e9sentent\u202f<strong>plus de 120 \u00e9quipes<\/strong>\u202fengag\u00e9es dans ce dispositif.<\/p>\n<p style=\"text-align: justify;\">Les TraAM permettent \u00e9galement de\u202f<strong>construire une expertise qui contribue aux actions de formation et d&rsquo;accompagnement des enseignants\u202f<\/strong>dans le cadre de la strat\u00e9gie pour le num\u00e9rique et ses d\u00e9clinaisons dans les acad\u00e9mies<strong>.<\/strong><\/p>\n<p style=\"text-align: justify;\"><a href=\"https:\/\/www.pedagogie.ac-nice.fr\/italien\/wp-content\/uploads\/sites\/44\/2022\/03\/tn3_memo-traam1.pdf\" class=\"pdfemb-viewer\" style=\"\" data-width=\"max\" data-height=\"max\" data-toolbar=\"bottom\" data-toolbar-fixed=\"off\">tn3_memo-traam1<\/a><\/p>\n<p>&nbsp;<\/p>\n<h1><span style=\"text-decoration: underline;\">Les TraAm dans l&rsquo;acad\u00e9mie de Nice<\/span><\/h1>\n<p><span style=\"font-size: 14pt;\"><a href=\"https:\/\/www.pedagogie.ac-nice.fr\/italien\/2020\/06\/30\/traam-langues-vivantes-2019-2020-projet-d-a-l-i\/\">TraAM LV 2019-2020<\/a><\/span><\/p>\n<p><span style=\"font-size: 14pt;\"><a href=\"https:\/\/www.pedagogie.ac-nice.fr\/italien\/2021\/11\/09\/traam-lv-2021-2022\/\">TraAM LV 2021-2022<\/a><\/span><\/p>\n<p>&nbsp;<\/p>\n","protected":false},"excerpt":{"rendered":"<p>Les travaux acad\u00e9miques mutualis\u00e9s (TraAM) : des laboratoires de pratiques num\u00e9riques &nbsp; Co-pilot\u00e9s par la DNE et l&rsquo;inspection g\u00e9n\u00e9rale de l\u2019\u00e9ducation, du sport et de la recherche, les TraAM sont fond\u00e9s sur la mutualisation inter-acad\u00e9mique, et s&rsquo;appuient sur des exp\u00e9rimentations dans des classes. Ils associent les \u00e9quipes acad\u00e9miques du\u202fpremier et du second degr\u00e9. Les TraAM &hellip; <\/p>\n<p><a class=\"more-link btn\" href=\"https:\/\/www.pedagogie.ac-nice.fr\/italien\/traam\/\">Lire la suite<\/a><\/p>\n","protected":false},"author":263,"featured_media":0,"parent":0,"menu_order":0,"comment_status":"closed","ping_status":"closed","template":"","meta":{"ngg_post_thumbnail":0,"footnotes":""},"class_list":["post-2731","page","type-page","status-publish","hentry","nodate","item-wrap"],"rttpg_featured_image_url":null,"rttpg_author":{"display_name":"florentdemoulin","author_link":"https:\/\/www.pedagogie.ac-nice.fr\/italien\/author\/florentdemoulin\/"},"rttpg_comment":0,"rttpg_category":null,"rttpg_excerpt":"Les travaux acad\u00e9miques mutualis\u00e9s (TraAM) : des laboratoires de pratiques num\u00e9riques &nbsp; Co-pilot\u00e9s par la DNE et l&rsquo;inspection g\u00e9n\u00e9rale de l\u2019\u00e9ducation, du sport et de la recherche, les TraAM sont fond\u00e9s sur la mutualisation inter-acad\u00e9mique, et s&rsquo;appuient sur des exp\u00e9rimentations dans des classes. Ils associent les \u00e9quipes acad\u00e9miques du\u202fpremier et du second degr\u00e9. Les TraAM\u2026","post_mailing_queue_ids":[],"_links":{"self":[{"href":"https:\/\/www.pedagogie.ac-nice.fr\/italien\/wp-json\/wp\/v2\/pages\/2731","targetHints":{"allow":["GET"]}}],"collection":[{"href":"https:\/\/www.pedagogie.ac-nice.fr\/italien\/wp-json\/wp\/v2\/pages"}],"about":[{"href":"https:\/\/www.pedagogie.ac-nice.fr\/italien\/wp-json\/wp\/v2\/types\/page"}],"author":[{"embeddable":true,"href":"https:\/\/www.pedagogie.ac-nice.fr\/italien\/wp-json\/wp\/v2\/users\/263"}],"replies":[{"embeddable":true,"href":"https:\/\/www.pedagogie.ac-nice.fr\/italien\/wp-json\/wp\/v2\/comments?post=2731"}],"version-history":[{"count":7,"href":"https:\/\/www.pedagogie.ac-nice.fr\/italien\/wp-json\/wp\/v2\/pages\/2731\/revisions"}],"predecessor-version":[{"id":2763,"href":"https:\/\/www.pedagogie.ac-nice.fr\/italien\/wp-json\/wp\/v2\/pages\/2731\/revisions\/2763"}],"wp:attachment":[{"href":"https:\/\/www.pedagogie.ac-nice.fr\/italien\/wp-json\/wp\/v2\/media?parent=2731"}],"curies":[{"name":"wp","href":"https:\/\/api.w.org\/{rel}","templated":true}]}}