{"id":3483,"date":"2023-06-05T08:57:45","date_gmt":"2023-06-05T06:57:45","guid":{"rendered":"https:\/\/www.pedagogie.ac-nice.fr\/italien\/?page_id=3483"},"modified":"2023-06-05T09:00:11","modified_gmt":"2023-06-05T07:00:11","slug":"sciences-cognitives-et-italien","status":"publish","type":"page","link":"https:\/\/www.pedagogie.ac-nice.fr\/italien\/sciences-cognitives-et-italien\/","title":{"rendered":"SCIENCES COGNITIVES ET ITALIEN"},"content":{"rendered":"<h3 style=\"text-align: justify;\">Cette page recense le travail de recherche et de synth\u00e8se de nos coll\u00e8gues H\u00e9l\u00e8ne Duhamelle, Mariel Pertegas, Paul-Jean Scuderi et Vanessa H\u00e9brard (formateurs inter-langues dans l&rsquo;acad\u00e9mie de Nice). Nous les remercions vivement pour le partage de leurs r\u00e9flexions et contenus.<\/h3>\n<p>&nbsp;<\/p>\n<p>1- <a href=\"https:\/\/view.genial.ly\/62acba6048d49a0018e48b91\/interactive-content-sciences-cognitives-en-lv-module-1-les-neuromythes\">les neuromythes (PAF 2022- 2023 &#8211; par H\u00e9l\u00e8ne Duhamelle)<\/a><\/p>\n<div class=\"embed-container\"><iframe class=\"wp-embedded-content\" sandbox=\"allow-scripts\" security=\"restricted\" title=\"sciences cognitives en LV - Module 1 : LES NEUROMYTHES\" frameborder='0' width='1200' height='675' src='https:\/\/view.genial.ly\/62acba6048d49a0018e48b91#?secret=pWlGo3BAzT' data-secret='pWlGo3BAzT' scrolling='yes'><\/iframe><\/div>\n<p>&nbsp;<\/p>\n<p>2- <a href=\"https:\/\/view.genial.ly\/631e047232427200117dde9a\/interactive-content-interlangues-sciences-cognitives-et-lve-partie-ii\">Formation inter-langues \u00ab\u00a0Sciences cognitives et langues vivantes\u00a0\u00bb (PAF 2022-2023 &#8211; par Mariel Pertegas, H\u00e9l\u00e8ne Duhamelle et Paul-Jean Scuderi)<\/a><\/p>\n<div class=\"embed-container\"><iframe class=\"wp-embedded-content\" sandbox=\"allow-scripts\" security=\"restricted\" title=\"[INTERLANGUES] Sciences cognitives et LVE Partie II\" frameborder='0' width='1200' height='675' src='https:\/\/view.genial.ly\/631e047232427200117dde9a#?secret=RCAVmc65m1' data-secret='RCAVmc65m1' scrolling='yes'><\/iframe><\/div>\n<p>&nbsp;<\/p>\n<p>3- <a href=\"https:\/\/view.genial.ly\/62781a34a1e77e00180b1ad4\/interactive-content-come-progredire-in-italiano\">Comment progresser en italien<\/a> (par H\u00e9l\u00e8ne Duhamelle)<\/p>\n<div class=\"embed-container\"><iframe class=\"wp-embedded-content\" sandbox=\"allow-scripts\" security=\"restricted\" title=\"Come progredire in Italiano ?\" frameborder='0' width='1200' height='675' src='https:\/\/view.genial.ly\/62781a34a1e77e00180b1ad4#?secret=5iDqTURkLn' data-secret='5iDqTURkLn' scrolling='yes'><\/iframe><\/div>\n<p>&nbsp;<\/p>\n<p>4- <a href=\"https:\/\/view.genial.ly\/6309fc37ce94210019f1e6dc\/interactive-content-in-classe-ditaliano\">Comment s&rsquo;exprimer en classe d&rsquo;italien<\/a> (par H\u00e9l\u00e8ne Duhamelle)<\/p>\n<div class=\"embed-container\"><iframe class=\"wp-embedded-content\" sandbox=\"allow-scripts\" security=\"restricted\" title=\"in classe d&#039;Italiano\" frameborder='0' width='1200' height='675' src='https:\/\/view.genial.ly\/6309fc37ce94210019f1e6dc#?secret=NQNehSADcZ' data-secret='NQNehSADcZ' scrolling='yes'><\/iframe><\/div>\n<p>&nbsp;<\/p>\n<p>5- <a href=\"https:\/\/view.genial.ly\/6386dd48d7e71f0019df6a57\/learning-experience-didactic-unit-20222023-formation-composantes-de-la-langue-2022\">Cr\u00e9er des outils ludiques et\/num\u00e9riques pour aider les \u00e9l\u00e8ves \u00e0 s&rsquo;approprier les composantes de la langue<\/a><\/p>\n<p>(PAF 2022-2023 &#8211; Par Vanessa H\u00e9brard et H\u00e9l\u00e8ne Duhamelle)<\/p>\n<div class=\"embed-container\"><iframe class=\"wp-embedded-content\" sandbox=\"allow-scripts\" security=\"restricted\" title=\"2022\/2023- Formation Composantes de la langue 2022\" frameborder='0' width='1200' height='675' src='https:\/\/view.genial.ly\/6386dd48d7e71f0019df6a57#?secret=WDqV5k7080' data-secret='WDqV5k7080' scrolling='yes'><\/iframe><\/div>\n<p>&nbsp;<\/p>\n<p>6- <a href=\"https:\/\/digipad.app\/p\/293662\/e54d061f4cef6\">Outils de conjugaison pour la classe d&rsquo;italien<\/a> (par H\u00e9l\u00e8ne Duhamelle)<\/p>\n<p>&nbsp;<\/p>\n","protected":false},"excerpt":{"rendered":"<p>Cette page recense le travail de recherche et de synth\u00e8se de nos coll\u00e8gues H\u00e9l\u00e8ne Duhamelle, Mariel Pertegas, Paul-Jean Scuderi et Vanessa H\u00e9brard (formateurs inter-langues dans l&rsquo;acad\u00e9mie de Nice). Nous les remercions vivement pour le partage de leurs r\u00e9flexions et contenus. &nbsp; 1- les neuromythes (PAF 2022- 2023 &#8211; par H\u00e9l\u00e8ne Duhamelle) &nbsp; 2- Formation inter-langues &hellip; <\/p>\n<p><a class=\"more-link btn\" href=\"https:\/\/www.pedagogie.ac-nice.fr\/italien\/sciences-cognitives-et-italien\/\">Lire la suite<\/a><\/p>\n","protected":false},"author":263,"featured_media":0,"parent":0,"menu_order":0,"comment_status":"closed","ping_status":"closed","template":"","meta":{"ngg_post_thumbnail":0,"footnotes":""},"class_list":["post-3483","page","type-page","status-publish","hentry","nodate","item-wrap"],"rttpg_featured_image_url":null,"rttpg_author":{"display_name":"florentdemoulin","author_link":"https:\/\/www.pedagogie.ac-nice.fr\/italien\/author\/florentdemoulin\/"},"rttpg_comment":0,"rttpg_category":null,"rttpg_excerpt":"Cette page recense le travail de recherche et de synth\u00e8se de nos coll\u00e8gues H\u00e9l\u00e8ne Duhamelle, Mariel Pertegas, Paul-Jean Scuderi et Vanessa H\u00e9brard (formateurs inter-langues dans l&rsquo;acad\u00e9mie de Nice). Nous les remercions vivement pour le partage de leurs r\u00e9flexions et contenus. &nbsp; 1- les neuromythes (PAF 2022- 2023 &#8211; par H\u00e9l\u00e8ne Duhamelle) &nbsp; 2- Formation inter-langues\u2026","post_mailing_queue_ids":[],"_links":{"self":[{"href":"https:\/\/www.pedagogie.ac-nice.fr\/italien\/wp-json\/wp\/v2\/pages\/3483","targetHints":{"allow":["GET"]}}],"collection":[{"href":"https:\/\/www.pedagogie.ac-nice.fr\/italien\/wp-json\/wp\/v2\/pages"}],"about":[{"href":"https:\/\/www.pedagogie.ac-nice.fr\/italien\/wp-json\/wp\/v2\/types\/page"}],"author":[{"embeddable":true,"href":"https:\/\/www.pedagogie.ac-nice.fr\/italien\/wp-json\/wp\/v2\/users\/263"}],"replies":[{"embeddable":true,"href":"https:\/\/www.pedagogie.ac-nice.fr\/italien\/wp-json\/wp\/v2\/comments?post=3483"}],"version-history":[{"count":3,"href":"https:\/\/www.pedagogie.ac-nice.fr\/italien\/wp-json\/wp\/v2\/pages\/3483\/revisions"}],"predecessor-version":[{"id":3488,"href":"https:\/\/www.pedagogie.ac-nice.fr\/italien\/wp-json\/wp\/v2\/pages\/3483\/revisions\/3488"}],"wp:attachment":[{"href":"https:\/\/www.pedagogie.ac-nice.fr\/italien\/wp-json\/wp\/v2\/media?parent=3483"}],"curies":[{"name":"wp","href":"https:\/\/api.w.org\/{rel}","templated":true}]}}