{"id":392,"date":"2020-12-12T00:27:14","date_gmt":"2020-12-11T23:27:14","guid":{"rendered":"https:\/\/www.pedagogie.ac-nice.fr\/italien\/?page_id=392"},"modified":"2022-03-31T19:35:41","modified_gmt":"2022-03-31T17:35:41","slug":"laboratoire-didactique","status":"publish","type":"page","link":"https:\/\/www.pedagogie.ac-nice.fr\/italien\/laboratoire-didactique\/","title":{"rendered":"P\u00c9DAGOGIE"},"content":{"rendered":"<p>Voici le laboratoire des enseignants d&rsquo;italien de l&rsquo;acad\u00e9mie. L&rsquo;id\u00e9e est de partager ressources, s\u00e9quences et parcours d&rsquo;apprentissage.<\/p>\n<ul>\n<li><a href=\"https:\/\/www.pedagogie.ac-nice.fr\/italien\/2020\/12\/20\/ressources-pour-concevoir-des-sequences-pedagogiques\/\">Ressources pour concevoir des s\u00e9quences p\u00e9dagogiques<\/a><\/li>\n<li><a href=\"https:\/\/www.pedagogie.ac-nice.fr\/italien\/2020\/12\/20\/sequences-pedagogiques-pour-lecole-maternelle-et-elementaire\/\">L&rsquo;italien \u00e0 l&rsquo;\u00e9cole maternelle et \u00e9l\u00e9mentaire<\/a><\/li>\n<li><a href=\"https:\/\/www.pedagogie.ac-nice.fr\/italien\/2021\/03\/14\/italien-et-histoire-des-arts\/\">Italien et pratique artistique<\/a><\/li>\n<li><a href=\"https:\/\/www.pedagogie.ac-nice.fr\/italien\/2020\/12\/20\/projets-pour-la-liaison-ecole-college\/\">La liaison \u00e9cole-coll\u00e8ge<\/a>&nbsp;<\/li>\n<li><a href=\"https:\/\/www.pedagogie.ac-nice.fr\/italien\/2020\/12\/20\/sequences-pedagogiques-pour-le-college\/\">L&rsquo;italien au coll\u00e8ge<\/a><\/li>\n<li><a href=\"https:\/\/www.pedagogie.ac-nice.fr\/italien\/2020\/12\/20\/projets-pour-la-liaison-college-lycee\/\">La liaison coll\u00e8ge-lyc\u00e9e&nbsp;<\/a><\/li>\n<li><a href=\"https:\/\/www.pedagogie.ac-nice.fr\/italien\/2020\/12\/20\/sequences-pedagogiques-pour-le-lycee\/\">L&rsquo;italien au lyc\u00e9e<\/a><\/li>\n<li><a href=\"https:\/\/www.pedagogie.ac-nice.fr\/italien\/2020\/12\/20\/focus-sur-le-lycee-professionnel\/\">Focus sur le lyc\u00e9e professionnel<\/a><\/li>\n<li><a href=\"https:\/\/www.pedagogie.ac-nice.fr\/italien\/2020\/12\/20\/passerelle-vers-le-superieur\/\">Passerelle vers le sup\u00e9rieur<\/a><\/li>\n<\/ul>\n","protected":false},"excerpt":{"rendered":"<p>Voici le laboratoire des enseignants d&rsquo;italien de l&rsquo;acad\u00e9mie. L&rsquo;id\u00e9e est de partager ressources, s\u00e9quences et parcours d&rsquo;apprentissage. Ressources pour concevoir des s\u00e9quences p\u00e9dagogiques L&rsquo;italien \u00e0 l&rsquo;\u00e9cole maternelle et \u00e9l\u00e9mentaire Italien et pratique artistique La liaison \u00e9cole-coll\u00e8ge&nbsp; L&rsquo;italien au coll\u00e8ge La liaison coll\u00e8ge-lyc\u00e9e&nbsp; L&rsquo;italien au lyc\u00e9e Focus sur le lyc\u00e9e professionnel Passerelle vers le sup\u00e9rieur<\/p>\n","protected":false},"author":263,"featured_media":0,"parent":0,"menu_order":0,"comment_status":"closed","ping_status":"closed","template":"","meta":{"ngg_post_thumbnail":0,"footnotes":""},"class_list":["post-392","page","type-page","status-publish","hentry","nodate","item-wrap"],"rttpg_featured_image_url":null,"rttpg_author":{"display_name":"florentdemoulin","author_link":"https:\/\/www.pedagogie.ac-nice.fr\/italien\/author\/florentdemoulin\/"},"rttpg_comment":0,"rttpg_category":null,"rttpg_excerpt":"Voici le laboratoire des enseignants d&rsquo;italien de l&rsquo;acad\u00e9mie. L&rsquo;id\u00e9e est de partager ressources, s\u00e9quences et parcours d&rsquo;apprentissage. Ressources pour concevoir des s\u00e9quences p\u00e9dagogiques L&rsquo;italien \u00e0 l&rsquo;\u00e9cole maternelle et \u00e9l\u00e9mentaire Italien et pratique artistique La liaison \u00e9cole-coll\u00e8ge&nbsp; L&rsquo;italien au coll\u00e8ge La liaison coll\u00e8ge-lyc\u00e9e&nbsp; L&rsquo;italien au lyc\u00e9e Focus sur le lyc\u00e9e professionnel Passerelle vers le sup\u00e9rieur","post_mailing_queue_ids":[],"_links":{"self":[{"href":"https:\/\/www.pedagogie.ac-nice.fr\/italien\/wp-json\/wp\/v2\/pages\/392","targetHints":{"allow":["GET"]}}],"collection":[{"href":"https:\/\/www.pedagogie.ac-nice.fr\/italien\/wp-json\/wp\/v2\/pages"}],"about":[{"href":"https:\/\/www.pedagogie.ac-nice.fr\/italien\/wp-json\/wp\/v2\/types\/page"}],"author":[{"embeddable":true,"href":"https:\/\/www.pedagogie.ac-nice.fr\/italien\/wp-json\/wp\/v2\/users\/263"}],"replies":[{"embeddable":true,"href":"https:\/\/www.pedagogie.ac-nice.fr\/italien\/wp-json\/wp\/v2\/comments?post=392"}],"version-history":[{"count":13,"href":"https:\/\/www.pedagogie.ac-nice.fr\/italien\/wp-json\/wp\/v2\/pages\/392\/revisions"}],"predecessor-version":[{"id":2765,"href":"https:\/\/www.pedagogie.ac-nice.fr\/italien\/wp-json\/wp\/v2\/pages\/392\/revisions\/2765"}],"wp:attachment":[{"href":"https:\/\/www.pedagogie.ac-nice.fr\/italien\/wp-json\/wp\/v2\/media?parent=392"}],"curies":[{"name":"wp","href":"https:\/\/api.w.org\/{rel}","templated":true}]}}