{"id":433,"date":"2020-12-12T21:20:13","date_gmt":"2020-12-12T20:20:13","guid":{"rendered":"https:\/\/www.pedagogie.ac-nice.fr\/italien\/?page_id=433"},"modified":"2020-12-13T14:40:12","modified_gmt":"2020-12-13T13:40:12","slug":"diplomes-examens-et-concours","status":"publish","type":"page","link":"https:\/\/www.pedagogie.ac-nice.fr\/italien\/diplomes-examens-et-concours\/","title":{"rendered":"ANNALES"},"content":{"rendered":"<p>Vous trouverez sur cette page le recensement des sujets et annales pour les diff\u00e9rents examens et concours en italien.<\/p>\n<p>&nbsp;<\/p>\n<ul>\n<li>EXAMENS<\/li>\n<\/ul>\n<p><a href=\"https:\/\/www.pedagogie.ac-nice.fr\/italien\/2015\/06\/29\/sujets-diplome-national-du-brevet\/\">les sujets du Dipl\u00f4me National du Brevet<\/a><\/p>\n<p><a href=\"https:\/\/www.pedagogie.ac-nice.fr\/italien\/2014\/01\/14\/sujets-baccalaureat\/\">les sujets du Baccalaur\u00e9at G\u00e9n\u00e9ral et technologique<\/a><\/p>\n<p><a href=\"https:\/\/www.pedagogie.ac-nice.fr\/italien\/2015\/06\/10\/sujets-bts-ecrits\/\">les sujets de BTS \u00e9crits<\/a><\/p>\n<p>&nbsp;<\/p>\n<ul>\n<li>CONCOURS<\/li>\n<\/ul>\n<p><a href=\"https:\/\/www.pedagogie.ac-nice.fr\/italien\/2014\/01\/15\/sujets-et-rapports\/\">les sujets et rapports de jury des concours<\/a><\/p>\n<p>&nbsp;<\/p>\n","protected":false},"excerpt":{"rendered":"<p>Vous trouverez sur cette page le recensement des sujets et annales pour les diff\u00e9rents examens et concours en italien. &nbsp; EXAMENS les sujets du Dipl\u00f4me National du Brevet les sujets du Baccalaur\u00e9at G\u00e9n\u00e9ral et technologique les sujets de BTS \u00e9crits &nbsp; CONCOURS les sujets et rapports de jury des concours &nbsp;<\/p>\n","protected":false},"author":263,"featured_media":0,"parent":0,"menu_order":0,"comment_status":"closed","ping_status":"closed","template":"","meta":{"ngg_post_thumbnail":0,"footnotes":""},"class_list":["post-433","page","type-page","status-publish","hentry","nodate","item-wrap"],"rttpg_featured_image_url":null,"rttpg_author":{"display_name":"florentdemoulin","author_link":"https:\/\/www.pedagogie.ac-nice.fr\/italien\/author\/florentdemoulin\/"},"rttpg_comment":0,"rttpg_category":null,"rttpg_excerpt":"Vous trouverez sur cette page le recensement des sujets et annales pour les diff\u00e9rents examens et concours en italien. &nbsp; EXAMENS les sujets du Dipl\u00f4me National du Brevet les sujets du Baccalaur\u00e9at G\u00e9n\u00e9ral et technologique les sujets de BTS \u00e9crits &nbsp; CONCOURS les sujets et rapports de jury des concours &nbsp;","post_mailing_queue_ids":[],"_links":{"self":[{"href":"https:\/\/www.pedagogie.ac-nice.fr\/italien\/wp-json\/wp\/v2\/pages\/433","targetHints":{"allow":["GET"]}}],"collection":[{"href":"https:\/\/www.pedagogie.ac-nice.fr\/italien\/wp-json\/wp\/v2\/pages"}],"about":[{"href":"https:\/\/www.pedagogie.ac-nice.fr\/italien\/wp-json\/wp\/v2\/types\/page"}],"author":[{"embeddable":true,"href":"https:\/\/www.pedagogie.ac-nice.fr\/italien\/wp-json\/wp\/v2\/users\/263"}],"replies":[{"embeddable":true,"href":"https:\/\/www.pedagogie.ac-nice.fr\/italien\/wp-json\/wp\/v2\/comments?post=433"}],"version-history":[{"count":3,"href":"https:\/\/www.pedagogie.ac-nice.fr\/italien\/wp-json\/wp\/v2\/pages\/433\/revisions"}],"predecessor-version":[{"id":452,"href":"https:\/\/www.pedagogie.ac-nice.fr\/italien\/wp-json\/wp\/v2\/pages\/433\/revisions\/452"}],"wp:attachment":[{"href":"https:\/\/www.pedagogie.ac-nice.fr\/italien\/wp-json\/wp\/v2\/media?parent=433"}],"curies":[{"name":"wp","href":"https:\/\/api.w.org\/{rel}","templated":true}]}}