{"id":10419,"date":"2024-06-21T11:44:45","date_gmt":"2024-06-21T09:44:45","guid":{"rendered":"https:\/\/www.pedagogie.ac-nice.fr\/mathematiques\/?page_id=10419"},"modified":"2025-05-02T14:02:33","modified_gmt":"2025-05-02T12:02:33","slug":"actualites-des-clubs-maths","status":"publish","type":"page","link":"https:\/\/www.pedagogie.ac-nice.fr\/mathematiques\/actualites-des-clubs-maths\/","title":{"rendered":"Les actualit\u00e9s des Clubs Maths"},"content":{"rendered":"<p>[et_pb_section fb_built=\u00a0\u00bb1&Prime; _builder_version=\u00a0\u00bb4.16&Prime; _module_preset=\u00a0\u00bbdefault\u00a0\u00bb global_colors_info=\u00a0\u00bb{}\u00a0\u00bb][et_pb_row column_structure=\u00a0\u00bb1_2,1_2&Prime; _builder_version=\u00a0\u00bb4.27.4&Prime; _module_preset=\u00a0\u00bbdefault\u00a0\u00bb background_color=\u00a0\u00bb#88C4DD\u00a0\u00bb width=\u00a0\u00bb95%\u00a0\u00bb custom_margin=\u00a0\u00bb-40px||||false|false\u00a0\u00bb custom_padding=\u00a0\u00bb10px|10px||10px|false|true\u00a0\u00bb animation_style=\u00a0\u00bbfade\u00a0\u00bb animation_delay=\u00a0\u00bb450ms\u00a0\u00bb animation_starting_opacity=\u00a0\u00bb33%\u00a0\u00bb border_radii=\u00a0\u00bbon|14px|14px|14px|14px\u00a0\u00bb locked=\u00a0\u00bboff\u00a0\u00bb global_colors_info=\u00a0\u00bb{}\u00a0\u00bb][et_pb_column type=\u00a0\u00bb1_2&Prime; _builder_version=\u00a0\u00bb4.27.4&Prime; _module_preset=\u00a0\u00bbdefault\u00a0\u00bb global_colors_info=\u00a0\u00bb{}\u00a0\u00bb][et_pb_text _builder_version=\u00a0\u00bb4.27.4&Prime; _module_preset=\u00a0\u00bbdefault\u00a0\u00bb border_color_all=\u00a0\u00bb#B3B3B3&Prime; global_colors_info=\u00a0\u00bb{}\u00a0\u00bb]<\/p>\n<pre style=\"text-align: center;\"><span style=\"color: #000080; font-size: 24pt;\">Les labomaths<\/span><\/pre>\n<p>[\/et_pb_text][et_pb_text _builder_version=\u00a0\u00bb4.27.4&Prime; _module_preset=\u00a0\u00bbdefault\u00a0\u00bb custom_margin=\u00a0\u00bb20px||||false|false\u00a0\u00bb global_colors_info=\u00a0\u00bb{}\u00a0\u00bb]<\/p>\n<pre style=\"text-align: center;\"><a href='https:\/\/www.pedagogie.ac-nice.fr\/mathematiques\/labomaths-quest-ce-que-cest\/' class='small-button smallblue'><span style=\"font-size: 12pt;\"><em>Un labomaths - qu'est-ce que c'est ?<\/em><\/span><\/a>\n<a href='https:\/\/www.pedagogie.ac-nice.fr\/mathematiques\/les-labomaths-cest-qui\/' class='small-button smallblue'><span style=\"font-size: 12pt;\"><em>Les labomaths - c'est qui ?<\/em><\/span><\/a>\n<a href='https:\/\/www.pedagogie.ac-nice.fr\/mathematiques\/laboratoires-et-clubs\/\/\/' class='small-button smallblue'><span style=\"font-size: 12pt;\"><em>Actualit\u00e9s des labomaths<\/em><\/span><\/a><\/pre>\n<p>[\/et_pb_text][\/et_pb_column][et_pb_column type=\u00a0\u00bb1_2&Prime; _builder_version=\u00a0\u00bb4.27.4&Prime; _module_preset=\u00a0\u00bbdefault\u00a0\u00bb global_colors_info=\u00a0\u00bb{}\u00a0\u00bb][et_pb_text _builder_version=\u00a0\u00bb4.27.4&Prime; _module_preset=\u00a0\u00bbdefault\u00a0\u00bb global_colors_info=\u00a0\u00bb{}\u00a0\u00bb]<\/p>\n<pre style=\"text-align: center;\"><span style=\"color: #000080; font-size: 24pt;\">Les clubs maths<\/span><\/pre>\n<p>[\/et_pb_text][et_pb_text _builder_version=\u00a0\u00bb4.27.4&Prime; _module_preset=\u00a0\u00bbdefault\u00a0\u00bb hover_enabled=\u00a0\u00bb0&Prime; global_colors_info=\u00a0\u00bb{}\u00a0\u00bb sticky_enabled=\u00a0\u00bb0&Prime;]<\/p>\n<pre style=\"text-align: center;\"><a href='https:\/\/www.pedagogie.ac-nice.fr\/mathematiques\/les-clubs-mathematiques-quest-que-cest\/' class='small-button smallblue'><span style=\"font-size: 12pt;\"><em>Qu'est-ce que c'est ?<\/em><\/span><\/a>\n<a href='https:\/\/www.pedagogie.ac-nice.fr\/mathematiques\/les-clubmaths-cest-qui\/' class='small-button smallblue'><span style=\"font-size: 12pt;\"><em>C'est qui ?<\/em><\/span><\/a> <a href='https:\/\/www.pedagogie.ac-nice.fr\/mathematiques\/actualites-du-premier-semestre-des-clubs-de-maths-de-lacademie-janvier-2025\/' class='small-button smallblue'><span style=\"font-size: 12pt;\"><em>Actualit\u00e9s des clubs<\/em><\/span><\/a>\n<a href='https:\/\/www.pedagogie.ac-nice.fr\/mathematiques\/des-idees-pour-les-clubs-de-maths\/' class='small-button smallblue'><span style=\"font-size: 12pt;\"><em>Des id\u00e9es pour les clubs maths<\/em><\/span><\/a><\/pre>\n<p>[\/et_pb_text][\/et_pb_column][\/et_pb_row][et_pb_row _builder_version=\u00a0\u00bb4.16&Prime; _module_preset=\u00a0\u00bbdefault\u00a0\u00bb global_colors_info=\u00a0\u00bb{}\u00a0\u00bb][et_pb_column type=\u00a0\u00bb4_4&Prime; _builder_version=\u00a0\u00bb4.16&Prime; _module_preset=\u00a0\u00bbdefault\u00a0\u00bb global_colors_info=\u00a0\u00bb{}\u00a0\u00bb][et_pb_text _builder_version=\u00a0\u00bb4.16&Prime; _module_preset=\u00a0\u00bbdefault\u00a0\u00bb global_colors_info=\u00a0\u00bb{}\u00a0\u00bb]<\/p>\n<p><span style=\"font-size: 14pt; color: #000080;\"><strong>Coll\u00e8ge Pierre de Coubertin, Le Luc<\/strong><\/span><br \/>Dans notre coll\u00e8ge depuis plusieurs ann\u00e9es les professeurs de math\u00e9matiques animent le club bridge.<br \/>Cette ann\u00e9e, tout comme les ann\u00e9es pass\u00e9es nos \u00e9l\u00e8ves ont particip\u00e9 au championnat r\u00e9gional qui s&rsquo;est d\u00e9roul\u00e9 au Juan le Pins le 17 avril 2024, organis\u00e9 par Azur Bridge Club de Nice.<br \/>Cette fois-ci nos 10 \u00e9l\u00e8ves ont affront\u00e9 des coll\u00e9giens de Monaco, Nice, Cannes et Fr\u00e9jus. Ils \u00e9taient class\u00e9s par 2 niveaux : premi\u00e8re ann\u00e9e et deuxi\u00e8me ann\u00e9e. Toutefois le classement \u00e9tait g\u00e9n\u00e9ral altern\u00e9. Les \u00e9l\u00e8ves de la deuxi\u00e8me ann\u00e9e de bridge : Maxime Bertorello et Medhi Tabti ont remport\u00e9 la victoire en occupant la PREMIERE PLACE dans la coupe de r\u00e9gularit\u00e9 et ainsi ils se sont qualifi\u00e9s pour le championnat national qui aura lieu cette ann\u00e9e \u00e0 Lyon le 15 juin. <br \/>Nous leur souhaitons bonne chance \u00e0 Lyon !<\/p>\n<p>[\/et_pb_text][\/et_pb_column][\/et_pb_row][et_pb_row column_structure=\u00a0\u00bb1_5,1_5,1_5,1_5,1_5&Prime; _builder_version=\u00a0\u00bb4.16&Prime; _module_preset=\u00a0\u00bbdefault\u00a0\u00bb global_colors_info=\u00a0\u00bb{}\u00a0\u00bb][et_pb_column type=\u00a0\u00bb1_5&Prime; _builder_version=\u00a0\u00bb4.16&Prime; _module_preset=\u00a0\u00bbdefault\u00a0\u00bb global_colors_info=\u00a0\u00bb{}\u00a0\u00bb][et_pb_image src=\u00a0\u00bbhttps:\/\/www.pedagogie.ac-nice.fr\/mathematiques\/wp-content\/uploads\/sites\/30\/2024\/06\/actu_trimestre3_labo-1.jpg\u00a0\u00bb title_text=\u00a0\u00bbactu_trimestre3_labo\u00a0\u00bb _builder_version=\u00a0\u00bb4.16&Prime; _module_preset=\u00a0\u00bbdefault\u00a0\u00bb global_colors_info=\u00a0\u00bb{}\u00a0\u00bb][\/et_pb_image][\/et_pb_column][et_pb_column type=\u00a0\u00bb1_5&Prime; _builder_version=\u00a0\u00bb4.16&Prime; _module_preset=\u00a0\u00bbdefault\u00a0\u00bb global_colors_info=\u00a0\u00bb{}\u00a0\u00bb][et_pb_image src=\u00a0\u00bbhttps:\/\/www.pedagogie.ac-nice.fr\/mathematiques\/wp-content\/uploads\/sites\/30\/2024\/06\/actu_trimestre3_labo1-1.jpg\u00a0\u00bb title_text=\u00a0\u00bbactu_trimestre3_labo1&Prime; _builder_version=\u00a0\u00bb4.16&Prime; _module_preset=\u00a0\u00bbdefault\u00a0\u00bb global_colors_info=\u00a0\u00bb{}\u00a0\u00bb][\/et_pb_image][\/et_pb_column][et_pb_column type=\u00a0\u00bb1_5&Prime; _builder_version=\u00a0\u00bb4.16&Prime; _module_preset=\u00a0\u00bbdefault\u00a0\u00bb global_colors_info=\u00a0\u00bb{}\u00a0\u00bb][et_pb_image src=\u00a0\u00bbhttps:\/\/www.pedagogie.ac-nice.fr\/mathematiques\/wp-content\/uploads\/sites\/30\/2024\/06\/actu_trimestre3_labo2-1.jpg\u00a0\u00bb title_text=\u00a0\u00bbactu_trimestre3_labo2&Prime; _builder_version=\u00a0\u00bb4.16&Prime; _module_preset=\u00a0\u00bbdefault\u00a0\u00bb global_colors_info=\u00a0\u00bb{}\u00a0\u00bb][\/et_pb_image][\/et_pb_column][et_pb_column type=\u00a0\u00bb1_5&Prime; _builder_version=\u00a0\u00bb4.16&Prime; _module_preset=\u00a0\u00bbdefault\u00a0\u00bb global_colors_info=\u00a0\u00bb{}\u00a0\u00bb][et_pb_image src=\u00a0\u00bbhttps:\/\/www.pedagogie.ac-nice.fr\/mathematiques\/wp-content\/uploads\/sites\/30\/2024\/06\/actu_trimestre3_labo4-1.jpg\u00a0\u00bb title_text=\u00a0\u00bbactu_trimestre3_labo4&Prime; _builder_version=\u00a0\u00bb4.16&Prime; _module_preset=\u00a0\u00bbdefault\u00a0\u00bb global_colors_info=\u00a0\u00bb{}\u00a0\u00bb][\/et_pb_image][\/et_pb_column][et_pb_column type=\u00a0\u00bb1_5&Prime; _builder_version=\u00a0\u00bb4.16&Prime; _module_preset=\u00a0\u00bbdefault\u00a0\u00bb global_colors_info=\u00a0\u00bb{}\u00a0\u00bb][et_pb_image src=\u00a0\u00bbhttps:\/\/www.pedagogie.ac-nice.fr\/mathematiques\/wp-content\/uploads\/sites\/30\/2024\/06\/actu_trimestre3_labo5-1.jpg\u00a0\u00bb title_text=\u00a0\u00bbactu_trimestre3_labo5&Prime; _builder_version=\u00a0\u00bb4.16&Prime; _module_preset=\u00a0\u00bbdefault\u00a0\u00bb global_colors_info=\u00a0\u00bb{}\u00a0\u00bb][\/et_pb_image][\/et_pb_column][\/et_pb_row][et_pb_row _builder_version=\u00a0\u00bb4.16&Prime; _module_preset=\u00a0\u00bbdefault\u00a0\u00bb global_colors_info=\u00a0\u00bb{}\u00a0\u00bb][et_pb_column type=\u00a0\u00bb4_4&Prime; _builder_version=\u00a0\u00bb4.16&Prime; _module_preset=\u00a0\u00bbdefault\u00a0\u00bb global_colors_info=\u00a0\u00bb{}\u00a0\u00bb][et_pb_text _builder_version=\u00a0\u00bb4.16&Prime; _module_preset=\u00a0\u00bbdefault\u00a0\u00bb global_colors_info=\u00a0\u00bb{}\u00a0\u00bb]<\/p>\n<p><span style=\"color: #000080;\"><strong><span style=\"font-size: 14pt;\">Coll\u00e8ge Jean Giono, Le Beausset<\/span><\/strong><\/span><br \/>Escape game (mis sur le digipad) con\u00e7u par les \u00e9l\u00e8ves, oeuvres collectives<br \/>papillon\/origami jeux olympiques, hexoflex\u00e8dre, rubik\u2019s cube pour l\u2019an prochain<\/p>\n<p>[\/et_pb_text][\/et_pb_column][\/et_pb_row][et_pb_row _builder_version=\u00a0\u00bb4.16&Prime; _module_preset=\u00a0\u00bbdefault\u00a0\u00bb global_colors_info=\u00a0\u00bb{}\u00a0\u00bb][et_pb_column type=\u00a0\u00bb4_4&Prime; _builder_version=\u00a0\u00bb4.16&Prime; _module_preset=\u00a0\u00bbdefault\u00a0\u00bb global_colors_info=\u00a0\u00bb{}\u00a0\u00bb][et_pb_image src=\u00a0\u00bbhttps:\/\/www.pedagogie.ac-nice.fr\/mathematiques\/wp-content\/uploads\/sites\/30\/2024\/06\/actu_trimestre3_labo7-1.jpg\u00a0\u00bb title_text=\u00a0\u00bbactu_trimestre3_labo7&Prime; align=\u00a0\u00bbcenter\u00a0\u00bb _builder_version=\u00a0\u00bb4.16&Prime; _module_preset=\u00a0\u00bbdefault\u00a0\u00bb width=\u00a0\u00bb40%\u00a0\u00bb global_colors_info=\u00a0\u00bb{}\u00a0\u00bb][\/et_pb_image][et_pb_image src=\u00a0\u00bbhttps:\/\/www.pedagogie.ac-nice.fr\/mathematiques\/wp-content\/uploads\/sites\/30\/2024\/06\/actu_trimestre3_labo8-1.jpg\u00a0\u00bb title_text=\u00a0\u00bbactu_trimestre3_labo8&Prime; _builder_version=\u00a0\u00bb4.16&Prime; _module_preset=\u00a0\u00bbdefault\u00a0\u00bb global_colors_info=\u00a0\u00bb{}\u00a0\u00bb][\/et_pb_image][\/et_pb_column][\/et_pb_row][et_pb_row _builder_version=\u00a0\u00bb4.16&Prime; _module_preset=\u00a0\u00bbdefault\u00a0\u00bb global_colors_info=\u00a0\u00bb{}\u00a0\u00bb][et_pb_column type=\u00a0\u00bb4_4&Prime; _builder_version=\u00a0\u00bb4.16&Prime; _module_preset=\u00a0\u00bbdefault\u00a0\u00bb global_colors_info=\u00a0\u00bb{}\u00a0\u00bb][et_pb_text _builder_version=\u00a0\u00bb4.16&Prime; _module_preset=\u00a0\u00bbdefault\u00a0\u00bb global_colors_info=\u00a0\u00bb{}\u00a0\u00bb]<\/p>\n<p><span style=\"color: #000080;\"><strong><span style=\"font-size: 14pt;\">Coll\u00e8ge l\u2019Archet, Nice<\/span><\/strong><\/span><br \/>Mise en place du mat\u00e9riel du fablab, prise en main des outils et d\u00e9buts des travaux avec les \u00e9l\u00e8ves sur les frises et pavages.<\/p>\n<p>[\/et_pb_text][\/et_pb_column][\/et_pb_row][et_pb_row _builder_version=\u00a0\u00bb4.16&Prime; _module_preset=\u00a0\u00bbdefault\u00a0\u00bb global_colors_info=\u00a0\u00bb{}\u00a0\u00bb][et_pb_column type=\u00a0\u00bb4_4&Prime; _builder_version=\u00a0\u00bb4.16&Prime; _module_preset=\u00a0\u00bbdefault\u00a0\u00bb global_colors_info=\u00a0\u00bb{}\u00a0\u00bb][et_pb_text _builder_version=\u00a0\u00bb4.16&Prime; _module_preset=\u00a0\u00bbdefault\u00a0\u00bb global_colors_info=\u00a0\u00bb{}\u00a0\u00bb]<\/p>\n<p><span style=\"font-size: 14pt; color: #000080;\"><strong>Coll\u00e8ge le Pr\u00e9 des Roures, Le Rouret<\/strong><\/span><br \/>Un club de maths mis en place au mois de f\u00e9vrier dans le cadre des Cord\u00e9es de la R\u00e9ussite autour du projet R\u00e9ussir avec les Sciences. Au programme, ateliers du Mathemarium (associ\u00e9 \u00e0 la t\u00eate de cord\u00e9e UCA) autour des ponts et d\u00f4mes de L\u00e9onard de Vinci, mise en place du fablab, tressages de solides, origami et ruban de Mobius. Un club tr\u00e8s f\u00e9minin qui s\u2019est distingu\u00e9e lors de la journ\u00e9e de restitution qui a eu lieu sur le campus de Valrose. Une belle aventure !<\/p>\n<p>[\/et_pb_text][\/et_pb_column][\/et_pb_row][et_pb_row column_structure=\u00a0\u00bb1_3,1_3,1_3&Prime; _builder_version=\u00a0\u00bb4.16&Prime; _module_preset=\u00a0\u00bbdefault\u00a0\u00bb global_colors_info=\u00a0\u00bb{}\u00a0\u00bb][et_pb_column type=\u00a0\u00bb1_3&Prime; _builder_version=\u00a0\u00bb4.16&Prime; _module_preset=\u00a0\u00bbdefault\u00a0\u00bb global_colors_info=\u00a0\u00bb{}\u00a0\u00bb][et_pb_image src=\u00a0\u00bbhttps:\/\/www.pedagogie.ac-nice.fr\/mathematiques\/wp-content\/uploads\/sites\/30\/2024\/06\/actu_trimestre3_labo10-1.jpg\u00a0\u00bb title_text=\u00a0\u00bbactu_trimestre3_labo10&Prime; align=\u00a0\u00bbcenter\u00a0\u00bb _builder_version=\u00a0\u00bb4.16&Prime; _module_preset=\u00a0\u00bbdefault\u00a0\u00bb height=\u00a0\u00bb200px\u00a0\u00bb global_colors_info=\u00a0\u00bb{}\u00a0\u00bb][\/et_pb_image][\/et_pb_column][et_pb_column type=\u00a0\u00bb1_3&Prime; _builder_version=\u00a0\u00bb4.16&Prime; _module_preset=\u00a0\u00bbdefault\u00a0\u00bb global_colors_info=\u00a0\u00bb{}\u00a0\u00bb][et_pb_image src=\u00a0\u00bbhttps:\/\/www.pedagogie.ac-nice.fr\/mathematiques\/wp-content\/uploads\/sites\/30\/2024\/06\/actu_trimestre3_labo9-1.jpg\u00a0\u00bb title_text=\u00a0\u00bbactu_trimestre3_labo9&Prime; align=\u00a0\u00bbcenter\u00a0\u00bb _builder_version=\u00a0\u00bb4.16&Prime; _module_preset=\u00a0\u00bbdefault\u00a0\u00bb height=\u00a0\u00bb200px\u00a0\u00bb global_colors_info=\u00a0\u00bb{}\u00a0\u00bb][\/et_pb_image][\/et_pb_column][et_pb_column type=\u00a0\u00bb1_3&Prime; _builder_version=\u00a0\u00bb4.16&Prime; _module_preset=\u00a0\u00bbdefault\u00a0\u00bb global_colors_info=\u00a0\u00bb{}\u00a0\u00bb][et_pb_image src=\u00a0\u00bbhttps:\/\/www.pedagogie.ac-nice.fr\/mathematiques\/wp-content\/uploads\/sites\/30\/2024\/06\/actu_trimestre3_labo11-1.jpg\u00a0\u00bb title_text=\u00a0\u00bbactu_trimestre3_labo11&Prime; align=\u00a0\u00bbcenter\u00a0\u00bb _builder_version=\u00a0\u00bb4.16&Prime; _module_preset=\u00a0\u00bbdefault\u00a0\u00bb height=\u00a0\u00bb200px\u00a0\u00bb global_colors_info=\u00a0\u00bb{}\u00a0\u00bb][\/et_pb_image][\/et_pb_column][\/et_pb_row][et_pb_row _builder_version=\u00a0\u00bb4.16&Prime; _module_preset=\u00a0\u00bbdefault\u00a0\u00bb global_colors_info=\u00a0\u00bb{}\u00a0\u00bb][et_pb_column type=\u00a0\u00bb4_4&Prime; _builder_version=\u00a0\u00bb4.16&Prime; _module_preset=\u00a0\u00bbdefault\u00a0\u00bb global_colors_info=\u00a0\u00bb{}\u00a0\u00bb][et_pb_text _builder_version=\u00a0\u00bb4.16&Prime; _module_preset=\u00a0\u00bbdefault\u00a0\u00bb global_colors_info=\u00a0\u00bb{}\u00a0\u00bb]<\/p>\n<p><span style=\"font-size: 14pt; color: #000080;\"><strong>Coll\u00e8ge Marie Mauron, Fayence<\/strong><\/span><br \/>Club maths ouvert toute l\u2019ann\u00e9e avec un planisph\u00e8re triangul\u00e9, des jeux math\u00e9matiques, de la programmation sous scratch et un grand concours calcul mental men\u00e9 sur tous les niveaux avec \u00e0 la cl\u00e9 remise de dipl\u00f4me et une petite surprise pour les 3 premiers. Une super finale personnel de l\u2019\u00e9tablissement\/\u00e9l\u00e8ves finalistes de 3e mental a \u00e9t\u00e9 organis\u00e9e histoire de challenger les plus grands..de quoi donner des id\u00e9es !!<\/p>\n<p>[\/et_pb_text][\/et_pb_column][\/et_pb_row][et_pb_row column_structure=\u00a0\u00bb1_4,1_4,1_4,1_4&Prime; _builder_version=\u00a0\u00bb4.16&Prime; _module_preset=\u00a0\u00bbdefault\u00a0\u00bb global_colors_info=\u00a0\u00bb{}\u00a0\u00bb][et_pb_column type=\u00a0\u00bb1_4&Prime; _builder_version=\u00a0\u00bb4.16&Prime; _module_preset=\u00a0\u00bbdefault\u00a0\u00bb global_colors_info=\u00a0\u00bb{}\u00a0\u00bb][et_pb_image src=\u00a0\u00bbhttps:\/\/www.pedagogie.ac-nice.fr\/mathematiques\/wp-content\/uploads\/sites\/30\/2024\/06\/en_plus_clubmaths13.jpg\u00a0\u00bb title_text=\u00a0\u00bben_plus_clubmaths13&Prime; align=\u00a0\u00bbcenter\u00a0\u00bb _builder_version=\u00a0\u00bb4.16&Prime; _module_preset=\u00a0\u00bbdefault\u00a0\u00bb module_alignment=\u00a0\u00bbcenter\u00a0\u00bb height=\u00a0\u00bb100px\u00a0\u00bb global_colors_info=\u00a0\u00bb{}\u00a0\u00bb][\/et_pb_image][\/et_pb_column][et_pb_column type=\u00a0\u00bb1_4&Prime; _builder_version=\u00a0\u00bb4.16&Prime; _module_preset=\u00a0\u00bbdefault\u00a0\u00bb global_colors_info=\u00a0\u00bb{}\u00a0\u00bb][et_pb_image src=\u00a0\u00bbhttps:\/\/www.pedagogie.ac-nice.fr\/mathematiques\/wp-content\/uploads\/sites\/30\/2024\/06\/en_plus_clubmaths14.jpg\u00a0\u00bb title_text=\u00a0\u00bben_plus_clubmaths14&Prime; align=\u00a0\u00bbcenter\u00a0\u00bb _builder_version=\u00a0\u00bb4.16&Prime; _module_preset=\u00a0\u00bbdefault\u00a0\u00bb height=\u00a0\u00bb100px\u00a0\u00bb global_colors_info=\u00a0\u00bb{}\u00a0\u00bb][\/et_pb_image][\/et_pb_column][et_pb_column type=\u00a0\u00bb1_4&Prime; _builder_version=\u00a0\u00bb4.16&Prime; _module_preset=\u00a0\u00bbdefault\u00a0\u00bb global_colors_info=\u00a0\u00bb{}\u00a0\u00bb][et_pb_image src=\u00a0\u00bbhttps:\/\/www.pedagogie.ac-nice.fr\/mathematiques\/wp-content\/uploads\/sites\/30\/2024\/06\/en_plus_clubmaths15.jpg\u00a0\u00bb title_text=\u00a0\u00bben_plus_clubmaths15&Prime; align=\u00a0\u00bbcenter\u00a0\u00bb _builder_version=\u00a0\u00bb4.16&Prime; _module_preset=\u00a0\u00bbdefault\u00a0\u00bb height=\u00a0\u00bb100px\u00a0\u00bb global_colors_info=\u00a0\u00bb{}\u00a0\u00bb][\/et_pb_image][\/et_pb_column][et_pb_column type=\u00a0\u00bb1_4&Prime; _builder_version=\u00a0\u00bb4.16&Prime; _module_preset=\u00a0\u00bbdefault\u00a0\u00bb global_colors_info=\u00a0\u00bb{}\u00a0\u00bb][et_pb_image src=\u00a0\u00bbhttps:\/\/www.pedagogie.ac-nice.fr\/mathematiques\/wp-content\/uploads\/sites\/30\/2024\/06\/en_plus_clubmaths16.jpg\u00a0\u00bb title_text=\u00a0\u00bben_plus_clubmaths16&Prime; align=\u00a0\u00bbcenter\u00a0\u00bb _builder_version=\u00a0\u00bb4.16&Prime; _module_preset=\u00a0\u00bbdefault\u00a0\u00bb height=\u00a0\u00bb100px\u00a0\u00bb global_colors_info=\u00a0\u00bb{}\u00a0\u00bb][\/et_pb_image][\/et_pb_column][\/et_pb_row][\/et_pb_section]<\/p>\n","protected":false},"excerpt":{"rendered":"<p>Les labomaths<a href='https:\/\/www.pedagogie.ac-nice.fr\/mathematiques\/labomaths-quest-ce-que-cest\/' class='small-button smallblue'>Un labomaths &#8211; qu&rsquo;est-ce que c&rsquo;est ?<\/a> <a href='https:\/\/www.pedagogie.ac-nice.fr\/mathematiques\/les-labomaths-cest-qui\/' class='small-button smallblue'>Les labomaths &#8211; c&rsquo;est qui ?<\/a> <a href='https:\/\/www.pedagogie.ac-nice.fr\/mathematiques\/laboratoires-et-clubs\/\/\/' class='small-button smallblue'>Actualit\u00e9s des labomaths<\/a>Les clubs maths<a href='https:\/\/www.pedagogie.ac-nice.fr\/mathematiques\/les-clubs-mathematiques-quest-que-cest\/' class='small-button smallblue'>Qu&rsquo;est-ce que c&rsquo;est ?<\/a> <a href='https:\/\/www.pedagogie.ac-nice.fr\/mathematiques\/les-clubmaths-cest-qui\/' class='small-button smallblue'>C&rsquo;est qui ?<\/a> <a href='https:\/\/www.pedagogie.ac-nice.fr\/mathematiques\/actualites-du-premier-semestre-des-clubs-de-maths-de-lacademie-janvier-2025\/' class='small-button smallblue'>Actualit\u00e9s des clubs<\/a> <a href='https:\/\/www.pedagogie.ac-nice.fr\/mathematiques\/des-idees-pour-les-clubs-de-maths\/' class='small-button smallblue'>Des id\u00e9es pour les clubs maths<\/a>Coll\u00e8ge Pierre de Coubertin, Le LucDans notre coll\u00e8ge depuis plusieurs ann\u00e9es les professeurs [&hellip;]<\/p>\n","protected":false},"author":202,"featured_media":0,"parent":0,"menu_order":0,"comment_status":"closed","ping_status":"closed","template":"","meta":{"_et_pb_use_builder":"on","_et_pb_old_content":"","_et_gb_content_width":"","ngg_post_thumbnail":0,"footnotes":""},"class_list":["post-10419","page","type-page","status-publish","hentry"],"rttpg_featured_image_url":null,"rttpg_author":{"display_name":"admin","author_link":"https:\/\/www.pedagogie.ac-nice.fr\/mathematiques\/author\/opilorget\/"},"rttpg_comment":0,"rttpg_category":null,"rttpg_excerpt":"Les labomaths[button link=\"https:\/\/www.pedagogie.ac-nice.fr\/mathematiques\/labomaths-quest-ce-que-cest\/\"] Un labomaths - qu'est-ce que c'est ?[\/button] [button link=\"https:\/\/www.pedagogie.ac-nice.fr\/mathematiques\/les-labomaths-cest-qui\/\"]Les labomaths - c'est qui ?[\/button] [button link=\"https:\/\/www.pedagogie.ac-nice.fr\/mathematiques\/laboratoires-et-clubs\/\/\/\"]Actualit\u00e9s des labomaths[\/button]Les clubs maths[button link=\"https:\/\/www.pedagogie.ac-nice.fr\/mathematiques\/les-clubs-mathematiques-quest-que-cest\/\"]Qu'est-ce que c'est ?[\/button] [button link=\"https:\/\/www.pedagogie.ac-nice.fr\/mathematiques\/les-clubmaths-cest-qui\/\"]C'est qui ?[\/button] [button link=\"https:\/\/www.pedagogie.ac-nice.fr\/mathematiques\/actualites-du-premier-semestre-des-clubs-de-maths-de-lacademie-janvier-2025\/\"]Actualit\u00e9s des clubs[\/button] [button link=\"https:\/\/www.pedagogie.ac-nice.fr\/mathematiques\/des-idees-pour-les-clubs-de-maths\/\"] Des id\u00e9es pour les clubs maths[\/button]Coll\u00e8ge Pierre de Coubertin, Le LucDans notre coll\u00e8ge depuis plusieurs ann\u00e9es les professeurs\u2026","post_mailing_queue_ids":[],"_links":{"self":[{"href":"https:\/\/www.pedagogie.ac-nice.fr\/mathematiques\/wp-json\/wp\/v2\/pages\/10419","targetHints":{"allow":["GET"]}}],"collection":[{"href":"https:\/\/www.pedagogie.ac-nice.fr\/mathematiques\/wp-json\/wp\/v2\/pages"}],"about":[{"href":"https:\/\/www.pedagogie.ac-nice.fr\/mathematiques\/wp-json\/wp\/v2\/types\/page"}],"author":[{"embeddable":true,"href":"https:\/\/www.pedagogie.ac-nice.fr\/mathematiques\/wp-json\/wp\/v2\/users\/202"}],"replies":[{"embeddable":true,"href":"https:\/\/www.pedagogie.ac-nice.fr\/mathematiques\/wp-json\/wp\/v2\/comments?post=10419"}],"version-history":[{"count":14,"href":"https:\/\/www.pedagogie.ac-nice.fr\/mathematiques\/wp-json\/wp\/v2\/pages\/10419\/revisions"}],"predecessor-version":[{"id":12219,"href":"https:\/\/www.pedagogie.ac-nice.fr\/mathematiques\/wp-json\/wp\/v2\/pages\/10419\/revisions\/12219"}],"wp:attachment":[{"href":"https:\/\/www.pedagogie.ac-nice.fr\/mathematiques\/wp-json\/wp\/v2\/media?parent=10419"}],"curies":[{"name":"wp","href":"https:\/\/api.w.org\/{rel}","templated":true}]}}