{"id":11162,"date":"2024-11-03T23:19:54","date_gmt":"2024-11-03T22:19:54","guid":{"rendered":"https:\/\/www.pedagogie.ac-nice.fr\/mathematiques\/?page_id=11162"},"modified":"2024-11-03T23:20:35","modified_gmt":"2024-11-03T22:20:35","slug":"temoignages-dactions-educfi-2022-2023-dans-lacademie-de-nice","status":"publish","type":"page","link":"https:\/\/www.pedagogie.ac-nice.fr\/mathematiques\/temoignages-dactions-educfi-2022-2023-dans-lacademie-de-nice\/","title":{"rendered":"T\u00e9moignages d\u2019actions EDUCFI 2022\/2023 dans l\u2019acad\u00e9mie de Nice"},"content":{"rendered":"<p>[et_pb_section fb_built=\u00a0\u00bb1&Prime; _builder_version=\u00a0\u00bb4.27.2&Prime; _module_preset=\u00a0\u00bbdefault\u00a0\u00bb global_colors_info=\u00a0\u00bb{}\u00a0\u00bb][et_pb_row _builder_version=\u00a0\u00bb4.16&Prime; _module_preset=\u00a0\u00bbdefault\u00a0\u00bb custom_margin=\u00a0\u00bb15px||||false|false\u00a0\u00bb locked=\u00a0\u00bboff\u00a0\u00bb global_colors_info=\u00a0\u00bb{}\u00a0\u00bb][et_pb_column type=\u00a0\u00bb4_4&Prime; _builder_version=\u00a0\u00bb4.16&Prime; _module_preset=\u00a0\u00bbdefault\u00a0\u00bb global_colors_info=\u00a0\u00bb{}\u00a0\u00bb][et_pb_text _builder_version=\u00a0\u00bb4.27.2&Prime; _module_preset=\u00a0\u00bbdefault\u00a0\u00bb text_font=\u00a0\u00bb|600|on|on|||||\u00a0\u00bb global_colors_info=\u00a0\u00bb{}\u00a0\u00bb]<\/p>\n<p><strong><span style=\"color: #000080; font-size: 14pt;\">\u21d2 Coll\u00e8ge Vernier<\/span><\/strong><\/p>\n<p>[\/et_pb_text][\/et_pb_column][\/et_pb_row][et_pb_row column_structure=\u00a0\u00bb2_3,1_3&Prime; _builder_version=\u00a0\u00bb4.16&Prime; _module_preset=\u00a0\u00bbdefault\u00a0\u00bb custom_margin=\u00a0\u00bb-10px||||false|false\u00a0\u00bb custom_padding=\u00a0\u00bb0px||||false|false\u00a0\u00bb locked=\u00a0\u00bboff\u00a0\u00bb global_colors_info=\u00a0\u00bb{}\u00a0\u00bb][et_pb_column type=\u00a0\u00bb2_3&Prime; _builder_version=\u00a0\u00bb4.16&Prime; _module_preset=\u00a0\u00bbdefault\u00a0\u00bb global_colors_info=\u00a0\u00bb{}\u00a0\u00bb][et_pb_text _builder_version=\u00a0\u00bb4.27.2&Prime; _module_preset=\u00a0\u00bbdefault\u00a0\u00bb global_colors_info=\u00a0\u00bb{}\u00a0\u00bb]<\/p>\n<p>F\u00e9licitations \u00e0 tous les \u00e9l\u00e8ves de 4\u00e8me 4 et 4\u00e8me 6, du coll\u00e8ge International Joseph VERNIER, qui ont obtenu le dipl\u00f4me EDUCFI, suite \u00e0 la formation financi\u00e8re et budg\u00e9taire donn\u00e9e par Mme Lorand conjointement avec la Banque de France, lors de la semaine des math\u00e9matiques en mars 2023.<\/p>\n<p>[\/et_pb_text][\/et_pb_column][et_pb_column type=\u00a0\u00bb1_3&Prime; _builder_version=\u00a0\u00bb4.16&Prime; _module_preset=\u00a0\u00bbdefault\u00a0\u00bb global_colors_info=\u00a0\u00bb{}\u00a0\u00bb][et_pb_image src=\u00a0\u00bbhttps:\/\/www.pedagogie.ac-nice.fr\/mathematiques\/wp-content\/uploads\/sites\/30\/2024\/02\/IMG_2590-1-scaled.jpeg\u00a0\u00bb title_text=\u00a0\u00bbIMG_2590&Prime; _builder_version=\u00a0\u00bb4.16&Prime; _module_preset=\u00a0\u00bbdefault\u00a0\u00bb global_colors_info=\u00a0\u00bb{}\u00a0\u00bb][\/et_pb_image][\/et_pb_column][\/et_pb_row][\/et_pb_section]<\/p>\n","protected":false},"excerpt":{"rendered":"<p>\u21d2 Coll\u00e8ge VernierF\u00e9licitations \u00e0 tous les \u00e9l\u00e8ves de 4\u00e8me 4 et 4\u00e8me 6, du coll\u00e8ge International Joseph VERNIER, qui ont obtenu le dipl\u00f4me EDUCFI, suite \u00e0 la formation financi\u00e8re et budg\u00e9taire donn\u00e9e par Mme Lorand conjointement avec la Banque de France, lors de la semaine des math\u00e9matiques en mars 2023.<\/p>\n","protected":false},"author":202,"featured_media":0,"parent":0,"menu_order":0,"comment_status":"closed","ping_status":"closed","template":"","meta":{"_et_pb_use_builder":"on","_et_pb_old_content":"","_et_gb_content_width":"","ngg_post_thumbnail":0,"footnotes":""},"class_list":["post-11162","page","type-page","status-publish","hentry"],"rttpg_featured_image_url":null,"rttpg_author":{"display_name":"admin","author_link":"https:\/\/www.pedagogie.ac-nice.fr\/mathematiques\/author\/opilorget\/"},"rttpg_comment":0,"rttpg_category":null,"rttpg_excerpt":"\u21d2 Coll\u00e8ge VernierF\u00e9licitations \u00e0 tous les \u00e9l\u00e8ves de 4\u00e8me 4 et 4\u00e8me 6, du coll\u00e8ge International Joseph VERNIER, qui ont obtenu le dipl\u00f4me EDUCFI, suite \u00e0 la formation financi\u00e8re et budg\u00e9taire donn\u00e9e par Mme Lorand conjointement avec la Banque de France, lors de la semaine des math\u00e9matiques en mars 2023.","post_mailing_queue_ids":[],"_links":{"self":[{"href":"https:\/\/www.pedagogie.ac-nice.fr\/mathematiques\/wp-json\/wp\/v2\/pages\/11162","targetHints":{"allow":["GET"]}}],"collection":[{"href":"https:\/\/www.pedagogie.ac-nice.fr\/mathematiques\/wp-json\/wp\/v2\/pages"}],"about":[{"href":"https:\/\/www.pedagogie.ac-nice.fr\/mathematiques\/wp-json\/wp\/v2\/types\/page"}],"author":[{"embeddable":true,"href":"https:\/\/www.pedagogie.ac-nice.fr\/mathematiques\/wp-json\/wp\/v2\/users\/202"}],"replies":[{"embeddable":true,"href":"https:\/\/www.pedagogie.ac-nice.fr\/mathematiques\/wp-json\/wp\/v2\/comments?post=11162"}],"version-history":[{"count":3,"href":"https:\/\/www.pedagogie.ac-nice.fr\/mathematiques\/wp-json\/wp\/v2\/pages\/11162\/revisions"}],"predecessor-version":[{"id":11167,"href":"https:\/\/www.pedagogie.ac-nice.fr\/mathematiques\/wp-json\/wp\/v2\/pages\/11162\/revisions\/11167"}],"wp:attachment":[{"href":"https:\/\/www.pedagogie.ac-nice.fr\/mathematiques\/wp-json\/wp\/v2\/media?parent=11162"}],"curies":[{"name":"wp","href":"https:\/\/api.w.org\/{rel}","templated":true}]}}