{"id":11606,"date":"2025-01-27T18:12:27","date_gmt":"2025-01-27T17:12:27","guid":{"rendered":"https:\/\/www.pedagogie.ac-nice.fr\/mathematiques\/?page_id=11606"},"modified":"2026-03-19T11:59:02","modified_gmt":"2026-03-19T10:59:02","slug":"actualites-du-premier-semestre-des-clubs-de-maths-de-lacademie-janvier-2025","status":"publish","type":"page","link":"https:\/\/www.pedagogie.ac-nice.fr\/mathematiques\/actualites-du-premier-semestre-des-clubs-de-maths-de-lacademie-janvier-2025\/","title":{"rendered":"Actualit\u00e9s du premier semestre des clubs de maths de l\u2019acad\u00e9mie \u2013 Janvier 2025"},"content":{"rendered":"<p>[et_pb_section fb_built=\u00a0\u00bb1&Prime; _builder_version=\u00a0\u00bb4.27.4&Prime; _module_preset=\u00a0\u00bbdefault\u00a0\u00bb global_colors_info=\u00a0\u00bb{}\u00a0\u00bb][et_pb_row column_structure=\u00a0\u00bb1_2,1_2&Prime; _builder_version=\u00a0\u00bb4.27.4&Prime; _module_preset=\u00a0\u00bbdefault\u00a0\u00bb background_color=\u00a0\u00bb#88C4DD\u00a0\u00bb width=\u00a0\u00bb95%\u00a0\u00bb custom_margin=\u00a0\u00bb-40px||||false|false\u00a0\u00bb custom_padding=\u00a0\u00bb10px|10px||10px|false|true\u00a0\u00bb animation_style=\u00a0\u00bbfade\u00a0\u00bb animation_delay=\u00a0\u00bb450ms\u00a0\u00bb animation_starting_opacity=\u00a0\u00bb33%\u00a0\u00bb border_radii=\u00a0\u00bbon|14px|14px|14px|14px\u00a0\u00bb locked=\u00a0\u00bboff\u00a0\u00bb global_colors_info=\u00a0\u00bb{}\u00a0\u00bb][et_pb_column type=\u00a0\u00bb1_2&Prime; _builder_version=\u00a0\u00bb4.27.4&Prime; _module_preset=\u00a0\u00bbdefault\u00a0\u00bb global_colors_info=\u00a0\u00bb{}\u00a0\u00bb][et_pb_text _builder_version=\u00a0\u00bb4.27.4&Prime; _module_preset=\u00a0\u00bbdefault\u00a0\u00bb border_color_all=\u00a0\u00bb#B3B3B3&Prime; global_colors_info=\u00a0\u00bb{}\u00a0\u00bb]<\/p>\n<pre style=\"text-align: center;\"><span style=\"color: #000080; font-size: 24pt;\">Les labomaths<\/span><\/pre>\n<p>[\/et_pb_text][et_pb_text _builder_version=\u00a0\u00bb4.27.4&Prime; _module_preset=\u00a0\u00bbdefault\u00a0\u00bb custom_margin=\u00a0\u00bb20px||||false|false\u00a0\u00bb global_colors_info=\u00a0\u00bb{}\u00a0\u00bb]<\/p>\n<pre style=\"text-align: center;\"><a href='https:\/\/www.pedagogie.ac-nice.fr\/mathematiques\/labomaths-quest-ce-que-cest\/' class='small-button smallblue'><span style=\"font-size: 12pt;\"><em>Un labomaths - qu'est-ce que c'est ?<\/em><\/span><\/a>\n<a href='https:\/\/www.pedagogie.ac-nice.fr\/mathematiques\/les-labomaths-cest-qui\/' class='small-button smallblue'><span style=\"font-size: 12pt;\"><em>Les labomaths - c'est qui ?<\/em><\/span><\/a>\n<a href='https:\/\/www.pedagogie.ac-nice.fr\/mathematiques\/laboratoires-et-clubs\/\/\/' class='small-button smallblue'><span style=\"font-size: 12pt;\"><em>Actualit\u00e9s des labomaths<\/em><\/span><\/a><\/pre>\n<p>[\/et_pb_text][\/et_pb_column][et_pb_column type=\u00a0\u00bb1_2&Prime; _builder_version=\u00a0\u00bb4.27.4&Prime; _module_preset=\u00a0\u00bbdefault\u00a0\u00bb global_colors_info=\u00a0\u00bb{}\u00a0\u00bb][et_pb_text _builder_version=\u00a0\u00bb4.27.4&Prime; _module_preset=\u00a0\u00bbdefault\u00a0\u00bb global_colors_info=\u00a0\u00bb{}\u00a0\u00bb]<\/p>\n<pre style=\"text-align: center;\"><span style=\"color: #000080; font-size: 24pt;\">Les clubs maths<\/span><\/pre>\n<p>[\/et_pb_text][et_pb_text _builder_version=\u00a0\u00bb4.27.4&Prime; _module_preset=\u00a0\u00bbdefault\u00a0\u00bb global_colors_info=\u00a0\u00bb{}\u00a0\u00bb]<\/p>\n<pre style=\"text-align: center;\"><a href='https:\/\/www.pedagogie.ac-nice.fr\/mathematiques\/les-clubs-mathematiques-quest-que-cest\/' class='small-button smallblue'><span style=\"font-size: 12pt;\"><em>Qu'est-ce que c'est ?<\/em><\/span><\/a>\n<a href='https:\/\/www.pedagogie.ac-nice.fr\/mathematiques\/les-clubmaths-cest-qui\/' class='small-button smallblue'><span style=\"font-size: 12pt;\"><em>C'est qui ?<\/em><\/span><\/a> <a href='https:\/\/www.pedagogie.ac-nice.fr\/mathematiques\/actualites-des-clubs-de-maths-de-lacademie\/' class='small-button smallblue'><span style=\"font-size: 12pt;\"><em>Actualit\u00e9s des clubs<\/em><\/span><\/a>\n<a href='https:\/\/www.pedagogie.ac-nice.fr\/mathematiques\/des-idees-pour-les-clubs-de-maths\/' class='small-button smallblue'><span style=\"font-size: 12pt;\"><em>Des id\u00e9es pour les clubs maths<\/em><\/span><\/a><\/pre>\n<p>[\/et_pb_text][\/et_pb_column][\/et_pb_row][et_pb_row _builder_version=\u00a0\u00bb4.27.4&Prime; _module_preset=\u00a0\u00bbdefault\u00a0\u00bb locked=\u00a0\u00bboff\u00a0\u00bb global_colors_info=\u00a0\u00bb{}\u00a0\u00bb][et_pb_column type=\u00a0\u00bb4_4&Prime; _builder_version=\u00a0\u00bb4.27.4&Prime; _module_preset=\u00a0\u00bbdefault\u00a0\u00bb global_colors_info=\u00a0\u00bb{}\u00a0\u00bb][et_pb_text _builder_version=\u00a0\u00bb4.27.4&Prime; _module_preset=\u00a0\u00bbdefault\u00a0\u00bb background_color=\u00a0\u00bb#0DA0C5&Prime; text_orientation=\u00a0\u00bbcenter\u00a0\u00bb max_width=\u00a0\u00bb80%\u00a0\u00bb module_alignment=\u00a0\u00bbcenter\u00a0\u00bb custom_margin=\u00a0\u00bb40px||40px||true|false\u00a0\u00bb border_radii=\u00a0\u00bbon|10px|10px|10px|10px\u00a0\u00bb border_width_all=\u00a0\u00bb1px\u00a0\u00bb border_color_all=\u00a0\u00bb#0C71C3&Prime; global_colors_info=\u00a0\u00bb{}\u00a0\u00bb]<\/p>\n<h2 style=\"text-align: center;\"><span style=\"font-size: 14pt; color: #000080;\">Actualit\u00e9s des clubs de math\u00e9matiques<\/span><\/h2>\n<p>[\/et_pb_text][et_pb_text _builder_version=\u00a0\u00bb4.27.4&Prime; _module_preset=\u00a0\u00bbdefault\u00a0\u00bb custom_margin=\u00a0\u00bb20px||||false|false\u00a0\u00bb global_colors_info=\u00a0\u00bb{}\u00a0\u00bb]<\/p>\n<p><span style=\"font-size: 14pt; color: #000080;\"><strong><em>Club de maths Matisse \u2013 Nice<\/em><\/strong><\/span><br \/>Les maths ont \u00e9t\u00e9 \u00e0 l\u2019honneur \u00e0 la rentr\u00e9e du coll\u00e8ge Matisse : un partenariat avec le Mathemarium a permis de faire d\u00e9couvrir ou red\u00e9couvrir les math\u00e9matiques \u00e0 tous et toutes !<\/p>\n<p>[\/et_pb_text][et_pb_image src=\u00a0\u00bbhttps:\/\/www.pedagogie.ac-nice.fr\/mathematiques\/wp-content\/uploads\/sites\/30\/2025\/01\/info_labo_club_janvier25211.jpg\u00a0\u00bb title_text=\u00a0\u00bbinfo_labo_club_janvier25211&Prime; align=\u00a0\u00bbcenter\u00a0\u00bb _builder_version=\u00a0\u00bb4.27.4&Prime; _module_preset=\u00a0\u00bbdefault\u00a0\u00bb max_width=\u00a0\u00bb50%\u00a0\u00bb border_width_all=\u00a0\u00bb1px\u00a0\u00bb border_color_all=\u00a0\u00bb#D6D6D6&Prime; global_colors_info=\u00a0\u00bb{}\u00a0\u00bb][\/et_pb_image][et_pb_text _builder_version=\u00a0\u00bb4.27.4&Prime; _module_preset=\u00a0\u00bbdefault\u00a0\u00bb global_colors_info=\u00a0\u00bb{}\u00a0\u00bb]<\/p>\n<p><span style=\"color: #000080;\"><em><strong><span style=\"font-size: 14pt;\">Club de maths Giono \u2013 Le Beausset<\/span><\/strong><\/em><\/span><\/p>\n<p>[\/et_pb_text][\/et_pb_column][\/et_pb_row][et_pb_row column_structure=\u00a0\u00bb2_5,3_5&Prime; _builder_version=\u00a0\u00bb4.27.4&Prime; _module_preset=\u00a0\u00bbdefault\u00a0\u00bb locked=\u00a0\u00bboff\u00a0\u00bb global_colors_info=\u00a0\u00bb{}\u00a0\u00bb][et_pb_column type=\u00a0\u00bb2_5&Prime; _builder_version=\u00a0\u00bb4.27.4&Prime; _module_preset=\u00a0\u00bbdefault\u00a0\u00bb global_colors_info=\u00a0\u00bb{}\u00a0\u00bb][et_pb_image src=\u00a0\u00bbhttps:\/\/www.pedagogie.ac-nice.fr\/mathematiques\/wp-content\/uploads\/sites\/30\/2025\/01\/info_labo_club_janvier25123.jpg\u00a0\u00bb title_text=\u00a0\u00bbinfo_labo_club_janvier25123&Prime; _builder_version=\u00a0\u00bb4.27.4&Prime; _module_preset=\u00a0\u00bbdefault\u00a0\u00bb global_colors_info=\u00a0\u00bb{}\u00a0\u00bb][\/et_pb_image][\/et_pb_column][et_pb_column type=\u00a0\u00bb3_5&Prime; _builder_version=\u00a0\u00bb4.27.4&Prime; _module_preset=\u00a0\u00bbdefault\u00a0\u00bb global_colors_info=\u00a0\u00bb{}\u00a0\u00bb][et_pb_text _builder_version=\u00a0\u00bb4.27.4&Prime; _module_preset=\u00a0\u00bbdefault\u00a0\u00bb custom_padding=\u00a0\u00bb30px||||false|false\u00a0\u00bb global_colors_info=\u00a0\u00bb{}\u00a0\u00bb]<\/p>\n<p>Toujours une belle dynamique au clubs de maths Giono : au programme pour finir en beaut\u00e9 la premi\u00e8re p\u00e9riode de l\u2019ann\u00e9e des origami de No\u00ebl, une vente des objets fabriqu\u00e9s \u00e0 l&rsquo;accueil du coll\u00e8ge avec un atelier EDD recyclage. Le montant r\u00e9colt\u00e9 servira au financement de la venue d&rsquo;une association dans le cadre d&rsquo;un projet EDD.<\/p>\n<p>[\/et_pb_text][\/et_pb_column][\/et_pb_row][et_pb_row _builder_version=\u00a0\u00bb4.27.4&Prime; _module_preset=\u00a0\u00bbdefault\u00a0\u00bb locked=\u00a0\u00bboff\u00a0\u00bb collapsed=\u00a0\u00bboff\u00a0\u00bb global_colors_info=\u00a0\u00bb{}\u00a0\u00bb][et_pb_column type=\u00a0\u00bb4_4&Prime; _builder_version=\u00a0\u00bb4.27.4&Prime; _module_preset=\u00a0\u00bbdefault\u00a0\u00bb global_colors_info=\u00a0\u00bb{}\u00a0\u00bb][et_pb_text _builder_version=\u00a0\u00bb4.27.4&Prime; _module_preset=\u00a0\u00bbdefault\u00a0\u00bb global_colors_info=\u00a0\u00bb{}\u00a0\u00bb]<\/p>\n<p><strong><em><span style=\"font-size: 14pt; color: #000080;\">Club de maths Jules Verne \u2013 Cagnes sur Mer<\/span><\/em><\/strong><br \/>Le club de maths au jardin bat son plein au coll\u00e8ge Jules Verne : des plantations, des \u00e9tudes de fractales et des arbres de Pythagore, des flocons de neige, la constitution d\u2019une grainoth\u00e8que. Une belle motivation de l\u2019ensemble des \u00e9l\u00e8ves ravis de faire des maths autrement !<\/p>\n<p>[\/et_pb_text][\/et_pb_column][\/et_pb_row][et_pb_row column_structure=\u00a0\u00bb1_3,1_3,1_3&Prime; _builder_version=\u00a0\u00bb4.27.4&Prime; _module_preset=\u00a0\u00bbdefault\u00a0\u00bb locked=\u00a0\u00bboff\u00a0\u00bb collapsed=\u00a0\u00bboff\u00a0\u00bb global_colors_info=\u00a0\u00bb{}\u00a0\u00bb][et_pb_column type=\u00a0\u00bb1_3&Prime; _builder_version=\u00a0\u00bb4.27.4&Prime; _module_preset=\u00a0\u00bbdefault\u00a0\u00bb global_colors_info=\u00a0\u00bb{}\u00a0\u00bb][et_pb_image src=\u00a0\u00bbhttps:\/\/www.pedagogie.ac-nice.fr\/mathematiques\/wp-content\/uploads\/sites\/30\/2025\/01\/info_labo_club_janvier25333.jpg\u00a0\u00bb title_text=\u00a0\u00bbinfo_labo_club_janvier25333&Prime; align=\u00a0\u00bbright\u00a0\u00bb _builder_version=\u00a0\u00bb4.27.4&Prime; _module_preset=\u00a0\u00bbdefault\u00a0\u00bb height=\u00a0\u00bb200px\u00a0\u00bb global_colors_info=\u00a0\u00bb{}\u00a0\u00bb][\/et_pb_image][\/et_pb_column][et_pb_column type=\u00a0\u00bb1_3&Prime; _builder_version=\u00a0\u00bb4.27.4&Prime; _module_preset=\u00a0\u00bbdefault\u00a0\u00bb global_colors_info=\u00a0\u00bb{}\u00a0\u00bb][et_pb_image src=\u00a0\u00bbhttps:\/\/www.pedagogie.ac-nice.fr\/mathematiques\/wp-content\/uploads\/sites\/30\/2025\/01\/info_labo_club_janvier25444.jpg\u00a0\u00bb title_text=\u00a0\u00bbinfo_labo_club_janvier25444&Prime; align=\u00a0\u00bbcenter\u00a0\u00bb _builder_version=\u00a0\u00bb4.27.4&Prime; _module_preset=\u00a0\u00bbdefault\u00a0\u00bb height=\u00a0\u00bb200px\u00a0\u00bb global_colors_info=\u00a0\u00bb{}\u00a0\u00bb][\/et_pb_image][\/et_pb_column][et_pb_column type=\u00a0\u00bb1_3&Prime; _builder_version=\u00a0\u00bb4.27.4&Prime; _module_preset=\u00a0\u00bbdefault\u00a0\u00bb global_colors_info=\u00a0\u00bb{}\u00a0\u00bb][et_pb_image src=\u00a0\u00bbhttps:\/\/www.pedagogie.ac-nice.fr\/mathematiques\/wp-content\/uploads\/sites\/30\/2025\/01\/info_labo_club_janvier25555.jpg\u00a0\u00bb title_text=\u00a0\u00bbinfo_labo_club_janvier25555&Prime; _builder_version=\u00a0\u00bb4.27.4&Prime; _module_preset=\u00a0\u00bbdefault\u00a0\u00bb height=\u00a0\u00bb200px\u00a0\u00bb global_colors_info=\u00a0\u00bb{}\u00a0\u00bb][\/et_pb_image][\/et_pb_column][\/et_pb_row][et_pb_row _builder_version=\u00a0\u00bb4.27.4&Prime; _module_preset=\u00a0\u00bbdefault\u00a0\u00bb locked=\u00a0\u00bboff\u00a0\u00bb collapsed=\u00a0\u00bboff\u00a0\u00bb global_colors_info=\u00a0\u00bb{}\u00a0\u00bb][et_pb_column type=\u00a0\u00bb4_4&Prime; _builder_version=\u00a0\u00bb4.27.4&Prime; _module_preset=\u00a0\u00bbdefault\u00a0\u00bb global_colors_info=\u00a0\u00bb{}\u00a0\u00bb][et_pb_text _builder_version=\u00a0\u00bb4.27.4&Prime; _module_preset=\u00a0\u00bbdefault\u00a0\u00bb global_colors_info=\u00a0\u00bb{}\u00a0\u00bb]<\/p>\n<p><span style=\"font-size: 14pt;\"><strong><em><span style=\"color: #000080;\">Club maths Marie Mauron &#8212; Fayence<\/span><\/em><\/strong><\/span><br \/>On se diversifie cette ann\u00e9e au club de maths Marie Mauron : deux clubs en lien avec les maths et la logique se mettent en place:<br \/>&#8211; un club math anim\u00e9 par Mme Ma\u00eetre dans le quel les \u00e9l\u00e8ves rel\u00e8veront le d\u00e9fi de cr\u00e9er leur propre escape game<br \/>&#8211; un club Jeux de soci\u00e9t\u00e9 ( logique et strat\u00e9gie ) anim\u00e9 par Mme Breyton, M Nicola\u00ef et d&rsquo;autres professeurs d&rsquo;autres mati\u00e8res qui aiment les jeux de soci\u00e9t\u00e9<\/p>\n<p>[\/et_pb_text][\/et_pb_column][\/et_pb_row][et_pb_row _builder_version=\u00a0\u00bb4.27.4&Prime; _module_preset=\u00a0\u00bbdefault\u00a0\u00bb locked=\u00a0\u00bboff\u00a0\u00bb global_colors_info=\u00a0\u00bb{}\u00a0\u00bb][et_pb_column type=\u00a0\u00bb4_4&Prime; _builder_version=\u00a0\u00bb4.16&Prime; _module_preset=\u00a0\u00bbdefault\u00a0\u00bb global_colors_info=\u00a0\u00bb{}\u00a0\u00bb][et_pb_button button_url=\u00a0\u00bbhttps:\/\/www.pedagogie.ac-nice.fr\/mathematiques\/actualites-des-clubs-maths\/\u00a0\u00bb button_text=\u00a0\u00bbLes actualit\u00e9s des clubs de maths &#8211; 2023\/2024&Prime; button_alignment=\u00a0\u00bbcenter\u00a0\u00bb _builder_version=\u00a0\u00bb4.27.4&Prime; _module_preset=\u00a0\u00bbdefault\u00a0\u00bb custom_button=\u00a0\u00bbon\u00a0\u00bb button_text_color=\u00a0\u00bb#0C71C3&Prime; custom_margin=\u00a0\u00bb10px||10px||true|false\u00a0\u00bb global_colors_info=\u00a0\u00bb{}\u00a0\u00bb][\/et_pb_button][\/et_pb_column][\/et_pb_row][\/et_pb_section]<\/p>\n","protected":false},"excerpt":{"rendered":"<p>Les labomaths<a href='https:\/\/www.pedagogie.ac-nice.fr\/mathematiques\/labomaths-quest-ce-que-cest\/' class='small-button smallblue'>Un labomaths &#8211; qu&rsquo;est-ce que c&rsquo;est ?<\/a> <a href='https:\/\/www.pedagogie.ac-nice.fr\/mathematiques\/les-labomaths-cest-qui\/' class='small-button smallblue'>Les labomaths &#8211; c&rsquo;est qui ?<\/a> <a href='https:\/\/www.pedagogie.ac-nice.fr\/mathematiques\/laboratoires-et-clubs\/\/\/' class='small-button smallblue'>Actualit\u00e9s des labomaths<\/a>Les clubs maths<a href='https:\/\/www.pedagogie.ac-nice.fr\/mathematiques\/les-clubs-mathematiques-quest-que-cest\/' class='small-button smallblue'>Qu&rsquo;est-ce que c&rsquo;est ?<\/a> <a href='https:\/\/www.pedagogie.ac-nice.fr\/mathematiques\/les-clubmaths-cest-qui\/' class='small-button smallblue'>C&rsquo;est qui ?<\/a> <a href='https:\/\/www.pedagogie.ac-nice.fr\/mathematiques\/actualites-des-clubs-de-maths-de-lacademie\/' class='small-button smallblue'>Actualit\u00e9s des clubs<\/a> <a href='https:\/\/www.pedagogie.ac-nice.fr\/mathematiques\/des-idees-pour-les-clubs-de-maths\/' class='small-button smallblue'>Des id\u00e9es pour les clubs maths<\/a>Actualit\u00e9s des clubs de math\u00e9matiquesClub de maths Matisse \u2013 NiceLes maths ont \u00e9t\u00e9 [&hellip;]<\/p>\n","protected":false},"author":202,"featured_media":0,"parent":0,"menu_order":0,"comment_status":"closed","ping_status":"closed","template":"","meta":{"_et_pb_use_builder":"on","_et_pb_old_content":"","_et_gb_content_width":"","ngg_post_thumbnail":0,"footnotes":""},"class_list":["post-11606","page","type-page","status-publish","hentry"],"rttpg_featured_image_url":null,"rttpg_author":{"display_name":"admin","author_link":"https:\/\/www.pedagogie.ac-nice.fr\/mathematiques\/author\/opilorget\/"},"rttpg_comment":0,"rttpg_category":null,"rttpg_excerpt":"Les labomaths[button link=\"https:\/\/www.pedagogie.ac-nice.fr\/mathematiques\/labomaths-quest-ce-que-cest\/\"] Un labomaths - qu'est-ce que c'est ?[\/button] [button link=\"https:\/\/www.pedagogie.ac-nice.fr\/mathematiques\/les-labomaths-cest-qui\/\"]Les labomaths - c'est qui ?[\/button] [button link=\"https:\/\/www.pedagogie.ac-nice.fr\/mathematiques\/laboratoires-et-clubs\/\/\/\"]Actualit\u00e9s des labomaths[\/button]Les clubs maths[button link=\"https:\/\/www.pedagogie.ac-nice.fr\/mathematiques\/les-clubs-mathematiques-quest-que-cest\/\"]Qu'est-ce que c'est ?[\/button] [button link=\"https:\/\/www.pedagogie.ac-nice.fr\/mathematiques\/les-clubmaths-cest-qui\/\"]C'est qui ?[\/button] [button link=\"https:\/\/www.pedagogie.ac-nice.fr\/mathematiques\/actualites-des-clubs-de-maths-de-lacademie\/\"]Actualit\u00e9s des clubs[\/button] [button link=\"https:\/\/www.pedagogie.ac-nice.fr\/mathematiques\/des-idees-pour-les-clubs-de-maths\/\"] Des id\u00e9es pour les clubs maths[\/button]Actualit\u00e9s des clubs de math\u00e9matiquesClub de maths Matisse \u2013 NiceLes maths ont \u00e9t\u00e9\u2026","post_mailing_queue_ids":[],"_links":{"self":[{"href":"https:\/\/www.pedagogie.ac-nice.fr\/mathematiques\/wp-json\/wp\/v2\/pages\/11606","targetHints":{"allow":["GET"]}}],"collection":[{"href":"https:\/\/www.pedagogie.ac-nice.fr\/mathematiques\/wp-json\/wp\/v2\/pages"}],"about":[{"href":"https:\/\/www.pedagogie.ac-nice.fr\/mathematiques\/wp-json\/wp\/v2\/types\/page"}],"author":[{"embeddable":true,"href":"https:\/\/www.pedagogie.ac-nice.fr\/mathematiques\/wp-json\/wp\/v2\/users\/202"}],"replies":[{"embeddable":true,"href":"https:\/\/www.pedagogie.ac-nice.fr\/mathematiques\/wp-json\/wp\/v2\/comments?post=11606"}],"version-history":[{"count":10,"href":"https:\/\/www.pedagogie.ac-nice.fr\/mathematiques\/wp-json\/wp\/v2\/pages\/11606\/revisions"}],"predecessor-version":[{"id":14085,"href":"https:\/\/www.pedagogie.ac-nice.fr\/mathematiques\/wp-json\/wp\/v2\/pages\/11606\/revisions\/14085"}],"wp:attachment":[{"href":"https:\/\/www.pedagogie.ac-nice.fr\/mathematiques\/wp-json\/wp\/v2\/media?parent=11606"}],"curies":[{"name":"wp","href":"https:\/\/api.w.org\/{rel}","templated":true}]}}