{"id":1204,"date":"2019-08-29T09:00:51","date_gmt":"2019-08-29T07:00:51","guid":{"rendered":"https:\/\/www.pedagogie.ac-nice.fr\/mathematiques\/?page_id=1204"},"modified":"2025-09-22T01:57:27","modified_gmt":"2025-09-21T23:57:27","slug":"bts","status":"publish","type":"page","link":"https:\/\/www.pedagogie.ac-nice.fr\/mathematiques\/bts\/","title":{"rendered":"BTS &#8211; Rentr\u00e9e 2025"},"content":{"rendered":"<p>[et_pb_section fb_built=\u00a0\u00bb1&Prime; _builder_version=\u00a0\u00bb4.16&Prime; custom_margin=\u00a0\u00bb-30px||||false|false\u00a0\u00bb global_colors_info=\u00a0\u00bb{}\u00a0\u00bb][et_pb_row _builder_version=\u00a0\u00bb4.27.0&Prime; _module_preset=\u00a0\u00bbdefault\u00a0\u00bb background_color=\u00a0\u00bb#0C71C3&Prime; global_colors_info=\u00a0\u00bb{}\u00a0\u00bb][et_pb_column type=\u00a0\u00bb4_4&Prime; _builder_version=\u00a0\u00bb4.16&Prime; _module_preset=\u00a0\u00bbdefault\u00a0\u00bb global_colors_info=\u00a0\u00bb{}\u00a0\u00bb][et_pb_text _builder_version=\u00a0\u00bb4.27.0&Prime; _module_preset=\u00a0\u00bbdefault\u00a0\u00bb custom_margin=\u00a0\u00bb-10px||-10px||true|false\u00a0\u00bb global_colors_info=\u00a0\u00bb{}\u00a0\u00bb]<\/p>\n<pre style=\"text-align: center;\"><span style=\"font-size: 14pt; color: #ffffff;\"><strong>Programmes et r\u00e9f\u00e9rentiels<\/strong><\/span><\/pre>\n<p>[\/et_pb_text][\/et_pb_column][\/et_pb_row][et_pb_row _builder_version=\u00a0\u00bb4.16&Prime; background_size=\u00a0\u00bbinitial\u00a0\u00bb background_position=\u00a0\u00bbtop_left\u00a0\u00bb background_repeat=\u00a0\u00bbrepeat\u00a0\u00bb custom_margin=\u00a0\u00bb||||false|false\u00a0\u00bb custom_padding=\u00a0\u00bb50px||||false|false\u00a0\u00bb locked=\u00a0\u00bboff\u00a0\u00bb global_colors_info=\u00a0\u00bb{}\u00a0\u00bb][et_pb_column type=\u00a0\u00bb4_4&Prime; _builder_version=\u00a0\u00bb4.16&Prime; custom_padding=\u00a0\u00bb|||\u00a0\u00bb global_colors_info=\u00a0\u00bb{}\u00a0\u00bb custom_padding__hover=\u00a0\u00bb|||\u00a0\u00bb][et_pb_text _builder_version=\u00a0\u00bb4.27.0&Prime; _module_preset=\u00a0\u00bbdefault\u00a0\u00bb global_colors_info=\u00a0\u00bb{}\u00a0\u00bb]<\/p>\n<h3><span style=\"font-size: 14pt; color: #000080;\">Pr\u00e9parer la transition de la terminale vers les STS<\/span><\/h3>\n<p>[\/et_pb_text][et_pb_text _builder_version=\u00a0\u00bb4.27.4&Prime; _module_preset=\u00a0\u00bbdefault\u00a0\u00bb global_colors_info=\u00a0\u00bb{}\u00a0\u00bb]<\/p>\n<p>Outre les <em><strong>nouveaux programmes<\/strong><\/em>, on pourra \u00e9galement consulter les vad\u00e9m\u00e9cums des mesures phares, dont celui sur <em><strong>la consolidation des acquis et l\u2019accompagnement personnalis\u00e9<\/strong><\/em>, ainsi que ceux des parcours de formation de l\u2019\u00e9l\u00e8ve, dont celui sur <em><strong>la pr\u00e9paration \u00e0 la poursuite d\u2019\u00e9tudes<\/strong><\/em> :<\/p>\n<p>[\/et_pb_text][\/et_pb_column][\/et_pb_row][et_pb_row column_structure=\u00a0\u00bb1_3,1_3,1_3&Prime; _builder_version=\u00a0\u00bb4.16&Prime; _module_preset=\u00a0\u00bbdefault\u00a0\u00bb locked=\u00a0\u00bboff\u00a0\u00bb global_colors_info=\u00a0\u00bb{}\u00a0\u00bb][et_pb_column type=\u00a0\u00bb1_3&Prime; _builder_version=\u00a0\u00bb4.16&Prime; _module_preset=\u00a0\u00bbdefault\u00a0\u00bb global_colors_info=\u00a0\u00bb{}\u00a0\u00bb][et_pb_image src=\u00a0\u00bbhttps:\/\/www.pedagogie.ac-nice.fr\/mathematiques\/wp-content\/uploads\/sites\/30\/2023\/10\/logo_eduscol-1-150&#215;49.jpg\u00a0\u00bb title_text=\u00a0\u00bblogo_eduscol\u00a0\u00bb align=\u00a0\u00bbcenter\u00a0\u00bb _builder_version=\u00a0\u00bb4.16&Prime; _module_preset=\u00a0\u00bbdefault\u00a0\u00bb min_height=\u00a0\u00bb50px\u00a0\u00bb global_colors_info=\u00a0\u00bb{}\u00a0\u00bb][\/et_pb_image][et_pb_text _builder_version=\u00a0\u00bb4.27.0&Prime; _module_preset=\u00a0\u00bbdefault\u00a0\u00bb global_colors_info=\u00a0\u00bb{}\u00a0\u00bb]<\/p>\n<ul>\n<li><a href=\"https:\/\/eduscol.education.fr\/1793\/programmes-et-ressources-en-mathematiques-voie-professionnelle\" target=\"_blank\" rel=\"noopener\">Les derniers programmes de math\u00e9matiques en vigueur en lyc\u00e9e professionnel <\/a><\/li>\n<li><a href=\"https:\/\/eduscol.education.fr\/1723\/programmes-et-ressources-en-mathematiques-voie-gt\" target=\"_blank\" rel=\"noopener\">Les derniers programmes de math\u00e9matiques en vigueur en lyc\u00e9e g\u00e9n\u00e9ral et technologique<\/a><\/li>\n<\/ul>\n<p>[\/et_pb_text][\/et_pb_column][et_pb_column type=\u00a0\u00bb1_3&Prime; _builder_version=\u00a0\u00bb4.16&Prime; _module_preset=\u00a0\u00bbdefault\u00a0\u00bb global_colors_info=\u00a0\u00bb{}\u00a0\u00bb][et_pb_text _builder_version=\u00a0\u00bb4.16&Prime; _module_preset=\u00a0\u00bbdefault\u00a0\u00bb module_alignment=\u00a0\u00bbcenter\u00a0\u00bb min_height=\u00a0\u00bb50px\u00a0\u00bb global_colors_info=\u00a0\u00bb{}\u00a0\u00bb]<\/p>\n<p style=\"text-align: center;\"><strong><a href=\"https:\/\/eduscol.education.fr\/document\/1911\/download\"><span style=\"color: #000080;\"><span style=\"font-size: 14pt;\"><span style=\"font-size: 12pt;\">La consolidation des acquis<\/span><\/span><\/span><\/a><\/strong><span style=\"color: #000080; font-size: 12pt;\"> <a style=\"color: #000080;\" href=\"https:\/\/eduscol.education.fr\/document\/1911\/download\" target=\"_blank\" rel=\"noopener\"><strong>et l\u2019accompagnement personnalis\u00e9<\/strong><\/a><\/span><\/p>\n<p>[\/et_pb_text][et_pb_image src=\u00a0\u00bbhttps:\/\/www.pedagogie.ac-nice.fr\/mathematiques\/wp-content\/uploads\/sites\/30\/2023\/11\/Vade-mecum-consolidation-et-AP-im_Page_01-106&#215;150.jpg\u00a0\u00bb title_text=\u00a0\u00bbVade-mecum consolidation et AP &#8211; im_Page_01&Prime; url=\u00a0\u00bbhttps:\/\/eduscol.education.fr\/document\/1911\/download\u00a0\u00bb align=\u00a0\u00bbcenter\u00a0\u00bb _builder_version=\u00a0\u00bb4.16&Prime; _module_preset=\u00a0\u00bbdefault\u00a0\u00bb custom_margin=\u00a0\u00bb||||false|false\u00a0\u00bb custom_padding=\u00a0\u00bb20px||||false|false\u00a0\u00bb global_colors_info=\u00a0\u00bb{}\u00a0\u00bb][\/et_pb_image][\/et_pb_column][et_pb_column type=\u00a0\u00bb1_3&Prime; _builder_version=\u00a0\u00bb4.16&Prime; _module_preset=\u00a0\u00bbdefault\u00a0\u00bb global_colors_info=\u00a0\u00bb{}\u00a0\u00bb][et_pb_text _builder_version=\u00a0\u00bb4.16&Prime; _module_preset=\u00a0\u00bbdefault\u00a0\u00bb module_alignment=\u00a0\u00bbcenter\u00a0\u00bb min_height=\u00a0\u00bb50px\u00a0\u00bb global_colors_info=\u00a0\u00bb{}\u00a0\u00bb]<\/p>\n<p style=\"text-align: center;\"><a href=\"https:\/\/eduscol.education.fr\/document\/1926\/download\" target=\"_blank\" rel=\"noopener\"><strong><span style=\"color: #000080;\"><span style=\"font-size: 14pt;\"><span style=\"font-size: 12pt;\">La pr\u00e9paration \u00e0 la poursuite d\u2019\u00e9tudes<\/span><\/span><\/span><\/strong><\/a><\/p>\n<p>[\/et_pb_text][et_pb_image src=\u00a0\u00bbhttps:\/\/www.pedagogie.ac-nice.fr\/mathematiques\/wp-content\/uploads\/sites\/30\/2023\/11\/A9ldpmez_1m9qtxw_b9g-106&#215;150.jpg\u00a0\u00bb title_text=\u00a0\u00bbA9ldpmez_1m9qtxw_b9g\u00a0\u00bb url=\u00a0\u00bbhttps:\/\/eduscol.education.fr\/document\/1926\/download\u00a0\u00bb align=\u00a0\u00bbcenter\u00a0\u00bb _builder_version=\u00a0\u00bb4.16&Prime; _module_preset=\u00a0\u00bbdefault\u00a0\u00bb custom_margin=\u00a0\u00bb||||false|false\u00a0\u00bb custom_padding=\u00a0\u00bb20px||||false|false\u00a0\u00bb global_colors_info=\u00a0\u00bb{}\u00a0\u00bb][\/et_pb_image][\/et_pb_column][\/et_pb_row][et_pb_row _builder_version=\u00a0\u00bb4.27.4&Prime; _module_preset=\u00a0\u00bbdefault\u00a0\u00bb global_colors_info=\u00a0\u00bb{}\u00a0\u00bb][et_pb_column type=\u00a0\u00bb4_4&Prime; _builder_version=\u00a0\u00bb4.27.4&Prime; _module_preset=\u00a0\u00bbdefault\u00a0\u00bb global_colors_info=\u00a0\u00bb{}\u00a0\u00bb][et_pb_text _builder_version=\u00a0\u00bb4.27.4&Prime; _module_preset=\u00a0\u00bbdefault\u00a0\u00bb hover_enabled=\u00a0\u00bb0&Prime; global_colors_info=\u00a0\u00bb{}\u00a0\u00bb sticky_enabled=\u00a0\u00bb0&Prime;]<\/p>\n<p>La r\u00e9forme des lyc\u00e9es professionnels a int\u00e9gr\u00e9 <strong>l\u2019accompagnement des \u00e9l\u00e8ves dans la ma\u00eetrise des savoirs fondamentaux<\/strong> au sein des cours ordinaires, gr\u00e2ce \u00e0 la mise en place de <strong>groupes \u00e0 effectifs r\u00e9duits en fran\u00e7ais et en math\u00e9matiques en 2de et 1re professionnelles<\/strong>. Les modalit\u00e9s p\u00e9dagogiques associ\u00e9es \u00e0 ce dispositif sont d\u00e9taill\u00e9es sur <a href=\"https:\/\/eduscol.education.fr\/4023\/les-savoirs-fondamentaux-au-lycee-professionnel\">une page d\u00e9di\u00e9e du site Eduscol<\/a>.<\/p>\n<p><strong>En terminale et post-bac<\/strong>, deux mesures visant \u00e0 mieux garantir une poursuite d\u2019\u00e9tudes r\u00e9ussie des bacheliers professionnels en BTS ont vu le jour \u00e0 la derni\u00e8re rentr\u00e9e 2024 :<\/p>\n<ul>\n<li><strong>un parcours diff\u00e9renci\u00e9 de pr\u00e9paration \u00e0 la poursuite d\u2019\u00e9tudes sup\u00e9rieures<\/strong> am\u00e9nag\u00e9 de la mi-mai \u00e0 d\u00e9but juillet de l\u2019ann\u00e9e de terminale professionnelle. On pourra se r\u00e9f\u00e9rer au <a href=\"https:\/\/www.education.gouv.fr\/bo\/2024\/Hebdo11\/MENE2404141N\">BO du 14 mars 2024<\/a> ainsi qu\u2019au document ressource sp\u00e9cifique aux math\u00e9matiques \u00ab\u00a0<a href=\"https:\/\/www.pedagogie.ac-nice.fr\/mathematiques\/wp-content\/uploads\/sites\/30\/2025\/09\/Attendus-EG-en-BTS-Maths.pdf\">Attendus en BTS pour les enseignements g\u00e9n\u00e9raux et pr\u00e9conisations<\/a>\u00ab\u00a0.<\/li>\n<li><strong>un parcours de consolidation en premi\u00e8re ann\u00e9e de BTS pour les \u00e9tudiants qui en auraient besoin<\/strong>. On pourra trouver des informations <a href=\"https:\/\/voie-professionnelle.ac-versailles.fr\/parcours-de-consolidation-en-bts\">ici<\/a>.<\/li>\n<\/ul>\n<p>[\/et_pb_text][\/et_pb_column][\/et_pb_row][et_pb_row _builder_version=\u00a0\u00bb4.16&Prime; _module_preset=\u00a0\u00bbdefault\u00a0\u00bb global_colors_info=\u00a0\u00bb{}\u00a0\u00bb][et_pb_column type=\u00a0\u00bb4_4&Prime; _builder_version=\u00a0\u00bb4.16&Prime; _module_preset=\u00a0\u00bbdefault\u00a0\u00bb global_colors_info=\u00a0\u00bb{}\u00a0\u00bb][et_pb_text _builder_version=\u00a0\u00bb4.27.4&Prime; _module_preset=\u00a0\u00bbdefault\u00a0\u00bb global_colors_info=\u00a0\u00bb{}\u00a0\u00bb]<\/p>\n<h3><strong><span style=\"color: #000080;\">Le cadre g\u00e9n\u00e9ral des programmes de BTS<\/span><\/strong><\/h3>\n<p>Le site internet de la <a href=\"https:\/\/enqdip.sup.adc.education.fr\/bts\/index.htm\" target=\"_blank\" rel=\"noopener\">Direction g\u00e9n\u00e9rale de l\u2019enseignement sup\u00e9rieur et de l\u2019insertion professionnelle (DGESIP)<\/a> a \u00e9t\u00e9 refondu il y a six ans et est, depuis lors, r\u00e9guli\u00e8rement mis \u00e0 jour ; il contient les r\u00e9f\u00e9rentiels de tous les BTS.<\/p>\n<p><a href=\"https:\/\/enqdip.sup.adc.education.fr\/bts\/referentiel\/BTS_ProgrammeMathematiques.pdf\" target=\"_blank\" rel=\"noopener\">L\u2019arr\u00eat\u00e9 du 4 juin 2013<\/a> fixant les objectifs, contenus de l\u2019enseignement et r\u00e9f\u00e9rentiel des capacit\u00e9s du domaine des math\u00e9matiques pour le brevet de technicien sup\u00e9rieur. Les modules \u00e9crits depuis cette date n\u2019y sont pas encore d\u00e9pos\u00e9s. Bon nombre d\u2019entre eux sont disponibles ci-dessous :<\/p>\n<p>&nbsp;&nbsp;&nbsp;&nbsp;&nbsp;&nbsp;&nbsp;&nbsp; &#8211; <a href=\"https:\/\/www.pedagogie.ac-nice.fr\/mathematiques\/wp-content\/uploads\/sites\/30\/2023\/11\/ModuleCourbesPlanes.pdf\" target=\"_blank\" rel=\"noopener\">Module Courbes Planes<\/a><br \/>&nbsp; &nbsp; &nbsp; &nbsp;&nbsp; &#8211; <a href=\"https:\/\/www.pedagogie.ac-nice.fr\/mathematiques\/wp-content\/uploads\/sites\/30\/2023\/11\/ModuleCalculNumeration.pdf\" target=\"_blank\" rel=\"noopener\">Module Calcul et Numeration<\/a><br \/>&nbsp; &nbsp; &nbsp; &nbsp;&nbsp; &#8211; <a href=\"https:\/\/www.pedagogie.ac-nice.fr\/mathematiques\/wp-content\/uploads\/sites\/30\/2023\/11\/ModuleElementsAlgorithmiqueProgrammation.pdf\" target=\"_blank\" rel=\"noopener\">Module Elements Algorithmique Programmation<\/a><br \/>&nbsp; &nbsp; &nbsp; &nbsp;&nbsp; &#8211; <a href=\"https:\/\/www.pedagogie.ac-nice.fr\/mathematiques\/wp-content\/uploads\/sites\/30\/2023\/11\/ModuleFonctionsModelisationGeometrique.pdf\" target=\"_blank\" rel=\"noopener\">Module Fonctions Modelisation Geometrique<\/a><br \/>&nbsp;&nbsp;&nbsp;&nbsp;&nbsp;&nbsp;&nbsp;&nbsp; &#8211; <a href=\"https:\/\/www.pedagogie.ac-nice.fr\/mathematiques\/wp-content\/uploads\/sites\/30\/2023\/11\/ModuleIntroductionBasesDonnees.pdf\" target=\"_blank\" rel=\"noopener\">Module Introduction Bases Donn\u00e9es<\/a><br \/>&nbsp; &nbsp; &nbsp; &nbsp;&nbsp; &#8211; <a href=\"https:\/\/www.pedagogie.ac-nice.fr\/mathematiques\/wp-content\/uploads\/sites\/30\/2023\/11\/ModuleGeometrie2D.pdf\" target=\"_blank\" rel=\"noopener\">Module Geometrie 2D<\/a><br \/>&nbsp;&nbsp;&nbsp;&nbsp;&nbsp;&nbsp;&nbsp;&nbsp; &#8211; <a href=\"https:\/\/www.pedagogie.ac-nice.fr\/mathematiques\/wp-content\/uploads\/sites\/30\/2023\/11\/ModuleGeometrie3D.pdf\" target=\"_blank\" rel=\"noopener\">Module Geometrie 3D<\/a><br \/>&nbsp;&nbsp;&nbsp;&nbsp;&nbsp;&nbsp;&nbsp;&nbsp; &#8211; <a href=\"https:\/\/www.pedagogie.ac-nice.fr\/mathematiques\/wp-content\/uploads\/sites\/30\/2023\/11\/ModuleTFD.pdf\" target=\"_blank\" rel=\"noopener\">Module Transform\u00e9e de Fourier Discr\u00e8te<\/a><\/p>\n<p>[\/et_pb_text][\/et_pb_column][\/et_pb_row][et_pb_row _builder_version=\u00a0\u00bb4.16&Prime; _module_preset=\u00a0\u00bbdefault\u00a0\u00bb global_colors_info=\u00a0\u00bb{}\u00a0\u00bb][et_pb_column type=\u00a0\u00bb4_4&Prime; _builder_version=\u00a0\u00bb4.16&Prime; _module_preset=\u00a0\u00bbdefault\u00a0\u00bb global_colors_info=\u00a0\u00bb{}\u00a0\u00bb][et_pb_text _builder_version=\u00a0\u00bb4.27.4&Prime; _module_preset=\u00a0\u00bbdefault\u00a0\u00bb custom_margin=\u00a0\u00bb||-20px||false|false\u00a0\u00bb global_colors_info=\u00a0\u00bb{}\u00a0\u00bb]<\/p>\n<h3><span style=\"color: #000080;\">Le point sur les math\u00e9matiques dans les BTS \u00e0 la rentr\u00e9e 2025<\/span><\/h3>\n<p>[\/et_pb_text][\/et_pb_column][\/et_pb_row][et_pb_row column_structure=\u00a0\u00bb1_3,2_3&Prime; _builder_version=\u00a0\u00bb4.16&Prime; _module_preset=\u00a0\u00bbdefault\u00a0\u00bb locked=\u00a0\u00bboff\u00a0\u00bb global_colors_info=\u00a0\u00bb{}\u00a0\u00bb][et_pb_column type=\u00a0\u00bb1_3&Prime; _builder_version=\u00a0\u00bb4.16&Prime; _module_preset=\u00a0\u00bbdefault\u00a0\u00bb global_colors_info=\u00a0\u00bb{}\u00a0\u00bb][et_pb_image src=\u00a0\u00bbhttps:\/\/www.pedagogie.ac-nice.fr\/mathematiques\/wp-content\/uploads\/sites\/30\/2025\/09\/pdg_Lettre-BTS-maths-rentree-2018-Lettre_BTS_igesr_math_rentree_2025-2026_v5.jpg\u00a0\u00bb title_text=\u00a0\u00bbpdg_Lettre BTS maths &#8211; rentr\u00e9e 2018 &#8211; Lettre_BTS_igesr_math_rentree_2025-2026_v5&Prime; url=\u00a0\u00bbhttps:\/\/www.pedagogie.ac-nice.fr\/mathematiques\/wp-content\/uploads\/sites\/30\/2025\/09\/Lettre_BTS_igesr_math_rentree_2025-2026_v5.pdf\u00a0\u00bb align=\u00a0\u00bbcenter\u00a0\u00bb _builder_version=\u00a0\u00bb4.27.4&Prime; _module_preset=\u00a0\u00bbdefault\u00a0\u00bb width=\u00a0\u00bb80%\u00a0\u00bb custom_margin=\u00a0\u00bb15px||||false|false\u00a0\u00bb border_radii=\u00a0\u00bbon|15px|15px|15px|15px\u00a0\u00bb border_width_all=\u00a0\u00bb1px\u00a0\u00bb border_color_all=\u00a0\u00bb#0C71C3&Prime; global_colors_info=\u00a0\u00bb{}\u00a0\u00bb][\/et_pb_image][\/et_pb_column][et_pb_column type=\u00a0\u00bb2_3&Prime; _builder_version=\u00a0\u00bb4.16&Prime; _module_preset=\u00a0\u00bbdefault\u00a0\u00bb global_colors_info=\u00a0\u00bb{}\u00a0\u00bb][et_pb_text _builder_version=\u00a0\u00bb4.27.4&Prime; _module_preset=\u00a0\u00bbdefault\u00a0\u00bb global_colors_info=\u00a0\u00bb{}\u00a0\u00bb]<\/p>\n<p><span style=\"color: #000080; font-size: 14pt;\"><strong>Vous trouverez dans cette lettre de rentr\u00e9e des informations, entre autres, sur :<\/strong><\/span><\/p>\n<ul>\n<li>Les programmes et les horaires<\/li>\n<li>La certification : \u00e9preuves ponctuelles (\u00e9crites ou orales), groupements<\/li>\n<li>La certification : les CCF<\/li>\n<li>Session de rattrapage (\u00e9preuves aussi dites de contr\u00f4le)<\/li>\n<li>La liste des contributeurs \u00e0 la lettre des BTS<\/li>\n<li>Annexe : tableau des modules et modalit\u00e9s de passation<\/li>\n<\/ul>\n<p><a href=\"https:\/\/www.pedagogie.ac-nice.fr\/mathematiques\/wp-content\/uploads\/sites\/30\/2025\/09\/Lettre_BTS_igesr_math_rentree_2025-2026_v5.pdf\"><em>t\u00e9l\u00e9charger la lettre de rentr\u00e9e 2025<\/em><\/a><\/p>\n<p>[\/et_pb_text][\/et_pb_column][\/et_pb_row][et_pb_row _builder_version=\u00a0\u00bb4.16&Prime; _module_preset=\u00a0\u00bbdefault\u00a0\u00bb global_colors_info=\u00a0\u00bb{}\u00a0\u00bb][et_pb_column type=\u00a0\u00bb4_4&Prime; _builder_version=\u00a0\u00bb4.16&Prime; _module_preset=\u00a0\u00bbdefault\u00a0\u00bb global_colors_info=\u00a0\u00bb{}\u00a0\u00bb][et_pb_text _builder_version=\u00a0\u00bb4.16&Prime; _module_preset=\u00a0\u00bbdefault\u00a0\u00bb global_colors_info=\u00a0\u00bb{}\u00a0\u00bb][\/et_pb_text][\/et_pb_column][\/et_pb_row][et_pb_row _builder_version=\u00a0\u00bb4.16&Prime; _module_preset=\u00a0\u00bbdefault\u00a0\u00bb global_colors_info=\u00a0\u00bb{}\u00a0\u00bb][et_pb_column type=\u00a0\u00bb4_4&Prime; _builder_version=\u00a0\u00bb4.16&Prime; _module_preset=\u00a0\u00bbdefault\u00a0\u00bb global_colors_info=\u00a0\u00bb{}\u00a0\u00bb][et_pb_text _builder_version=\u00a0\u00bb4.27.0&Prime; _module_preset=\u00a0\u00bbdefault\u00a0\u00bb background_color=\u00a0\u00bb#0C71C3&Prime; box_shadow_style=\u00a0\u00bbpreset1&Prime; global_colors_info=\u00a0\u00bb{}\u00a0\u00bb]<\/p>\n<pre style=\"text-align: center;\"><span style=\"font-size: 14pt; color: #ffffff;\"><strong>La certification : le Contr\u00f4le en Cours de Formation (CCF)<\/strong><\/span><\/pre>\n<p>[\/et_pb_text][\/et_pb_column][\/et_pb_row][et_pb_row _builder_version=\u00a0\u00bb4.16&Prime; _module_preset=\u00a0\u00bbdefault\u00a0\u00bb global_colors_info=\u00a0\u00bb{}\u00a0\u00bb][et_pb_column type=\u00a0\u00bb4_4&Prime; _builder_version=\u00a0\u00bb4.16&Prime; _module_preset=\u00a0\u00bbdefault\u00a0\u00bb global_colors_info=\u00a0\u00bb{}\u00a0\u00bb][et_pb_text _builder_version=\u00a0\u00bb4.27.0&Prime; _module_preset=\u00a0\u00bbdefault\u00a0\u00bb global_colors_info=\u00a0\u00bb{}\u00a0\u00bb]<\/p>\n<p>Le CCF comporte deux situations d\u2019\u00e9valuation, l\u2019une avant la fin de la premi\u00e8re ann\u00e9e (avec, en pratique, une tol\u00e9rance jusqu\u2019au premier trimestre de la deuxi\u00e8me ann\u00e9e dans les situations particuli\u00e8res, cas d\u2019un redoublement de la deuxi\u00e8me ann\u00e9e notamment), l\u2019autre \u00e0 la suite, dans le courant de la seconde ann\u00e9e. Chaque situation dure en g\u00e9n\u00e9ral 55 minutes, est associ\u00e9e \u00e0 des modules sp\u00e9cifiques du programme et comporte un ou deux exercices dont l\u2019un, au moins, doit n\u00e9cessiter l\u2019utilisation d\u2019un logiciel.<\/p>\n<ul style=\"list-style-type: disc;\">\n<li>Le site \u00c9duscol aborde la question du <a href=\"https:\/\/eduscol.education.fr\/785\/controle-en-cours-de-formation\" target=\"_blank\" rel=\"noopener\">Contr\u00f4le en Cours de Formation<\/a><\/li>\n<li>Des compl\u00e9ments sp\u00e9cifiques \u00e0 la discipline et aux BTS dans <a href=\"https:\/\/www.pedagogie.ac-nice.fr\/mathematiques\/wp-content\/uploads\/sites\/30\/2024\/10\/Lettre_BTS_igesr_math_rentree_2024-2025.pdf\" target=\"_blank\" rel=\"noopener\">la lettre de rentr\u00e9e 2024 de l&rsquo;IGESR<\/a><\/li>\n<\/ul>\n<p>[\/et_pb_text][\/et_pb_column][\/et_pb_row][\/et_pb_section]<\/p>\n","protected":false},"excerpt":{"rendered":"<p>Programmes et r\u00e9f\u00e9rentielsPr\u00e9parer la transition de la terminale vers les STSOutre les nouveaux programmes, on pourra \u00e9galement consulter les vad\u00e9m\u00e9cums des mesures phares, dont celui sur la consolidation des acquis et l\u2019accompagnement personnalis\u00e9, ainsi que ceux des parcours de formation de l\u2019\u00e9l\u00e8ve, dont celui sur la pr\u00e9paration \u00e0 la poursuite d\u2019\u00e9tudes : Les derniers programmes [&hellip;]<\/p>\n","protected":false},"author":202,"featured_media":0,"parent":0,"menu_order":0,"comment_status":"closed","ping_status":"closed","template":"","meta":{"_et_pb_use_builder":"on","_et_pb_old_content":"<p><span style=\"font-size: 14pt;\"><strong>Programmes et r\u00e9f\u00e9rentiels<\/strong><\/span><\/p><ul><li><span style=\"font-size: 12pt;\">R\u00e9f\u00e9rentiels sur le site de la <a href=\"https:\/\/www.sup.adc.education.fr\/btslst\/\" target=\"_blank\" rel=\"noopener noreferrer\">DGESIP<\/a><\/span><br><span style=\"font-size: 10pt;\">Direction Ge\u0301ne\u0301rale de l\u2019Enseignement Supe\u0301rieur et de l\u2019Insertion Professionnelle<\/span><\/li><\/ul><p>\u00a0<\/p><ul><li><span style=\"font-size: 12pt;\">Le point sur les math\u00e9matiques dans les BTS \u00e0 la rentr\u00e9e 2018 : <a href=\"https:\/\/ent2d.ac-bordeaux.fr\/disciplines\/mathematiques\/wp-content\/uploads\/sites\/3\/2018\/11\/Lettre_BTS_maths_2018.pdf\" target=\"_blank\" rel=\"noopener noreferrer\">IGEN<\/a>\uf0a7\u00a0<\/span><\/li><\/ul><p>\u00a0<\/p><p><span style=\"font-size: 14pt;\"><strong>Contr\u00f4le en cours de formation (CCF)<\/strong><\/span><\/p><ul><li><span style=\"font-size: 12pt;\"><a href=\"http:\/\/cache.media.eduscol.education.fr\/file\/BTS\/93\/3\/Mathematiques_dans_les_BTS_-_Accompagnement_du_controle_en_cours_de_formation_-_rentree_2016_621933.pdf\" target=\"_blank\" rel=\"noopener noreferrer\">Math\u00e9matiques dans les BTS<\/a> : Accompagnement du contr\u00f4le en cours de formation (Eduscol - rentr\u00e9e 2016)<\/span><\/li><\/ul><p>\u00a0<\/p><p><span style=\"font-size: 14pt;\"><strong>Ressources<\/strong><\/span><\/p><ul><li><span style=\"font-size: 12pt;\">Page <a href=\"http:\/\/eduscol.education.fr\/cid96077\/mathematiques-pour-le-superieur.html\" target=\"_blank\" rel=\"noopener noreferrer\">Eduscol<\/a> sur les BTS, regroupant les derniers textes et ressources officiels<\/span><\/li><\/ul><p>\u00a0<\/p>","_et_gb_content_width":"","ngg_post_thumbnail":0,"footnotes":""},"class_list":["post-1204","page","type-page","status-publish","hentry"],"rttpg_featured_image_url":null,"rttpg_author":{"display_name":"admin","author_link":"https:\/\/www.pedagogie.ac-nice.fr\/mathematiques\/author\/opilorget\/"},"rttpg_comment":0,"rttpg_category":null,"rttpg_excerpt":"Programmes et r\u00e9f\u00e9rentielsPr\u00e9parer la transition de la terminale vers les STSOutre les nouveaux programmes, on pourra \u00e9galement consulter les vad\u00e9m\u00e9cums des mesures phares, dont celui sur la consolidation des acquis et l\u2019accompagnement personnalis\u00e9, ainsi que ceux des parcours de formation de l\u2019\u00e9l\u00e8ve, dont celui sur la pr\u00e9paration \u00e0 la poursuite d\u2019\u00e9tudes : Les derniers programmes\u2026","post_mailing_queue_ids":[],"_links":{"self":[{"href":"https:\/\/www.pedagogie.ac-nice.fr\/mathematiques\/wp-json\/wp\/v2\/pages\/1204","targetHints":{"allow":["GET"]}}],"collection":[{"href":"https:\/\/www.pedagogie.ac-nice.fr\/mathematiques\/wp-json\/wp\/v2\/pages"}],"about":[{"href":"https:\/\/www.pedagogie.ac-nice.fr\/mathematiques\/wp-json\/wp\/v2\/types\/page"}],"author":[{"embeddable":true,"href":"https:\/\/www.pedagogie.ac-nice.fr\/mathematiques\/wp-json\/wp\/v2\/users\/202"}],"replies":[{"embeddable":true,"href":"https:\/\/www.pedagogie.ac-nice.fr\/mathematiques\/wp-json\/wp\/v2\/comments?post=1204"}],"version-history":[{"count":55,"href":"https:\/\/www.pedagogie.ac-nice.fr\/mathematiques\/wp-json\/wp\/v2\/pages\/1204\/revisions"}],"predecessor-version":[{"id":12981,"href":"https:\/\/www.pedagogie.ac-nice.fr\/mathematiques\/wp-json\/wp\/v2\/pages\/1204\/revisions\/12981"}],"wp:attachment":[{"href":"https:\/\/www.pedagogie.ac-nice.fr\/mathematiques\/wp-json\/wp\/v2\/media?parent=1204"}],"curies":[{"name":"wp","href":"https:\/\/api.w.org\/{rel}","templated":true}]}}