{"id":12984,"date":"2025-09-22T12:32:28","date_gmt":"2025-09-22T10:32:28","guid":{"rendered":"https:\/\/www.pedagogie.ac-nice.fr\/mathematiques\/?page_id=12984"},"modified":"2025-12-07T11:02:44","modified_gmt":"2025-12-07T10:02:44","slug":"dnb-2026","status":"publish","type":"page","link":"https:\/\/www.pedagogie.ac-nice.fr\/mathematiques\/dnb-2026\/","title":{"rendered":"DNB &#8211; Session 2026"},"content":{"rendered":"<p>[et_pb_section fb_built=\u00a0\u00bb1&Prime; _builder_version=\u00a0\u00bb4.27.4&Prime; _module_preset=\u00a0\u00bbdefault\u00a0\u00bb background_color=\u00a0\u00bb#88C4DD\u00a0\u00bb custom_margin=\u00a0\u00bb|30px||30px|false|true\u00a0\u00bb custom_padding=\u00a0\u00bb0px|||0px|false|false\u00a0\u00bb global_colors_info=\u00a0\u00bb{}\u00a0\u00bb][et_pb_row _builder_version=\u00a0\u00bb4.27.4&Prime; _module_preset=\u00a0\u00bbdefault\u00a0\u00bb global_colors_info=\u00a0\u00bb{}\u00a0\u00bb][et_pb_column type=\u00a0\u00bb4_4&Prime; _builder_version=\u00a0\u00bb4.27.4&Prime; _module_preset=\u00a0\u00bbdefault\u00a0\u00bb global_colors_info=\u00a0\u00bb{}\u00a0\u00bb][et_pb_text _builder_version=\u00a0\u00bb4.27.4&Prime; _module_preset=\u00a0\u00bbdefault\u00a0\u00bb global_colors_info=\u00a0\u00bb{}\u00a0\u00bb]<\/p>\n<p style=\"text-align: center;\"><span style=\"color: #0000ff;\"><strong><span style=\"font-size: 14pt;\"><em>maj : d\u00e9cembre 2025<\/em><\/span><\/strong><\/span><\/p>\n<p>[\/et_pb_text][\/et_pb_column][\/et_pb_row][et_pb_row column_structure=\u00a0\u00bb1_2,1_2&Prime; _builder_version=\u00a0\u00bb4.27.4&Prime; _module_preset=\u00a0\u00bbdefault\u00a0\u00bb custom_margin=\u00a0\u00bb||-30px||false|false\u00a0\u00bb global_colors_info=\u00a0\u00bb{}\u00a0\u00bb][et_pb_column type=\u00a0\u00bb1_2&Prime; _builder_version=\u00a0\u00bb4.27.4&Prime; _module_preset=\u00a0\u00bbdefault\u00a0\u00bb border_radii=\u00a0\u00bbon|10px|10px|10px|10px\u00a0\u00bb border_width_all=\u00a0\u00bb1px\u00a0\u00bb border_color_all=\u00a0\u00bb#0C71C3&Prime; global_colors_info=\u00a0\u00bb{}\u00a0\u00bb][et_pb_text _builder_version=\u00a0\u00bb4.27.4&Prime; _module_preset=\u00a0\u00bbdefault\u00a0\u00bb background_color=\u00a0\u00bb#f2f2f2&Prime; custom_margin=\u00a0\u00bb||||false|false\u00a0\u00bb custom_padding=\u00a0\u00bb10px|10px|0px|10px|false|true\u00a0\u00bb border_radii=\u00a0\u00bbon|10px|10px|10px|10px\u00a0\u00bb border_width_all=\u00a0\u00bb1px\u00a0\u00bb border_color_all=\u00a0\u00bb#0C71C3&Prime; global_colors_info=\u00a0\u00bb{}\u00a0\u00bb]<\/p>\n<p style=\"text-align: left;\"><span style=\"font-size: 14pt;\"><em><span style=\"color: #000080;\"><strong>Pr\u00e9parer l&rsquo;\u00e9preuve de math\u00e9matiques avec les sujets z\u00e9ro<\/strong><\/span><\/em><\/span><\/p>\n<ul>\n<li><span style=\"color: #000080;\"><a class=\"download-link with-icon\" style=\"color: #000080;\" href=\"https:\/\/eduscol.education.fr\/document\/69067\/download\" target=\"_blank\" rel=\"noopener\" data-tracking-attached=\"true\">Sujet z\u00e9ro de math\u00e9matiques DNB s\u00e9rie g\u00e9n\u00e9rale &#8211; sujet A<\/a><\/span><\/li>\n<li><span style=\"color: #000080;\"><a class=\"download-link with-icon\" style=\"color: #000080;\" href=\"https:\/\/eduscol.education.fr\/document\/69068\/download\" data-tracking-attached=\"true\">Sujet z\u00e9ro de math\u00e9matiques DNB s\u00e9rie g\u00e9n\u00e9rale &#8211; sujet B<\/a><\/span><\/li>\n<li><span style=\"color: #000080;\"><a class=\"download-link with-icon\" style=\"color: #000080;\" href=\"https:\/\/eduscol.education.fr\/document\/69069\/download\" data-tracking-attached=\"true\">Sujet z\u00e9ro de math\u00e9matiques DNB s\u00e9rie professionnelle &#8211; sujet A<\/a><\/span><\/li>\n<li><span style=\"color: #000080;\"><a class=\"download-link with-icon\" style=\"color: #000080;\" href=\"https:\/\/eduscol.education.fr\/document\/69070\/download\" data-tracking-attached=\"true\">Sujet z\u00e9ro de math\u00e9matiques DNB s\u00e9rie professionnelle &#8211; sujet B<\/a><\/span><\/li>\n<\/ul>\n<p>[\/et_pb_text][\/et_pb_column][et_pb_column type=\u00a0\u00bb1_2&Prime; _builder_version=\u00a0\u00bb4.27.4&Prime; _module_preset=\u00a0\u00bbdefault\u00a0\u00bb global_colors_info=\u00a0\u00bb{}\u00a0\u00bb][et_pb_text _builder_version=\u00a0\u00bb4.27.4&Prime; _module_preset=\u00a0\u00bbdefault\u00a0\u00bb background_color=\u00a0\u00bb#f2f2f2&Prime; custom_margin=\u00a0\u00bb70px|-20px||0px|false|false\u00a0\u00bb custom_padding=\u00a0\u00bb10px|10px|0px|10px|false|true\u00a0\u00bb border_radii=\u00a0\u00bbon|10px|10px|10px|10px\u00a0\u00bb border_width_all=\u00a0\u00bb1px\u00a0\u00bb border_color_all=\u00a0\u00bb#0C71C3&Prime; global_colors_info=\u00a0\u00bb{}\u00a0\u00bb]<\/p>\n<p id=\"summary-item-2\"><span style=\"font-size: 14pt;\"><strong><em><span style=\"color: #000080;\">Liste indicative d&rsquo;automatismes<\/span><\/em><\/strong><\/span><\/p>\n<p><span style=\"color: #000080;\">Une liste indicative d&rsquo;automatismes susceptibles d&rsquo;\u00eatre mobilis\u00e9s lors de l&rsquo;\u00e9preuve \u00e9crite de math\u00e9matiques (s\u00e9ries g\u00e9n\u00e9rale et professionnelle) est mise \u00e0 disposition.<\/span><\/p>\n<ul>\n<li><span style=\"color: #000080;\"><strong>T\u00e9l\u00e9charger <\/strong><\/span><a class=\"download-link with-icon\" href=\"https:\/\/eduscol.education.fr\/document\/67781\/download\" target=\"_blank\" rel=\"noopener\" data-tracking-attached=\"true\"><span style=\"color: #000080;\">la liste<\/span><\/a><\/li>\n<\/ul>\n<p>[\/et_pb_text][\/et_pb_column][\/et_pb_row][\/et_pb_section][et_pb_section fb_built=\u00a0\u00bb1&Prime; _builder_version=\u00a0\u00bb4.27.4&Prime; _module_preset=\u00a0\u00bbdefault\u00a0\u00bb global_colors_info=\u00a0\u00bb{}\u00a0\u00bb][et_pb_row _builder_version=\u00a0\u00bb4.27.4&Prime; _module_preset=\u00a0\u00bbdefault\u00a0\u00bb custom_margin=\u00a0\u00bb-30px||||false|false\u00a0\u00bb global_colors_info=\u00a0\u00bb{}\u00a0\u00bb][et_pb_column type=\u00a0\u00bb4_4&Prime; _builder_version=\u00a0\u00bb4.27.4&Prime; _module_preset=\u00a0\u00bbdefault\u00a0\u00bb global_colors_info=\u00a0\u00bb{}\u00a0\u00bb][et_pb_text _builder_version=\u00a0\u00bb4.27.4&Prime; _module_preset=\u00a0\u00bbdefault\u00a0\u00bb background_color=\u00a0\u00bb#88C4DD\u00a0\u00bb custom_margin=\u00a0\u00bb||||true|false\u00a0\u00bb custom_padding=\u00a0\u00bb10px||5px||false|false\u00a0\u00bb global_colors_info=\u00a0\u00bb{}\u00a0\u00bb]<\/p>\n<h3 style=\"text-align: center;\"><span style=\"color: #000080;\">\u00c9preuve \u00e9crite de math\u00e9matiques (coefficient 2<\/span>)<\/h3>\n<p>[\/et_pb_text][et_pb_text _builder_version=\u00a0\u00bb4.27.4&Prime; _module_preset=\u00a0\u00bbdefault\u00a0\u00bb custom_margin=\u00a0\u00bb0px||||false|false\u00a0\u00bb custom_padding=\u00a0\u00bb15px||||false|false\u00a0\u00bb global_colors_info=\u00a0\u00bb{}\u00a0\u00bb]<\/p>\n<p><span style=\"font-size: 14pt;\"><em><strong><span style=\"color: #000080;\">Dur\u00e9e de l&rsquo;\u00e9preuve&nbsp;:<\/span><\/strong><\/em><\/span> <strong>2&nbsp;heures<\/strong><\/p>\n<p><span style=\"color: #000080; font-size: 14pt;\"><em><strong>Objectifs de l\u2019\u00e9preuve&nbsp;:<\/strong><\/em><\/span> pour tous les candidats, l&rsquo;\u00e9preuve \u00e9value les connaissances et comp\u00e9tences attendues en fin de cycle&nbsp;4 et d\u00e9clin\u00e9es par le programme de math\u00e9matiques de cycle&nbsp;4 (sur le programme de la classe de troisi\u00e8me \u00e0 partir de la session&nbsp;2027). \u00c0 travers les exercices propos\u00e9s, les candidats sont amen\u00e9s \u00e0 mobiliser les comp\u00e9tences chercher, mod\u00e9liser, repr\u00e9senter, raisonner, calculer et communiquer. Le brouillon est autoris\u00e9 sur l\u2019ensemble de l\u2019\u00e9preuve.<\/p>\n<p><span style=\"font-size: 14pt; color: #000080;\"><em><strong>Le sujet<\/strong><\/em><\/span> : il est constitu\u00e9 d&rsquo;exercices qui doivent pouvoir \u00eatre trait\u00e9s par le candidat ind\u00e9pendamment les uns des autres. L&rsquo;\u00e9preuve est not\u00e9e sur 20. Les points attribu\u00e9s \u00e0 chaque exercice sont indiqu\u00e9s dans le sujet. La calculatrice n\u2019est autoris\u00e9e que sur la partie 2.&nbsp;<\/p>\n<ul>\n<li style=\"list-style-type: none;\">\n<ul style=\"list-style-type: disc;\">\n<li><span style=\"font-size: 14pt;\"><strong>Partie 1 \u2013 Automatismes : 6 points \u2013 20 minutes<br \/><\/strong><\/span>Les \u00e9l\u00e8ves r\u00e9alisent cette partie sans calculatrice. Elle \u00e9value la ma\u00eetrise des automatismes au cycle 4.&nbsp;<\/li>\n<\/ul>\n<\/li>\n<\/ul>\n<ul style=\"list-style-type: disc;\">\n<li style=\"list-style-type: none;\">\n<ul style=\"list-style-type: disc;\">\n<li><span style=\"font-size: 14pt;\"><strong>Partie 2 \u2013 Raisonnement et r\u00e9solution de probl\u00e8mes : 14 points \u2013 1 heure et 40 minutes<\/strong>.<\/span><br \/>Certains exercices peuvent inclure des situations issues de la vie courante ou d&rsquo;autres disciplines. Ils peuvent adopter toutes les modalit\u00e9s possibles.&nbsp;<\/li>\n<\/ul>\n<\/li>\n<\/ul>\n<p><span style=\"color: #000080; font-size: 14pt;\"><em><strong>L\u2019\u00e9valuation :<\/strong><\/em><\/span> elle doit prendre en compte la clart\u00e9 et la pr\u00e9cision des raisonnements ainsi que, plus largement, la <strong>qualit\u00e9 de la r\u00e9daction qui sera \u00e9valu\u00e9e sur 2&nbsp;points<\/strong>. Doivent \u00eatre pris en compte les essais et les d\u00e9marches engag\u00e9es, m\u00eame non aboutis. Le sujet pr\u00e9cise que toutes les r\u00e9ponses doivent \u00eatre justifi\u00e9es sauf si une indication contraire est donn\u00e9e.<\/p>\n<p>[\/et_pb_text][\/et_pb_column][\/et_pb_row][et_pb_row _builder_version=\u00a0\u00bb4.27.4&Prime; _module_preset=\u00a0\u00bbdefault\u00a0\u00bb global_colors_info=\u00a0\u00bb{}\u00a0\u00bb][et_pb_column type=\u00a0\u00bb4_4&Prime; _builder_version=\u00a0\u00bb4.27.4&Prime; _module_preset=\u00a0\u00bbdefault\u00a0\u00bb global_colors_info=\u00a0\u00bb{}\u00a0\u00bb][et_pb_text _builder_version=\u00a0\u00bb4.27.4&Prime; _module_preset=\u00a0\u00bbdefault\u00a0\u00bb background_color=\u00a0\u00bb#88C4DD\u00a0\u00bb custom_margin=\u00a0\u00bb||||true|false\u00a0\u00bb custom_padding=\u00a0\u00bb10px||5px||false|false\u00a0\u00bb global_colors_info=\u00a0\u00bb{}\u00a0\u00bb]<\/p>\n<h3 id=\"edugouv-summary-item-13\" style=\"text-align: center;\"><span style=\"color: #000080;\">D\u00e9finition des \u00e9preuves de l&rsquo;examen<\/span><\/h3>\n<p>[\/et_pb_text][et_pb_text _builder_version=\u00a0\u00bb4.27.4&Prime; _module_preset=\u00a0\u00bbdefault\u00a0\u00bb global_colors_info=\u00a0\u00bb{}\u00a0\u00bb]<\/p>\n<p>Conform\u00e9ment aux dispositions de l&rsquo;arr\u00eat\u00e9 du 31&nbsp;d\u00e9cembre&nbsp;2015 modifi\u00e9 relatif aux modalit\u00e9s d&rsquo;attribution du DNB, les \u00e9preuves terminales de l\u2019examen sont prises en compte \u00e0 hauteur de 60&nbsp;%, compte tenu des coefficients affect\u00e9s \u00e0 ces \u00e9preuves. Les sujets et les modalit\u00e9s de ces \u00e9preuves correspondent aux programmes du cycle&nbsp;4 jusqu\u2019\u00e0 la session&nbsp;2026. \u00c0 partir de la session&nbsp;2027, les sujets des \u00e9preuves \u00e9crites porteront sur les programmes de la classe de troisi\u00e8me.&nbsp;<\/p>\n<p>Le tableau ci-dessous r\u00e9capitule la liste des \u00e9preuves terminales ainsi que les coefficients affect\u00e9s :&nbsp;<\/p>\n<p>[\/et_pb_text][et_pb_text _builder_version=\u00a0\u00bb4.27.4&Prime; _module_preset=\u00a0\u00bbdefault\u00a0\u00bb text_orientation=\u00a0\u00bbcenter\u00a0\u00bb width=\u00a0\u00bb95%\u00a0\u00bb module_alignment=\u00a0\u00bbcenter\u00a0\u00bb global_colors_info=\u00a0\u00bb{}\u00a0\u00bb]<\/p>\n<div class=\"table-wrapper custom-scrollbar-wrapper\">\n<div class=\"viewport\">\n<div class=\"overview\">\n<table style=\"width: 96.3965%; height: 1078px;\">\n<tbody>\n<tr>\n<td class=\"first-item\" style=\"text-align: center;\">&nbsp;<\/td>\n<td style=\"text-align: center;\"><strong>Candidats scolaires<\/strong><\/td>\n<td style=\"text-align: center;\"><strong>Candidats individuels<\/strong><\/td>\n<\/tr>\n<tr>\n<td class=\"first-item\" style=\"text-align: center;\">\n<p><strong>Contr\u00f4le continu<\/strong><\/p>\n<p>&nbsp;<\/p>\n<\/td>\n<td style=\"text-align: center;\">\n<p>40&nbsp;% de la note globale*<\/p>\n<p>*<em>sont ajout\u00e9s au total des moyennes du contr\u00f4le continu, les points sup\u00e9rieurs \u00e0 10 sur 20 de la moyenne obtenue dans l\u2019un des enseignements facultatifs ou dans l\u2019enseignement en langue des signes fran\u00e7aise suivi par le candidat, sous r\u00e9serve que la moyenne de la part de contr\u00f4le continu auxquels ces points s\u2019ajoutent ne d\u00e9passe pas 20 sur 20.<\/em><\/p>\n<\/td>\n<td style=\"text-align: center;\">&nbsp;<\/td>\n<\/tr>\n<tr>\n<td class=\"first-item\" style=\"text-align: center;\">\n<p><strong>\u00c9preuves terminales not\u00e9es sur 20&nbsp;:<\/strong><\/p>\n<p>&nbsp;<\/p>\n<\/td>\n<td style=\"text-align: center;\">60&nbsp;% de la note globale<\/td>\n<td style=\"text-align: center;\">100&nbsp;% de la note globale<\/td>\n<\/tr>\n<tr>\n<td class=\"first-item\" style=\"text-align: center;\">Fran\u00e7ais&nbsp;<\/td>\n<td style=\"text-align: center;\">Coefficient&nbsp;2<\/td>\n<td style=\"text-align: center;\">Coefficient&nbsp;2<\/td>\n<\/tr>\n<tr>\n<td class=\"first-item\" style=\"text-align: center;\">Math\u00e9matiques<\/td>\n<td style=\"text-align: center;\">Coefficient&nbsp;2<\/td>\n<td style=\"text-align: center;\">Coefficient&nbsp;2<\/td>\n<\/tr>\n<tr>\n<td class=\"first-item\" style=\"text-align: center;\">Histoire-g\u00e9ographie<br \/>Enseignement moral et civique<\/td>\n<td style=\"text-align: center;\">\n<p>Coefficient&nbsp;1,5<\/p>\n<p>Coefficient&nbsp;0,5<\/p>\n<\/td>\n<td style=\"text-align: center;\">\n<p>Coefficient&nbsp;1,5<\/p>\n<p>Coefficient&nbsp;0,5<\/p>\n<\/td>\n<\/tr>\n<tr>\n<td class=\"first-item\" style=\"text-align: center;\">Sciences<\/td>\n<td style=\"text-align: center;\">Coefficient&nbsp;2<\/td>\n<td style=\"text-align: center;\">Coefficient&nbsp;2<\/td>\n<\/tr>\n<tr>\n<td class=\"first-item\" style=\"text-align: center;\">Oral de soutenance<\/td>\n<td style=\"text-align: center;\">Coefficient&nbsp;2<\/td>\n<td style=\"text-align: center;\">&nbsp;<\/td>\n<\/tr>\n<tr>\n<td class=\"first-item\" style=\"text-align: center;\">Langue vivante \u00e9trang\u00e8re<\/td>\n<td style=\"text-align: center;\">&nbsp;<\/td>\n<td style=\"text-align: center;\">Coefficient&nbsp;2<\/td>\n<\/tr>\n<tr>\n<td class=\"first-item\" style=\"text-align: center;\" colspan=\"3\">\n<p><strong>\u00c9preuves conduisant \u00e0 l\u2019obtention de la mention Internationale ou Franco-allemande*<\/strong><\/p>\n<p><em>*La mention Internationale ou mention Franco-allemande est attribu\u00e9e aux candidats ayant obtenu une note \u00e9gale ou sup\u00e9rieure \u00e0 10\/20 pour chacune des deux \u00e9preuves. Ces \u00e9preuves sont prises en compte dans le calcul de la moyenne des \u00e9preuves terminales.<\/em><\/p>\n<\/td>\n<\/tr>\n<tr>\n<td class=\"first-item\" style=\"text-align: center;\">Oral dans la langue de la section ou allemand pour les \u00e9tablissements franco-allemands<\/td>\n<td style=\"text-align: center;\">\n<p>Coefficient 1<\/p>\n<p>&nbsp;&nbsp;&nbsp;&nbsp;&nbsp;&nbsp;&nbsp;&nbsp;&nbsp;&nbsp;&nbsp;&nbsp;<\/p>\n<\/td>\n<td style=\"text-align: center;\">&nbsp;<\/td>\n<\/tr>\n<tr>\n<td class=\"first-item\" style=\"text-align: center;\">Oral dans la discipline non-linguistique&nbsp;<\/td>\n<td style=\"text-align: center;\">Coefficient 1<\/td>\n<td style=\"text-align: center;\">&nbsp;<\/td>\n<\/tr>\n<\/tbody>\n<\/table>\n<\/div>\n<\/div>\n<\/div>\n<p>&nbsp;<\/p>\n<p>[\/et_pb_text][et_pb_text _builder_version=\u00a0\u00bb4.27.4&Prime; _module_preset=\u00a0\u00bbdefault\u00a0\u00bb global_colors_info=\u00a0\u00bb{}\u00a0\u00bb]<\/p>\n<p>Pour les candidats de la s\u00e9rie professionnelle, des sujets distincts sont \u00e9labor\u00e9s pour chacune des quatre&nbsp;\u00e9preuves \u00e9crites, en ad\u00e9quation avec les sp\u00e9cificit\u00e9s des classes de troisi\u00e8me pr\u00e9pa-m\u00e9tiers, des classes des sections d&rsquo;enseignement g\u00e9n\u00e9ral et professionnel adapt\u00e9 et des classes de troisi\u00e8me de l&rsquo;enseignement agricole.<\/p>\n<p>Ces sp\u00e9cificit\u00e9s sont explicit\u00e9es dans des r\u00e9f\u00e9rentiels adapt\u00e9s \u00e9tablis sous l&rsquo;autorit\u00e9 du ministre charg\u00e9 de l&rsquo;\u00e9ducation nationale ou, pour l&rsquo;enseignement agricole, du ministre charg\u00e9 de l&rsquo;agriculture.<\/p>\n<p>[\/et_pb_text][\/et_pb_column][\/et_pb_row][et_pb_row _builder_version=\u00a0\u00bb4.27.4&Prime; _module_preset=\u00a0\u00bbdefault\u00a0\u00bb global_colors_info=\u00a0\u00bb{}\u00a0\u00bb][et_pb_column type=\u00a0\u00bb4_4&Prime; _builder_version=\u00a0\u00bb4.27.4&Prime; _module_preset=\u00a0\u00bbdefault\u00a0\u00bb global_colors_info=\u00a0\u00bb{}\u00a0\u00bb][et_pb_text _builder_version=\u00a0\u00bb4.27.4&Prime; _module_preset=\u00a0\u00bbdefault\u00a0\u00bb background_color=\u00a0\u00bb#88C4DD\u00a0\u00bb custom_margin=\u00a0\u00bb||||true|false\u00a0\u00bb custom_padding=\u00a0\u00bb10px||5px||false|false\u00a0\u00bb global_colors_info=\u00a0\u00bb{}\u00a0\u00bb]<\/p>\n<h3 style=\"text-align: center;\"><span style=\"color: #000080;\">Plus d&rsquo;informations<\/span><\/h3>\n<p>[\/et_pb_text][\/et_pb_column][\/et_pb_row][et_pb_row column_structure=\u00a0\u00bb1_2,1_2&Prime; _builder_version=\u00a0\u00bb4.27.4&Prime; _module_preset=\u00a0\u00bbdefault\u00a0\u00bb global_colors_info=\u00a0\u00bb{}\u00a0\u00bb][et_pb_column type=\u00a0\u00bb1_2&Prime; _builder_version=\u00a0\u00bb4.27.4&Prime; _module_preset=\u00a0\u00bbdefault\u00a0\u00bb global_colors_info=\u00a0\u00bb{}\u00a0\u00bb][et_pb_image src=\u00a0\u00bbhttps:\/\/www.pedagogie.ac-nice.fr\/mathematiques\/wp-content\/uploads\/sites\/30\/2025\/09\/pdg_Bulletin-officiel-n\u00b033-du-4-septembre-2025-boenjs_33-scaled.jpg\u00a0\u00bb title_text=\u00a0\u00bbpdg_Bulletin officiel n\u00b033 du 4 septembre 2025 &#8211; boenjs_33&Prime; url=\u00a0\u00bbhttps:\/\/www.education.gouv.fr\/sites\/default\/files\/boenjs_33.pdf\u00a0\u00bb align=\u00a0\u00bbcenter\u00a0\u00bb _builder_version=\u00a0\u00bb4.27.4&Prime; _module_preset=\u00a0\u00bbdefault\u00a0\u00bb width=\u00a0\u00bb50%\u00a0\u00bb border_radii=\u00a0\u00bbon|10px|10px|10px|10px\u00a0\u00bb border_width_all=\u00a0\u00bb1px\u00a0\u00bb border_color_all=\u00a0\u00bb#0C71C3&Prime; global_colors_info=\u00a0\u00bb{}\u00a0\u00bb][\/et_pb_image][et_pb_text _builder_version=\u00a0\u00bb4.27.4&Prime; _module_preset=\u00a0\u00bbdefault\u00a0\u00bb global_colors_info=\u00a0\u00bb{}\u00a0\u00bb]<\/p>\n<p style=\"text-align: center;\"><a class=\"lien_externe\" href=\"https:\/\/www.education.gouv.fr\/bo\/2025\/Hebdo33\/MENE2515977N\"><span style=\"font-size: 14pt;\">BO n\u00b033 du 4 septembre 2026<\/span><\/a><\/p>\n<p>[\/et_pb_text][\/et_pb_column][et_pb_column type=\u00a0\u00bb1_2&Prime; _builder_version=\u00a0\u00bb4.27.4&Prime; _module_preset=\u00a0\u00bbdefault\u00a0\u00bb global_colors_info=\u00a0\u00bb{}\u00a0\u00bb][et_pb_image src=\u00a0\u00bbhttps:\/\/www.pedagogie.ac-nice.fr\/mathematiques\/wp-content\/uploads\/sites\/30\/2025\/09\/Capture-decran-2025-09-22-121245.jpg\u00a0\u00bb title_text=\u00a0\u00bbCapture d\u2019\u00e9cran 2025-09-22 121245&Prime; url=\u00a0\u00bbhttps:\/\/www.education.gouv.fr\/bo\/2025\/Hebdo33\/MENE2515977N\u00a0\u00bb align=\u00a0\u00bbcenter\u00a0\u00bb _builder_version=\u00a0\u00bb4.27.4&Prime; _module_preset=\u00a0\u00bbdefault\u00a0\u00bb width=\u00a0\u00bb90%\u00a0\u00bb custom_margin=\u00a0\u00bb50px||||false|false\u00a0\u00bb border_color_all=\u00a0\u00bb#c6c6c6&Prime; global_colors_info=\u00a0\u00bb{}\u00a0\u00bb][\/et_pb_image][et_pb_text _builder_version=\u00a0\u00bb4.27.4&Prime; _module_preset=\u00a0\u00bbdefault\u00a0\u00bb width=\u00a0\u00bb90%\u00a0\u00bb module_alignment=\u00a0\u00bbcenter\u00a0\u00bb global_colors_info=\u00a0\u00bb{}\u00a0\u00bb]<\/p>\n<p style=\"text-align: center;\"><a href=\"https:\/\/www.education.gouv.fr\/bo\/2025\/Hebdo33\/MENE2515977N\"><span style=\"font-size: 14pt;\">Modalit\u00e9s d\u2019attribution du dipl\u00f4me national du brevet \u00e0 compter de la session 2026<\/span><\/a><\/p>\n<p>[\/et_pb_text][\/et_pb_column][\/et_pb_row][\/et_pb_section]<\/p>\n","protected":false},"excerpt":{"rendered":"<p>maj : d\u00e9cembre 2025Pr\u00e9parer l&rsquo;\u00e9preuve de math\u00e9matiques avec les sujets z\u00e9ro Sujet z\u00e9ro de math\u00e9matiques DNB s\u00e9rie g\u00e9n\u00e9rale &#8211; sujet A Sujet z\u00e9ro de math\u00e9matiques DNB s\u00e9rie g\u00e9n\u00e9rale &#8211; sujet B Sujet z\u00e9ro de math\u00e9matiques DNB s\u00e9rie professionnelle &#8211; sujet A Sujet z\u00e9ro de math\u00e9matiques DNB s\u00e9rie professionnelle &#8211; sujet B Liste indicative d&rsquo;automatismes Une [&hellip;]<\/p>\n","protected":false},"author":202,"featured_media":0,"parent":0,"menu_order":0,"comment_status":"closed","ping_status":"closed","template":"","meta":{"_et_pb_use_builder":"on","_et_pb_old_content":"","_et_gb_content_width":"","ngg_post_thumbnail":0,"footnotes":""},"class_list":["post-12984","page","type-page","status-publish","hentry"],"rttpg_featured_image_url":null,"rttpg_author":{"display_name":"admin","author_link":"https:\/\/www.pedagogie.ac-nice.fr\/mathematiques\/author\/opilorget\/"},"rttpg_comment":0,"rttpg_category":null,"rttpg_excerpt":"maj : d\u00e9cembre 2025Pr\u00e9parer l'\u00e9preuve de math\u00e9matiques avec les sujets z\u00e9ro Sujet z\u00e9ro de math\u00e9matiques DNB s\u00e9rie g\u00e9n\u00e9rale - sujet A Sujet z\u00e9ro de math\u00e9matiques DNB s\u00e9rie g\u00e9n\u00e9rale - sujet B Sujet z\u00e9ro de math\u00e9matiques DNB s\u00e9rie professionnelle - sujet A Sujet z\u00e9ro de math\u00e9matiques DNB s\u00e9rie professionnelle - sujet B Liste indicative d'automatismes Une\u2026","post_mailing_queue_ids":[],"_links":{"self":[{"href":"https:\/\/www.pedagogie.ac-nice.fr\/mathematiques\/wp-json\/wp\/v2\/pages\/12984","targetHints":{"allow":["GET"]}}],"collection":[{"href":"https:\/\/www.pedagogie.ac-nice.fr\/mathematiques\/wp-json\/wp\/v2\/pages"}],"about":[{"href":"https:\/\/www.pedagogie.ac-nice.fr\/mathematiques\/wp-json\/wp\/v2\/types\/page"}],"author":[{"embeddable":true,"href":"https:\/\/www.pedagogie.ac-nice.fr\/mathematiques\/wp-json\/wp\/v2\/users\/202"}],"replies":[{"embeddable":true,"href":"https:\/\/www.pedagogie.ac-nice.fr\/mathematiques\/wp-json\/wp\/v2\/comments?post=12984"}],"version-history":[{"count":38,"href":"https:\/\/www.pedagogie.ac-nice.fr\/mathematiques\/wp-json\/wp\/v2\/pages\/12984\/revisions"}],"predecessor-version":[{"id":13300,"href":"https:\/\/www.pedagogie.ac-nice.fr\/mathematiques\/wp-json\/wp\/v2\/pages\/12984\/revisions\/13300"}],"wp:attachment":[{"href":"https:\/\/www.pedagogie.ac-nice.fr\/mathematiques\/wp-json\/wp\/v2\/media?parent=12984"}],"curies":[{"name":"wp","href":"https:\/\/api.w.org\/{rel}","templated":true}]}}