{"id":14051,"date":"2026-03-19T11:28:26","date_gmt":"2026-03-19T10:28:26","guid":{"rendered":"https:\/\/www.pedagogie.ac-nice.fr\/mathematiques\/?page_id=14051"},"modified":"2026-03-19T11:58:25","modified_gmt":"2026-03-19T10:58:25","slug":"actualites-des-clubs-de-maths-de-lacademie","status":"publish","type":"page","link":"https:\/\/www.pedagogie.ac-nice.fr\/mathematiques\/actualites-des-clubs-de-maths-de-lacademie\/","title":{"rendered":"Actualit\u00e9s des clubs de maths de l\u2019acad\u00e9mie"},"content":{"rendered":"<p>[et_pb_section fb_built=\u00a0\u00bb1&Prime; _builder_version=\u00a0\u00bb4.27.4&Prime; _module_preset=\u00a0\u00bbdefault\u00a0\u00bb locked=\u00a0\u00bboff\u00a0\u00bb global_colors_info=\u00a0\u00bb{}\u00a0\u00bb][et_pb_row column_structure=\u00a0\u00bb1_2,1_2&Prime; _builder_version=\u00a0\u00bb4.27.4&Prime; _module_preset=\u00a0\u00bbdefault\u00a0\u00bb background_color=\u00a0\u00bb#88C4DD\u00a0\u00bb width=\u00a0\u00bb95%\u00a0\u00bb custom_margin=\u00a0\u00bb-40px||||false|false\u00a0\u00bb custom_padding=\u00a0\u00bb10px|10px||10px|false|true\u00a0\u00bb animation_style=\u00a0\u00bbfade\u00a0\u00bb animation_delay=\u00a0\u00bb450ms\u00a0\u00bb animation_starting_opacity=\u00a0\u00bb33%\u00a0\u00bb border_radii=\u00a0\u00bbon|14px|14px|14px|14px\u00a0\u00bb locked=\u00a0\u00bboff\u00a0\u00bb global_colors_info=\u00a0\u00bb{}\u00a0\u00bb][et_pb_column type=\u00a0\u00bb1_2&Prime; _builder_version=\u00a0\u00bb4.27.4&Prime; _module_preset=\u00a0\u00bbdefault\u00a0\u00bb global_colors_info=\u00a0\u00bb{}\u00a0\u00bb][et_pb_text _builder_version=\u00a0\u00bb4.27.4&Prime; _module_preset=\u00a0\u00bbdefault\u00a0\u00bb border_color_all=\u00a0\u00bb#B3B3B3&Prime; global_colors_info=\u00a0\u00bb{}\u00a0\u00bb]<\/p>\n<pre style=\"text-align: center;\"><span style=\"color: #000080; font-size: 24pt;\">Les labomaths<\/span><\/pre>\n<p>[\/et_pb_text][et_pb_text _builder_version=\u00a0\u00bb4.27.4&Prime; _module_preset=\u00a0\u00bbdefault\u00a0\u00bb custom_margin=\u00a0\u00bb20px||||false|false\u00a0\u00bb global_colors_info=\u00a0\u00bb{}\u00a0\u00bb]<\/p>\n<pre style=\"text-align: center;\"><a href='https:\/\/www.pedagogie.ac-nice.fr\/mathematiques\/labomaths-quest-ce-que-cest\/' class='small-button smallblue'><span style=\"font-size: 12pt;\"><em>Un labomaths - qu'est-ce que c'est ?<\/em><\/span><\/a>\n<a href='https:\/\/www.pedagogie.ac-nice.fr\/mathematiques\/les-labomaths-cest-qui\/' class='small-button smallblue'><span style=\"font-size: 12pt;\"><em>Les labomaths - c'est qui ?<\/em><\/span><\/a>\n<a href='https:\/\/www.pedagogie.ac-nice.fr\/mathematiques\/laboratoires-et-clubs\/\/\/' class='small-button smallblue'><span style=\"font-size: 12pt;\"><em>Actualit\u00e9s des labomaths<\/em><\/span><\/a><\/pre>\n<p>[\/et_pb_text][\/et_pb_column][et_pb_column type=\u00a0\u00bb1_2&Prime; _builder_version=\u00a0\u00bb4.27.4&Prime; _module_preset=\u00a0\u00bbdefault\u00a0\u00bb global_colors_info=\u00a0\u00bb{}\u00a0\u00bb][et_pb_text _builder_version=\u00a0\u00bb4.27.4&Prime; _module_preset=\u00a0\u00bbdefault\u00a0\u00bb global_colors_info=\u00a0\u00bb{}\u00a0\u00bb]<\/p>\n<pre style=\"text-align: center;\"><span style=\"color: #000080; font-size: 24pt;\">Les clubs maths<\/span><\/pre>\n<p>[\/et_pb_text][et_pb_text _builder_version=\u00a0\u00bb4.27.4&Prime; _module_preset=\u00a0\u00bbdefault\u00a0\u00bb global_colors_info=\u00a0\u00bb{}\u00a0\u00bb]<\/p>\n<pre style=\"text-align: center;\"><a href='https:\/\/www.pedagogie.ac-nice.fr\/mathematiques\/les-clubs-mathematiques-quest-que-cest\/' class='small-button smallblue'><span style=\"font-size: 12pt;\"><em>Qu'est-ce que c'est ?<\/em><\/span><\/a>\n<a href='https:\/\/www.pedagogie.ac-nice.fr\/mathematiques\/les-clubmaths-cest-qui\/' class='small-button smallblue'><span style=\"font-size: 12pt;\"><em>C'est qui ?<\/em><\/span><\/a> <a href='https:\/\/www.pedagogie.ac-nice.fr\/mathematiques\/actualites-des-clubs-de-maths-de-lacademie\/' class='small-button smallblue'><span style=\"font-size: 12pt;\"><em>Actualit\u00e9s des clubs<\/em><\/span><\/a>\n<a href='https:\/\/www.pedagogie.ac-nice.fr\/mathematiques\/des-idees-pour-les-clubs-de-maths\/' class='small-button smallblue'><span style=\"font-size: 12pt;\"><em>Des id\u00e9es pour les clubs maths<\/em><\/span><\/a><\/pre>\n<p>[\/et_pb_text][\/et_pb_column][\/et_pb_row][\/et_pb_section][et_pb_section fb_built=\u00a0\u00bb1&Prime; _builder_version=\u00a0\u00bb4.27.4&Prime; _module_preset=\u00a0\u00bbdefault\u00a0\u00bb background_color=\u00a0\u00bb#e2e2e2&Prime; custom_margin=\u00a0\u00bb-30px|20px||20px|false|true\u00a0\u00bb custom_padding=\u00a0\u00bb20px|20px|20px|20px|true|true\u00a0\u00bb border_radii=\u00a0\u00bbon|62px|62px|62px|62px\u00a0\u00bb locked=\u00a0\u00bboff\u00a0\u00bb global_colors_info=\u00a0\u00bb{}\u00a0\u00bb][et_pb_row _builder_version=\u00a0\u00bb4.27.4&Prime; _module_preset=\u00a0\u00bbdefault\u00a0\u00bb collapsed=\u00a0\u00bboff\u00a0\u00bb global_colors_info=\u00a0\u00bb{}\u00a0\u00bb][et_pb_column type=\u00a0\u00bb4_4&Prime; _builder_version=\u00a0\u00bb4.27.4&Prime; _module_preset=\u00a0\u00bbdefault\u00a0\u00bb global_colors_info=\u00a0\u00bb{}\u00a0\u00bb][et_pb_text _builder_version=\u00a0\u00bb4.27.4&Prime; _module_preset=\u00a0\u00bbdefault\u00a0\u00bb background_color=\u00a0\u00bb#0DA0C5&Prime; max_width=\u00a0\u00bb80%\u00a0\u00bb module_alignment=\u00a0\u00bbcenter\u00a0\u00bb border_radii=\u00a0\u00bbon|10px|10px|10px|10px\u00a0\u00bb border_width_all=\u00a0\u00bb1px\u00a0\u00bb border_color_all=\u00a0\u00bb#0C71C3&Prime; global_colors_info=\u00a0\u00bb{}\u00a0\u00bb]<\/p>\n<h2 style=\"text-align: center;\"><span style=\"font-size: 14pt; color: #000080;\"><strong>Animation des labomaths et des clubs maths de l\u2019acad\u00e9mie &#8211;<\/strong><\/span><span style=\"font-size: 14pt; color: #000080;\"> 2026<\/span><\/h2>\n<p>[\/et_pb_text][et_pb_text _builder_version=\u00a0\u00bb4.27.4&Prime; _module_preset=\u00a0\u00bbdefault\u00a0\u00bb global_colors_info=\u00a0\u00bb{}\u00a0\u00bb]<\/p>\n<h2 id=\"Compte-rendu-r\u00e9union-du-15-janvier-\u2013-Imath-Toulon\" class=\"\"><span style=\"color: #000080; font-size: 14pt;\">Compte rendu r\u00e9union du 15 janvier \u2013 Imath Toulon<\/span><\/h2>\n<p>32 professeur.es pr\u00e9sent.es \/ une dizaine de repr\u00e9sentants du laboratoire de recherche Imath \/ Pierre Mari et Arnaud Lath\u00e9lize pour les IA-IPR de math\u00e9matiques.<\/p>\n<p>L\u2019expos\u00e9 de Gloria Faccannoni nous a replong\u00e9 dans nos \u00e9tudes de math\u00e9matiques avec de bons rappels sur le calcul num\u00e9rique notamment au travers des sch\u00e9mas num\u00e9riques. Elle nous a permis de d\u00e9couvrir en d\u00e9tail de probl\u00e8me de la courbe du chien et le lien avec l\u2019\u00e9nigme des 4 scarab\u00e9es de Gardner. Pour retrouver tous les d\u00e9tails de sa pr\u00e9sentation ainsi que ses conseils de lecture, vous pourrez trouver ses slides sur sa page personnelle <a href=\"https:\/\/faccanoni.univ-tln.fr\/vulgarisation.html\" target=\"_blank\" rel=\"noopener\">https:\/\/faccanoni.univ-tln.fr\/vulgarisation.html<\/a><br \/>Les codes python qu\u2019elle a pr\u00e9sent\u00e9s sont disponibles sur demande.<\/p>\n<p>Nous avons ensuite fait un point sur la g\u00e9ographie\/r\u00e9partition des labomaths\/clubs maths et j\u2019ai insist\u00e9 sur la n\u00e9cessit\u00e9 de bien se r\u00e9f\u00e9rencer via Adage.<\/p>\n<p>Pour les clubs maths, c\u2019etait d\u00e9j\u00e0 possible depuis deux ans mais il y a une nouveaut\u00e9s pour cette ann\u00e9e et pour les coll\u00e8ges UNIQUEMENT c\u2019est un appel d\u2019offre qui s\u2019appelle COOLAB.<br \/>Est venu alors le temps des \u00e9changes et des t\u00e9moignages d\u2019exp\u00e9riences avec de belles id\u00e9es pour la semaine des maths.<\/p>\n<p>Toutes les informations dans le diaporama disponible dans le nuage ci-apr\u00e8s.<br \/><a href=\"https:\/\/nuage03.apps.education.fr\/index.php\/s\/Fem7yC9JezMSiSE\" target=\"_blank\" rel=\"noopener\">https:\/\/nuage03.apps.education.fr\/index.php\/s\/Fem7yC9JezMSiSE<\/a><br \/>Et pour les bonnes id\u00e9es \u00e0 la fin de cette page !!<\/p>\n<p>Une apr\u00e8s-midi qui a permis de cr\u00e9er des nouveaux liens avec l\u2019universit\u00e9 de Toulon \u00e0 destination des professeurs du Var. Un contact \u00e0 privil\u00e9gier pour tous Denis Guicheteau <a href=\"mailto:denis.guicheteau@univ-tln.fr\" target=\"_blank\" rel=\"noopener\">denis.guicheteau@univ-tln.fr<\/a> qui travaille \u00e0 pr\u00e9sent dans ce laboratoire de recherche et que beaucoup d\u2019entre vous connaisse. Il aura la charge de faire le lien avec le secondaire \u00e0 partir de la rentr\u00e9e prochaine. De beaux projets en perspective !<\/p>\n<p>[\/et_pb_text][\/et_pb_column][\/et_pb_row][\/et_pb_section][et_pb_section fb_built=\u00a0\u00bb1&Prime; _builder_version=\u00a0\u00bb4.27.4&Prime; _module_preset=\u00a0\u00bbdefault\u00a0\u00bb global_colors_info=\u00a0\u00bb{}\u00a0\u00bb][et_pb_row _builder_version=\u00a0\u00bb4.27.4&Prime; _module_preset=\u00a0\u00bbdefault\u00a0\u00bb locked=\u00a0\u00bboff\u00a0\u00bb global_colors_info=\u00a0\u00bb{}\u00a0\u00bb][et_pb_column type=\u00a0\u00bb4_4&Prime; _builder_version=\u00a0\u00bb4.27.4&Prime; _module_preset=\u00a0\u00bbdefault\u00a0\u00bb global_colors_info=\u00a0\u00bb{}\u00a0\u00bb][et_pb_text _builder_version=\u00a0\u00bb4.27.4&Prime; _module_preset=\u00a0\u00bbdefault\u00a0\u00bb background_color=\u00a0\u00bb#0DA0C5&Prime; text_orientation=\u00a0\u00bbcenter\u00a0\u00bb max_width=\u00a0\u00bb80%\u00a0\u00bb module_alignment=\u00a0\u00bbcenter\u00a0\u00bb custom_margin=\u00a0\u00bb40px||40px||true|false\u00a0\u00bb border_radii=\u00a0\u00bbon|10px|10px|10px|10px\u00a0\u00bb border_width_all=\u00a0\u00bb1px\u00a0\u00bb border_color_all=\u00a0\u00bb#0C71C3&Prime; global_colors_info=\u00a0\u00bb{}\u00a0\u00bb]<\/p>\n<h2 style=\"text-align: center;\"><span style=\"font-size: 14pt; color: #000080;\">Actualit\u00e9s des clubs de math\u00e9matiques<\/span><\/h2>\n<p>[\/et_pb_text][et_pb_text _builder_version=\u00a0\u00bb4.27.4&Prime; _module_preset=\u00a0\u00bbdefault\u00a0\u00bb global_colors_info=\u00a0\u00bb{}\u00a0\u00bb]<\/p>\n<h3 id=\"Club-maths-Coll\u00e8ge-Giono-Le-Beausset-\u2013-Camille-Regula-et-Val\u00e9rie-Daras\" class=\"\"><i class=\"fa fa-link\"><\/i>Club maths Coll\u00e8ge Giono, Le Beausset \u2013 Camille Regula et Val\u00e9rie Daras<\/h3>\n<p>Des photos des activit\u00e9s de cette premi\u00e8re p\u00e9riode qui s\u2019est cl\u00f4tur\u00e9e par l\u2019apr\u00e8s midi des talents. Le club maths y a organis\u00e9 un tournoi d\u2019\u00e9checs et une fresque collaborative (inachev\u00e9e) en origami et voici le lien pour les modules d\u2019origami : <a href=\"https:\/\/www.youtube.com\/watch?v=c7ov5GtsLTQ\" target=\"_blank\" rel=\"noopener\">https:\/\/www.youtube.com\/watch?v=c7ov5GtsLTQ<\/a>.<\/p>\n<p>Comme les ann\u00e9es pass\u00e9es, participation \u00e0 une vente caritative de d\u00e9corations de No\u00ebl, avec l\u2019atelier EDD Recyl\u2019ART pour une association pour les enfants malades dans les h\u00f4pitaux et une association de protection de l\u2019environnement.<br \/>Pour Janvier, r\u00e9alisation d\u2019un calendrier en origami, jeux d\u2019\u00e9checs et autres, avec visite des r\u00e9sidents de la maison de retraite d\u00e9but f\u00e9vrier pour jouer 1 heure de fa\u00e7on interg\u00e9n\u00e9rationnelle.<\/p>\n<p><img loading=\"lazy\" decoding=\"async\" class=\"md-image\" src=\"https:\/\/minio.apps.education.fr\/codimd-prod\/uploads\/no1vzi6l5jz7nqm5kytpg13sa.png\" alt=\"\" width=\"206\" height=\"199\">&nbsp; &nbsp; &nbsp; <img loading=\"lazy\" decoding=\"async\" class=\"md-image\" src=\"https:\/\/minio.apps.education.fr\/codimd-prod\/uploads\/dksr0wdyuojo0aegvwh55o972.png\" alt=\"\" width=\"375\" height=\"196\"><br \/><img loading=\"lazy\" decoding=\"async\" class=\"md-image\" src=\"https:\/\/minio.apps.education.fr\/codimd-prod\/uploads\/eqnewhh3qh2mnp4ixxxzx8u7c.png\" alt=\"\" width=\"313\" height=\"224\"> &nbsp;<img loading=\"lazy\" decoding=\"async\" class=\"md-image alignnone\" src=\"https:\/\/minio.apps.education.fr\/codimd-prod\/uploads\/l8hhoai8pkx71dpu6ihy0899w.png\" alt=\"\" width=\"149\" height=\"222\"><\/p>\n<h3 id=\"Club-Maths--coll\u00e8ge-Marie-Maron-Fayence-\u2013-Rachel-Breyton\" class=\"\">Club Maths , coll\u00e8ge Marie Maron, Fayence \u2013 Rachel Breyton<\/h3>\n<p>Jeux de soci\u00e9t\u00e9 et calendrier de l\u2019avent en d\u00e9cembre<\/p>\n<h3 id=\"Club-maths-Coll\u00e8ge-Votaire-Toulon-\u2013-Vincent-Spielmann\" class=\"\">Club maths Coll\u00e8ge Votaire, Toulon \u2013 Vincent Spielmann<\/h3>\n<p>Il y a eu des tours de math\u00e9magie, la construction de flexagones (trihexeflexagone, tetrahexaflexagone et hexahexaflexagone), entra\u00eenement au premier tour du concours al-kindi avec certains \u00e9l\u00e8ves, et, derni\u00e8rement, des constructions g\u00e9om\u00e9triques.<\/p>\n<p>Participation aux actions de l\u2019association \u201cElles bougent\u201d gr\u00e2ce \u00e0 Xavier Pellegrin au lyc\u00e9e Dumont d\u2019Urville pour l\u2019orientation des filles le 5 d\u00e9cembre 2025: 12 filles du coll\u00e8ge ont pu assister \u00e0 la pr\u00e9sentation du parcours de plusieurs femmes scientifiques, chercheuses, ing\u00e9nieures, etc. Cette pr\u00e9sentation a dur\u00e9 environ 45 minutes. Elle a \u00e9t\u00e9 suivie de tables rondes en petits effectifs o\u00f9 les \u00e9l\u00e8ves pouvaient poser des questions sur le parcours, les \u00e9tudes, le travail des femmes pr\u00e9sentes. Les \u00e9l\u00e8ves \u00e9taient tr\u00e8s contentes d\u2019avoir pu participer \u00e0 cette action.<\/p>\n<p>Participation \u00e9galement de Vincent aux d\u00e9fis scientifiques \u00e9quipe pavage avec Philippe Maisonobe et Sophie Caloin (Coll\u00e8ge Genevoix, Toulon)<\/p>\n<p><img loading=\"lazy\" decoding=\"async\" class=\"md-image\" src=\"https:\/\/minio.apps.education.fr\/codimd-prod\/uploads\/hhi5ld0y97fdvv3cicd6swpw8.png\" alt=\"\" width=\"226\" height=\"159\"> <img loading=\"lazy\" decoding=\"async\" class=\"md-image\" src=\"https:\/\/minio.apps.education.fr\/codimd-prod\/uploads\/mgjy6psshl9zj9ku8lciue6vy.png\" alt=\"\" width=\"291\" height=\"157\"> <img loading=\"lazy\" decoding=\"async\" class=\"md-image\" src=\"https:\/\/minio.apps.education.fr\/codimd-prod\/uploads\/n53x6en1d1iz1wq4wu639f3zr.png\" alt=\"\" width=\"111\" height=\"158\"><\/p>\n<p>[\/et_pb_text][\/et_pb_column][\/et_pb_row][et_pb_row _builder_version=\u00a0\u00bb4.27.4&Prime; _module_preset=\u00a0\u00bbdefault\u00a0\u00bb locked=\u00a0\u00bboff\u00a0\u00bb global_colors_info=\u00a0\u00bb{}\u00a0\u00bb][et_pb_column type=\u00a0\u00bb4_4&Prime; _builder_version=\u00a0\u00bb4.16&Prime; _module_preset=\u00a0\u00bbdefault\u00a0\u00bb global_colors_info=\u00a0\u00bb{}\u00a0\u00bb][et_pb_button button_url=\u00a0\u00bbhttps:\/\/www.pedagogie.ac-nice.fr\/mathematiques\/actualites-du-premier-semestre-des-clubs-de-maths-de-lacademie-janvier-2025\/\u00a0\u00bb button_text=\u00a0\u00bbActualit\u00e9s du premier semestre des clubs de maths de l\u2019acad\u00e9mie \u2013 Janvier 2025&Prime; button_alignment=\u00a0\u00bbcenter\u00a0\u00bb _builder_version=\u00a0\u00bb4.27.4&Prime; _module_preset=\u00a0\u00bbdefault\u00a0\u00bb custom_button=\u00a0\u00bbon\u00a0\u00bb button_text_color=\u00a0\u00bb#0C71C3&Prime; custom_margin=\u00a0\u00bb10px||10px||true|false\u00a0\u00bb global_colors_info=\u00a0\u00bb{}\u00a0\u00bb][\/et_pb_button][et_pb_button button_url=\u00a0\u00bbhttps:\/\/www.pedagogie.ac-nice.fr\/mathematiques\/actualites-des-clubs-maths\/\u00a0\u00bb button_text=\u00a0\u00bbLes actualit\u00e9s des clubs de maths &#8211; 2023\/2024&Prime; button_alignment=\u00a0\u00bbcenter\u00a0\u00bb _builder_version=\u00a0\u00bb4.27.4&Prime; _module_preset=\u00a0\u00bbdefault\u00a0\u00bb custom_button=\u00a0\u00bbon\u00a0\u00bb button_text_color=\u00a0\u00bb#0C71C3&Prime; custom_margin=\u00a0\u00bb10px||10px||true|false\u00a0\u00bb global_colors_info=\u00a0\u00bb{}\u00a0\u00bb][\/et_pb_button][\/et_pb_column][\/et_pb_row][\/et_pb_section]<\/p>\n","protected":false},"excerpt":{"rendered":"<p>Les labomaths<a href='https:\/\/www.pedagogie.ac-nice.fr\/mathematiques\/labomaths-quest-ce-que-cest\/' class='small-button smallblue'>Un labomaths &#8211; qu&rsquo;est-ce que c&rsquo;est ?<\/a> <a href='https:\/\/www.pedagogie.ac-nice.fr\/mathematiques\/les-labomaths-cest-qui\/' class='small-button smallblue'>Les labomaths &#8211; c&rsquo;est qui ?<\/a> <a href='https:\/\/www.pedagogie.ac-nice.fr\/mathematiques\/laboratoires-et-clubs\/\/\/' class='small-button smallblue'>Actualit\u00e9s des labomaths<\/a>Les clubs maths<a href='https:\/\/www.pedagogie.ac-nice.fr\/mathematiques\/les-clubs-mathematiques-quest-que-cest\/' class='small-button smallblue'>Qu&rsquo;est-ce que c&rsquo;est ?<\/a> <a href='https:\/\/www.pedagogie.ac-nice.fr\/mathematiques\/les-clubmaths-cest-qui\/' class='small-button smallblue'>C&rsquo;est qui ?<\/a> <a href='https:\/\/www.pedagogie.ac-nice.fr\/mathematiques\/actualites-des-clubs-de-maths-de-lacademie\/' class='small-button smallblue'>Actualit\u00e9s des clubs<\/a> <a href='https:\/\/www.pedagogie.ac-nice.fr\/mathematiques\/des-idees-pour-les-clubs-de-maths\/' class='small-button smallblue'>Des id\u00e9es pour les clubs maths<\/a>Animation des labomaths et des clubs maths de l\u2019acad\u00e9mie &#8211; 2026Compte rendu r\u00e9union [&hellip;]<\/p>\n","protected":false},"author":202,"featured_media":0,"parent":0,"menu_order":0,"comment_status":"closed","ping_status":"closed","template":"","meta":{"_et_pb_use_builder":"on","_et_pb_old_content":"","_et_gb_content_width":"","ngg_post_thumbnail":0,"footnotes":""},"class_list":["post-14051","page","type-page","status-publish","hentry"],"rttpg_featured_image_url":null,"rttpg_author":{"display_name":"admin","author_link":"https:\/\/www.pedagogie.ac-nice.fr\/mathematiques\/author\/opilorget\/"},"rttpg_comment":0,"rttpg_category":null,"rttpg_excerpt":"Les labomaths[button link=\"https:\/\/www.pedagogie.ac-nice.fr\/mathematiques\/labomaths-quest-ce-que-cest\/\"] Un labomaths - qu'est-ce que c'est ?[\/button] [button link=\"https:\/\/www.pedagogie.ac-nice.fr\/mathematiques\/les-labomaths-cest-qui\/\"]Les labomaths - c'est qui ?[\/button] [button link=\"https:\/\/www.pedagogie.ac-nice.fr\/mathematiques\/laboratoires-et-clubs\/\/\/\"]Actualit\u00e9s des labomaths[\/button]Les clubs maths[button link=\"https:\/\/www.pedagogie.ac-nice.fr\/mathematiques\/les-clubs-mathematiques-quest-que-cest\/\"]Qu'est-ce que c'est ?[\/button] [button link=\"https:\/\/www.pedagogie.ac-nice.fr\/mathematiques\/les-clubmaths-cest-qui\/\"]C'est qui ?[\/button] [button link=\"https:\/\/www.pedagogie.ac-nice.fr\/mathematiques\/actualites-des-clubs-de-maths-de-lacademie\/\"]Actualit\u00e9s des clubs[\/button] [button link=\"https:\/\/www.pedagogie.ac-nice.fr\/mathematiques\/des-idees-pour-les-clubs-de-maths\/\"] Des id\u00e9es pour les clubs maths[\/button]Animation des labomaths et des clubs maths de l\u2019acad\u00e9mie - 2026Compte rendu r\u00e9union\u2026","post_mailing_queue_ids":[],"_links":{"self":[{"href":"https:\/\/www.pedagogie.ac-nice.fr\/mathematiques\/wp-json\/wp\/v2\/pages\/14051","targetHints":{"allow":["GET"]}}],"collection":[{"href":"https:\/\/www.pedagogie.ac-nice.fr\/mathematiques\/wp-json\/wp\/v2\/pages"}],"about":[{"href":"https:\/\/www.pedagogie.ac-nice.fr\/mathematiques\/wp-json\/wp\/v2\/types\/page"}],"author":[{"embeddable":true,"href":"https:\/\/www.pedagogie.ac-nice.fr\/mathematiques\/wp-json\/wp\/v2\/users\/202"}],"replies":[{"embeddable":true,"href":"https:\/\/www.pedagogie.ac-nice.fr\/mathematiques\/wp-json\/wp\/v2\/comments?post=14051"}],"version-history":[{"count":11,"href":"https:\/\/www.pedagogie.ac-nice.fr\/mathematiques\/wp-json\/wp\/v2\/pages\/14051\/revisions"}],"predecessor-version":[{"id":14083,"href":"https:\/\/www.pedagogie.ac-nice.fr\/mathematiques\/wp-json\/wp\/v2\/pages\/14051\/revisions\/14083"}],"wp:attachment":[{"href":"https:\/\/www.pedagogie.ac-nice.fr\/mathematiques\/wp-json\/wp\/v2\/media?parent=14051"}],"curies":[{"name":"wp","href":"https:\/\/api.w.org\/{rel}","templated":true}]}}