{"id":14385,"date":"2026-05-10T09:05:59","date_gmt":"2026-05-10T07:05:59","guid":{"rendered":"https:\/\/www.pedagogie.ac-nice.fr\/mathematiques\/?page_id=14385"},"modified":"2026-05-10T09:32:58","modified_gmt":"2026-05-10T07:32:58","slug":"les-labomaths-de-lacademie-de-nice-2025-2026","status":"publish","type":"page","link":"https:\/\/www.pedagogie.ac-nice.fr\/mathematiques\/les-labomaths-de-lacademie-de-nice-2025-2026\/","title":{"rendered":"Les labomaths de l\u2019acad\u00e9mie de Nice 2025-2026"},"content":{"rendered":"<p>[et_pb_section fb_built=\u00a0\u00bb1&Prime; _builder_version=\u00a0\u00bb4.27.4&Prime; _module_preset=\u00a0\u00bbdefault\u00a0\u00bb locked=\u00a0\u00bboff\u00a0\u00bb global_colors_info=\u00a0\u00bb{}\u00a0\u00bb theme_builder_area=\u00a0\u00bbpost_content\u00a0\u00bb][et_pb_row column_structure=\u00a0\u00bb1_2,1_2&Prime; _builder_version=\u00a0\u00bb4.27.4&Prime; _module_preset=\u00a0\u00bbdefault\u00a0\u00bb background_color=\u00a0\u00bb#88C4DD\u00a0\u00bb width=\u00a0\u00bb95%\u00a0\u00bb custom_margin=\u00a0\u00bb-40px||||false|false\u00a0\u00bb custom_padding=\u00a0\u00bb10px|10px||10px|false|true\u00a0\u00bb animation_style=\u00a0\u00bbfade\u00a0\u00bb animation_delay=\u00a0\u00bb450ms\u00a0\u00bb animation_starting_opacity=\u00a0\u00bb33%\u00a0\u00bb border_radii=\u00a0\u00bbon|14px|14px|14px|14px\u00a0\u00bb locked=\u00a0\u00bboff\u00a0\u00bb global_colors_info=\u00a0\u00bb{}\u00a0\u00bb theme_builder_area=\u00a0\u00bbpost_content\u00a0\u00bb][et_pb_column type=\u00a0\u00bb1_2&Prime; _builder_version=\u00a0\u00bb4.27.4&Prime; _module_preset=\u00a0\u00bbdefault\u00a0\u00bb global_colors_info=\u00a0\u00bb{}\u00a0\u00bb theme_builder_area=\u00a0\u00bbpost_content\u00a0\u00bb][et_pb_text _builder_version=\u00a0\u00bb4.27.4&Prime; _module_preset=\u00a0\u00bbdefault\u00a0\u00bb border_color_all=\u00a0\u00bb#B3B3B3&Prime; global_colors_info=\u00a0\u00bb{}\u00a0\u00bb theme_builder_area=\u00a0\u00bbpost_content\u00a0\u00bb]<\/p>\n<pre style=\"text-align: center;\"><span style=\"color: #000080; font-size: 24pt;\">Les labomaths<\/span><\/pre>\n<p>[\/et_pb_text][et_pb_text _builder_version=\u00a0\u00bb4.27.4&Prime; _module_preset=\u00a0\u00bbdefault\u00a0\u00bb custom_margin=\u00a0\u00bb||||false|false\u00a0\u00bb global_colors_info=\u00a0\u00bb{}\u00a0\u00bb theme_builder_area=\u00a0\u00bbpost_content\u00a0\u00bb]<\/p>\n<pre style=\"text-align: center;\"><a href='https:\/\/www.pedagogie.ac-nice.fr\/mathematiques\/les-labomaths-de-lacademie-de-nice-2025-2026\/' class='small-button smallblue'><span style=\"font-size: 12pt;\"><em>Les labomaths - c'est qui ?<\/em><\/span><\/a>\n<a href='https:\/\/www.pedagogie.ac-nice.fr\/mathematiques\/laboratoires-et-clubs\/\/\/' class='small-button smallblue'><span style=\"font-size: 12pt;\"><em>Actualit\u00e9s des labomaths<\/em><\/span><\/a><\/pre>\n<p>[\/et_pb_text][\/et_pb_column][et_pb_column type=\u00a0\u00bb1_2&Prime; _builder_version=\u00a0\u00bb4.27.4&Prime; _module_preset=\u00a0\u00bbdefault\u00a0\u00bb global_colors_info=\u00a0\u00bb{}\u00a0\u00bb theme_builder_area=\u00a0\u00bbpost_content\u00a0\u00bb][et_pb_text _builder_version=\u00a0\u00bb4.27.4&Prime; _module_preset=\u00a0\u00bbdefault\u00a0\u00bb global_colors_info=\u00a0\u00bb{}\u00a0\u00bb theme_builder_area=\u00a0\u00bbpost_content\u00a0\u00bb]<\/p>\n<pre style=\"text-align: center;\"><span style=\"color: #000080; font-size: 24pt;\">Les clubs maths<\/span><\/pre>\n<p>[\/et_pb_text][et_pb_text _builder_version=\u00a0\u00bb4.27.4&Prime; _module_preset=\u00a0\u00bbdefault\u00a0\u00bb global_colors_info=\u00a0\u00bb{}\u00a0\u00bb theme_builder_area=\u00a0\u00bbpost_content\u00a0\u00bb]<\/p>\n<pre style=\"text-align: center;\"><a href='https:\/\/www.pedagogie.ac-nice.fr\/mathematiques\/les-clubs-maths-de-lacademie-de-nice-2025-2026\/' class='small-button smallblue'><span style=\"font-size: 12pt;\"><em>Les clubs maths c'est qui ?\n<\/em><\/span><\/a> \n<a href='https:\/\/www.pedagogie.ac-nice.fr\/mathematiques\/actualites-des-clubs-de-maths-de-lacademie\/' class='small-button smallblue'><span style=\"font-size: 12pt;\"><em>Actualit\u00e9s des clubs<\/em><\/span><\/a>\n<\/pre>\n<p>[\/et_pb_text][\/et_pb_column][\/et_pb_row][\/et_pb_section][et_pb_section fb_built=\u00a0\u00bb1&Prime; _builder_version=\u00a0\u00bb4.27.4&Prime; _module_preset=\u00a0\u00bbdefault\u00a0\u00bb global_colors_info=\u00a0\u00bb{}\u00a0\u00bb][et_pb_row _builder_version=\u00a0\u00bb4.27.4&Prime; _module_preset=\u00a0\u00bbdefault\u00a0\u00bb global_colors_info=\u00a0\u00bb{}\u00a0\u00bb][et_pb_column type=\u00a0\u00bb4_4&Prime; _builder_version=\u00a0\u00bb4.27.4&Prime; _module_preset=\u00a0\u00bbdefault\u00a0\u00bb global_colors_info=\u00a0\u00bb{}\u00a0\u00bb][et_pb_text _builder_version=\u00a0\u00bb4.27.4&Prime; _module_preset=\u00a0\u00bbdefault\u00a0\u00bb global_colors_info=\u00a0\u00bb{}\u00a0\u00bb]<\/p>\n<h3 id=\"R\u00e9seau-Antibes-Vallauris1\" class=\"\"><i class=\"fa fa-link\"><\/i><span style=\"color: #000080;\">R\u00e9seau Antibes Vallauris<\/span><\/h3>\n<p>Lyc\u00e9e g\u00e9n\u00e9ral et technologique Jacques Audiberti<br \/><a href=\"mailto:Denis.Riguccini@ac-nice.fr\" target=\"_blank\" rel=\"noopener\">Denis.Riguccini@ac-nice.fr<\/a><\/p>\n<h3 id=\"R\u00e9seau-Argens-Verdon1\" class=\"\"><i class=\"fa fa-link\"><\/i><span style=\"color: #000080;\">R\u00e9seau Argens Verdon<\/span><\/h3>\n<p>Coll\u00e8ge Paul Emile Victor<br \/><a href=\"mailto:Fabien.Coquillard@ac-nice.fr\" target=\"_blank\" rel=\"noopener\">Fabien.Coquillard@ac-nice.fr<\/a><\/p>\n<p>Coll\u00e8ge Pierre de Coubertin<br \/><a href=\"mailto:Stephanie.Gibert@ac-nice.fr\" target=\"_blank\" rel=\"noopener\">Stephanie.Gibert@ac-nice.fr<\/a>, <a href=\"mailto:Farid.Bejaoui@ac-nice.fr\" target=\"_blank\" rel=\"noopener\">Farid.Bejaoui@ac-nice.fr<\/a><\/p>\n<p>Lyc\u00e9e Polyvalent de Lorgues Thomas Edison<br \/><a href=\"mailto:Arnaud.Cabantous@ac-nice.fr\" target=\"_blank\" rel=\"noopener\">Arnaud.Cabantous@ac-nice.fr<\/a><a href=\"mailto:,Sophie-Jabot@ac-nice.fr\" target=\"_blank\" rel=\"noopener\">,Sophie-Jabot@ac-nice.fr<\/a><\/p>\n<h3 id=\"R\u00e9seau-Cannes-Pays-de-Lerins\" class=\"\"><i class=\"fa fa-link\"><\/i><span style=\"color: #000080;\">R\u00e9seau Cannes-Pays de Lerins<\/span><\/h3>\n<p>Coll\u00e8ge Emile Roux<br \/><a href=\"mailto:Fatima.Benmeriem@ac-nice.fr\" target=\"_blank\" rel=\"noopener\">Fatima.Benmeriem@ac-nice.fr<\/a><\/p>\n<p>Lyc\u00e9e g\u00e9n\u00e9ral Carnot<br \/><a href=\"mailto:jonas.levy@ac-nice.fr\" target=\"_blank\" rel=\"noopener\">jonas.levy@ac-nice.fr<\/a><\/p>\n<p>Coll\u00e8ge G\u00e9rard Philipe<br \/><a href=\"mailto:Chantal-Lucienn.Blaud-Poirson@ac-nice.fr\" target=\"_blank\" rel=\"noopener\">Chantal-Lucienn.Blaud-Poirson@ac-nice.fr<\/a><\/p>\n<h3 id=\"R\u00e9seau-Caramy-Provence-Verte\" class=\"\"><i class=\"fa fa-link\"><\/i><span style=\"color: #000080;\">R\u00e9seau Caramy Provence Verte<\/span><\/h3>\n<p>Lyc\u00e9e polyvalent Raynouard<br \/><a href=\"mailto:nelly.mourau@ac-nice.fr\" target=\"_blank\" rel=\"noopener\">nelly.mourau@ac-nice.fr<\/a><\/p>\n<h3 id=\"R\u00e9seau-Dettloff\" class=\"\"><i class=\"fa fa-link\"><\/i><span style=\"color: #000080;\">R\u00e9seau Dettloff<\/span><\/h3>\n<p>Lyc\u00e9e g\u00e9n\u00e9ral et technologique Parc Imperial<\/p>\n<h3 id=\"R\u00e9seau-du-Coudon1\" class=\"\"><i class=\"fa fa-link\"><\/i><span style=\"color: #000080;\">R\u00e9seau du Coudon<\/span><\/h3>\n<p>Lyc\u00e9e Polyvalent Rouvi\u00e8re<br \/><a href=\"mailto:Eric.Olivi@ac-nice.fr\" target=\"_blank\" rel=\"noopener\">Eric.Olivi@ac-nice.fr<\/a><\/p>\n<h3 id=\"R\u00e9seau-Fr\u00e9gate1\" class=\"\"><i class=\"fa fa-link\"><\/i><span style=\"color: #000080;\">R\u00e9seau Fr\u00e9gate<\/span><\/h3>\n<p>Coll\u00e8ge Alphonse Daudet<br \/><a href=\"mailto:khadija.bouazzaoui@ac-nice.fr\" target=\"_blank\" rel=\"noopener\">khadija.bouazzaoui@ac-nice.fr<\/a><\/p>\n<h3 id=\"R\u00e9seau-Golfe-de-Saint-Tropez1\" class=\"\"><i class=\"fa fa-link\"><\/i><span style=\"color: #000080;\">R\u00e9seau Golfe de Saint Tropez<\/span><\/h3>\n<p>Coll\u00e8ge G\u00e9rard Philipe<br \/><a href=\"mailto:Aymeric.Boston@ac-nice.fr\" target=\"_blank\" rel=\"noopener\">Aymeric.Boston@ac-nice.fr<\/a><\/p>\n<h3 id=\"R\u00e9seau-L\u2019Argens\" class=\"\"><i class=\"fa fa-link\"><\/i><span style=\"color: #000080;\">R\u00e9seau L\u2019Argens<\/span><\/h3>\n<p>Lyc\u00e9e Polyvalent du Val d\u2019Argens<br \/><a href=\"mailto:Yves.Launay@ac-nice.fr\" target=\"_blank\" rel=\"noopener\">Yves.Launay@ac-nice.fr<\/a><\/p>\n<h3 id=\"R\u00e9seau-les-Rives-de-la-Cagne\" class=\"\"><i class=\"fa fa-link\"><\/i><span style=\"color: #000080;\">R\u00e9seau les Rives de la Cagne<\/span><\/h3>\n<p>Coll\u00e8ge Jules Verne<br \/><a href=\"mailto:angelique.videau@ac-nice.fr\" target=\"_blank\" rel=\"noopener\">angelique.videau@ac-nice.fr<\/a><\/p>\n<h3 id=\"R\u00e9seau-Les-Rives-du-Var\" class=\"\"><i class=\"fa fa-link\"><\/i><span style=\"color: #000080;\">R\u00e9seau Les Rives du Var<\/span><\/h3>\n<p>Coll\u00e8ge Joseph Pagnol<br \/><a href=\"mailto:Christophe.Coanus@ac-nice.fr\" target=\"_blank\" rel=\"noopener\">Christophe.Coanus@ac-nice.fr<\/a><\/p>\n<p>Lyc\u00e9e g\u00e9n\u00e9ral et technologique M\u00e9lin\u00e9e &amp; Missak Manouchian (anciennement Thierry Maulnier)<br \/><a href=\"mailto:olivier.cavallo@ac-nice.fr\" target=\"_blank\" rel=\"noopener\">olivier.cavallo@ac-nice.fr<\/a>, <a href=\"mailto:marie.bouchacourt@ac-nice.fr\" target=\"_blank\" rel=\"noopener\">marie.bouchacourt@ac-nice.fr<\/a><\/p>\n<h3 id=\"R\u00e9seau-Les-Trois-Collines1\" class=\"\"><i class=\"fa fa-link\"><\/i><span style=\"color: #000080;\">R\u00e9seau Les Trois Collines<\/span><\/h3>\n<p>Coll\u00e8ge Henri Matisse<br \/><a href=\"mailto:Emmanuelle.Girot@ac-nice.fr\" target=\"_blank\" rel=\"noopener\">Emmanuelle.Girot@ac-nice.fr<\/a><\/p>\n<h3 id=\"R\u00e9seau-Mass\u00e9na\" class=\"\"><i class=\"fa fa-link\"><\/i><span style=\"color: #000080;\">R\u00e9seau Mass\u00e9na<\/span><\/h3>\n<p>Lyc\u00e9e g\u00e9n\u00e9ral Mass\u00e9na<br \/><a href=\"mailto:Caroline-Marie.Chevalier@ac-nice.fr\" target=\"_blank\" rel=\"noopener\">Caroline-Marie.Chevalier@ac-nice.fr<\/a><\/p>\n<h3 id=\"R\u00e9seau-Menton-Roya\" class=\"\"><i class=\"fa fa-link\"><\/i><span style=\"color: #000080;\">R\u00e9seau Menton Roya<\/span><\/h3>\n<p>Coll\u00e8ge Bellevue<br \/><a href=\"mailto:Naim.Benzebiba@ac-nice.fr\" target=\"_blank\" rel=\"noopener\">Naim.Benzebiba@ac-nice.fr<\/a><\/p>\n<h3 id=\"R\u00e9seau-Ouest-Var-M\u00e9diterran\u00e9e1\" class=\"\"><i class=\"fa fa-link\"><\/i><span style=\"color: #000080;\">R\u00e9seau Ouest Var M\u00e9diterran\u00e9e<\/span><\/h3>\n<p>Coll\u00e8ge Henri Wallon<br \/><a href=\"mailto:audrey.dagnicourt@ac-nice.fr\" target=\"_blank\" rel=\"noopener\">audrey.dagnicourt@ac-nice.fr<\/a><\/p>\n<h3 id=\"R\u00e9seau-Pays-de-Grasse1\" class=\"\"><i class=\"fa fa-link\"><\/i><span style=\"color: #000080;\">R\u00e9seau Pays de Grasse<\/span><\/h3>\n<p>Coll\u00e8ge Arnaud Beltrame<br \/><a href=\"mailto:Isabelle.Hubert-Girone@ac-nice.fr\" target=\"_blank\" rel=\"noopener\">Isabelle.Hubert-Girone@ac-nice.fr<\/a><\/p>\n<p>Lyc\u00e9e g\u00e9n\u00e9ral et technologique Amiral de Grasse<br \/><a href=\"mailto:Lucas.Iaria@ac-nice.fr\" target=\"_blank\" rel=\"noopener\">Lucas.Iaria@ac-nice.fr<\/a><\/p>\n<h3 id=\"R\u00e9seau-Rives-du-Paillon1\" class=\"\"><i class=\"fa fa-link\"><\/i><span style=\"color: #000080;\">R\u00e9seau Rives du Paillon<\/span><\/h3>\n<p>Coll\u00e8ge Simone Veil<br \/><a href=\"mailto:Nassira.Khenissa@ac-nice.fr\" target=\"_blank\" rel=\"noopener\">Nassira.Khenissa@ac-nice.fr<\/a><\/p>\n<p>Lyc\u00e9e g\u00e9n\u00e9ral et technologique Guillaume Apollinaire<br \/><a href=\"mailto:Laurine-Bernade.Harbulot@ac-nice.fr\" target=\"_blank\" rel=\"noopener\">Laurine-Bernade.Harbulot@ac-nice.fr<\/a><\/p>\n<h3 id=\"R\u00e9seau-Sophia-Cle1\" class=\"\"><i class=\"fa fa-link\"><\/i><span style=\"color: #000080;\">R\u00e9seau Sophia Cle<\/span><\/h3>\n<p>Coll\u00e8ge International Valbonne<br \/><a href=\"mailto:Virginie.Revenu@ac-nice.fr\" target=\"_blank\" rel=\"noopener\">Virginie.Revenu@ac-nice.fr<\/a>, <a href=\"mailto:sandrine.pic1@ac-nice.fr\" target=\"_blank\" rel=\"noopener\">sandrine.pic1@ac-nice.fr<\/a>, <a href=\"mailto:Marion.Hagopian@ac-nice.fr\" target=\"_blank\" rel=\"noopener\">Marion.Hagopian@ac-nice.fr<\/a><\/p>\n<p>Coll\u00e8ge C\u00e9sar<br \/><a href=\"mailto:Sandrine.Amrouche@ac-nice.fr\" target=\"_blank\" rel=\"noopener\">Sandrine.Amrouche@ac-nice.fr<\/a>, <a href=\"mailto:aurelie.vitu@ac-nice.fr\" target=\"_blank\" rel=\"noopener\">aurelie.vitu@ac-nice.fr<\/a><\/p>\n<p>Coll\u00e8ge L\u2019Eganaude<br \/><a href=\"mailto:Sylvain-Julien.Etienne@ac-nice.fr\" target=\"_blank\" rel=\"noopener\">Sylvain-Julien.Etienne@ac-nice.fr<\/a><\/p>\n<p>Lyc\u00e9e g\u00e9n\u00e9ral et technologique Simone Veil<br \/>C\u00e9dric.Gourjon@ac-nice.fr<\/p>\n<h3 id=\"R\u00e9seau-Toulon-Littoral1\" class=\"\"><i class=\"fa fa-link\"><\/i><span style=\"color: #000080;\">R\u00e9seau Toulon Littoral<\/span><\/h3>\n<p>Coll\u00e8ge Maurice Genevoix<br \/><a href=\"mailto:Dalia.Kasparoff@ac-nice.fr\" target=\"_blank\" rel=\"noopener\">Dalia.Kasparoff@ac-nice.fr<\/a><\/p>\n<p>Lyc\u00e9e g\u00e9n\u00e9ral et technologique Dumont D\u2019Urville<br \/><a href=\"mailto:Xavier.Pellegrin@ac-nice.fr\" target=\"_blank\" rel=\"noopener\">Xavier.Pellegrin@ac-nice.fr<\/a> (fin de la coordination \u00e0 la rentr\u00e9e 2026) <a href=\"mailto:Stephane-A.Hamon@ac-nice.fr\" target=\"_blank\" rel=\"noopener\">Stephane-A.Hamon@ac-nice.fr<\/a><\/p>\n<h3 id=\"R\u00e9seau-Toulon-Ouest-Var1\" class=\"\"><i class=\"fa fa-link\"><\/i><span style=\"color: #000080;\">R\u00e9seau Toulon Ouest Var<\/span><\/h3>\n<p>Coll\u00e8ge La Marquisanne<br \/><a href=\"mailto:Audrey.Damet@ac-nice.fr\" target=\"_blank\" rel=\"noopener\">Audrey.Damet@ac-nice.fr<\/a>, <a href=\"mailto:Ariane.Scalisi@ac-nice.fr\" target=\"_blank\" rel=\"noopener\">Ariane.Scalisi@ac-nice.fr<\/a><\/p>\n<p>&nbsp;<\/p>\n<h3 style=\"text-align: center;\"><span style=\"color: #000080;\">La carte des labomaths de l\u2019acad\u00e9mie<\/span><\/h3>\n<p>[\/et_pb_text][et_pb_code _builder_version=\u00a0\u00bb4.27.4&Prime; _module_preset=\u00a0\u00bbdefault\u00a0\u00bb global_colors_info=\u00a0\u00bb{}\u00a0\u00bb]<iframe style=\"width: 100%; height: 300px; border: 0;\" allowfullscreen allow=\"geolocation\" src=\"\/\/umap.incubateur.anct.gouv.fr\/fr\/map\/les-labomaths-de-lacademie-de-nice_4964?scaleControl=false&#038;miniMap=false&#038;scrollWheelZoom=false&#038;zoomControl=true&#038;editMode=disabled&#038;moreControl=true&#038;searchControl=null&#038;tilelayersControl=null&#038;embedControl=null&#038;datalayersControl=true&#038;onLoadPanel=none&#038;captionBar=false&#038;captionMenus=true\"><\/iframe><pee><a href=\"\/\/umap.incubateur.anct.gouv.fr\/fr\/map\/les-labomaths-de-lacademie-de-nice_4964?scaleControl=false&#038;miniMap=false&#038;scrollWheelZoom=true&#038;zoomControl=true&#038;editMode=disabled&#038;moreControl=true&#038;searchControl=null&#038;tilelayersControl=null&#038;embedControl=null&#038;datalayersControl=true&#038;onLoadPanel=none&#038;captionBar=false&#038;captionMenus=true\">Voir en plein \u00e9cran<\/a><\/pee>[\/et_pb_code][\/et_pb_column][\/et_pb_row][\/et_pb_section]<\/p>\n","protected":false},"excerpt":{"rendered":"<p>Les labomaths<a href='https:\/\/www.pedagogie.ac-nice.fr\/mathematiques\/les-labomaths-de-lacademie-de-nice-2025-2026\/' class='small-button smallblue'>Les labomaths &#8211; c&rsquo;est qui ?<\/a> <a href='https:\/\/www.pedagogie.ac-nice.fr\/mathematiques\/laboratoires-et-clubs\/\/\/' class='small-button smallblue'>Actualit\u00e9s des labomaths<\/a>Les clubs maths<a href='https:\/\/www.pedagogie.ac-nice.fr\/mathematiques\/les-clubs-maths-de-lacademie-de-nice-2025-2026\/' class='small-button smallblue'>Les clubs maths c&rsquo;est qui ?<\/a> <a href='https:\/\/www.pedagogie.ac-nice.fr\/mathematiques\/actualites-des-clubs-de-maths-de-lacademie\/' class='small-button smallblue'>Actualit\u00e9s des clubs<\/a> R\u00e9seau Antibes Vallauris Lyc\u00e9e g\u00e9n\u00e9ral et technologique Jacques AudibertiDenis.Riguccini@ac-nice.fr R\u00e9seau Argens Verdon Coll\u00e8ge Paul Emile VictorFabien.Coquillard@ac-nice.fr Coll\u00e8ge Pierre de CoubertinStephanie.Gibert@ac-nice.fr, Farid.Bejaoui@ac-nice.fr Lyc\u00e9e Polyvalent de Lorgues Thomas EdisonArnaud.Cabantous@ac-nice.fr,Sophie-Jabot@ac-nice.fr R\u00e9seau Cannes-Pays de [&hellip;]<\/p>\n","protected":false},"author":202,"featured_media":0,"parent":0,"menu_order":0,"comment_status":"closed","ping_status":"closed","template":"","meta":{"_et_pb_use_builder":"on","_et_pb_old_content":"","_et_gb_content_width":"","ngg_post_thumbnail":0,"footnotes":""},"class_list":["post-14385","page","type-page","status-publish","hentry"],"rttpg_featured_image_url":null,"rttpg_author":{"display_name":"admin","author_link":"https:\/\/www.pedagogie.ac-nice.fr\/mathematiques\/author\/opilorget\/"},"rttpg_comment":0,"rttpg_category":null,"rttpg_excerpt":"Les labomaths[button link=\"https:\/\/www.pedagogie.ac-nice.fr\/mathematiques\/les-labomaths-de-lacademie-de-nice-2025-2026\/\"]Les labomaths - c'est qui ?[\/button] [button link=\"https:\/\/www.pedagogie.ac-nice.fr\/mathematiques\/laboratoires-et-clubs\/\/\/\"]Actualit\u00e9s des labomaths[\/button]Les clubs maths[button link=\"https:\/\/www.pedagogie.ac-nice.fr\/mathematiques\/les-clubs-maths-de-lacademie-de-nice-2025-2026\/\"]Les clubs maths c'est qui ? [\/button] [button link=\"https:\/\/www.pedagogie.ac-nice.fr\/mathematiques\/actualites-des-clubs-de-maths-de-lacademie\/\"]Actualit\u00e9s des clubs[\/button] R\u00e9seau Antibes Vallauris Lyc\u00e9e g\u00e9n\u00e9ral et technologique Jacques AudibertiDenis.Riguccini@ac-nice.fr R\u00e9seau Argens Verdon Coll\u00e8ge Paul Emile VictorFabien.Coquillard@ac-nice.fr Coll\u00e8ge Pierre de CoubertinStephanie.Gibert@ac-nice.fr, Farid.Bejaoui@ac-nice.fr Lyc\u00e9e Polyvalent de Lorgues Thomas EdisonArnaud.Cabantous@ac-nice.fr,Sophie-Jabot@ac-nice.fr R\u00e9seau Cannes-Pays de\u2026","post_mailing_queue_ids":[],"_links":{"self":[{"href":"https:\/\/www.pedagogie.ac-nice.fr\/mathematiques\/wp-json\/wp\/v2\/pages\/14385","targetHints":{"allow":["GET"]}}],"collection":[{"href":"https:\/\/www.pedagogie.ac-nice.fr\/mathematiques\/wp-json\/wp\/v2\/pages"}],"about":[{"href":"https:\/\/www.pedagogie.ac-nice.fr\/mathematiques\/wp-json\/wp\/v2\/types\/page"}],"author":[{"embeddable":true,"href":"https:\/\/www.pedagogie.ac-nice.fr\/mathematiques\/wp-json\/wp\/v2\/users\/202"}],"replies":[{"embeddable":true,"href":"https:\/\/www.pedagogie.ac-nice.fr\/mathematiques\/wp-json\/wp\/v2\/comments?post=14385"}],"version-history":[{"count":5,"href":"https:\/\/www.pedagogie.ac-nice.fr\/mathematiques\/wp-json\/wp\/v2\/pages\/14385\/revisions"}],"predecessor-version":[{"id":14399,"href":"https:\/\/www.pedagogie.ac-nice.fr\/mathematiques\/wp-json\/wp\/v2\/pages\/14385\/revisions\/14399"}],"wp:attachment":[{"href":"https:\/\/www.pedagogie.ac-nice.fr\/mathematiques\/wp-json\/wp\/v2\/media?parent=14385"}],"curies":[{"name":"wp","href":"https:\/\/api.w.org\/{rel}","templated":true}]}}