{"id":2166,"date":"2020-03-26T23:28:14","date_gmt":"2020-03-26T22:28:14","guid":{"rendered":"https:\/\/www.pedagogie.ac-nice.fr\/mathematiques\/?page_id=2166"},"modified":"2020-07-12T19:33:17","modified_gmt":"2020-07-12T17:33:17","slug":"continuite-pedagogique-au-college-dispositifs","status":"publish","type":"page","link":"https:\/\/www.pedagogie.ac-nice.fr\/mathematiques\/continuite-pedagogique-au-college-dispositifs\/","title":{"rendered":"Continuit\u00e9 p\u00e9dagogique au coll\u00e8ge &#8211; Dispositifs"},"content":{"rendered":"<p>Cet article traite de dispositifs utilisables par les professeurs pour assurer la continuit\u00e9 p\u00e9dagogique durant la fermeture des \u00e9tablissements scolaires.<\/p>\n<ul>\n<li><span style=\"font-size: 18pt;\"><strong>Le CNED<\/strong><\/span><\/li>\n<\/ul>\n<ul>\n<li style=\"list-style-type: none;\">\n<ul style=\"list-style-type: circle;\">\n<li>Le dispositif \u00ab\u00a0<strong>Classe \u00e0 la maison<\/strong>\u00a0\u00bb : des parcours \u00ab\u00a0cl\u00e9s en main\u00a0\u00bb du CNED o\u00f9 l&rsquo;\u00e9l\u00e8ve effectue son travail en autonomie.<\/li>\n<\/ul>\n<\/li>\n<\/ul>\n<p style=\"padding-left: 120px;\"><img loading=\"lazy\" decoding=\"async\" class=\" wp-image-2071 alignleft\" src=\"https:\/\/www.pedagogie.ac-nice.fr\/mathematiques\/wp-content\/uploads\/sites\/30\/2020\/03\/classe-maison-college.jpg\" alt=\"\" width=\"270\" height=\"167\" srcset=\"https:\/\/www.pedagogie.ac-nice.fr\/mathematiques\/wp-content\/uploads\/sites\/30\/2020\/03\/classe-maison-college.jpg 653w, https:\/\/www.pedagogie.ac-nice.fr\/mathematiques\/wp-content\/uploads\/sites\/30\/2020\/03\/classe-maison-college-300x185.jpg 300w, https:\/\/www.pedagogie.ac-nice.fr\/mathematiques\/wp-content\/uploads\/sites\/30\/2020\/03\/classe-maison-college-150x93.jpg 150w\" sizes=\"(max-width: 270px) 100vw, 270px\" \/> Cette plateforme d&rsquo;auto-apprentissage offre des s\u00e9ances p\u00e9dagogiques et des activit\u00e9s d&rsquo;entra\u00eenement. Pour acc\u00e9der \u00e0 ces services du CNED, il suffit de cr\u00e9er un compte, ensuite l&rsquo;acc\u00e9s est gratuit. La plateforme ne conserve aucune trace des activit\u00e9s des \u00e9l\u00e8ves.<\/p>\n<p style=\"text-align: center; padding-left: 40px;\"><a href=\"https:\/\/www.pedagogie.ac-nice.fr\/mathematiques\/wp-content\/uploads\/sites\/30\/2020\/03\/MaClasseALaMaison_Maths_Colle\u0300ge.pdf\" target=\"_blank\" rel=\"noopener noreferrer\"><em> Tableau r\u00e9capitulant les s\u00e9quences propos\u00e9es par le CNED dans Ma Classe \u00e0 la Maison pour le niveau coll\u00e8ge<\/em><\/a><\/p>\n<ul>\n<li style=\"list-style-type: none;\">\n<ul style=\"list-style-type: circle;\">\n<li>La plateforme \u00ab\u00a0Classe \u00e0 la maison\u00a0\u00bb permet \u00e0 chaque enseignant qui s&rsquo;inscrit avec son adresse mail acad\u00e9mique de cr\u00e9er une <strong>classe virtuelle<\/strong> .<\/li>\n<\/ul>\n<\/li>\n<\/ul>\n<p style=\"padding-left: 80px;\"><span style=\"display: inline !important; float: none; background-color: #ffffff; color: #666666; cursor: text; font-family: 'Open Sans',Arial,sans-serif; font-size: 14px; font-style: normal; font-variant: normal; font-weight: 500; letter-spacing: normal; orphans: 2; text-align: left; text-decoration: none; text-indent: 0px; text-transform: none; -webkit-text-stroke-width: 0px; white-space: normal; word-spacing: 0px;\"><img loading=\"lazy\" decoding=\"async\" class=\" wp-image-2111 alignleft\" src=\"https:\/\/www.pedagogie.ac-nice.fr\/mathematiques\/wp-content\/uploads\/sites\/30\/2020\/03\/cvcollege.jpg\" alt=\"\" width=\"158\" height=\"77\" srcset=\"https:\/\/www.pedagogie.ac-nice.fr\/mathematiques\/wp-content\/uploads\/sites\/30\/2020\/03\/cvcollege.jpg 182w, https:\/\/www.pedagogie.ac-nice.fr\/mathematiques\/wp-content\/uploads\/sites\/30\/2020\/03\/cvcollege-150x73.jpg 150w\" sizes=\"(max-width: 158px) 100vw, 158px\" \/>Le professeur dispose alors d&rsquo;une adresse URL \u00e0 communiquer \u00e0 ses \u00e9l\u00e8ves qui lui permet d&rsquo;interagir avec eux sur le principe de la visioconf\u00e9rence.<\/span><\/p>\n<p>&nbsp;<\/p>\n<p style=\"padding-left: 160px;\"><a href=\"https:\/\/www.pedagogie.ac-nice.fr\/mathematiques\/wp-content\/uploads\/sites\/30\/2020\/03\/Fiche-DANE-CV-Cned.pdf\" target=\"_blank\" rel=\"noopener noreferrer\"> -&gt; Cr\u00e9er et g\u00e9rer une classe virtuelle (tutoriel de la DANE)<\/a><\/p>\n<p style=\"padding-left: 160px;\"><a href=\"https:\/\/www.pedagogie.ac-nice.fr\/mathematiques\/wp-content\/uploads\/sites\/30\/2020\/03\/Fiche-DANE-Organisation-CV.pdf\" target=\"_blank\" rel=\"noopener noreferrer\">-&gt; Organiser les classes virtuelles (tutoriel de la DANE)<\/a><\/p>\n<p style=\"padding-left: 160px;\"><a href=\"https:\/\/www.pedagogie.ac-nice.fr\/mathematiques\/wp-content\/uploads\/sites\/30\/2020\/04\/Experimentation_Classe_Virtuelle_CNED_Olivier_Ginola_final-1.pdf\" target=\"_blank\" rel=\"noopener noreferrer\"><span style=\"font-size: 12pt;\"><em>-&gt;<strong> Premi\u00e8re mise en place d&rsquo;une classe virtuelle CNED<\/strong><\/em><\/span><\/a><br \/>\nTrois enseignants du coll\u00e8ge Jean Rostand \u00e0 Nice ont fait une premi\u00e8re s\u00e9ance de classe virtuelle du CNED et relatent leur dispositif.<\/p>\n<p style=\"padding-left: 160px;\"><a href=\"https:\/\/www.pedagogie.ac-nice.fr\/mathematiques\/wp-content\/uploads\/sites\/30\/2020\/04\/Classe_virtuelle_CNED_S-Etienne_relu.pdf\" target=\"_blank\" rel=\"noopener noreferrer\">-&gt; <strong><em><span style=\"font-size: 12pt;\">Un t\u00e9moignage d\u2019exploitation de la classe virtuelle du CNED<\/span><\/em><\/strong><\/a><br \/>\nCet article relate d\u2019un t\u00e9moignage d\u2019utilisation de la classe virtuelle du CNED pour un cours de math\u00e9matiques en 6\u00e8me. Les automatismes portent sur des nombres d\u00e9cimaux, notamment sur la fleur des nombres. <a href=\"https:\/\/www.pedagogie.ac-nice.fr\/mathematiques\/wp-content\/uploads\/sites\/30\/2020\/04\/Classe_virtuelle_CNED_S-Etienne_6e_2020_03_27.zip\" target=\"_blank\" rel=\"noopener noreferrer\"><em>(En annexe les diaporamas<\/em>)<\/a><\/p>\n<p>&nbsp;<\/p>\n<ul>\n<li><span style=\"font-size: 18pt;\"><strong>Classe Invers\u00e9e<\/strong><\/span><\/li>\n<\/ul>\n<p style=\"padding-left: 80px;\"><img loading=\"lazy\" decoding=\"async\" class=\" wp-image-2430 alignleft\" src=\"https:\/\/www.pedagogie.ac-nice.fr\/mathematiques\/wp-content\/uploads\/sites\/30\/2020\/04\/logo_classe_inversee.png\" alt=\"\" width=\"167\" height=\"52\" srcset=\"https:\/\/www.pedagogie.ac-nice.fr\/mathematiques\/wp-content\/uploads\/sites\/30\/2020\/04\/logo_classe_inversee.png 241w, https:\/\/www.pedagogie.ac-nice.fr\/mathematiques\/wp-content\/uploads\/sites\/30\/2020\/04\/logo_classe_inversee-150x47.png 150w\" sizes=\"(max-width: 167px) 100vw, 167px\" \/>Il s\u2019agit <a href=\"https:\/\/www.pedagogie.ac-nice.fr\/mathematiques\/wp-content\/uploads\/sites\/30\/2020\/04\/Classe_inversee_S-Etienne_final.pdf\">d\u2019une pr\u00e9sentation de quelques principes<\/a> de la \u00ab\u00a0classe invers\u00e9e\u00a0\u00bb, avec l\u2019id\u00e9e qu\u2019il s\u2019agit d\u2019une organisation p\u00e9dagogique praticable en et hors confinement mais pas LA solution. La pratique de la classe invers\u00e9e aide cependant beaucoup \u00e0 maintenir le lien p\u00e9dagogique durant cette p\u00e9riode de confinement. C\u2019est un \u00e9l\u00e9ment dit de \u00ab\u00a0p\u00e9dagogie active\u00a0\u00bb et d\u2019autres dispositifs sur ce mod\u00e8le ont des cons\u00e9quences positives sur l\u2019apprentissage des \u00e9l\u00e8ves.<\/p>\n<p>&nbsp;<\/p>\n<ul>\n<li><span style=\"font-size: 18pt;\"><strong>Kahoot<\/strong><\/span><\/li>\n<\/ul>\n<p style=\"padding-left: 80px;\"><img loading=\"lazy\" decoding=\"async\" class=\"wp-image-2317 alignleft\" src=\"https:\/\/www.pedagogie.ac-nice.fr\/mathematiques\/wp-content\/uploads\/sites\/30\/2020\/04\/kahoot-logo.png\" alt=\"\" width=\"130\" height=\"73\" srcset=\"https:\/\/www.pedagogie.ac-nice.fr\/mathematiques\/wp-content\/uploads\/sites\/30\/2020\/04\/kahoot-logo.png 570w, https:\/\/www.pedagogie.ac-nice.fr\/mathematiques\/wp-content\/uploads\/sites\/30\/2020\/04\/kahoot-logo-300x168.png 300w, https:\/\/www.pedagogie.ac-nice.fr\/mathematiques\/wp-content\/uploads\/sites\/30\/2020\/04\/kahoot-logo-150x84.png 150w\" sizes=\"(max-width: 130px) 100vw, 130px\" \/>A l\u2019heure o\u00f9 les outils se multiplient et qu\u2019il est difficile de s\u2019en emparer, de les mettre en place, tout en respectant les conditions de confidentialit\u00e9, voici une application qui permet de cr\u00e9er des quizz en un temps record et avec des supports vari\u00e9s. Dans sa <strong>version gratuite, <\/strong>Kahoot remplit tous les crit\u00e8res recherch\u00e9s par les enseignants : simplicit\u00e9, efficacit\u00e9, \u00e9criture math\u00e9matique de base, suivi des \u00e9l\u00e8ves et travail en \u00e9quipe tout en respectant le RGPD. <a href=\"https:\/\/www.pedagogie.ac-nice.fr\/mathematiques\/wp-content\/uploads\/sites\/30\/2020\/04\/Kahoot_M-Esteve_final.pdf\" target=\"_blank\" rel=\"noopener noreferrer\">Lire la suite &#8230;<\/a><\/p>\n<p>&nbsp;<\/p>\n<ul>\n<li><span style=\"font-size: 18pt;\"><strong>M@th en-vie<\/strong><\/span><\/li>\n<\/ul>\n<p style=\"padding-left: 80px;\"><img loading=\"lazy\" decoding=\"async\" class=\"wp-image-2314 alignleft\" src=\"https:\/\/www.pedagogie.ac-nice.fr\/mathematiques\/wp-content\/uploads\/sites\/30\/2020\/04\/logopetit.png\" alt=\"\" width=\"107\" height=\"107\" srcset=\"https:\/\/www.pedagogie.ac-nice.fr\/mathematiques\/wp-content\/uploads\/sites\/30\/2020\/04\/logopetit.png 1000w, https:\/\/www.pedagogie.ac-nice.fr\/mathematiques\/wp-content\/uploads\/sites\/30\/2020\/04\/logopetit-300x300.png 300w, https:\/\/www.pedagogie.ac-nice.fr\/mathematiques\/wp-content\/uploads\/sites\/30\/2020\/04\/logopetit-150x150.png 150w, https:\/\/www.pedagogie.ac-nice.fr\/mathematiques\/wp-content\/uploads\/sites\/30\/2020\/04\/logopetit-768x768.png 768w\" sizes=\"(max-width: 107px) 100vw, 107px\" \/><a href=\"https:\/\/www.pedagogie.ac-nice.fr\/mathematiques\/wp-content\/uploads\/sites\/30\/2020\/04\/M@ths_en-vie_reluPhil_reluMESE.pdf\">Cet article<\/a> pr\u00e9sente le projet M@ths en-vie dont l\u2019objectif est de faire des math\u00e9matiques \u00e0 partir de situations du quotidien. Ce travail, pouvant associer toute la famille, motive beaucoup les \u00e9l\u00e8ves et permet d\u2019am\u00e9liorer leurs comp\u00e9tences en r\u00e9solution de probl\u00e8mes. Dans cet article, une adaptation de ce projet est pr\u00e9sent\u00e9e pour la continuit\u00e9 p\u00e9dagogique.<\/p>\n<p>&nbsp;<\/p>\n<p>&nbsp;<\/p>\n<ul style=\"list-style-type: disc;\">\n<li><strong><span style=\"font-size: 18pt;\">Socrative<\/span><\/strong><\/li>\n<\/ul>\n<p style=\"padding-left: 80px;\"><img loading=\"lazy\" decoding=\"async\" class=\" wp-image-2690 alignleft\" src=\"https:\/\/www.pedagogie.ac-nice.fr\/mathematiques\/wp-content\/uploads\/sites\/30\/2020\/04\/socrative.png\" alt=\"\" width=\"148\" height=\"55\" srcset=\"https:\/\/www.pedagogie.ac-nice.fr\/mathematiques\/wp-content\/uploads\/sites\/30\/2020\/04\/socrative.png 350w, https:\/\/www.pedagogie.ac-nice.fr\/mathematiques\/wp-content\/uploads\/sites\/30\/2020\/04\/socrative-300x111.png 300w, https:\/\/www.pedagogie.ac-nice.fr\/mathematiques\/wp-content\/uploads\/sites\/30\/2020\/04\/socrative-150x55.png 150w\" sizes=\"(max-width: 148px) 100vw, 148px\" \/><a href=\"https:\/\/www.pedagogie.ac-nice.fr\/mathematiques\/wp-content\/uploads\/sites\/30\/2020\/04\/Socrative_tutoriel_S-Etienne_final.pdf\" target=\"_blank\" rel=\"noopener noreferrer\">Cet article est un tutoriel<\/a> pour prendre en main la web-application \u00ab Socrative \u00bb, un gestionnaire de questionnaires comportant une version gratuite. Socrative est disponible \u00e0 l\u2019adresse principale suivante : <a href=\"https:\/\/socrative.com\/\" target=\"_blank\" rel=\"noopener noreferrer\">https:\/\/socrative.com\/<\/a><br \/>\nAfin d\u2019\u00eatre totalement RGPD, il convient d\u2019attribuer un num\u00e9ro aux \u00e9l\u00e8ves ou un code que l\u2019on peut g\u00e9n\u00e9rer al\u00e9atoirement facilement avec un tableur. Toujours dans ce cadre, on ne passera que par le site Web et non l\u2019application pour smartphone et tablette.<\/p>\n<p>&nbsp;<\/p>\n<ul style=\"list-style-type: disc;\">\n<li><strong><strong><span style=\"font-size: 18pt;\">Learning Apps<br \/>\n<\/span><\/strong><\/strong><\/li>\n<\/ul>\n<p style=\"padding-left: 80px;\"><img loading=\"lazy\" decoding=\"async\" class=\" wp-image-3057 alignleft\" src=\"https:\/\/www.pedagogie.ac-nice.fr\/mathematiques\/wp-content\/uploads\/sites\/30\/2020\/06\/LearningApps_logo.png\" alt=\"\" width=\"161\" height=\"42\" srcset=\"https:\/\/www.pedagogie.ac-nice.fr\/mathematiques\/wp-content\/uploads\/sites\/30\/2020\/06\/LearningApps_logo.png 307w, https:\/\/www.pedagogie.ac-nice.fr\/mathematiques\/wp-content\/uploads\/sites\/30\/2020\/06\/LearningApps_logo-300x78.png 300w, https:\/\/www.pedagogie.ac-nice.fr\/mathematiques\/wp-content\/uploads\/sites\/30\/2020\/06\/LearningApps_logo-150x39.png 150w\" sizes=\"(max-width: 161px) 100vw, 161px\" \/><a href=\"https:\/\/www.pedagogie.ac-nice.fr\/mathematiques\/wp-content\/uploads\/sites\/30\/2020\/06\/LearningApps_V-Lemesle_final.pdf\" target=\"_blank\" rel=\"noopener noreferrer\">Dans cet article<\/a>, nous allons d\u00e9couvrir ou red\u00e9couvrir l\u2019exerciseur en ligne \u00ab\u00a0<a href=\"https:\/\/learningapps.org\/\">Learning Apps<\/a>\u00a0\u00bb afin de continuer \u00e0 faire travailler nos \u00e9l\u00e8ves sur les automatismes.Tr\u00e8s simple d\u2019utilisation, gratuit, offrant de nombreuses ressources et compatible avec l\u2019ensemble des navigateurs, Learning Apps peut nous surprendre.<br \/>\nMots-cl\u00e9s\u00a0: exerciseur en ligne\u00a0; automatismes\u00a0; tutoriel\u00a0; Moodle<\/p>\n<p><strong><span style=\"font-size: 18pt;\">\u00a0<\/span><\/strong><\/p>\n<ul>\n<li><strong><span style=\"font-size: 18pt;\">Transformer des photos en un PDF avec Genius Scan<\/span><\/strong><\/li>\n<\/ul>\n<p style=\"padding-left: 80px;\"><strong><span style=\"font-size: 18pt;\"><img loading=\"lazy\" decoding=\"async\" class=\"wp-image-3069 alignleft\" src=\"https:\/\/www.pedagogie.ac-nice.fr\/mathematiques\/wp-content\/uploads\/sites\/30\/2020\/06\/image-genius.png\" alt=\"\" width=\"46\" height=\"46\" srcset=\"https:\/\/www.pedagogie.ac-nice.fr\/mathematiques\/wp-content\/uploads\/sites\/30\/2020\/06\/image-genius.png 230w, https:\/\/www.pedagogie.ac-nice.fr\/mathematiques\/wp-content\/uploads\/sites\/30\/2020\/06\/image-genius-150x150.png 150w\" sizes=\"(max-width: 46px) 100vw, 46px\" \/><\/span><\/strong>Les bo\u00eetes de d\u00e9p\u00f4ts utilis\u00e9es par les enseignants requi\u00e8rent des documents qui n\u2019exc\u00e8dent pas 1 Mo. <a href=\"https:\/\/www.pedagogie.ac-nice.fr\/mathematiques\/wp-content\/uploads\/sites\/30\/2020\/06\/Photos_vers_PDF_Genius_Scan_S-Etienne_final.pdf\" target=\"_blank\" rel=\"noopener noreferrer\">Cet article<\/a> pr\u00e9sente une application num\u00e9rique qui permet de transformer des photos, par exemple d\u2019un devoir \u00e0 rendre, en un document PDF que l\u2019on peut facilement envoyer par mail ou mettre dans un casier de collecte d\u2019un ENT ou de l\u2019activit\u00e9 \u00ab\u00a0Devoirs\u00a0\u00bb de Moodle.<br \/>\nMots-cl\u00e9s\u00a0: tutoriel\u00a0; photos en PDF\u00a0; ENT\u00a0; Moodle<\/p>\n<p>&nbsp;<\/p>\n<ul>\n<li><span style=\"font-size: 18pt;\"><strong>Ceintures de comp\u00e9tence<\/strong><\/span><\/li>\n<\/ul>\n<p style=\"padding-left: 80px;\"><img loading=\"lazy\" decoding=\"async\" class=\" wp-image-3190 alignleft\" src=\"https:\/\/www.pedagogie.ac-nice.fr\/mathematiques\/wp-content\/uploads\/sites\/30\/2020\/07\/karate-297881_1280_m.png\" alt=\"\" width=\"123\" height=\"76\" srcset=\"https:\/\/www.pedagogie.ac-nice.fr\/mathematiques\/wp-content\/uploads\/sites\/30\/2020\/07\/karate-297881_1280_m.png 200w, https:\/\/www.pedagogie.ac-nice.fr\/mathematiques\/wp-content\/uploads\/sites\/30\/2020\/07\/karate-297881_1280_m-150x93.png 150w\" sizes=\"(max-width: 123px) 100vw, 123px\" \/>Me voil\u00e0 presque au terme d\u2019une ann\u00e9e d\u2019exp\u00e9rimentation d\u2019un enseignement enti\u00e8rement bas\u00e9 sur des <a href=\"https:\/\/www.pedagogie.ac-nice.fr\/mathematiques\/wp-content\/uploads\/sites\/30\/2020\/07\/Ceintures_au_college_A-Catherine_final.pdf\" target=\"_blank\" rel=\"noopener noreferrer\">passages de Ceintures<\/a>. J\u2019imagine que d\u2019autres enseignants s\u2019y sont essay\u00e9s et s\u2019y essayent encore et je n\u2019ai absolument pas la pr\u00e9tention de d\u00e9livrer ici un quelconque mode d\u2019emploi, une quelconque parole, pr\u00each\u00e9e par un expert que je ne suis pas. Je veux simplement faire part de mon exp\u00e9rience, de mes r\u00e9flexions, convaincu au plus haut point de l\u2019int\u00e9r\u00eat d\u2019une telle pratique.<\/p>\n<p>&nbsp;<\/p>\n","protected":false},"excerpt":{"rendered":"<p>Cet article traite de dispositifs utilisables par les professeurs pour assurer la continuit\u00e9 p\u00e9dagogique durant la fermeture des \u00e9tablissements scolaires. Le CNED Le dispositif \u00ab\u00a0Classe \u00e0 la maison\u00a0\u00bb : des parcours \u00ab\u00a0cl\u00e9s en main\u00a0\u00bb du CNED o\u00f9 l&rsquo;\u00e9l\u00e8ve effectue son travail en autonomie. Cette plateforme d&rsquo;auto-apprentissage offre des s\u00e9ances p\u00e9dagogiques et des activit\u00e9s d&rsquo;entra\u00eenement. Pour [&hellip;]<\/p>\n","protected":false},"author":202,"featured_media":0,"parent":0,"menu_order":0,"comment_status":"closed","ping_status":"closed","template":"","meta":{"_et_pb_use_builder":"","_et_pb_old_content":"","_et_gb_content_width":"","ngg_post_thumbnail":0,"footnotes":""},"class_list":["post-2166","page","type-page","status-publish","hentry"],"rttpg_featured_image_url":null,"rttpg_author":{"display_name":"admin","author_link":"https:\/\/www.pedagogie.ac-nice.fr\/mathematiques\/author\/opilorget\/"},"rttpg_comment":0,"rttpg_category":null,"rttpg_excerpt":"Cet article traite de dispositifs utilisables par les professeurs pour assurer la continuit\u00e9 p\u00e9dagogique durant la fermeture des \u00e9tablissements scolaires. Le CNED Le dispositif \u00ab\u00a0Classe \u00e0 la maison\u00a0\u00bb : des parcours \u00ab\u00a0cl\u00e9s en main\u00a0\u00bb du CNED o\u00f9 l&rsquo;\u00e9l\u00e8ve effectue son travail en autonomie. Cette plateforme d&rsquo;auto-apprentissage offre des s\u00e9ances p\u00e9dagogiques et des activit\u00e9s d&rsquo;entra\u00eenement. Pour\u2026","post_mailing_queue_ids":[],"_links":{"self":[{"href":"https:\/\/www.pedagogie.ac-nice.fr\/mathematiques\/wp-json\/wp\/v2\/pages\/2166","targetHints":{"allow":["GET"]}}],"collection":[{"href":"https:\/\/www.pedagogie.ac-nice.fr\/mathematiques\/wp-json\/wp\/v2\/pages"}],"about":[{"href":"https:\/\/www.pedagogie.ac-nice.fr\/mathematiques\/wp-json\/wp\/v2\/types\/page"}],"author":[{"embeddable":true,"href":"https:\/\/www.pedagogie.ac-nice.fr\/mathematiques\/wp-json\/wp\/v2\/users\/202"}],"replies":[{"embeddable":true,"href":"https:\/\/www.pedagogie.ac-nice.fr\/mathematiques\/wp-json\/wp\/v2\/comments?post=2166"}],"version-history":[{"count":35,"href":"https:\/\/www.pedagogie.ac-nice.fr\/mathematiques\/wp-json\/wp\/v2\/pages\/2166\/revisions"}],"predecessor-version":[{"id":3192,"href":"https:\/\/www.pedagogie.ac-nice.fr\/mathematiques\/wp-json\/wp\/v2\/pages\/2166\/revisions\/3192"}],"wp:attachment":[{"href":"https:\/\/www.pedagogie.ac-nice.fr\/mathematiques\/wp-json\/wp\/v2\/media?parent=2166"}],"curies":[{"name":"wp","href":"https:\/\/api.w.org\/{rel}","templated":true}]}}