{"id":2168,"date":"2020-03-26T23:31:15","date_gmt":"2020-03-26T22:31:15","guid":{"rendered":"https:\/\/www.pedagogie.ac-nice.fr\/mathematiques\/?page_id=2168"},"modified":"2020-04-20T13:26:23","modified_gmt":"2020-04-20T11:26:23","slug":"continuite-pedagogique-au-college-temoignages","status":"publish","type":"page","link":"https:\/\/www.pedagogie.ac-nice.fr\/mathematiques\/continuite-pedagogique-au-college-temoignages\/","title":{"rendered":"Continuit\u00e9 p\u00e9dagogique au coll\u00e8ge &#8211; T\u00e9moignages"},"content":{"rendered":"<p>Cet article pr\u00e9sente des t\u00e9moignages de diff\u00e9rents professeurs de math\u00e9matiques de coll\u00e8ge de l\u2019acad\u00e9mie de Nice apr\u00e8s une premi\u00e8re semaine de confinement en ce printemps 2020. Ils montrent, selon les contextes, diff\u00e9rents exemples de mises en \u0153uvre de la continuit\u00e9 p\u00e9dagogique. Ces t\u00e9moignages n\u2019ont pas de valeur mod\u00e9lisante mais peuvent servir de point d\u2019appui ou de rep\u00e8re. Par ailleurs, l\u2019utilisation d\u2019outils non conformes au r\u00e8glement g\u00e9n\u00e9ral sur la protection des donn\u00e9es (RGPD) comme Gmail, Discord, Zoom ou WhatsApp est \u00e0 \u00e9viter\u00a0: elle peut, \u00e0 terme, poser des difficult\u00e9s d\u2019ordre juridique du fait de la r\u00e9cup\u00e9ration de donn\u00e9es sur ces sites.<\/p>\n<p>&nbsp;<\/p>\n<h2 style=\"text-align: center;\"><a href=\"https:\/\/www.pedagogie.ac-nice.fr\/mathematiques\/wp-content\/uploads\/sites\/30\/2020\/04\/Temoignage_F-Ayme.pdf\" target=\"_blank\" rel=\"noopener noreferrer\"><span style=\"font-size: 12pt;\">Florence AYME, professeure au Beausset (Var)<\/span><\/a><\/h2>\n<h2 style=\"text-align: center;\"><a href=\"https:\/\/www.pedagogie.ac-nice.fr\/mathematiques\/wp-content\/uploads\/sites\/30\/2020\/04\/Temoignage_N-Bonini.pdf\" target=\"_blank\" rel=\"noopener noreferrer\"><span style=\"font-size: 12pt;\">Nathalie BONINI, professeure au Luc (Var)<\/span><\/a><\/h2>\n<h2 style=\"text-align: center;\"><a href=\"https:\/\/www.pedagogie.ac-nice.fr\/mathematiques\/wp-content\/uploads\/sites\/30\/2020\/04\/Temoignage_A-Catherine.pdf\" target=\"_blank\" rel=\"noopener noreferrer\"><span style=\"font-size: 12pt;\">Alain CATHERINE, professeur \u00e0 Sollies-Pont (Var)<\/span><\/a><\/h2>\n<h2 style=\"text-align: center;\"><a href=\"https:\/\/www.pedagogie.ac-nice.fr\/mathematiques\/wp-content\/uploads\/sites\/30\/2020\/04\/Temoignage_M-Esteve.pdf\" target=\"_blank\" rel=\"noopener noreferrer\"><span style=\"font-size: 12pt;\">Marl\u00e8ne ESTEVE, professeure \u00e0 Toulon (Var)<\/span><\/a><\/h2>\n<h2 style=\"text-align: center;\"><a href=\"https:\/\/www.pedagogie.ac-nice.fr\/mathematiques\/wp-content\/uploads\/sites\/30\/2020\/04\/Temoignage_B-Fourneron.pdf\" target=\"_blank\" rel=\"noopener noreferrer\"><span style=\"font-size: 12pt;\">B\u00e9n\u00e9dicte FOURNERON, professeure \u00e0 La Farl\u00e8de (Var)<\/span><\/a><\/h2>\n<h2 style=\"text-align: center;\"><a href=\"https:\/\/www.pedagogie.ac-nice.fr\/mathematiques\/wp-content\/uploads\/sites\/30\/2020\/04\/Temoignage_F-Corlais.pdf\" target=\"_blank\" rel=\"noopener noreferrer\"><span style=\"font-size: 12pt;\">Florian CORLAIS, professeur \u00e0 Nice (Alpes-Maritimes)<\/span><\/a><\/h2>\n<h2 style=\"text-align: center;\"><a href=\"https:\/\/www.pedagogie.ac-nice.fr\/mathematiques\/wp-content\/uploads\/sites\/30\/2020\/04\/Temoignage_AC-Franco.pdf\" target=\"_blank\" rel=\"noopener noreferrer\"><span style=\"font-size: 12pt;\">Anne-Claire FRANCO, professeure \u00e0 Roquebilli\u00e8re (Alpes-Maritimes)<\/span><\/a><\/h2>\n<h2 style=\"text-align: center;\"><a href=\"https:\/\/www.pedagogie.ac-nice.fr\/mathematiques\/wp-content\/uploads\/sites\/30\/2020\/04\/Temoignage_S-Etienne.pdf\" target=\"_blank\" rel=\"noopener noreferrer\"><span style=\"font-size: 12pt;\">Sylvain ETIENNE, professeur \u00e0 Antibes (Alpes-Maritimes)<\/span><\/a><\/h2>\n<h2 style=\"text-align: center;\"><a href=\"https:\/\/www.pedagogie.ac-nice.fr\/mathematiques\/wp-content\/uploads\/sites\/30\/2020\/04\/Temoignage_O-Ginola.pdf\" target=\"_blank\" rel=\"noopener noreferrer\"><span style=\"font-size: 12pt;\">Olivier GINOLA, professeur \u00e0 Nice (Alpes-Maritimes)<\/span><\/a><\/h2>\n<h2 style=\"text-align: center;\"><a href=\"https:\/\/www.pedagogie.ac-nice.fr\/mathematiques\/wp-content\/uploads\/sites\/30\/2020\/04\/Temoignage_O-Touihri.pdf\" target=\"_blank\" rel=\"noopener noreferrer\"><span style=\"font-size: 12pt;\">Ouajdi TOUIHRI, professeur en REP+ \u00e0 Nice (Alpes-Maritimes)<\/span><\/a><\/h2>\n<p>&nbsp;<\/p>\n","protected":false},"excerpt":{"rendered":"<p>Cet article pr\u00e9sente des t\u00e9moignages de diff\u00e9rents professeurs de math\u00e9matiques de coll\u00e8ge de l\u2019acad\u00e9mie de Nice apr\u00e8s une premi\u00e8re semaine de confinement en ce printemps 2020. Ils montrent, selon les contextes, diff\u00e9rents exemples de mises en \u0153uvre de la continuit\u00e9 p\u00e9dagogique. Ces t\u00e9moignages n\u2019ont pas de valeur mod\u00e9lisante mais peuvent servir de point d\u2019appui ou [&hellip;]<\/p>\n","protected":false},"author":202,"featured_media":0,"parent":0,"menu_order":0,"comment_status":"closed","ping_status":"closed","template":"","meta":{"_et_pb_use_builder":"","_et_pb_old_content":"","_et_gb_content_width":"","ngg_post_thumbnail":0,"footnotes":""},"class_list":["post-2168","page","type-page","status-publish","hentry"],"rttpg_featured_image_url":null,"rttpg_author":{"display_name":"admin","author_link":"https:\/\/www.pedagogie.ac-nice.fr\/mathematiques\/author\/opilorget\/"},"rttpg_comment":0,"rttpg_category":null,"rttpg_excerpt":"Cet article pr\u00e9sente des t\u00e9moignages de diff\u00e9rents professeurs de math\u00e9matiques de coll\u00e8ge de l\u2019acad\u00e9mie de Nice apr\u00e8s une premi\u00e8re semaine de confinement en ce printemps 2020. Ils montrent, selon les contextes, diff\u00e9rents exemples de mises en \u0153uvre de la continuit\u00e9 p\u00e9dagogique. Ces t\u00e9moignages n\u2019ont pas de valeur mod\u00e9lisante mais peuvent servir de point d\u2019appui ou\u2026","post_mailing_queue_ids":[],"_links":{"self":[{"href":"https:\/\/www.pedagogie.ac-nice.fr\/mathematiques\/wp-json\/wp\/v2\/pages\/2168","targetHints":{"allow":["GET"]}}],"collection":[{"href":"https:\/\/www.pedagogie.ac-nice.fr\/mathematiques\/wp-json\/wp\/v2\/pages"}],"about":[{"href":"https:\/\/www.pedagogie.ac-nice.fr\/mathematiques\/wp-json\/wp\/v2\/types\/page"}],"author":[{"embeddable":true,"href":"https:\/\/www.pedagogie.ac-nice.fr\/mathematiques\/wp-json\/wp\/v2\/users\/202"}],"replies":[{"embeddable":true,"href":"https:\/\/www.pedagogie.ac-nice.fr\/mathematiques\/wp-json\/wp\/v2\/comments?post=2168"}],"version-history":[{"count":10,"href":"https:\/\/www.pedagogie.ac-nice.fr\/mathematiques\/wp-json\/wp\/v2\/pages\/2168\/revisions"}],"predecessor-version":[{"id":2674,"href":"https:\/\/www.pedagogie.ac-nice.fr\/mathematiques\/wp-json\/wp\/v2\/pages\/2168\/revisions\/2674"}],"wp:attachment":[{"href":"https:\/\/www.pedagogie.ac-nice.fr\/mathematiques\/wp-json\/wp\/v2\/media?parent=2168"}],"curies":[{"name":"wp","href":"https:\/\/api.w.org\/{rel}","templated":true}]}}