{"id":2444,"date":"2020-04-07T22:39:55","date_gmt":"2020-04-07T20:39:55","guid":{"rendered":"https:\/\/www.pedagogie.ac-nice.fr\/mathematiques\/?page_id=2444"},"modified":"2020-08-24T15:02:43","modified_gmt":"2020-08-24T13:02:43","slug":"vacances-apprenantes","status":"publish","type":"page","link":"https:\/\/www.pedagogie.ac-nice.fr\/mathematiques\/vacances-apprenantes\/","title":{"rendered":"Vacances apprenantes"},"content":{"rendered":"<p>Cette rubrique regroupe des exemples d&rsquo;activit\u00e9s math\u00e9matiques ludiques ou de vid\u00e9os de culture math\u00e9matique de niveau coll\u00e8ge, \u00e0 conseiller aux \u00e9l\u00e8ves durant la p\u00e9riode des vacances de printemps pass\u00e9e en confinement. Elle propose \u00e9galement des contenus pour des s\u00e9ances de soutien durant la deuxi\u00e8me semaine des vacances, plus particuli\u00e8rement en direction d&rsquo;\u00e9l\u00e8ves de coll\u00e8ge en difficult\u00e9.<\/p>\n<ul>\n<li style=\"list-style-type: none;\">\n<ul style=\"list-style-type: disc;\">\n<li style=\"text-align: left;\"><strong><span style=\"font-size: 12pt;\"><em>Cahiers de vacances apprenantes pour le cycle 3<br \/>\n<\/em><\/span><\/strong>Les documents ci-dessous sont des cahiers d\u00e9di\u00e9s aux vacances apprenantes. Ils ont \u00e9t\u00e9 construit pour aider les \u00e9l\u00e8ves de cycle 3, du CM1 \u00e0 la 6<sup>e<\/sup>, \u00e0 v\u00e9rifier et \u00e0 r\u00e9activer leurs acquis avant la prochaine rentr\u00e9e. Trois cahiers sont propos\u00e9s, avec un niveau croissant de difficult\u00e9. Chaque cahier est compos\u00e9s de questions portant sur l\u2019ensemble des programmes du cycle 3 et la r\u00e9solution de toutes ces questions permet de construire une image en Pixel Art.<br \/>\n<em>Mots-cl\u00e9s : Vacances apprenantes ; Pixel Art ; cycle 3 ; nombres et calculs ; grandeurs et mesures ; espace et g\u00e9om\u00e9trie.<\/em><\/li>\n<\/ul>\n<\/li>\n<\/ul>\n<p style=\"padding-left: 360px;\"><strong><em><a href=\"https:\/\/www.pedagogie.ac-nice.fr\/mathematiques\/wp-content\/uploads\/sites\/30\/2020\/08\/2020_Pixel_art_math_C3_niveau_01_final.pdf\" target=\"_blank\" rel=\"noopener noreferrer\"><span style=\"font-size: 12pt;\">Pixel Art niveau 1<\/span><\/a><\/em><\/strong><span style=\"font-size: 12pt;\"><strong><em><br \/>\n<a href=\"https:\/\/www.pedagogie.ac-nice.fr\/mathematiques\/wp-content\/uploads\/sites\/30\/2020\/08\/2020_Pixel_art_math_C3_niveau_02_final.pdf\" target=\"_blank\" rel=\"noopener noreferrer\">Pixel Art niveau 2<\/a><\/em><\/strong><strong><em><br \/>\n<a href=\"https:\/\/www.pedagogie.ac-nice.fr\/mathematiques\/wp-content\/uploads\/sites\/30\/2020\/08\/2020_Pixel_art_math_C3_niveau_03_final.pdf\" target=\"_blank\" rel=\"noopener noreferrer\">Pixel Art niveau 3<\/a><\/em><\/strong><\/span><\/p>\n<p style=\"padding-left: 40px;\">Une vid\u00e9o pr\u00e9sentant le Pixel Art, ainsi que des explications des consignes des livrets, est disponible en cliquant sur ce <a href=\"https:\/\/acamedia.ac-nice.fr\/v2\/2020liaison-c3pixel-artfinal_v5610\">lien.<\/a><\/p>\n<ul>\n<li style=\"list-style-type: none;\">\n<ul style=\"list-style-type: disc;\">\n<li><a href=\"https:\/\/www.pedagogie.ac-nice.fr\/mathematiques\/wp-content\/uploads\/sites\/30\/2020\/04\/Coulee_verte_6e_O-Touihri.pdf\" target=\"_blank\" rel=\"noopener noreferrer\"><em><strong><span style=\"font-size: 12pt;\">Probl\u00e8me en Sixi\u00e8me\u00a0: la coul\u00e9e verte \u00e0 Nice<\/span><\/strong><\/em><\/a><br \/>\nCette activit\u00e9, dont le contexte est emprunt\u00e9 \u00e0 la vie quotidienne, permet de travailler les comp\u00e9tences \u00ab chercher \u00bb et \u00ab raisonner \u00bb en classe de Sixi\u00e8me. <em><a href=\"https:\/\/www.pedagogie.ac-nice.fr\/mathematiques\/wp-content\/uploads\/sites\/30\/2020\/04\/Coulee_verte_6e_image_01.png\" target=\"_blank\" rel=\"noopener noreferrer\">Annexe 1<\/a> &#8211; <\/em><a href=\"https:\/\/www.pedagogie.ac-nice.fr\/mathematiques\/wp-content\/uploads\/sites\/30\/2020\/04\/Coulee_verte_6e_image_02.png\" target=\"_blank\" rel=\"noopener noreferrer\"><em>Annexe 2<\/em><\/a><\/li>\n<\/ul>\n<\/li>\n<\/ul>\n<ul>\n<li style=\"list-style-type: none;\">\n<ul style=\"list-style-type: disc;\">\n<li><strong><em><span style=\"font-size: 12pt;\"><a href=\"https:\/\/www.pedagogie.ac-nice.fr\/mathematiques\/wp-content\/uploads\/sites\/30\/2020\/04\/Enigmes_volume_01_M-Esteve_final.pdf\" target=\"_blank\" rel=\"noopener noreferrer\">\u00c9nigmes math\u00e9matiques pour confin\u00e9s : volume 1<\/a><br \/>\n<\/span><\/em><a href=\"https:\/\/www.pedagogie.ac-nice.fr\/mathematiques\/wp-content\/uploads\/sites\/30\/2020\/04\/Enigmes_volume_02_S-Etienne_final.pdf\" target=\"_blank\" rel=\"noopener noreferrer\"><span style=\"font-size: 12pt;\"><em>\u00c9nigmes math\u00e9matiques pour confin\u00e9s : volume 2<\/em><\/span><\/a><\/strong><br \/>\nCet article pr\u00e9sente des activit\u00e9s de r\u00e9flexion de niveau coll\u00e8ge, sous forme d\u2019\u00e9nigmes math\u00e9matiques, \u00e0 faire en famille durant la p\u00e9riode de confinement.<\/li>\n<\/ul>\n<\/li>\n<\/ul>\n<ul>\n<li style=\"list-style-type: none;\">\n<ul style=\"list-style-type: disc;\">\n<li style=\"text-align: left;\"><a href=\"https:\/\/www.pedagogie.ac-nice.fr\/mathematiques\/wp-content\/uploads\/sites\/30\/2020\/04\/jeuxmaths_article_site_academique_O_Ginola_final.pdf\" target=\"_blank\" rel=\"noopener noreferrer\"><span style=\"font-size: 12pt;\"><em><strong>Les math\u00e9matiques avec jeuxmaths.fr<\/strong><\/em><\/span><\/a><br \/>\nLe site <a href=\"http:\/\/www.jeuxmaths.fr\">www.jeuxmaths.fr <\/a>propose 8 rubriques (jeux en ligne, jeux interactifs, cours, jeux \u00e0 imprimer, \u00e9nigme du jour, tables, quizz et activit\u00e9s math\u00e9matiques).La rubrique \u00ab\u00a0jeux en ligne\u00a0\u00bb propose une centaine de jeux de math\u00e9matiques du cycle 2 \u00e0 la seconde, class\u00e9s par niveau. Ces jeux permettent notamment un travail cibl\u00e9 sur les automatismes en abordant, par exemple, les notions de fonctions, de r\u00e9solution d\u2019\u00e9quations, de racine carr\u00e9e, de calcul litt\u00e9ral. Nous proposons ici un exemple d\u2019activit\u00e9s en ligne que les professeurs de math\u00e9matiques volontaires pourront r\u00e9aliser dans le cadre de la classe ou encore des \u00ab\u00a0Vacances apprenantes\u00a0\u00bb.<\/li>\n<\/ul>\n<\/li>\n<\/ul>\n<ul>\n<li style=\"list-style-type: none;\">\n<ul style=\"list-style-type: disc;\">\n<li><a href=\"https:\/\/www.pedagogie.ac-nice.fr\/mathematiques\/wp-content\/uploads\/sites\/30\/2020\/04\/Automatismes_nbs_rectangles_ME_M-Esteve_final.pdf\" target=\"_blank\" rel=\"noopener noreferrer\"><span style=\"font-size: 12pt;\"><em><strong>Nombres rectangulaires<\/strong><\/em><\/span><\/a><br \/>\nCes activit\u00e9s sur la notion de nombre rectangulaire permettent d\u2019aborder diff\u00e9remment les nombres entiers naturels non nuls. En effet, tout entier naturel non nul peut \u00eatre repr\u00e9sent\u00e9 par un rectangle dont les dimensions sont deux diviseurs de ce nombre et l\u2019aire est ce nombre. La notion de nombre rectangulaire contribue, entre autres, \u00e0 l\u2019acquisition des notions de \u00ab\u00a0nombre premier\u00a0\u00bb et de \u00ab\u00a0nombre carr\u00e9\u00a0\u00bb. Cette notion se construit avec le triptyque \u00ab\u00a0Manipuler, Verbaliser, Abstraire\u00a0\u00bb. Des activit\u00e9s sont propos\u00e9es pour les cycles 3 et 4. Ces activit\u00e9s peuvent \u00eatre conduites dans une classe virtuelle.<\/li>\n<\/ul>\n<\/li>\n<\/ul>\n<ul>\n<li style=\"list-style-type: none;\">\n<ul style=\"list-style-type: disc;\">\n<li><a href=\"https:\/\/www.pedagogie.ac-nice.fr\/mathematiques\/wp-content\/uploads\/sites\/30\/2020\/04\/Automatismes_nbs_premiers_nbs_carres_v2_M-Esteve_final.pdf\" target=\"_blank\" rel=\"noopener noreferrer\"><span style=\"font-size: 12pt;\"><strong><em>Nombres premiers, nombres carr\u00e9s<\/em><\/strong><\/span><\/a><br \/>\nCes activit\u00e9s sur les nombres entiers naturels contribuent, entre autres, \u00e0 l\u2019acquisition des notions de \u00ab nombre premier \u00bb et de \u00ab nombre carr\u00e9 \u00bb \u00e0 partir de la d\u00e9composition multiplicative des nombres en produit de deux facteurs. Ces savoirs se construisent avec le triptyque \u00ab Manipuler, Verbaliser, Abstraire \u00bb. Des activit\u00e9s sont propos\u00e9es pour les cycles 3 et 4. Ces activit\u00e9s peuvent \u00eatre conduites dans une classe virtuelle.<\/li>\n<\/ul>\n<\/li>\n<\/ul>\n<ul>\n<li style=\"list-style-type: none;\">\n<ul style=\"list-style-type: disc;\">\n<li><a href=\"https:\/\/www.pedagogie.ac-nice.fr\/mathematiques\/wp-content\/uploads\/sites\/30\/2020\/04\/Evolutions-successives_B-Fourneron_final.pdf\" target=\"_blank\" rel=\"noopener noreferrer\"><span style=\"font-size: 12pt;\"><em><strong>\u00c9volutions successives<\/strong><\/em><\/span><\/a><br \/>\n\u00ab Pour compenser une augmentation de 20 %, il faut une r\u00e9duction de 20 % \u00bb. Combien de fois avons-nous entendu cela dans nos classes, dans les m\u00e9dias, dans la soci\u00e9t\u00e9 ? Faisons r\u00e9fl\u00e9chir nos \u00e9l\u00e8ves de coll\u00e8ge, de la sixi\u00e8me \u00e0 la troisi\u00e8me, sur ce sujet \u00e0 travers une situation d\u00e9clin\u00e9e en quatre \u00e9nonc\u00e9s progressifs.<\/li>\n<\/ul>\n<\/li>\n<\/ul>\n<ul>\n<li style=\"list-style-type: none;\">\n<ul style=\"list-style-type: disc;\">\n<li><a href=\"https:\/\/www.pedagogie.ac-nice.fr\/mathematiques\/mathematiques-et-films\/\" target=\"_blank\" rel=\"noopener noreferrer\"><span style=\"font-size: 12pt;\"><em><strong>Math\u00e9matiques et films<\/strong><\/em><\/span><\/a><br \/>\nCet article donne une s\u00e9lection de films dans diff\u00e9rentes rubriques\u00a0: films de culture math\u00e9matique, films grand public, s\u00e9ries, conf\u00e9rences\u00a0.<\/li>\n<\/ul>\n<\/li>\n<\/ul>\n<ul>\n<li style=\"list-style-type: none;\">\n<ul style=\"list-style-type: disc;\">\n<li><span style=\"font-size: 12pt;\"><em><strong><a href=\"https:\/\/www.pedagogie.ac-nice.fr\/mathematiques\/wp-content\/uploads\/sites\/30\/2020\/04\/Programme_calculs_F-Ayme_M-Esteve_S-Etienne_version_finale.pdf\" target=\"_blank\" rel=\"noopener noreferrer\">Programme de calculs et calcul litt\u00e9ral<\/a><br \/>\n<\/strong><\/em><\/span>Cet article montre comment exploiter les programmes de calculs du cycle 3 \u00e0 la classe de seconde. La progression propos\u00e9e commence avec le calcul num\u00e9rique, introduit graduellement les expressions litt\u00e9rales pour arriver \u00e0 leur exploitation pour d\u00e9montrer un cas g\u00e9n\u00e9ral et pour r\u00e9soudre une \u00e9quation du premier degr\u00e9 \u00e0 une inconnue.<span style=\"font-size: 12pt;\"><em><strong>\u00a0<\/strong><\/em><\/span><\/li>\n<\/ul>\n<\/li>\n<\/ul>\n<p style=\"padding-left: 40px;\">\n","protected":false},"excerpt":{"rendered":"<p>Cette rubrique regroupe des exemples d&rsquo;activit\u00e9s math\u00e9matiques ludiques ou de vid\u00e9os de culture math\u00e9matique de niveau coll\u00e8ge, \u00e0 conseiller aux \u00e9l\u00e8ves durant la p\u00e9riode des vacances de printemps pass\u00e9e en confinement. Elle propose \u00e9galement des contenus pour des s\u00e9ances de soutien durant la deuxi\u00e8me semaine des vacances, plus particuli\u00e8rement en direction d&rsquo;\u00e9l\u00e8ves de coll\u00e8ge en [&hellip;]<\/p>\n","protected":false},"author":202,"featured_media":0,"parent":0,"menu_order":0,"comment_status":"closed","ping_status":"closed","template":"","meta":{"_et_pb_use_builder":"","_et_pb_old_content":"","_et_gb_content_width":"","ngg_post_thumbnail":0,"footnotes":""},"class_list":["post-2444","page","type-page","status-publish","hentry"],"rttpg_featured_image_url":null,"rttpg_author":{"display_name":"admin","author_link":"https:\/\/www.pedagogie.ac-nice.fr\/mathematiques\/author\/opilorget\/"},"rttpg_comment":0,"rttpg_category":null,"rttpg_excerpt":"Cette rubrique regroupe des exemples d&rsquo;activit\u00e9s math\u00e9matiques ludiques ou de vid\u00e9os de culture math\u00e9matique de niveau coll\u00e8ge, \u00e0 conseiller aux \u00e9l\u00e8ves durant la p\u00e9riode des vacances de printemps pass\u00e9e en confinement. Elle propose \u00e9galement des contenus pour des s\u00e9ances de soutien durant la deuxi\u00e8me semaine des vacances, plus particuli\u00e8rement en direction d&rsquo;\u00e9l\u00e8ves de coll\u00e8ge en\u2026","post_mailing_queue_ids":[],"_links":{"self":[{"href":"https:\/\/www.pedagogie.ac-nice.fr\/mathematiques\/wp-json\/wp\/v2\/pages\/2444","targetHints":{"allow":["GET"]}}],"collection":[{"href":"https:\/\/www.pedagogie.ac-nice.fr\/mathematiques\/wp-json\/wp\/v2\/pages"}],"about":[{"href":"https:\/\/www.pedagogie.ac-nice.fr\/mathematiques\/wp-json\/wp\/v2\/types\/page"}],"author":[{"embeddable":true,"href":"https:\/\/www.pedagogie.ac-nice.fr\/mathematiques\/wp-json\/wp\/v2\/users\/202"}],"replies":[{"embeddable":true,"href":"https:\/\/www.pedagogie.ac-nice.fr\/mathematiques\/wp-json\/wp\/v2\/comments?post=2444"}],"version-history":[{"count":20,"href":"https:\/\/www.pedagogie.ac-nice.fr\/mathematiques\/wp-json\/wp\/v2\/pages\/2444\/revisions"}],"predecessor-version":[{"id":3210,"href":"https:\/\/www.pedagogie.ac-nice.fr\/mathematiques\/wp-json\/wp\/v2\/pages\/2444\/revisions\/3210"}],"wp:attachment":[{"href":"https:\/\/www.pedagogie.ac-nice.fr\/mathematiques\/wp-json\/wp\/v2\/media?parent=2444"}],"curies":[{"name":"wp","href":"https:\/\/api.w.org\/{rel}","templated":true}]}}