{"id":2481,"date":"2020-04-09T04:25:04","date_gmt":"2020-04-09T02:25:04","guid":{"rendered":"https:\/\/www.pedagogie.ac-nice.fr\/mathematiques\/?page_id=2481"},"modified":"2020-04-09T04:25:04","modified_gmt":"2020-04-09T02:25:04","slug":"les-parcours-mgistere-de-lacademie-de-nice","status":"publish","type":"page","link":"https:\/\/www.pedagogie.ac-nice.fr\/mathematiques\/les-parcours-mgistere-de-lacademie-de-nice\/","title":{"rendered":"Les parcours m@gist\u00e8re de l&rsquo;acad\u00e9mie de Nice."},"content":{"rendered":"<p><em><span style=\"font-size: 14pt;\"><strong>Les acc\u00e8s aux Espaces m@gist\u00e8re s&rsquo;effectuent \u00e0 partir de l&rsquo;Espace r\u00e9serv\u00e9 du site.<\/strong><\/span><\/em><\/p>\n","protected":false},"excerpt":{"rendered":"<p>Les acc\u00e8s aux Espaces m@gist\u00e8re s&rsquo;effectuent \u00e0 partir de l&rsquo;Espace r\u00e9serv\u00e9 du site.<\/p>\n","protected":false},"author":202,"featured_media":0,"parent":0,"menu_order":0,"comment_status":"closed","ping_status":"closed","template":"","meta":{"_et_pb_use_builder":"","_et_pb_old_content":"","_et_gb_content_width":"","ngg_post_thumbnail":0,"footnotes":""},"class_list":["post-2481","page","type-page","status-publish","hentry"],"rttpg_featured_image_url":null,"rttpg_author":{"display_name":"admin","author_link":"https:\/\/www.pedagogie.ac-nice.fr\/mathematiques\/author\/opilorget\/"},"rttpg_comment":0,"rttpg_category":null,"rttpg_excerpt":"Les acc\u00e8s aux Espaces m@gist\u00e8re s&rsquo;effectuent \u00e0 partir de l&rsquo;Espace r\u00e9serv\u00e9 du site.","post_mailing_queue_ids":[],"_links":{"self":[{"href":"https:\/\/www.pedagogie.ac-nice.fr\/mathematiques\/wp-json\/wp\/v2\/pages\/2481","targetHints":{"allow":["GET"]}}],"collection":[{"href":"https:\/\/www.pedagogie.ac-nice.fr\/mathematiques\/wp-json\/wp\/v2\/pages"}],"about":[{"href":"https:\/\/www.pedagogie.ac-nice.fr\/mathematiques\/wp-json\/wp\/v2\/types\/page"}],"author":[{"embeddable":true,"href":"https:\/\/www.pedagogie.ac-nice.fr\/mathematiques\/wp-json\/wp\/v2\/users\/202"}],"replies":[{"embeddable":true,"href":"https:\/\/www.pedagogie.ac-nice.fr\/mathematiques\/wp-json\/wp\/v2\/comments?post=2481"}],"version-history":[{"count":1,"href":"https:\/\/www.pedagogie.ac-nice.fr\/mathematiques\/wp-json\/wp\/v2\/pages\/2481\/revisions"}],"predecessor-version":[{"id":2482,"href":"https:\/\/www.pedagogie.ac-nice.fr\/mathematiques\/wp-json\/wp\/v2\/pages\/2481\/revisions\/2482"}],"wp:attachment":[{"href":"https:\/\/www.pedagogie.ac-nice.fr\/mathematiques\/wp-json\/wp\/v2\/media?parent=2481"}],"curies":[{"name":"wp","href":"https:\/\/api.w.org\/{rel}","templated":true}]}}