{"id":2578,"date":"2020-04-14T11:15:54","date_gmt":"2020-04-14T09:15:54","guid":{"rendered":"https:\/\/www.pedagogie.ac-nice.fr\/mathematiques\/?page_id=2578"},"modified":"2020-04-14T12:23:41","modified_gmt":"2020-04-14T10:23:41","slug":"enigmes-mathematiques","status":"publish","type":"page","link":"https:\/\/www.pedagogie.ac-nice.fr\/mathematiques\/enigmes-mathematiques\/","title":{"rendered":"\u00c9nigmes math\u00e9matiques"},"content":{"rendered":"<ul>\n<li style=\"text-align: left;\"><span style=\"font-size: 12pt;\"><strong>Jouez aux \u00e9nigmes math\u00e9matiques en lien avec la peinture, la po\u00e9sie, l&rsquo;informatique &#8230;. <\/strong><\/span><span style=\"font-size: 12pt;\"><strong>pour des coll\u00e9giens et des lyc\u00e9ens ! <\/strong><\/span><\/li>\n<\/ul>\n<p>&nbsp;<\/p>\n<table style=\"height: 296px; width: 67.391%; border-collapse: collapse;\">\n<tbody>\n<tr style=\"height: 23px;\">\n<td style=\"width: 20.8981%; height: 23px; border-style: solid; border-color: #dbd9d9; background-color: #f0eded; vertical-align: middle; text-align: center;\">Br\u00e8ve 1<\/td>\n<td style=\"width: 60.687%; height: 23px; border-style: solid; border-color: #dbd9d9; background-color: #f0eded; text-align: center;\"><strong><em><a href=\"https:\/\/www.pedagogie.ac-nice.fr\/mathematiques\/wp-content\/uploads\/sites\/30\/2020\/04\/Pages-de-Br\u00e8ves1.pdf\">Le Ruban de Moebius<\/a><\/em><\/strong><\/td>\n<\/tr>\n<tr style=\"height: 23px;\">\n<td style=\"width: 20.8981%; height: 23px; border-style: solid; border-color: #dbd9d9; background-color: #f0eded; text-align: center;\">Br\u00e8ve 2<\/td>\n<td style=\"width: 60.687%; height: 23px; border-style: solid; border-color: #dbd9d9; background-color: #f0eded; text-align: center;\"><strong><em><a href=\"https:\/\/www.pedagogie.ac-nice.fr\/mathematiques\/wp-content\/uploads\/sites\/30\/2020\/04\/Pages-de-Br\u00e8ves2.pdf\">Melancolia<\/a><\/em><\/strong><\/td>\n<\/tr>\n<tr style=\"height: 23px;\">\n<td style=\"width: 20.8981%; height: 23px; border-style: solid; border-color: #dbd9d9; background-color: #f0eded; text-align: center;\">Br\u00e8ve 3<\/td>\n<td style=\"width: 60.687%; height: 23px; border-style: solid; border-color: #dbd9d9; background-color: #f0eded; text-align: center;\"><strong><em><a href=\"https:\/\/www.pedagogie.ac-nice.fr\/mathematiques\/wp-content\/uploads\/sites\/30\/2020\/04\/Pages-de-Br\u00e8ves3.pdf\">Les Ambassadeurs<\/a><\/em><\/strong><\/td>\n<\/tr>\n<tr style=\"height: 23px;\">\n<td style=\"width: 20.8981%; height: 23px; border-style: solid; border-color: #dbd9d9; background-color: #f0eded; text-align: center;\">Br\u00e8ve 4<\/td>\n<td style=\"width: 60.687%; height: 23px; border-style: solid; border-color: #dbd9d9; background-color: #f0eded; text-align: center;\"><strong><em><a href=\"https:\/\/www.pedagogie.ac-nice.fr\/mathematiques\/wp-content\/uploads\/sites\/30\/2020\/04\/Pages-de-Br\u00e8ves4.pdf\">Maths en po\u00e8me<\/a><\/em><\/strong><\/td>\n<\/tr>\n<tr style=\"height: 23px;\">\n<td style=\"width: 20.8981%; height: 23px; border-style: solid; border-color: #dbd9d9; background-color: #f0eded; text-align: center;\">Br\u00e8ve 5<\/td>\n<td style=\"width: 60.687%; height: 23px; border-style: solid; border-color: #dbd9d9; background-color: #f0eded; text-align: center;\"><strong><em><a href=\"https:\/\/www.pedagogie.ac-nice.fr\/mathematiques\/wp-content\/uploads\/sites\/30\/2020\/04\/Pages-de-Br\u00e8ves5.pdf\">Alice au Pays des Merveilles<\/a><\/em><\/strong><\/td>\n<\/tr>\n<tr style=\"height: 23px;\">\n<td style=\"width: 20.8981%; height: 23px; border-style: solid; border-color: #dbd9d9; background-color: #f0eded; text-align: center;\">Br\u00e8ve 6<\/td>\n<td style=\"width: 60.687%; height: 23px; border-style: solid; border-color: #dbd9d9; background-color: #f0eded; text-align: center;\"><strong><em><a href=\"https:\/\/www.pedagogie.ac-nice.fr\/mathematiques\/wp-content\/uploads\/sites\/30\/2020\/04\/Pages-de-Br\u00e8ves6.pdf\">La Biblioth\u00e8que de Babel<\/a><\/em><\/strong><\/td>\n<\/tr>\n<tr style=\"height: 23px;\">\n<td style=\"width: 20.8981%; height: 23px; border-style: solid; border-color: #dbd9d9; background-color: #f0eded; text-align: center;\">Br\u00e8ve 7<\/td>\n<td style=\"width: 60.687%; height: 23px; border-style: solid; border-color: #dbd9d9; background-color: #f0eded; text-align: center;\"><strong><em><a href=\"https:\/\/www.pedagogie.ac-nice.fr\/mathematiques\/wp-content\/uploads\/sites\/30\/2020\/04\/Pages-de-Br\u00e8ves7.pdf\">L&rsquo;Oulipo<\/a><\/em><\/strong><\/td>\n<\/tr>\n<tr style=\"height: 23px;\">\n<td style=\"width: 20.8981%; height: 23px; border-style: solid; border-color: #dbd9d9; background-color: #f0eded; text-align: center;\">Br\u00e8ve 8<\/td>\n<td style=\"width: 60.687%; height: 23px; border-style: solid; border-color: #dbd9d9; background-color: #f0eded; text-align: center;\"><strong><em><a href=\"https:\/\/www.pedagogie.ac-nice.fr\/mathematiques\/wp-content\/uploads\/sites\/30\/2020\/04\/Pages-de-Br\u00e8ves8.pdf\">Cent mille milliards de po\u00e8mes<\/a><\/em><\/strong><\/td>\n<\/tr>\n<tr style=\"height: 23px;\">\n<td style=\"width: 20.8981%; height: 23px; border-style: solid; border-color: #dbd9d9; background-color: #f0eded; text-align: center;\">Br\u00e8ve 9<\/td>\n<td style=\"width: 60.687%; height: 23px; border-style: solid; border-color: #dbd9d9; background-color: #f0eded; text-align: center;\"><strong><em><a href=\"https:\/\/www.pedagogie.ac-nice.fr\/mathematiques\/wp-content\/uploads\/sites\/30\/2020\/04\/Pages-de-Br\u00e8ves9.pdf\">Maths en po\u00e8me<\/a><\/em><\/strong><\/td>\n<\/tr>\n<tr style=\"height: 23px;\">\n<td style=\"width: 20.8981%; height: 23px; border-style: solid; border-color: #dbd9d9; background-color: #f0eded; text-align: center;\">Br\u00e8ve 10<\/td>\n<td style=\"width: 60.687%; height: 23px; border-style: solid; border-color: #dbd9d9; background-color: #f0eded; text-align: center;\"><strong><em><a href=\"https:\/\/www.pedagogie.ac-nice.fr\/mathematiques\/wp-content\/uploads\/sites\/30\/2020\/04\/Pages-de-Br\u00e8ves10.pdf\">La st\u00e9ganographie informatique<\/a><\/em><\/strong><\/td>\n<\/tr>\n<\/tbody>\n<\/table>\n<p>&nbsp;<\/p>\n<ul>\n<li style=\"text-align: left;\"><strong><span style=\"font-size: 12pt;\"> Des \u00e9nigmes, des casse-t\u00eates pour des lyc\u00e9ens curieux <\/span><\/strong><\/li>\n<\/ul>\n<p>&nbsp;<\/p>\n<table style=\"border-collapse: collapse; width: 61.5287%; height: 253px;\">\n<tbody>\n<tr style=\"height: 23px;\">\n<td style=\"width: 37.7707%; height: 23px; background-color: #f0eded; border-style: solid; border-color: #ded9d9;\">\u00c9nigme 1 :<a href=\"https:\/\/www.pedagogie.ac-nice.fr\/mathematiques\/wp-content\/uploads\/sites\/30\/2020\/04\/Pages-de-Enigmes1.pdf\" target=\"_blank\" rel=\"noopener noreferrer\"><strong><em> Allo !<\/em><\/strong><\/a><\/td>\n<td style=\"width: 23.758%; height: 23px; background-color: #f0eded; border-style: solid; border-color: #ded9d9;\"><\/td>\n<\/tr>\n<tr style=\"height: 23px;\">\n<td style=\"width: 37.7707%; height: 23px; background-color: #f0eded; border-style: solid; border-color: #ded9d9;\">\u00c9nigme 2 : <a href=\"https:\/\/www.pedagogie.ac-nice.fr\/mathematiques\/wp-content\/uploads\/sites\/30\/2020\/04\/Pages-de-Enigmes2.pdf\" target=\"_blank\" rel=\"noopener noreferrer\"><strong><em>Un ordinateur un peu sp\u00e9cial<\/em><\/strong><\/a><\/td>\n<td style=\"width: 23.758%; height: 23px; background-color: #f0eded; border-style: solid; border-color: #ded9d9; text-align: center;\"><em><a href=\"https:\/\/www.pedagogie.ac-nice.fr\/mathematiques\/wp-content\/uploads\/sites\/30\/2020\/04\/Pages-de-Enigmes2.pdf\" target=\"_blank\" rel=\"noopener noreferrer\">Solution de l&rsquo;\u00e9nigme 1<\/a><\/em><\/td>\n<\/tr>\n<tr style=\"height: 23px;\">\n<td style=\"width: 37.7707%; height: 23px; background-color: #f0eded; border-style: solid; border-color: #ded9d9;\">\u00c9nigme 3 : <a href=\"https:\/\/www.pedagogie.ac-nice.fr\/mathematiques\/wp-content\/uploads\/sites\/30\/2020\/04\/Pages-de-Enigmes3.pdf\" target=\"_blank\" rel=\"noopener noreferrer\"><strong><em>Il fait chaud ..<\/em>.<\/strong><\/a><\/td>\n<td style=\"width: 23.758%; height: 23px; background-color: #f0eded; border-style: solid; border-color: #ded9d9; text-align: center;\"><em><a href=\"https:\/\/www.pedagogie.ac-nice.fr\/mathematiques\/wp-content\/uploads\/sites\/30\/2020\/04\/Pages-de-Enigmes3.pdf\" target=\"_blank\" rel=\"noopener noreferrer\">Solution de l&rsquo;\u00e9nigme 2<\/a><\/em><\/td>\n<\/tr>\n<tr style=\"height: 23px;\">\n<td style=\"width: 37.7707%; height: 23px; background-color: #f0eded; border-style: solid; border-color: #ded9d9;\">\u00c9nigme 4 : <a href=\"https:\/\/www.pedagogie.ac-nice.fr\/mathematiques\/wp-content\/uploads\/sites\/30\/2020\/04\/Pages-de-Enigmes4.pdf\" target=\"_blank\" rel=\"noopener noreferrer\"><strong><em>Trois vers<\/em><\/strong><\/a><\/td>\n<td style=\"width: 23.758%; height: 23px; background-color: #f0eded; border-style: solid; border-color: #ded9d9; text-align: center;\"><em><a href=\"https:\/\/www.pedagogie.ac-nice.fr\/mathematiques\/wp-content\/uploads\/sites\/30\/2020\/04\/Pages-de-Enigmes4.pdf\" target=\"_blank\" rel=\"noopener noreferrer\">Solution de l&rsquo;\u00e9nigme 3<\/a><\/em><\/td>\n<\/tr>\n<tr style=\"height: 23px;\">\n<td style=\"width: 37.7707%; height: 23px; background-color: #f0eded; border-style: solid; border-color: #ded9d9;\">\u00c9nigme 5 : <a href=\"https:\/\/www.pedagogie.ac-nice.fr\/mathematiques\/wp-content\/uploads\/sites\/30\/2020\/04\/Pages-de-Enigmes5.pdf\" target=\"_blank\" rel=\"noopener noreferrer\"><strong><em>Facto &#8230; comment ?<\/em><\/strong><\/a><\/td>\n<td style=\"width: 23.758%; height: 23px; background-color: #f0eded; border-style: solid; border-color: #ded9d9; text-align: center;\"><em><a href=\"https:\/\/www.pedagogie.ac-nice.fr\/mathematiques\/wp-content\/uploads\/sites\/30\/2020\/04\/Pages-de-Enigmes5.pdf\" target=\"_blank\" rel=\"noopener noreferrer\">Solution de l&rsquo;\u00e9nigme 4<\/a><\/em><\/td>\n<\/tr>\n<tr style=\"height: 23px;\">\n<td style=\"width: 37.7707%; height: 23px; background-color: #f0eded; border-style: solid; border-color: #ded9d9;\">\u00c9nigme 6 :<a href=\"https:\/\/www.pedagogie.ac-nice.fr\/mathematiques\/wp-content\/uploads\/sites\/30\/2020\/04\/Pages-de-Enigmes6.pdf\" target=\"_blank\" rel=\"noopener noreferrer\"><strong><em> La planche<\/em><\/strong><\/a><\/td>\n<td style=\"width: 23.758%; height: 23px; background-color: #f0eded; border-style: solid; border-color: #ded9d9; text-align: center;\"><em><a href=\"https:\/\/www.pedagogie.ac-nice.fr\/mathematiques\/wp-content\/uploads\/sites\/30\/2020\/04\/Pages-de-Enigmes6.pdf\" target=\"_blank\" rel=\"noopener noreferrer\">Solution de l&rsquo;\u00e9nigme 5<\/a><\/em><\/td>\n<\/tr>\n<tr style=\"height: 23px;\">\n<td style=\"width: 37.7707%; height: 23px; background-color: #f0eded; border-style: solid; border-color: #ded9d9;\">\u00c9nigme 7 : <a href=\"https:\/\/www.pedagogie.ac-nice.fr\/mathematiques\/wp-content\/uploads\/sites\/30\/2020\/04\/Pages-de-Enigmes7.pdf\" target=\"_blank\" rel=\"noopener noreferrer\"><strong><em>Qui est-ce ?<\/em><\/strong><\/a><\/td>\n<td style=\"width: 23.758%; height: 23px; background-color: #f0eded; border-style: solid; border-color: #ded9d9; text-align: center;\"><em><a href=\"https:\/\/www.pedagogie.ac-nice.fr\/mathematiques\/wp-content\/uploads\/sites\/30\/2020\/04\/Pages-de-Enigmes7.pdf\" target=\"_blank\" rel=\"noopener noreferrer\">Solution de l&rsquo;\u00e9nigme 6<\/a><\/em><\/td>\n<\/tr>\n<tr style=\"height: 23px;\">\n<td style=\"width: 37.7707%; height: 23px; background-color: #f0eded; border-style: solid; border-color: #ded9d9;\">\u00c9nigme 8 : <a href=\"https:\/\/www.pedagogie.ac-nice.fr\/mathematiques\/wp-content\/uploads\/sites\/30\/2020\/04\/Pages-de-Enigmes8.pdf\" target=\"_blank\" rel=\"noopener noreferrer\"><strong><em>Du sport ?<\/em><\/strong><\/a><\/td>\n<td style=\"width: 23.758%; height: 23px; background-color: #f0eded; border-style: solid; border-color: #ded9d9; text-align: center;\"><em><a href=\"https:\/\/www.pedagogie.ac-nice.fr\/mathematiques\/wp-content\/uploads\/sites\/30\/2020\/04\/Pages-de-Enigmes8.pdf\" target=\"_blank\" rel=\"noopener noreferrer\">Solution de l&rsquo;\u00e9nigme 7<\/a><\/em><\/td>\n<\/tr>\n<tr style=\"height: 23px;\">\n<td style=\"width: 37.7707%; height: 23px; background-color: #f0eded; border-style: solid; border-color: #ded9d9;\">\u00c9nigme 9 : <a href=\"https:\/\/www.pedagogie.ac-nice.fr\/mathematiques\/wp-content\/uploads\/sites\/30\/2020\/04\/Pages-de-Enigmes9.pdf\" target=\"_blank\" rel=\"noopener noreferrer\"><strong><em>Une histoire de jetons<\/em><\/strong><\/a><\/td>\n<td style=\"width: 23.758%; height: 23px; background-color: #f0eded; border-style: solid; border-color: #ded9d9; text-align: center;\"><em><a href=\"https:\/\/www.pedagogie.ac-nice.fr\/mathematiques\/wp-content\/uploads\/sites\/30\/2020\/04\/Pages-de-Enigmes9.pdf\" target=\"_blank\" rel=\"noopener noreferrer\">Solution de l&rsquo;\u00e9nigme 8<\/a><\/em><\/td>\n<\/tr>\n<tr style=\"height: 23px;\">\n<td style=\"width: 37.7707%; height: 23px; background-color: #f0eded; border-style: solid; border-color: #ded9d9;\">\u00c9nigme 10 :<a href=\"https:\/\/www.pedagogie.ac-nice.fr\/mathematiques\/wp-content\/uploads\/sites\/30\/2020\/04\/Pages-de-Enigmes10.pdf\" target=\"_blank\" rel=\"noopener noreferrer\"><strong> <em>Les capes<\/em><\/strong><\/a><\/td>\n<td style=\"width: 23.758%; height: 23px; background-color: #f0eded; border-style: solid; border-color: #ded9d9; text-align: center;\"><em><a href=\"https:\/\/www.pedagogie.ac-nice.fr\/mathematiques\/wp-content\/uploads\/sites\/30\/2020\/04\/Pages-de-Enigmes10.pdf\" target=\"_blank\" rel=\"noopener noreferrer\">Solution de l&rsquo;\u00e9nigme 9<\/a><\/em><\/td>\n<\/tr>\n<tr style=\"height: 23px;\">\n<td style=\"width: 37.7707%; height: 23px; background-color: #f0eded; border-style: solid; border-color: #ded9d9;\"><\/td>\n<td style=\"width: 23.758%; height: 23px; background-color: #f0eded; border-style: solid; border-color: #ded9d9; text-align: center;\"><em><a href=\"https:\/\/www.pedagogie.ac-nice.fr\/mathematiques\/wp-content\/uploads\/sites\/30\/2020\/04\/Pages-de-Enigmes11.pdf\" target=\"_blank\" rel=\"noopener noreferrer\">Solution de l&rsquo;\u00e9nigme 10<\/a><\/em><\/td>\n<\/tr>\n<\/tbody>\n<\/table>\n","protected":false},"excerpt":{"rendered":"<p>Jouez aux \u00e9nigmes math\u00e9matiques en lien avec la peinture, la po\u00e9sie, l&rsquo;informatique &#8230;. pour des coll\u00e9giens et des lyc\u00e9ens ! &nbsp; Br\u00e8ve 1 Le Ruban de Moebius Br\u00e8ve 2 Melancolia Br\u00e8ve 3 Les Ambassadeurs Br\u00e8ve 4 Maths en po\u00e8me Br\u00e8ve 5 Alice au Pays des Merveilles Br\u00e8ve 6 La Biblioth\u00e8que de Babel Br\u00e8ve 7 L&rsquo;Oulipo [&hellip;]<\/p>\n","protected":false},"author":202,"featured_media":0,"parent":0,"menu_order":0,"comment_status":"closed","ping_status":"closed","template":"","meta":{"_et_pb_use_builder":"","_et_pb_old_content":"","_et_gb_content_width":"","ngg_post_thumbnail":0,"footnotes":""},"class_list":["post-2578","page","type-page","status-publish","hentry"],"rttpg_featured_image_url":null,"rttpg_author":{"display_name":"admin","author_link":"https:\/\/www.pedagogie.ac-nice.fr\/mathematiques\/author\/opilorget\/"},"rttpg_comment":0,"rttpg_category":null,"rttpg_excerpt":"Jouez aux \u00e9nigmes math\u00e9matiques en lien avec la peinture, la po\u00e9sie, l&rsquo;informatique &#8230;. pour des coll\u00e9giens et des lyc\u00e9ens ! &nbsp; Br\u00e8ve 1 Le Ruban de Moebius Br\u00e8ve 2 Melancolia Br\u00e8ve 3 Les Ambassadeurs Br\u00e8ve 4 Maths en po\u00e8me Br\u00e8ve 5 Alice au Pays des Merveilles Br\u00e8ve 6 La Biblioth\u00e8que de Babel Br\u00e8ve 7 L&rsquo;Oulipo\u2026","post_mailing_queue_ids":[],"_links":{"self":[{"href":"https:\/\/www.pedagogie.ac-nice.fr\/mathematiques\/wp-json\/wp\/v2\/pages\/2578","targetHints":{"allow":["GET"]}}],"collection":[{"href":"https:\/\/www.pedagogie.ac-nice.fr\/mathematiques\/wp-json\/wp\/v2\/pages"}],"about":[{"href":"https:\/\/www.pedagogie.ac-nice.fr\/mathematiques\/wp-json\/wp\/v2\/types\/page"}],"author":[{"embeddable":true,"href":"https:\/\/www.pedagogie.ac-nice.fr\/mathematiques\/wp-json\/wp\/v2\/users\/202"}],"replies":[{"embeddable":true,"href":"https:\/\/www.pedagogie.ac-nice.fr\/mathematiques\/wp-json\/wp\/v2\/comments?post=2578"}],"version-history":[{"count":19,"href":"https:\/\/www.pedagogie.ac-nice.fr\/mathematiques\/wp-json\/wp\/v2\/pages\/2578\/revisions"}],"predecessor-version":[{"id":2622,"href":"https:\/\/www.pedagogie.ac-nice.fr\/mathematiques\/wp-json\/wp\/v2\/pages\/2578\/revisions\/2622"}],"wp:attachment":[{"href":"https:\/\/www.pedagogie.ac-nice.fr\/mathematiques\/wp-json\/wp\/v2\/media?parent=2578"}],"curies":[{"name":"wp","href":"https:\/\/api.w.org\/{rel}","templated":true}]}}