{"id":3530,"date":"2020-11-14T17:05:47","date_gmt":"2020-11-14T16:05:47","guid":{"rendered":"https:\/\/www.pedagogie.ac-nice.fr\/mathematiques\/?page_id=3530"},"modified":"2021-04-04T08:41:08","modified_gmt":"2021-04-04T06:41:08","slug":"webinaires-mathematiques-annee-2020-2021","status":"publish","type":"page","link":"https:\/\/www.pedagogie.ac-nice.fr\/mathematiques\/webinaires-mathematiques-annee-2020-2021\/","title":{"rendered":"Webinaires math\u00e9matiques &#8211; Ann\u00e9e 2020\/2021"},"content":{"rendered":"<p style=\"padding-left: 160px;\"><img loading=\"lazy\" decoding=\"async\" class=\"wp-image-1719 alignnone\" src=\"https:\/\/www.pedagogie.ac-nice.fr\/mathematiques\/wp-content\/uploads\/sites\/30\/2019\/12\/sans-titre.png\" alt=\"\" width=\"200\" height=\"104\" srcset=\"https:\/\/www.pedagogie.ac-nice.fr\/mathematiques\/wp-content\/uploads\/sites\/30\/2019\/12\/sans-titre.png 311w, https:\/\/www.pedagogie.ac-nice.fr\/mathematiques\/wp-content\/uploads\/sites\/30\/2019\/12\/sans-titre-300x156.png 300w, https:\/\/www.pedagogie.ac-nice.fr\/mathematiques\/wp-content\/uploads\/sites\/30\/2019\/12\/sans-titre-150x78.png 150w\" sizes=\"(max-width: 200px) 100vw, 200px\" \/> &nbsp;&nbsp;&nbsp;&nbsp; &nbsp;&nbsp;&nbsp; &nbsp; &nbsp; &nbsp; &nbsp;&nbsp;&nbsp; <img loading=\"lazy\" decoding=\"async\" class=\"alignnone wp-image-1717\" src=\"https:\/\/www.pedagogie.ac-nice.fr\/mathematiques\/wp-content\/uploads\/sites\/30\/2019\/12\/dane.png\" alt=\"\" width=\"243\" height=\"103\" srcset=\"https:\/\/www.pedagogie.ac-nice.fr\/mathematiques\/wp-content\/uploads\/sites\/30\/2019\/12\/dane.png 345w, https:\/\/www.pedagogie.ac-nice.fr\/mathematiques\/wp-content\/uploads\/sites\/30\/2019\/12\/dane-300x127.png 300w, https:\/\/www.pedagogie.ac-nice.fr\/mathematiques\/wp-content\/uploads\/sites\/30\/2019\/12\/dane-150x63.png 150w\" sizes=\"(max-width: 243px) 100vw, 243px\" \/><\/p>\n<p>&nbsp;<\/p>\n<p><span style=\"font-size: 14pt;\"><b>COLLEGE &#8211; LYCEE : Webinaires disciplinaires en math\u00e9matiques &#8211; Formation aux outils num\u00e9riques et pratique p\u00e9dagogique<\/b><\/span><\/p>\n<p><strong>Vous trouverez dans cette rubrique<\/strong> :<\/p>\n<ul>\n<li style=\"list-style-type: none;\">\n<ul style=\"list-style-type: disc;\">\n<li>des <b>webinaires de formation math\u00e9matique anim\u00e9s par des formateurs de math\u00e9matiques <\/b>de l&rsquo;acad\u00e9mie de Nice. Les Webinaires ont pour vocation d&rsquo;apporter un accompagnement sur la pratique p\u00e9dagogique de math\u00e9matiques, en distanciel ou en pr\u00e9sentiel, avec l&rsquo;utilisation d&rsquo;outils num\u00e9riques. Les modalit\u00e9s de participation sont indiqu\u00e9es pour chaque webinaire (certains n\u00e9cessitent une inscription, d&rsquo;autres peuvent \u00eatre suivis sans pr\u00e9-inscription).<\/li>\n<li>des <b>webinaires-conf\u00e9rences<\/b> qui permettent de suivre une conf\u00e9rence par classe virtuelle.<\/li>\n<\/ul>\n<\/li>\n<\/ul>\n<table style=\"height: 143px; width: 98%; border-collapse: collapse;\">\n<tbody>\n<tr style=\"height: 23px;\">\n<td style=\"width: 18.6172%; text-align: center; height: 23px; border-style: solid; border-color: #cfcfcf; background-color: #f2f0f0;\"><span style=\"font-size: 12pt;\"><strong>Date<\/strong><\/span><\/td>\n<td style=\"width: 17.3168%; text-align: center; border-style: solid; border-color: #cfcfcf; background-color: #f2f0f0; height: 23px;\"><span style=\"font-size: 12pt;\"><strong>Outil \/ Support<br \/>\n<\/strong><\/span><\/td>\n<td style=\"width: 30.7325%; height: 23px; text-align: center; border-style: solid; border-color: #cfcfcf; background-color: #f2f0f0;\"><span style=\"font-size: 12pt;\"><strong>Titre<\/strong><\/span><\/td>\n<td style=\"width: 33.3333%; height: 23px; text-align: center; border-style: solid; border-color: #cfcfcf; background-color: #f2f0f0;\"><span style=\"font-size: 12pt;\"><strong>&nbsp;Informations et inscription<\/strong><\/span><\/td>\n<\/tr>\n<tr style=\"height: 48px;\">\n<td style=\"width: 18.6172%; text-align: center; border-style: solid; border-color: #cfcfcf; background-color: #f2f0f0; height: 48px;\"><span style=\"font-size: 10pt;\"><strong>10\/02\/2021 \u00e0 15h30<br \/>\n03\/02\/2021 \u00e0 15h30<\/strong><b><br \/>\n<\/b><\/span><\/td>\n<td style=\"width: 17.3168%; text-align: center; border-style: solid; border-color: #cfcfcf; background-color: #f2f0f0; height: 48px;\"><span style=\"font-size: 10pt;\"><strong>Jupyter<\/strong><\/span><\/td>\n<td style=\"width: 30.7325%; text-align: center; border-style: solid; border-color: #cfcfcf; background-color: #f2f0f0; height: 48px;\"><span style=\"font-size: 10pt;\">Utiliser <strong>Jupyter<\/strong> pour faire de la <strong>programmation Python<\/strong> avec les \u00e9l\u00e8ves <strong>hors de la classe<\/strong>.<\/span><\/td>\n<td style=\"width: 33.3333%; text-align: center; border-style: solid; border-color: #cfcfcf; background-color: #f2f0f0; height: 48px;\"><span style=\"font-size: 10pt;\">Webinaire de formation &#8211; GND<br \/>\n<em><a href=\"https:\/\/www.pedagogie.ac-nice.fr\/mathematiques\/wp-content\/uploads\/sites\/30\/2021\/01\/Webinaire-Jupyter.pdf\" target=\"_blank\" rel=\"noopener\">Pr\u00e9sentation<\/a> et <a href=\"https:\/\/www.pedagogie.ac-nice.fr\/mathematiques\/wp-content\/uploads\/sites\/30\/2021\/04\/Jupyter-Notebook-BENRIDA-PONSONNET.pdf\" target=\"_blank\" rel=\"noopener\">Support tutoriel<\/a><\/p>\n<p><\/em><\/span><\/td>\n<\/tr>\n<\/tbody>\n<\/table>\n","protected":false},"excerpt":{"rendered":"<p>&nbsp;&nbsp;&nbsp;&nbsp; &nbsp;&nbsp;&nbsp; &nbsp; &nbsp; &nbsp; &nbsp;&nbsp;&nbsp; &nbsp; COLLEGE &#8211; LYCEE : Webinaires disciplinaires en math\u00e9matiques &#8211; Formation aux outils num\u00e9riques et pratique p\u00e9dagogique Vous trouverez dans cette rubrique : des webinaires de formation math\u00e9matique anim\u00e9s par des formateurs de math\u00e9matiques de l&rsquo;acad\u00e9mie de Nice. Les Webinaires ont pour vocation d&rsquo;apporter un accompagnement sur la pratique [&hellip;]<\/p>\n","protected":false},"author":202,"featured_media":0,"parent":0,"menu_order":0,"comment_status":"closed","ping_status":"closed","template":"","meta":{"_et_pb_use_builder":"","_et_pb_old_content":"","_et_gb_content_width":"","ngg_post_thumbnail":0,"footnotes":""},"class_list":["post-3530","page","type-page","status-publish","hentry"],"rttpg_featured_image_url":null,"rttpg_author":{"display_name":"admin","author_link":"https:\/\/www.pedagogie.ac-nice.fr\/mathematiques\/author\/opilorget\/"},"rttpg_comment":0,"rttpg_category":null,"rttpg_excerpt":"&nbsp;&nbsp;&nbsp;&nbsp; &nbsp;&nbsp;&nbsp; &nbsp; &nbsp; &nbsp; &nbsp;&nbsp;&nbsp; &nbsp; COLLEGE &#8211; LYCEE : Webinaires disciplinaires en math\u00e9matiques &#8211; Formation aux outils num\u00e9riques et pratique p\u00e9dagogique Vous trouverez dans cette rubrique : des webinaires de formation math\u00e9matique anim\u00e9s par des formateurs de math\u00e9matiques de l&rsquo;acad\u00e9mie de Nice. Les Webinaires ont pour vocation d&rsquo;apporter un accompagnement sur la pratique\u2026","post_mailing_queue_ids":[],"_links":{"self":[{"href":"https:\/\/www.pedagogie.ac-nice.fr\/mathematiques\/wp-json\/wp\/v2\/pages\/3530","targetHints":{"allow":["GET"]}}],"collection":[{"href":"https:\/\/www.pedagogie.ac-nice.fr\/mathematiques\/wp-json\/wp\/v2\/pages"}],"about":[{"href":"https:\/\/www.pedagogie.ac-nice.fr\/mathematiques\/wp-json\/wp\/v2\/types\/page"}],"author":[{"embeddable":true,"href":"https:\/\/www.pedagogie.ac-nice.fr\/mathematiques\/wp-json\/wp\/v2\/users\/202"}],"replies":[{"embeddable":true,"href":"https:\/\/www.pedagogie.ac-nice.fr\/mathematiques\/wp-json\/wp\/v2\/comments?post=3530"}],"version-history":[{"count":12,"href":"https:\/\/www.pedagogie.ac-nice.fr\/mathematiques\/wp-json\/wp\/v2\/pages\/3530\/revisions"}],"predecessor-version":[{"id":3893,"href":"https:\/\/www.pedagogie.ac-nice.fr\/mathematiques\/wp-json\/wp\/v2\/pages\/3530\/revisions\/3893"}],"wp:attachment":[{"href":"https:\/\/www.pedagogie.ac-nice.fr\/mathematiques\/wp-json\/wp\/v2\/media?parent=3530"}],"curies":[{"name":"wp","href":"https:\/\/api.w.org\/{rel}","templated":true}]}}