{"id":4440,"date":"2021-10-27T09:59:08","date_gmt":"2021-10-27T07:59:08","guid":{"rendered":"https:\/\/www.pedagogie.ac-nice.fr\/mathematiques\/?page_id=4440"},"modified":"2026-03-19T11:34:51","modified_gmt":"2026-03-19T10:34:51","slug":"labomaths-quest-ce-que-cest","status":"publish","type":"page","link":"https:\/\/www.pedagogie.ac-nice.fr\/mathematiques\/labomaths-quest-ce-que-cest\/","title":{"rendered":"Labomaths &#8211; Qu&rsquo;est-ce que c&rsquo;est ?"},"content":{"rendered":"<p>[et_pb_section fb_built=\u00a0\u00bb1&Prime; _builder_version=\u00a0\u00bb4.16&Prime; global_colors_info=\u00a0\u00bb{}\u00a0\u00bb][et_pb_row column_structure=\u00a0\u00bb1_2,1_2&Prime; _builder_version=\u00a0\u00bb4.27.4&Prime; _module_preset=\u00a0\u00bbdefault\u00a0\u00bb background_color=\u00a0\u00bb#88C4DD\u00a0\u00bb width=\u00a0\u00bb95%\u00a0\u00bb custom_margin=\u00a0\u00bb-40px||||false|false\u00a0\u00bb custom_padding=\u00a0\u00bb10px|10px||10px|false|true\u00a0\u00bb animation_style=\u00a0\u00bbfade\u00a0\u00bb animation_delay=\u00a0\u00bb450ms\u00a0\u00bb animation_starting_opacity=\u00a0\u00bb33%\u00a0\u00bb border_radii=\u00a0\u00bbon|14px|14px|14px|14px\u00a0\u00bb locked=\u00a0\u00bboff\u00a0\u00bb global_colors_info=\u00a0\u00bb{}\u00a0\u00bb][et_pb_column type=\u00a0\u00bb1_2&Prime; _builder_version=\u00a0\u00bb4.27.4&Prime; _module_preset=\u00a0\u00bbdefault\u00a0\u00bb global_colors_info=\u00a0\u00bb{}\u00a0\u00bb][et_pb_text _builder_version=\u00a0\u00bb4.27.4&Prime; _module_preset=\u00a0\u00bbdefault\u00a0\u00bb border_color_all=\u00a0\u00bb#B3B3B3&Prime; global_colors_info=\u00a0\u00bb{}\u00a0\u00bb]<\/p>\n<pre style=\"text-align: center;\"><span style=\"color: #000080; font-size: 24pt;\">Les labomaths<\/span><\/pre>\n<p>[\/et_pb_text][et_pb_text _builder_version=\u00a0\u00bb4.27.4&Prime; _module_preset=\u00a0\u00bbdefault\u00a0\u00bb custom_margin=\u00a0\u00bb20px||||false|false\u00a0\u00bb global_colors_info=\u00a0\u00bb{}\u00a0\u00bb]<\/p>\n<pre style=\"text-align: center;\"><a href='https:\/\/www.pedagogie.ac-nice.fr\/mathematiques\/labomaths-quest-ce-que-cest\/' class='small-button smallblue'><span style=\"font-size: 12pt;\"><em>Un labomaths - qu'est-ce que c'est ?<\/em><\/span><\/a>\n<a href='https:\/\/www.pedagogie.ac-nice.fr\/mathematiques\/les-labomaths-cest-qui\/' class='small-button smallblue'><span style=\"font-size: 12pt;\"><em>Les labomaths - c'est qui ?<\/em><\/span><\/a>\n<a href='https:\/\/www.pedagogie.ac-nice.fr\/mathematiques\/laboratoires-et-clubs\/\/\/' class='small-button smallblue'><span style=\"font-size: 12pt;\"><em>Actualit\u00e9s des labomaths<\/em><\/span><\/a><\/pre>\n<p>[\/et_pb_text][\/et_pb_column][et_pb_column type=\u00a0\u00bb1_2&Prime; _builder_version=\u00a0\u00bb4.27.4&Prime; _module_preset=\u00a0\u00bbdefault\u00a0\u00bb global_colors_info=\u00a0\u00bb{}\u00a0\u00bb][et_pb_text _builder_version=\u00a0\u00bb4.27.4&Prime; _module_preset=\u00a0\u00bbdefault\u00a0\u00bb global_colors_info=\u00a0\u00bb{}\u00a0\u00bb]<\/p>\n<pre style=\"text-align: center;\"><span style=\"color: #000080; font-size: 24pt;\">Les clubs maths<\/span><\/pre>\n<p>[\/et_pb_text][et_pb_text _builder_version=\u00a0\u00bb4.27.4&Prime; _module_preset=\u00a0\u00bbdefault\u00a0\u00bb global_colors_info=\u00a0\u00bb{}\u00a0\u00bb]<\/p>\n<pre style=\"text-align: center;\"><a href='https:\/\/www.pedagogie.ac-nice.fr\/mathematiques\/les-clubs-mathematiques-quest-que-cest\/' class='small-button smallblue'><span style=\"font-size: 12pt;\"><em>Qu'est-ce que c'est ?<\/em><\/span><\/a>\n<a href='https:\/\/www.pedagogie.ac-nice.fr\/mathematiques\/les-clubmaths-cest-qui\/' class='small-button smallblue'><span style=\"font-size: 12pt;\"><em>C'est qui ?<\/em><\/span><\/a> <a href='https:\/\/www.pedagogie.ac-nice.fr\/mathematiques\/actualites-des-clubs-de-maths-de-lacademie\/' class='small-button smallblue'><span style=\"font-size: 12pt;\"><em>Actualit\u00e9s des clubs<\/em><\/span><\/a>\n<a href='https:\/\/www.pedagogie.ac-nice.fr\/mathematiques\/des-idees-pour-les-clubs-de-maths\/' class='small-button smallblue'><span style=\"font-size: 12pt;\"><em>Des id\u00e9es pour les clubs maths<\/em><\/span><\/a><\/pre>\n<p>[\/et_pb_text][\/et_pb_column][\/et_pb_row][et_pb_row _builder_version=\u00a0\u00bb4.16&Prime; background_size=\u00a0\u00bbinitial\u00a0\u00bb background_position=\u00a0\u00bbtop_left\u00a0\u00bb background_repeat=\u00a0\u00bbrepeat\u00a0\u00bb global_colors_info=\u00a0\u00bb{}\u00a0\u00bb][et_pb_column type=\u00a0\u00bb4_4&Prime; _builder_version=\u00a0\u00bb4.16&Prime; custom_padding=\u00a0\u00bb|||\u00a0\u00bb global_colors_info=\u00a0\u00bb{}\u00a0\u00bb custom_padding__hover=\u00a0\u00bb|||\u00a0\u00bb][et_pb_text _builder_version=\u00a0\u00bb4.16&Prime; background_size=\u00a0\u00bbinitial\u00a0\u00bb background_position=\u00a0\u00bbtop_left\u00a0\u00bb background_repeat=\u00a0\u00bbrepeat\u00a0\u00bb global_colors_info=\u00a0\u00bb{}\u00a0\u00bb]Les laboratoires de math\u00e9matiques ou \u00ab&nbsp;labomaths&nbsp;\u00bb sont issus des mesures 15 et 16 du rapport Villani-Torossian. Ce sont des lieux d\u00e9di\u00e9s aux \u00e9changes, aux formations et aux r\u00e9flexions disciplinaires, didactiques et p\u00e9dagogiques. Ils contribuent \u00e0 d\u00e9velopper la formation continue des professeurs de math\u00e9matiques \u00e0 l\u2019\u00e9chelle locale, dans une logique de confiance, entre pairs et en \u00e9quipe, mais aussi en lien avec l\u2019enseignement sup\u00e9rieur.<\/p>\n<p><img loading=\"lazy\" decoding=\"async\" class=\"wp-image-1567 alignleft\" src=\"https:\/\/www.pedagogie.ac-nice.fr\/mathematiques\/wp-content\/uploads\/sites\/30\/2019\/11\/eduscol-logo.png\" alt=\"\" width=\"147\" height=\"58\" srcset=\"https:\/\/www.pedagogie.ac-nice.fr\/mathematiques\/wp-content\/uploads\/sites\/30\/2019\/11\/eduscol-logo.png 487w, https:\/\/www.pedagogie.ac-nice.fr\/mathematiques\/wp-content\/uploads\/sites\/30\/2019\/11\/eduscol-logo-150x59.png 150w, https:\/\/www.pedagogie.ac-nice.fr\/mathematiques\/wp-content\/uploads\/sites\/30\/2019\/11\/eduscol-logo-300x118.png 300w\" sizes=\"(max-width: 147px) 100vw, 147px\" \/><br \/>\n<a href=\"https:\/\/eduscol.education.fr\/cid146720\/laboratoires-de-mathematiques.html\">https:\/\/eduscol.education.fr\/cid146720\/laboratoires-de-mathematiques.html<\/a><\/p>\n<p>&nbsp;<\/p>\n<p><a href=\"https:\/\/www.pedagogie.ac-nice.fr\/mathematiques\/wp-content\/uploads\/sites\/30\/2020\/04\/Vademecum-Laboratoiresdemathematiques_1225958.pdf\" target=\"_blank\" rel=\"noopener noreferrer\"><img loading=\"lazy\" decoding=\"async\" class=\"wp-image-2792 alignleft\" src=\"https:\/\/www.pedagogie.ac-nice.fr\/mathematiques\/wp-content\/uploads\/sites\/30\/2020\/04\/Laboratoires-de-maths.jpg\" alt=\"\" width=\"110\" height=\"155\" srcset=\"https:\/\/www.pedagogie.ac-nice.fr\/mathematiques\/wp-content\/uploads\/sites\/30\/2020\/04\/Laboratoires-de-maths.jpg 426w, https:\/\/www.pedagogie.ac-nice.fr\/mathematiques\/wp-content\/uploads\/sites\/30\/2020\/04\/Laboratoires-de-maths-214x300.jpg 214w, https:\/\/www.pedagogie.ac-nice.fr\/mathematiques\/wp-content\/uploads\/sites\/30\/2020\/04\/Laboratoires-de-maths-107x150.jpg 107w\" sizes=\"(max-width: 110px) 100vw, 110px\" \/><\/a><br \/>\n<a href=\"https:\/\/www.pedagogie.ac-nice.fr\/mathematiques\/wp-content\/uploads\/sites\/30\/2020\/04\/Vademecum-Laboratoiresdemathematiques_1225958.pdf\" target=\"_blank\" rel=\"noopener noreferrer\">Le pr\u00e9sent vad\u00e9m\u00e9cum<\/a> a pour ambition de d\u00e9crire plus amplement le concept de <em>Laboratoire de math\u00e9matiques <\/em>d\u00e9crit dans le rapport Villani-Torossian \u00ab <em>21 mesures pour l\u2019enseignement des math\u00e9matiques <\/em>\u00bb. Il propose dans une premi\u00e8re partie une description des grands principes du projet et diff\u00e9rentes actions possibles du laboratoire. Les parties suivantes abordent la question des moyens mat\u00e9riels \u00e0 mettre en \u0153uvre puis celle des financements et partenariats.<\/p>\n<p>&nbsp;<br \/>\n[\/et_pb_text][\/et_pb_column][\/et_pb_row][\/et_pb_section]<\/p>\n","protected":false},"excerpt":{"rendered":"<p>Les labomaths<a href='https:\/\/www.pedagogie.ac-nice.fr\/mathematiques\/labomaths-quest-ce-que-cest\/' class='small-button smallblue'>Un labomaths &#8211; qu&rsquo;est-ce que c&rsquo;est ?<\/a> <a href='https:\/\/www.pedagogie.ac-nice.fr\/mathematiques\/les-labomaths-cest-qui\/' class='small-button smallblue'>Les labomaths &#8211; c&rsquo;est qui ?<\/a> <a href='https:\/\/www.pedagogie.ac-nice.fr\/mathematiques\/laboratoires-et-clubs\/\/\/' class='small-button smallblue'>Actualit\u00e9s des labomaths<\/a>Les clubs maths<a href='https:\/\/www.pedagogie.ac-nice.fr\/mathematiques\/les-clubs-mathematiques-quest-que-cest\/' class='small-button smallblue'>Qu&rsquo;est-ce que c&rsquo;est ?<\/a> <a href='https:\/\/www.pedagogie.ac-nice.fr\/mathematiques\/les-clubmaths-cest-qui\/' class='small-button smallblue'>C&rsquo;est qui ?<\/a> <a href='https:\/\/www.pedagogie.ac-nice.fr\/mathematiques\/actualites-des-clubs-de-maths-de-lacademie\/' class='small-button smallblue'>Actualit\u00e9s des clubs<\/a> <a href='https:\/\/www.pedagogie.ac-nice.fr\/mathematiques\/des-idees-pour-les-clubs-de-maths\/' class='small-button smallblue'>Des id\u00e9es pour les clubs maths<\/a>Les laboratoires de math\u00e9matiques ou \u00ab&nbsp;labomaths&nbsp;\u00bb sont issus des mesures 15 et 16 [&hellip;]<\/p>\n","protected":false},"author":202,"featured_media":0,"parent":0,"menu_order":0,"comment_status":"closed","ping_status":"closed","template":"","meta":{"_et_pb_use_builder":"on","_et_pb_old_content":"<p>Les laboratoires de math\u00e9matiques ou \u00ab\u00a0labomaths\u00a0\u00bb sont issus des mesures 15 et 16 du rapport Villani-Torossian. Ce sont des lieux d\u00e9di\u00e9s aux \u00e9changes, aux formations et aux r\u00e9flexions disciplinaires, didactiques et p\u00e9dagogiques. Ils contribuent \u00e0 d\u00e9velopper la formation continue des professeurs de math\u00e9matiques \u00e0 l\u2019\u00e9chelle locale, dans une logique de confiance, entre pairs et en \u00e9quipe, mais aussi en lien avec l\u2019enseignement sup\u00e9rieur.<\/p><p><img class=\"wp-image-1567 alignleft\" src=\"https:\/\/www.pedagogie.ac-nice.fr\/mathematiques\/wp-content\/uploads\/sites\/30\/2019\/11\/eduscol-logo.png\" alt=\"\" width=\"147\" height=\"58\"><br><a href=\"https:\/\/eduscol.education.fr\/cid146720\/laboratoires-de-mathematiques.html\">https:\/\/eduscol.education.fr\/cid146720\/laboratoires-de-mathematiques.html<\/a><\/p><p>\u00a0<\/p><p><a href=\"https:\/\/www.pedagogie.ac-nice.fr\/mathematiques\/wp-content\/uploads\/sites\/30\/2020\/04\/Vademecum-Laboratoiresdemathematiques_1225958.pdf\" target=\"_blank\" rel=\"noopener noreferrer\"><img class=\"wp-image-2792 alignleft\" src=\"https:\/\/www.pedagogie.ac-nice.fr\/mathematiques\/wp-content\/uploads\/sites\/30\/2020\/04\/Laboratoires-de-maths.jpg\" alt=\"\" width=\"110\" height=\"155\"><\/a><br><a href=\"https:\/\/www.pedagogie.ac-nice.fr\/mathematiques\/wp-content\/uploads\/sites\/30\/2020\/04\/Vademecum-Laboratoiresdemathematiques_1225958.pdf\" target=\"_blank\" rel=\"noopener noreferrer\">Le pr\u00e9sent vad\u00e9m\u00e9cum<\/a> a pour ambition de d\u00e9crire plus amplement le concept de <em>Laboratoire de math\u00e9matiques <\/em>d\u00e9crit dans le rapport Villani-Torossian \u00ab <em>21 mesures pour l\u2019enseignement des math\u00e9matiques <\/em>\u00bb. Il propose dans une premi\u00e8re partie une description des grands principes du projet et diff\u00e9rentes actions possibles du laboratoire. Les parties suivantes abordent la question des moyens mat\u00e9riels \u00e0 mettre en \u0153uvre puis celle des financements et partenariats.<\/p><p>\u00a0<\/p>","_et_gb_content_width":"","ngg_post_thumbnail":0,"footnotes":""},"class_list":["post-4440","page","type-page","status-publish","hentry"],"rttpg_featured_image_url":null,"rttpg_author":{"display_name":"admin","author_link":"https:\/\/www.pedagogie.ac-nice.fr\/mathematiques\/author\/opilorget\/"},"rttpg_comment":0,"rttpg_category":null,"rttpg_excerpt":"Les labomaths[button link=\"https:\/\/www.pedagogie.ac-nice.fr\/mathematiques\/labomaths-quest-ce-que-cest\/\"] Un labomaths - qu'est-ce que c'est ?[\/button] [button link=\"https:\/\/www.pedagogie.ac-nice.fr\/mathematiques\/les-labomaths-cest-qui\/\"]Les labomaths - c'est qui ?[\/button] [button link=\"https:\/\/www.pedagogie.ac-nice.fr\/mathematiques\/laboratoires-et-clubs\/\/\/\"]Actualit\u00e9s des labomaths[\/button]Les clubs maths[button link=\"https:\/\/www.pedagogie.ac-nice.fr\/mathematiques\/les-clubs-mathematiques-quest-que-cest\/\"]Qu'est-ce que c'est ?[\/button] [button link=\"https:\/\/www.pedagogie.ac-nice.fr\/mathematiques\/les-clubmaths-cest-qui\/\"]C'est qui ?[\/button] [button link=\"https:\/\/www.pedagogie.ac-nice.fr\/mathematiques\/actualites-des-clubs-de-maths-de-lacademie\/\"]Actualit\u00e9s des clubs[\/button] [button link=\"https:\/\/www.pedagogie.ac-nice.fr\/mathematiques\/des-idees-pour-les-clubs-de-maths\/\"] Des id\u00e9es pour les clubs maths[\/button]Les laboratoires de math\u00e9matiques ou \u00ab&nbsp;labomaths&nbsp;\u00bb sont issus des mesures 15 et 16\u2026","post_mailing_queue_ids":[],"_links":{"self":[{"href":"https:\/\/www.pedagogie.ac-nice.fr\/mathematiques\/wp-json\/wp\/v2\/pages\/4440","targetHints":{"allow":["GET"]}}],"collection":[{"href":"https:\/\/www.pedagogie.ac-nice.fr\/mathematiques\/wp-json\/wp\/v2\/pages"}],"about":[{"href":"https:\/\/www.pedagogie.ac-nice.fr\/mathematiques\/wp-json\/wp\/v2\/types\/page"}],"author":[{"embeddable":true,"href":"https:\/\/www.pedagogie.ac-nice.fr\/mathematiques\/wp-json\/wp\/v2\/users\/202"}],"replies":[{"embeddable":true,"href":"https:\/\/www.pedagogie.ac-nice.fr\/mathematiques\/wp-json\/wp\/v2\/comments?post=4440"}],"version-history":[{"count":6,"href":"https:\/\/www.pedagogie.ac-nice.fr\/mathematiques\/wp-json\/wp\/v2\/pages\/4440\/revisions"}],"predecessor-version":[{"id":14059,"href":"https:\/\/www.pedagogie.ac-nice.fr\/mathematiques\/wp-json\/wp\/v2\/pages\/4440\/revisions\/14059"}],"wp:attachment":[{"href":"https:\/\/www.pedagogie.ac-nice.fr\/mathematiques\/wp-json\/wp\/v2\/media?parent=4440"}],"curies":[{"name":"wp","href":"https:\/\/api.w.org\/{rel}","templated":true}]}}