{"id":4738,"date":"2022-02-18T11:41:10","date_gmt":"2022-02-18T10:41:10","guid":{"rendered":"https:\/\/www.pedagogie.ac-nice.fr\/mathematiques\/?page_id=4738"},"modified":"2022-02-18T11:41:10","modified_gmt":"2022-02-18T10:41:10","slug":"publications-nationales","status":"publish","type":"page","link":"https:\/\/www.pedagogie.ac-nice.fr\/mathematiques\/publications-nationales\/","title":{"rendered":"Publications nationales"},"content":{"rendered":"<p>[et_pb_section fb_built=\u00a0\u00bb1&Prime; _builder_version=\u00a0\u00bb4.10.7&Prime; _module_preset=\u00a0\u00bbdefault\u00a0\u00bb global_colors_info=\u00a0\u00bb{}\u00a0\u00bb][et_pb_row column_structure=\u00a0\u00bb1_3,2_3&Prime; _builder_version=\u00a0\u00bb4.10.7&Prime; _module_preset=\u00a0\u00bbdefault\u00a0\u00bb global_colors_info=\u00a0\u00bb{}\u00a0\u00bb][et_pb_column type=\u00a0\u00bb1_3&Prime; _builder_version=\u00a0\u00bb4.10.7&Prime; _module_preset=\u00a0\u00bbdefault\u00a0\u00bb global_colors_info=\u00a0\u00bb{}\u00a0\u00bb][et_pb_text _builder_version=\u00a0\u00bb4.10.7&Prime; _module_preset=\u00a0\u00bbdefault\u00a0\u00bb link_option_url=\u00a0\u00bbhttps:\/\/eduscol.education.fr\/document\/32206\/download\u00a0\u00bb global_colors_info=\u00a0\u00bb{}\u00a0\u00bb]<\/p>\n<p><img loading=\"lazy\" decoding=\"async\" class=\"size-full wp-image-4643 aligncenter\" src=\"https:\/\/www.pedagogie.ac-nice.fr\/mathematiques\/wp-content\/uploads\/sites\/30\/2022\/01\/imresolprocycle3-scaled.jpg\" alt=\"\" width=\"1811\" height=\"2560\" srcset=\"https:\/\/www.pedagogie.ac-nice.fr\/mathematiques\/wp-content\/uploads\/sites\/30\/2022\/01\/imresolprocycle3-scaled.jpg 1811w, https:\/\/www.pedagogie.ac-nice.fr\/mathematiques\/wp-content\/uploads\/sites\/30\/2022\/01\/imresolprocycle3-212x300.jpg 212w, https:\/\/www.pedagogie.ac-nice.fr\/mathematiques\/wp-content\/uploads\/sites\/30\/2022\/01\/imresolprocycle3-724x1024.jpg 724w, https:\/\/www.pedagogie.ac-nice.fr\/mathematiques\/wp-content\/uploads\/sites\/30\/2022\/01\/imresolprocycle3-106x150.jpg 106w, https:\/\/www.pedagogie.ac-nice.fr\/mathematiques\/wp-content\/uploads\/sites\/30\/2022\/01\/imresolprocycle3-768x1086.jpg 768w, https:\/\/www.pedagogie.ac-nice.fr\/mathematiques\/wp-content\/uploads\/sites\/30\/2022\/01\/imresolprocycle3-1086x1536.jpg 1086w, https:\/\/www.pedagogie.ac-nice.fr\/mathematiques\/wp-content\/uploads\/sites\/30\/2022\/01\/imresolprocycle3-1448x2048.jpg 1448w, https:\/\/www.pedagogie.ac-nice.fr\/mathematiques\/wp-content\/uploads\/sites\/30\/2022\/01\/imresolprocycle3-1080x1527.jpg 1080w\" sizes=\"(max-width: 1811px) 100vw, 1811px\" \/><\/p>\n<p>[\/et_pb_text][\/et_pb_column][et_pb_column type=\u00a0\u00bb2_3&Prime; _builder_version=\u00a0\u00bb4.10.7&Prime; _module_preset=\u00a0\u00bbdefault\u00a0\u00bb global_colors_info=\u00a0\u00bb{}\u00a0\u00bb][et_pb_text _builder_version=\u00a0\u00bb4.10.7&Prime; _module_preset=\u00a0\u00bbdefault\u00a0\u00bb global_colors_info=\u00a0\u00bb{}\u00a0\u00bb]<\/p>\n<h3><a href=\"https:\/\/eduscol.education.fr\/document\/32206\/download\" target=\"_blank\" rel=\"noopener\"><strong><span style=\"color: #000000;\"><span style=\"color: #3366ff;\">Guide \u00ab\u00a0R\u00e9solution de probl\u00e8mes math\u00e9matiques au cours moyen\u00a0\u00bb<\/span><\/span><\/strong><\/a><\/h3>\n<p>Ce guide rappelle des \u00e9l\u00e9ments issus de la recherche permettant de nourrir la r\u00e9flexion pour construire un enseignement de la r\u00e9solution de probl\u00e8mes plus efficace. Il donne de nombreux exemples de probl\u00e8mes (plus de 200) que les \u00e9l\u00e8ves de cours moyen doivent apprendre \u00e0 r\u00e9soudre, ainsi que des strat\u00e9gies et proc\u00e9dures qu\u2019ils doivent acqu\u00e9rir pour y parvenir. Il propose aussi des exemples concrets de mise en \u0153uvre de s\u00e9quences et de s\u00e9ances d\u2019enseignement permettant de renforcer les comp\u00e9tences des \u00e9l\u00e8ves.<\/p>\n<p>[\/et_pb_text][\/et_pb_column][\/et_pb_row][et_pb_row column_structure=\u00a0\u00bb1_3,2_3&Prime; _builder_version=\u00a0\u00bb4.10.7&Prime; _module_preset=\u00a0\u00bbdefault\u00a0\u00bb global_colors_info=\u00a0\u00bb{}\u00a0\u00bb][et_pb_column type=\u00a0\u00bb1_3&Prime; _builder_version=\u00a0\u00bb4.10.7&Prime; _module_preset=\u00a0\u00bbdefault\u00a0\u00bb global_colors_info=\u00a0\u00bb{}\u00a0\u00bb][et_pb_text _builder_version=\u00a0\u00bb4.10.7&Prime; _module_preset=\u00a0\u00bbdefault\u00a0\u00bb link_option_url=\u00a0\u00bbhttps:\/\/eduscol.education.fr\/document\/13132\/download\u00a0\u00bb global_colors_info=\u00a0\u00bb{}\u00a0\u00bb]<\/p>\n<p><img loading=\"lazy\" decoding=\"async\" class=\"size-full wp-image-4544 aligncenter\" src=\"https:\/\/www.pedagogie.ac-nice.fr\/mathematiques\/wp-content\/uploads\/sites\/30\/2021\/12\/resolpbaccueil.jpg\" alt=\"\" width=\"1729\" height=\"2444\" srcset=\"https:\/\/www.pedagogie.ac-nice.fr\/mathematiques\/wp-content\/uploads\/sites\/30\/2021\/12\/resolpbaccueil.jpg 1729w, https:\/\/www.pedagogie.ac-nice.fr\/mathematiques\/wp-content\/uploads\/sites\/30\/2021\/12\/resolpbaccueil-212x300.jpg 212w, https:\/\/www.pedagogie.ac-nice.fr\/mathematiques\/wp-content\/uploads\/sites\/30\/2021\/12\/resolpbaccueil-724x1024.jpg 724w, https:\/\/www.pedagogie.ac-nice.fr\/mathematiques\/wp-content\/uploads\/sites\/30\/2021\/12\/resolpbaccueil-106x150.jpg 106w, https:\/\/www.pedagogie.ac-nice.fr\/mathematiques\/wp-content\/uploads\/sites\/30\/2021\/12\/resolpbaccueil-768x1086.jpg 768w, https:\/\/www.pedagogie.ac-nice.fr\/mathematiques\/wp-content\/uploads\/sites\/30\/2021\/12\/resolpbaccueil-1087x1536.jpg 1087w, https:\/\/www.pedagogie.ac-nice.fr\/mathematiques\/wp-content\/uploads\/sites\/30\/2021\/12\/resolpbaccueil-1449x2048.jpg 1449w, https:\/\/www.pedagogie.ac-nice.fr\/mathematiques\/wp-content\/uploads\/sites\/30\/2021\/12\/resolpbaccueil-1080x1527.jpg 1080w\" sizes=\"(max-width: 1729px) 100vw, 1729px\" \/><\/p>\n<p>[\/et_pb_text][\/et_pb_column][et_pb_column type=\u00a0\u00bb2_3&Prime; _builder_version=\u00a0\u00bb4.10.7&Prime; _module_preset=\u00a0\u00bbdefault\u00a0\u00bb global_colors_info=\u00a0\u00bb{}\u00a0\u00bb][et_pb_text _builder_version=\u00a0\u00bb4.10.7&Prime; _module_preset=\u00a0\u00bbdefault\u00a0\u00bb hover_enabled=\u00a0\u00bb0&Prime; global_colors_info=\u00a0\u00bb{}\u00a0\u00bb sticky_enabled=\u00a0\u00bb0&Prime;]<\/p>\n<h3><a href=\"https:\/\/eduscol.education.fr\/document\/13132\/download\" target=\"_blank\" rel=\"noopener\"><span style=\"color: #000000;\"><span style=\"color: #3366ff;\">Guide \u00ab\u00a0R\u00e9solution de probl\u00e8mes math\u00e9matiques au coll\u00e8ge\u00a0\u00bb<\/span><\/span><\/a><\/h3>\n<p>Ce guide s\u2019adresse aux professeurs de l\u2019enseignement secondaire, mais aussi \u00e0 leurs formateurs.<br \/>Il apporte un \u00e9clairage historique et didactique et propose une s\u00e9lection de probl\u00e8mes dans les diff\u00e9rents champs math\u00e9matiques \u00e9tudi\u00e9s au coll\u00e8ge:<br \/>&nbsp;&nbsp;&nbsp;&nbsp;&nbsp; &#8211; Donn\u00e9es et statistiques<br \/>&nbsp;&nbsp;&nbsp;&nbsp;&nbsp; &#8211; Nombres et probl\u00e8mes arithm\u00e9tiques<br \/>&nbsp;&nbsp;&nbsp;&nbsp;&nbsp; &#8211; Probl\u00e8mes alg\u00e9briques<br \/>&nbsp;&nbsp;&nbsp;&nbsp;&nbsp; &#8211; Patterns. Des probl\u00e8mes pour travailler les pens\u00e9es algorithmique et&nbsp;&nbsp;<br \/>&nbsp;&nbsp;&nbsp;&nbsp;&nbsp;&nbsp;&nbsp; alg\u00e9brique<br \/>&nbsp;&nbsp;&nbsp;&nbsp;&nbsp; &#8211; G\u00e9om\u00e9trie<br \/>&nbsp;&nbsp;&nbsp;&nbsp;&nbsp; &#8211; Grandeurs<br \/>&nbsp;&nbsp;&nbsp;&nbsp;&nbsp; &#8211; Quelles d\u00e9marches pour enseigner la r\u00e9solution de probl\u00e8mes ?<\/p>\n<p>[\/et_pb_text][\/et_pb_column][\/et_pb_row][et_pb_row column_structure=\u00a0\u00bb1_3,2_3&Prime; _builder_version=\u00a0\u00bb4.10.7&Prime; _module_preset=\u00a0\u00bbdefault\u00a0\u00bb global_colors_info=\u00a0\u00bb{}\u00a0\u00bb][et_pb_column type=\u00a0\u00bb1_3&Prime; _builder_version=\u00a0\u00bb4.10.7&Prime; _module_preset=\u00a0\u00bbdefault\u00a0\u00bb global_colors_info=\u00a0\u00bb{}\u00a0\u00bb][et_pb_text _builder_version=\u00a0\u00bb4.10.7&Prime; _module_preset=\u00a0\u00bbdefault\u00a0\u00bb link_option_url=\u00a0\u00bbhttps:\/\/www.education.gouv.fr\/media\/11072\/download\u00a0\u00bb global_colors_info=\u00a0\u00bb{}\u00a0\u00bb]<\/p>\n<p><img loading=\"lazy\" decoding=\"async\" class=\"size-full wp-image-1231 aligncenter\" src=\"https:\/\/www.pedagogie.ac-nice.fr\/mathematiques\/wp-content\/uploads\/sites\/30\/2019\/08\/TG181_06_img1.jpg\" alt=\"\" width=\"250\" height=\"354\" srcset=\"https:\/\/www.pedagogie.ac-nice.fr\/mathematiques\/wp-content\/uploads\/sites\/30\/2019\/08\/TG181_06_img1.jpg 250w, https:\/\/www.pedagogie.ac-nice.fr\/mathematiques\/wp-content\/uploads\/sites\/30\/2019\/08\/TG181_06_img1-106x150.jpg 106w, https:\/\/www.pedagogie.ac-nice.fr\/mathematiques\/wp-content\/uploads\/sites\/30\/2019\/08\/TG181_06_img1-212x300.jpg 212w\" sizes=\"(max-width: 250px) 100vw, 250px\" \/><\/p>\n<p>[\/et_pb_text][\/et_pb_column][et_pb_column type=\u00a0\u00bb2_3&Prime; _builder_version=\u00a0\u00bb4.10.7&Prime; _module_preset=\u00a0\u00bbdefault\u00a0\u00bb global_colors_info=\u00a0\u00bb{}\u00a0\u00bb][et_pb_text _builder_version=\u00a0\u00bb4.10.7&Prime; _module_preset=\u00a0\u00bbdefault\u00a0\u00bb hover_enabled=\u00a0\u00bb0&Prime; global_colors_info=\u00a0\u00bb{}\u00a0\u00bb sticky_enabled=\u00a0\u00bb0&Prime;]<\/p>\n<h3><strong><span style=\"color: #3366ff;\"><a style=\"color: #3366ff;\" href=\"https:\/\/cache.media.eduscol.education.fr\/file\/Maths_-_21_mesures\/61\/3\/Rapport_Villani_Torossian_21_mesures_pour_enseignement_des_mathematiques_1203613.pdf\" target=\"_blank\" rel=\"noopener\">21 mesures pour l\u2019enseignement des math\u00e9matiques<\/a><\/span><br \/><\/strong><\/h3>\n<p>Le rapport sur l\u2019enseignement des math\u00e9matiques en France a \u00e9t\u00e9 remis au ministre de l\u2019\u00c9ducation nationale le lundi 12 f\u00e9vrier 2018. <br \/>La mission \u00e9tait charg\u00e9e d\u2019\u00e9tablir un bilan des forces et des faiblesses actuelles, de pr\u00e9ciser les points de blocage et les leviers potentiels avant de formuler des propositions concr\u00e8tes en s\u2019inspirant des pratiques les plus concluantes et \u00e0 la lumi\u00e8re des \u00e9tudes internationales.<\/p>\n<p>[\/et_pb_text][\/et_pb_column][\/et_pb_row][\/et_pb_section]<\/p>\n","protected":false},"excerpt":{"rendered":"<p>Guide \u00ab\u00a0R\u00e9solution de probl\u00e8mes math\u00e9matiques au cours moyen\u00a0\u00bb Ce guide rappelle des \u00e9l\u00e9ments issus de la recherche permettant de nourrir la r\u00e9flexion pour construire un enseignement de la r\u00e9solution de probl\u00e8mes plus efficace. Il donne de nombreux exemples de probl\u00e8mes (plus de 200) que les \u00e9l\u00e8ves de cours moyen doivent apprendre \u00e0 r\u00e9soudre, ainsi que [&hellip;]<\/p>\n","protected":false},"author":202,"featured_media":0,"parent":0,"menu_order":0,"comment_status":"closed","ping_status":"closed","template":"","meta":{"_et_pb_use_builder":"on","_et_pb_old_content":"","_et_gb_content_width":"","ngg_post_thumbnail":0,"footnotes":""},"class_list":["post-4738","page","type-page","status-publish","hentry"],"rttpg_featured_image_url":null,"rttpg_author":{"display_name":"admin","author_link":"https:\/\/www.pedagogie.ac-nice.fr\/mathematiques\/author\/opilorget\/"},"rttpg_comment":0,"rttpg_category":null,"rttpg_excerpt":"Guide \"R\u00e9solution de probl\u00e8mes math\u00e9matiques au cours moyen\" Ce guide rappelle des \u00e9l\u00e9ments issus de la recherche permettant de nourrir la r\u00e9flexion pour construire un enseignement de la r\u00e9solution de probl\u00e8mes plus efficace. Il donne de nombreux exemples de probl\u00e8mes (plus de 200) que les \u00e9l\u00e8ves de cours moyen doivent apprendre \u00e0 r\u00e9soudre, ainsi que\u2026","post_mailing_queue_ids":[],"_links":{"self":[{"href":"https:\/\/www.pedagogie.ac-nice.fr\/mathematiques\/wp-json\/wp\/v2\/pages\/4738","targetHints":{"allow":["GET"]}}],"collection":[{"href":"https:\/\/www.pedagogie.ac-nice.fr\/mathematiques\/wp-json\/wp\/v2\/pages"}],"about":[{"href":"https:\/\/www.pedagogie.ac-nice.fr\/mathematiques\/wp-json\/wp\/v2\/types\/page"}],"author":[{"embeddable":true,"href":"https:\/\/www.pedagogie.ac-nice.fr\/mathematiques\/wp-json\/wp\/v2\/users\/202"}],"replies":[{"embeddable":true,"href":"https:\/\/www.pedagogie.ac-nice.fr\/mathematiques\/wp-json\/wp\/v2\/comments?post=4738"}],"version-history":[{"count":11,"href":"https:\/\/www.pedagogie.ac-nice.fr\/mathematiques\/wp-json\/wp\/v2\/pages\/4738\/revisions"}],"predecessor-version":[{"id":4756,"href":"https:\/\/www.pedagogie.ac-nice.fr\/mathematiques\/wp-json\/wp\/v2\/pages\/4738\/revisions\/4756"}],"wp:attachment":[{"href":"https:\/\/www.pedagogie.ac-nice.fr\/mathematiques\/wp-json\/wp\/v2\/media?parent=4738"}],"curies":[{"name":"wp","href":"https:\/\/api.w.org\/{rel}","templated":true}]}}