{"id":4843,"date":"2022-02-20T10:43:06","date_gmt":"2022-02-20T09:43:06","guid":{"rendered":"https:\/\/www.pedagogie.ac-nice.fr\/mathematiques\/?page_id=4843"},"modified":"2022-02-20T10:49:54","modified_gmt":"2022-02-20T09:49:54","slug":"programmes-du-lycee","status":"publish","type":"page","link":"https:\/\/www.pedagogie.ac-nice.fr\/mathematiques\/programmes-du-lycee\/","title":{"rendered":"Programmes du lyc\u00e9e"},"content":{"rendered":"<p style=\"text-align: center;\"><span style=\"font-size: 18pt;\"><strong>Pour le lyc\u00e9e (rentr\u00e9e 2019)<\/strong><\/span><\/p>\n<p>&nbsp;<\/p>\n<table style=\"height: 364px; width: 97.82%; border-collapse: collapse; border-style: none;\">\n<tbody>\n<tr style=\"height: 22px;\">\n<td style=\"width: 109.32px; height: 41px; text-align: center; border-style: solid; border-color: #b8b0b0;\">&nbsp;<\/td>\n<td style=\"width: 196.2px; height: 41px; text-align: center; border-style: solid; border-color: #b8b0b0;\"><span style=\"font-size: 12pt;\"><strong>seconde<\/strong><\/span><\/td>\n<td style=\"width: 225.92px; height: 41px; text-align: center; border-style: solid; border-color: #b8b0b0;\"><span style=\"font-size: 12pt;\"><strong>premi\u00e8re<\/strong><\/span><\/td>\n<td style=\"width: 224.42px; height: 41px; text-align: center; border-style: solid; border-color: #b8b0b0;\"><span style=\"font-size: 12pt;\"><strong>terminale<\/strong><\/span><\/td>\n<\/tr>\n<tr style=\"height: 22px;\">\n<td style=\"width: 109.32px; height: 246px; background-color: #e8dada; text-align: center; border-style: solid; border-color: #b8b0b0;\" rowspan=\"4\"><span style=\"font-size: 12pt;\"><strong>Voie<br \/>\n<\/strong><\/span><span style=\"font-size: 12pt;\"><strong>g\u00e9n\u00e9rale<\/strong><\/span><\/td>\n<td style=\"width: 196.2px; height: 323px; text-align: center; border-style: solid; border-color: #b8b0b0;\" rowspan=\"6\">&nbsp;<\/p>\n<p>&nbsp;<\/p>\n<p>&nbsp;<\/p>\n<p><a href=\"https:\/\/cache.media.education.gouv.fr\/file\/SP1-MEN-22-1-2019\/95\/7\/spe631_annexe_1062957.pdf\" target=\"_blank\" rel=\"noopener noreferrer\"><span style=\"font-size: 12pt;\">g\u00e9n\u00e9rale et <\/span><span style=\"font-size: 12pt;\">technologique<\/span><\/a><\/p>\n<p>&nbsp;<\/p>\n<p><a href=\"https:\/\/cache.media.education.gouv.fr\/file\/SP1-MEN-22-1-2019\/51\/1\/spe644_annexe_1063511.pdf\" target=\"_blank\" rel=\"noopener noreferrer\"><span style=\"font-size: 12pt;\">STHR<\/span><\/a><\/td>\n<td style=\"width: 225.92px; height: 60px; background-color: #e8dada; text-align: center; border-style: solid; border-color: #b8b0b0;\"><a href=\"https:\/\/cache.media.education.gouv.fr\/file\/SP1-MEN-22-1-2019\/13\/4\/spe573_annexe_1063134.pdf\" target=\"_blank\" rel=\"noopener noreferrer\"><span style=\"font-size: 12pt;\">enseignement scientifique<\/span><\/a><\/td>\n<td style=\"width: 224.42px; height: 60px; background-color: #e8dada; text-align: center; border-style: solid; border-color: #b8b0b0;\"><a href=\"https:\/\/cache.media.education.gouv.fr\/file\/SPE8_MENJ_25_7_2019\/84\/7\/spe241_annexe_1158847.pdf\" target=\"_blank\" rel=\"noopener noreferrer\"><span style=\"font-size: 12pt;\">enseignement scientifique<\/span><\/a><\/td>\n<\/tr>\n<tr style=\"height: 56px;\">\n<td style=\"width: 225.92px; height: 186px; background-color: #e8dada; text-align: center; border-style: solid; border-color: #b8b0b0;\" rowspan=\"3\"><a href=\"https:\/\/cache.media.education.gouv.fr\/file\/SP1-MEN-22-1-2019\/16\/8\/spe632_annexe_1063168.pdf\" target=\"_blank\" rel=\"noopener noreferrer\"><span style=\"font-size: 12pt;\">sp\u00e9cialit\u00e9 math\u00e9matiques<\/span><\/a><\/td>\n<td style=\"width: 224.42px; height: 56px; background-color: #e8dada; text-align: center; border-style: solid; border-color: #b8b0b0;\"><a href=\"https:\/\/cache.media.education.gouv.fr\/file\/SPE8_MENJ_25_7_2019\/90\/7\/spe246_annexe_1158907.pdf\" target=\"_blank\" rel=\"noopener noreferrer\"><span style=\"font-size: 12pt;\">sp\u00e9cialit\u00e9 math\u00e9matiques<\/span><\/a><\/td>\n<\/tr>\n<tr style=\"height: 68px;\">\n<td style=\"width: 224.42px; height: 68px; background-color: #e8dada; text-align: center; border-style: solid; border-color: #b8b0b0;\"><a href=\"https:\/\/cache.media.education.gouv.fr\/file\/SPE8_MENJ_25_7_2019\/13\/4\/spe265_annexe_1159134.pdf\" target=\"_blank\" rel=\"noopener noreferrer\"><span style=\"font-size: 12pt;\">option math\u00e9matiques compl\u00e9mentaires<\/span><\/a><\/td>\n<\/tr>\n<tr style=\"height: 21px;\">\n<td style=\"width: 224.42px; height: 62px; background-color: #e8dada; text-align: center; border-style: solid; border-color: #b8b0b0;\"><a href=\"https:\/\/cache.media.education.gouv.fr\/file\/SPE8_MENJ_25_7_2019\/82\/5\/spe264_annexe_1158825.pdf\" target=\"_blank\" rel=\"noopener noreferrer\"><span style=\"font-size: 12pt;\">option math\u00e9matiques <\/span><span style=\"font-size: 12pt;\">expertes<\/span><\/a><\/td>\n<\/tr>\n<tr style=\"height: 22px;\">\n<td style=\"width: 109.32px; height: 77px; background-color: #cfc0c0; text-align: center; border-style: solid; border-color: #b8b0b0;\" rowspan=\"2\"><span style=\"font-size: 12pt;\"><strong>Voie technologique<\/strong><\/span><\/td>\n<td style=\"width: 225.92px; height: 49px; background-color: #cfc0c0; text-align: center; border-style: solid; border-color: #b8b0b0;\"><a href=\"https:\/\/cache.media.education.gouv.fr\/file\/SP1-MEN-22-1-2019\/53\/0\/spe630_annexe_1063530.pdf\" target=\"_blank\" rel=\"noopener noreferrer\"><span style=\"font-size: 12pt;\">tronc commun<\/span><\/a><\/td>\n<td style=\"width: 224.42px; height: 49px; background-color: #cfc0c0; text-align: center; border-style: solid; border-color: #b8b0b0;\"><a href=\"https:\/\/cache.media.education.gouv.fr\/file\/SPE8_MENJ_25_7_2019\/91\/4\/spe242_annexe_1158914.pdf\" target=\"_blank\" rel=\"noopener noreferrer\"><span style=\"font-size: 12pt;\">tronc commun<\/span><\/a><\/td>\n<\/tr>\n<tr style=\"height: 22px;\">\n<td style=\"width: 225.92px; height: 28px; background-color: #cfc0c0; text-align: center; border-style: solid; border-color: #b8b0b0;\"><span style=\"font-size: 12pt;\">sp\u00e9cialit\u00e9 physique-chimie <\/span><\/p>\n<p><span style=\"font-size: 12pt;\">et math\u00e9matiques<\/span><\/p>\n<p><a href=\"https:\/\/cache.media.education.gouv.fr\/file\/SP1-MEN-22-1-2019\/85\/6\/spe591_annexe2_22-1_1063856.pdf\" target=\"_blank\" rel=\"noopener noreferrer\">STI2D<\/a> &nbsp; &#8211; &nbsp; <a href=\"https:\/\/cache.media.education.gouv.fr\/file\/SP1-MEN-22-1-2019\/86\/4\/spe645_annexe3_22-1_1063864.pdf\" target=\"_blank\" rel=\"noopener noreferrer\">STL<\/a><\/td>\n<td style=\"width: 224.42px; height: 28px; background-color: #cfc0c0; text-align: center; border-style: solid; border-color: #b8b0b0;\"><span style=\"font-size: 12pt;\">sp\u00e9cialit\u00e9 physique-chimie<\/span><\/p>\n<p><span style=\"font-size: 12pt;\"> et math\u00e9matiques<\/span><\/p>\n<p><a href=\"https:\/\/cache.media.education.gouv.fr\/file\/SPE8_MENJ_25_7_2019\/93\/5\/spe261_annexe_1158935.pdf\" target=\"_blank\" rel=\"noopener noreferrer\">STI2D<\/a> &nbsp; &#8211; &nbsp; <a href=\"https:\/\/cache.media.education.gouv.fr\/file\/SPE8_MENJ_25_7_2019\/16\/3\/spe260_annexe1_1159163.pdf\" target=\"_blank\" rel=\"noopener noreferrer\">STL<\/a><\/td>\n<\/tr>\n<\/tbody>\n<\/table>\n","protected":false},"excerpt":{"rendered":"<p>Pour le lyc\u00e9e (rentr\u00e9e 2019) &nbsp; &nbsp; seconde premi\u00e8re terminale Voie g\u00e9n\u00e9rale &nbsp; &nbsp; &nbsp; g\u00e9n\u00e9rale et technologique &nbsp; STHR enseignement scientifique enseignement scientifique sp\u00e9cialit\u00e9 math\u00e9matiques sp\u00e9cialit\u00e9 math\u00e9matiques option math\u00e9matiques compl\u00e9mentaires option math\u00e9matiques expertes Voie technologique tronc commun tronc commun sp\u00e9cialit\u00e9 physique-chimie et math\u00e9matiques STI2D &nbsp; &#8211; &nbsp; STL sp\u00e9cialit\u00e9 physique-chimie et math\u00e9matiques STI2D &nbsp; [&hellip;]<\/p>\n","protected":false},"author":202,"featured_media":0,"parent":0,"menu_order":0,"comment_status":"closed","ping_status":"closed","template":"","meta":{"_et_pb_use_builder":"","_et_pb_old_content":"","_et_gb_content_width":"","ngg_post_thumbnail":0,"footnotes":""},"class_list":["post-4843","page","type-page","status-publish","hentry"],"rttpg_featured_image_url":null,"rttpg_author":{"display_name":"admin","author_link":"https:\/\/www.pedagogie.ac-nice.fr\/mathematiques\/author\/opilorget\/"},"rttpg_comment":0,"rttpg_category":null,"rttpg_excerpt":"Pour le lyc\u00e9e (rentr\u00e9e 2019) &nbsp; &nbsp; seconde premi\u00e8re terminale Voie g\u00e9n\u00e9rale &nbsp; &nbsp; &nbsp; g\u00e9n\u00e9rale et technologique &nbsp; STHR enseignement scientifique enseignement scientifique sp\u00e9cialit\u00e9 math\u00e9matiques sp\u00e9cialit\u00e9 math\u00e9matiques option math\u00e9matiques compl\u00e9mentaires option math\u00e9matiques expertes Voie technologique tronc commun tronc commun sp\u00e9cialit\u00e9 physique-chimie et math\u00e9matiques STI2D &nbsp; &#8211; &nbsp; STL sp\u00e9cialit\u00e9 physique-chimie et math\u00e9matiques STI2D &nbsp;\u2026","post_mailing_queue_ids":[],"_links":{"self":[{"href":"https:\/\/www.pedagogie.ac-nice.fr\/mathematiques\/wp-json\/wp\/v2\/pages\/4843","targetHints":{"allow":["GET"]}}],"collection":[{"href":"https:\/\/www.pedagogie.ac-nice.fr\/mathematiques\/wp-json\/wp\/v2\/pages"}],"about":[{"href":"https:\/\/www.pedagogie.ac-nice.fr\/mathematiques\/wp-json\/wp\/v2\/types\/page"}],"author":[{"embeddable":true,"href":"https:\/\/www.pedagogie.ac-nice.fr\/mathematiques\/wp-json\/wp\/v2\/users\/202"}],"replies":[{"embeddable":true,"href":"https:\/\/www.pedagogie.ac-nice.fr\/mathematiques\/wp-json\/wp\/v2\/comments?post=4843"}],"version-history":[{"count":3,"href":"https:\/\/www.pedagogie.ac-nice.fr\/mathematiques\/wp-json\/wp\/v2\/pages\/4843\/revisions"}],"predecessor-version":[{"id":4850,"href":"https:\/\/www.pedagogie.ac-nice.fr\/mathematiques\/wp-json\/wp\/v2\/pages\/4843\/revisions\/4850"}],"wp:attachment":[{"href":"https:\/\/www.pedagogie.ac-nice.fr\/mathematiques\/wp-json\/wp\/v2\/media?parent=4843"}],"curies":[{"name":"wp","href":"https:\/\/api.w.org\/{rel}","templated":true}]}}