{"id":5902,"date":"2022-11-12T14:12:43","date_gmt":"2022-11-12T13:12:43","guid":{"rendered":"https:\/\/www.pedagogie.ac-nice.fr\/mathematiques\/?page_id=5902"},"modified":"2023-03-23T08:53:07","modified_gmt":"2023-03-23T07:53:07","slug":"renforcer-les-mathematiques-au-college","status":"publish","type":"page","link":"https:\/\/www.pedagogie.ac-nice.fr\/mathematiques\/renforcer-les-mathematiques-au-college\/","title":{"rendered":"Renforcer les math\u00e9matiques au coll\u00e8ge"},"content":{"rendered":"<p>[et_pb_section fb_built=\u00a0\u00bb1&Prime; _builder_version=\u00a0\u00bb4.10.7&Prime; _module_preset=\u00a0\u00bbdefault\u00a0\u00bb global_colors_info=\u00a0\u00bb{}\u00a0\u00bb][et_pb_row column_structure=\u00a0\u00bb2_5,3_5&Prime; _builder_version=\u00a0\u00bb4.10.7&Prime; _module_preset=\u00a0\u00bbdefault\u00a0\u00bb global_colors_info=\u00a0\u00bb{}\u00a0\u00bb][et_pb_column type=\u00a0\u00bb2_5&Prime; _builder_version=\u00a0\u00bb4.10.7&Prime; _module_preset=\u00a0\u00bbdefault\u00a0\u00bb global_colors_info=\u00a0\u00bb{}\u00a0\u00bb][et_pb_text _builder_version=\u00a0\u00bb4.10.7&Prime; _module_preset=\u00a0\u00bbdefault\u00a0\u00bb global_colors_info=\u00a0\u00bb{}\u00a0\u00bb]<\/p>\n<p><img loading=\"lazy\" decoding=\"async\" class=\"alignnone size-full wp-image-5584\" src=\"https:\/\/www.pedagogie.ac-nice.fr\/mathematiques\/wp-content\/uploads\/sites\/30\/2022\/10\/affiche.jpg\" alt=\"\" width=\"440\" height=\"527\" srcset=\"https:\/\/www.pedagogie.ac-nice.fr\/mathematiques\/wp-content\/uploads\/sites\/30\/2022\/10\/affiche.jpg 440w, https:\/\/www.pedagogie.ac-nice.fr\/mathematiques\/wp-content\/uploads\/sites\/30\/2022\/10\/affiche-250x300.jpg 250w, https:\/\/www.pedagogie.ac-nice.fr\/mathematiques\/wp-content\/uploads\/sites\/30\/2022\/10\/affiche-125x150.jpg 125w\" sizes=\"(max-width: 440px) 100vw, 440px\" \/><\/p>\n<p>[\/et_pb_text][\/et_pb_column][et_pb_column type=\u00a0\u00bb3_5&Prime; _builder_version=\u00a0\u00bb4.10.7&Prime; _module_preset=\u00a0\u00bbdefault\u00a0\u00bb global_colors_info=\u00a0\u00bb{}\u00a0\u00bb][et_pb_text _builder_version=\u00a0\u00bb4.10.7&Prime; _module_preset=\u00a0\u00bbdefault\u00a0\u00bb global_colors_info=\u00a0\u00bb{}\u00a0\u00bb]<\/p>\n<p>Le plan math\u00e9matiques au coll\u00e8ge vise \u00e0 favoriser un enseignement efficace des math\u00e9matiques et \u00e0 am\u00e9liorer les r\u00e9sultats des \u00e9l\u00e8ves en assurant un meilleur continuum didactique depuis l&rsquo;\u00e9cole jusqu&rsquo;au lyc\u00e9e. Il s&rsquo;inscrit dans la priorit\u00e9 accord\u00e9e aux savoirs fondamentaux.<\/p>\n<p>Au coll\u00e8ge comme dans les \u00e9coles, il s&rsquo;agit d&rsquo;interroger les pratiques p\u00e9dagogiques: automatismes, manipulations, place de la trace \u00e9crite, r\u00e9solution&nbsp; de&nbsp; probl\u00e8mes,&nbsp; place&nbsp; de&nbsp; l&rsquo;oral, \u00e9valuation&nbsp; des&nbsp; \u00e9l\u00e8ves au service des apprentissages, exploitation des \u00e9valuations nationales et des tests de positionnement, st\u00e9r\u00e9otypes de genre li\u00e9s \u00e0 la discipline, valorisation des math\u00e9matiques, liens avec les autres disciplines. Sur toutes ces questions, de nombreuses ressources acad\u00e9miques et nationales sont \u00e0 disposition des \u00e9quipes.<\/p>\n<ul>\n<li><a href=\"https:\/\/eduscol.education.fr\/3049\/le-plan-mathematiques-au-college\" target=\"_blank\" rel=\"noopener\"><em>La page Eduscol d\u00e9di\u00e9e au plan math\u00e9matiques coll\u00e8ge<\/em><\/a><\/li>\n<li><a href=\"https:\/\/www.pedagogie.ac-nice.fr\/mathematiques\/plan-mathematiques-au-college\/\" target=\"_blank\" rel=\"noopener\"><em>Ressources acad\u00e9miques<\/em><\/a><\/li>\n<\/ul>\n<p>[\/et_pb_text][\/et_pb_column][\/et_pb_row][et_pb_row _builder_version=\u00a0\u00bb4.10.7&Prime; _module_preset=\u00a0\u00bbdefault\u00a0\u00bb global_colors_info=\u00a0\u00bb{}\u00a0\u00bb][et_pb_column type=\u00a0\u00bb4_4&Prime; _builder_version=\u00a0\u00bb4.10.7&Prime; _module_preset=\u00a0\u00bbdefault\u00a0\u00bb global_colors_info=\u00a0\u00bb{}\u00a0\u00bb][et_pb_text _builder_version=\u00a0\u00bb4.10.7&Prime; _module_preset=\u00a0\u00bbdefault\u00a0\u00bb global_colors_info=\u00a0\u00bb{}\u00a0\u00bb]<\/p>\n<h3>&nbsp;<\/h3>\n<h3 style=\"text-align: center;\"><em><span style=\"color: #0000ff;\">Renforcer les math\u00e9matiques au coll\u00e8ge &#8211; Rentr\u00e9e 2022<\/span><\/em><\/h3>\n<p>&nbsp;<\/p>\n<p>Afin <strong>d&rsquo;informer les professeurs de l&rsquo;acad\u00e9mie sur le plan coll\u00e8ge<\/strong>, des r\u00e9unions ont \u00e9t\u00e9 organis\u00e9es d\u00e9but novembre. Ces regroupements ont permis notamment de <strong>pr\u00e9senter les ressources disponibles<\/strong> et de <strong>diffuser les contenus<\/strong> du plan national de formation <strong>(PNF) <\/strong>\u00ab\u00a0Renforcer les math\u00e9matiques au coll\u00e8ge\u00a0\u00bb autour de 5 th\u00e9matiques:<\/p>\n<ul>\n<li style=\"list-style-type: none;\">\n<ul style=\"list-style-type: disc;\">\n<li>Alg\u00e8bre (pr\u00e9-alg\u00e8bre, calcul litt\u00e9ral, calcul alg\u00e9brique)<\/li>\n<li>Travail personnel de l&rsquo;\u00e9l\u00e8ve<\/li>\n<li>Automatismes<\/li>\n<li>Image des math\u00e9matiques et motivation des \u00e9l\u00e8ves<\/li>\n<li>St\u00e9r\u00e9otypes de de genre<\/li>\n<\/ul>\n<\/li>\n<\/ul>\n<p>Vous trouverez ci-dessous le <strong>diaporama d&rsquo;information <\/strong>sur l&rsquo;offre <span id=\"page1R_mcid13\" class=\"markedContent\"><span dir=\"ltr\" role=\"presentation\">de<\/span><\/span><strong><span id=\"page1R_mcid13\" class=\"markedContent\"><span dir=\"ltr\" role=\"presentation\"> formation acad\u00e9mique et\/ou de <\/span><span dir=\"ltr\" role=\"presentation\">proximit\u00e9<\/span><\/span><\/strong><span id=\"page1R_mcid30\" class=\"markedContent\"> propos\u00e9e <\/span>ainsi que des liens vers <strong>les articles du GREM<\/strong> (Groupe de R\u00e9flexion sur l&rsquo;enseignement des Math\u00e9matiques au coll\u00e8ge de l&rsquo;acad\u00e9mie de Nice) qui ont \u00e9t\u00e9 pr\u00e9sent\u00e9s durant ces r\u00e9unions.<\/p>\n<p>[\/et_pb_text][\/et_pb_column][\/et_pb_row][et_pb_row column_structure=\u00a0\u00bb2_5,3_5&Prime; _builder_version=\u00a0\u00bb4.10.7&Prime; _module_preset=\u00a0\u00bbdefault\u00a0\u00bb global_colors_info=\u00a0\u00bb{}\u00a0\u00bb][et_pb_column type=\u00a0\u00bb2_5&Prime; _builder_version=\u00a0\u00bb4.10.7&Prime; _module_preset=\u00a0\u00bbdefault\u00a0\u00bb global_colors_info=\u00a0\u00bb{}\u00a0\u00bb][et_pb_text _builder_version=\u00a0\u00bb4.10.7&Prime; _module_preset=\u00a0\u00bbdefault\u00a0\u00bb link_option_url=\u00a0\u00bbhttps:\/\/www.pedagogie.ac-nice.fr\/mathematiques\/wp-content\/uploads\/sites\/30\/2022\/11\/2022_11_GREM_Presentation_novembre_v6_Stagiaires.pdf\u00a0\u00bb global_colors_info=\u00a0\u00bb{}\u00a0\u00bb]<\/p>\n<h3 style=\"text-align: center;\"><span style=\"color: #0000ff;\"><em>Le diaporama de pr\u00e9sentation<\/em><\/span><\/h3>\n<p><img loading=\"lazy\" decoding=\"async\" class=\"alignnone size-medium wp-image-5928\" src=\"https:\/\/www.pedagogie.ac-nice.fr\/mathematiques\/wp-content\/uploads\/sites\/30\/2022\/11\/2022_11_GREM_Presentation_novembre_v6_Stagiaires1-300x213.jpg\" alt=\"\" width=\"300\" height=\"213\" srcset=\"https:\/\/www.pedagogie.ac-nice.fr\/mathematiques\/wp-content\/uploads\/sites\/30\/2022\/11\/2022_11_GREM_Presentation_novembre_v6_Stagiaires1-300x213.jpg 300w, https:\/\/www.pedagogie.ac-nice.fr\/mathematiques\/wp-content\/uploads\/sites\/30\/2022\/11\/2022_11_GREM_Presentation_novembre_v6_Stagiaires1-1024x726.jpg 1024w, https:\/\/www.pedagogie.ac-nice.fr\/mathematiques\/wp-content\/uploads\/sites\/30\/2022\/11\/2022_11_GREM_Presentation_novembre_v6_Stagiaires1-150x106.jpg 150w, https:\/\/www.pedagogie.ac-nice.fr\/mathematiques\/wp-content\/uploads\/sites\/30\/2022\/11\/2022_11_GREM_Presentation_novembre_v6_Stagiaires1-768x544.jpg 768w, https:\/\/www.pedagogie.ac-nice.fr\/mathematiques\/wp-content\/uploads\/sites\/30\/2022\/11\/2022_11_GREM_Presentation_novembre_v6_Stagiaires1-1536x1089.jpg 1536w, https:\/\/www.pedagogie.ac-nice.fr\/mathematiques\/wp-content\/uploads\/sites\/30\/2022\/11\/2022_11_GREM_Presentation_novembre_v6_Stagiaires1-400x284.jpg 400w, https:\/\/www.pedagogie.ac-nice.fr\/mathematiques\/wp-content\/uploads\/sites\/30\/2022\/11\/2022_11_GREM_Presentation_novembre_v6_Stagiaires1-1080x765.jpg 1080w, https:\/\/www.pedagogie.ac-nice.fr\/mathematiques\/wp-content\/uploads\/sites\/30\/2022\/11\/2022_11_GREM_Presentation_novembre_v6_Stagiaires1.jpg 1624w\" sizes=\"(max-width: 300px) 100vw, 300px\" \/><\/p>\n<p>[\/et_pb_text][\/et_pb_column][et_pb_column type=\u00a0\u00bb3_5&Prime; _builder_version=\u00a0\u00bb4.10.7&Prime; _module_preset=\u00a0\u00bbdefault\u00a0\u00bb global_colors_info=\u00a0\u00bb{}\u00a0\u00bb][et_pb_text _builder_version=\u00a0\u00bb4.10.7&Prime; _module_preset=\u00a0\u00bbdefault\u00a0\u00bb hover_enabled=\u00a0\u00bb0&Prime; global_colors_info=\u00a0\u00bb{}\u00a0\u00bb sticky_enabled=\u00a0\u00bb0&Prime;]<\/p>\n<h3 style=\"text-align: center;\"><span style=\"color: #0000ff;\"><em>Articles du GREM<\/em><\/span><\/h3>\n<ul>\n<li class=\"post-title entry-title\"><strong><a class=\"et-accent-color\" href=\"https:\/\/www.pedagogie.ac-nice.fr\/mathematiques\/plan-mathematiques-un-exemple-dactivite-autour-des-patterns\/\">Un exemple d\u2019activit\u00e9 autour des patterns <\/a><\/strong><\/li>\n<li class=\"post-title entry-title\"><strong><a href=\"https:\/\/www.pedagogie.ac-nice.fr\/mathematiques\/plan-mathematiques-usage-des-tuiles-algebriques-pour-mieux-apprehender-le-calcul-litteral\/\" target=\"_blank\" rel=\"noopener\">Usage des tuiles alg\u00e9briques pour mieux appr\u00e9hender le calcul litt\u00e9ral<\/a><\/strong><\/li>\n<li><strong><a href=\"https:\/\/www.pedagogie.ac-nice.fr\/mathematiques\/plan-mathematiques-les-automatismes-au-college\/\" target=\"_blank\" rel=\"noopener\">Les automatismes au coll\u00e8ge <\/a><\/strong><\/li>\n<li class=\"post-title entry-title\"><strong><a href=\"https:\/\/www.pedagogie.ac-nice.fr\/mathematiques\/plan-mathematiques-automatismes-fiches-et-cartes-de-memorisation\/\" target=\"_blank\" rel=\"noopener\">Automatismes : fiches et cartes de m\u00e9morisation&nbsp; <\/a><\/strong><\/li>\n<li><a href=\"https:\/\/www.pedagogie.ac-nice.fr\/mathematiques\/plan-mathematiques-le-numerique-au-service-des-automatismes\/\" target=\"_blank\" rel=\"noopener\"><strong><span id=\"page3R_mcid1\" class=\"markedContent\"><span dir=\"ltr\" role=\"presentation\">Le num\u00e9rique au service des automatismes<\/span><\/span><\/strong><\/a><\/li>\n<li class=\"post-title entry-title\"><strong><a href=\"https:\/\/www.pedagogie.ac-nice.fr\/mathematiques\/plan-mathematiques-image-des-mathematiques-motivation-des-eleves-et-stereotypes\/\" target=\"_blank\" rel=\"noopener\">Image des math\u00e9matiques : Motivation des \u00e9l\u00e8ves et st\u00e9r\u00e9otypes<\/a><\/strong><\/li>\n<li><a href=\"https:\/\/www.pedagogie.ac-nice.fr\/mathematiques\/plan-mathematiques-le-travail-personnel-de-leleve-en-mathematiques\/?preview_id=5936&amp;preview_nonce=7555ecba6a&amp;_thumbnail_id=-1&amp;preview=true&amp;aiEnableCheckShortcode=true\" target=\"_blank\" rel=\"noopener\"><strong>Le travail personnel de l&rsquo;\u00e9l\u00e8ve en math\u00e9matiques<\/strong><\/a><\/li>\n<li class=\"post-title entry-title\"><a href=\"https:\/\/www.pedagogie.ac-nice.fr\/mathematiques\/plan-mathematiques-travail-personnel-de-leleve-et-dispositif-devoirs-faits\/\" target=\"_blank\" rel=\"noopener\"><strong>Travail personnel de l\u2019\u00e9l\u00e8ve et dispositif \u00ab Devoirs faits \u00bb&nbsp;<\/strong><\/a><\/li>\n<\/ul>\n<p>[\/et_pb_text][\/et_pb_column][\/et_pb_row][\/et_pb_section]<\/p>\n","protected":false},"excerpt":{"rendered":"<p>Le plan math\u00e9matiques au coll\u00e8ge vise \u00e0 favoriser un enseignement efficace des math\u00e9matiques et \u00e0 am\u00e9liorer les r\u00e9sultats des \u00e9l\u00e8ves en assurant un meilleur continuum didactique depuis l&rsquo;\u00e9cole jusqu&rsquo;au lyc\u00e9e. Il s&rsquo;inscrit dans la priorit\u00e9 accord\u00e9e aux savoirs fondamentaux. Au coll\u00e8ge comme dans les \u00e9coles, il s&rsquo;agit d&rsquo;interroger les pratiques p\u00e9dagogiques: automatismes, manipulations, place de [&hellip;]<\/p>\n","protected":false},"author":202,"featured_media":0,"parent":0,"menu_order":0,"comment_status":"closed","ping_status":"closed","template":"","meta":{"_et_pb_use_builder":"on","_et_pb_old_content":"","_et_gb_content_width":"","ngg_post_thumbnail":0,"footnotes":""},"class_list":["post-5902","page","type-page","status-publish","hentry"],"rttpg_featured_image_url":null,"rttpg_author":{"display_name":"admin","author_link":"https:\/\/www.pedagogie.ac-nice.fr\/mathematiques\/author\/opilorget\/"},"rttpg_comment":0,"rttpg_category":null,"rttpg_excerpt":"Le plan math\u00e9matiques au coll\u00e8ge vise \u00e0 favoriser un enseignement efficace des math\u00e9matiques et \u00e0 am\u00e9liorer les r\u00e9sultats des \u00e9l\u00e8ves en assurant un meilleur continuum didactique depuis l'\u00e9cole jusqu'au lyc\u00e9e. Il s'inscrit dans la priorit\u00e9 accord\u00e9e aux savoirs fondamentaux. Au coll\u00e8ge comme dans les \u00e9coles, il s'agit d'interroger les pratiques p\u00e9dagogiques: automatismes, manipulations, place de\u2026","post_mailing_queue_ids":[],"_links":{"self":[{"href":"https:\/\/www.pedagogie.ac-nice.fr\/mathematiques\/wp-json\/wp\/v2\/pages\/5902","targetHints":{"allow":["GET"]}}],"collection":[{"href":"https:\/\/www.pedagogie.ac-nice.fr\/mathematiques\/wp-json\/wp\/v2\/pages"}],"about":[{"href":"https:\/\/www.pedagogie.ac-nice.fr\/mathematiques\/wp-json\/wp\/v2\/types\/page"}],"author":[{"embeddable":true,"href":"https:\/\/www.pedagogie.ac-nice.fr\/mathematiques\/wp-json\/wp\/v2\/users\/202"}],"replies":[{"embeddable":true,"href":"https:\/\/www.pedagogie.ac-nice.fr\/mathematiques\/wp-json\/wp\/v2\/comments?post=5902"}],"version-history":[{"count":31,"href":"https:\/\/www.pedagogie.ac-nice.fr\/mathematiques\/wp-json\/wp\/v2\/pages\/5902\/revisions"}],"predecessor-version":[{"id":6608,"href":"https:\/\/www.pedagogie.ac-nice.fr\/mathematiques\/wp-json\/wp\/v2\/pages\/5902\/revisions\/6608"}],"wp:attachment":[{"href":"https:\/\/www.pedagogie.ac-nice.fr\/mathematiques\/wp-json\/wp\/v2\/media?parent=5902"}],"curies":[{"name":"wp","href":"https:\/\/api.w.org\/{rel}","templated":true}]}}