{"id":6377,"date":"2023-02-26T22:55:16","date_gmt":"2023-02-26T21:55:16","guid":{"rendered":"https:\/\/www.pedagogie.ac-nice.fr\/mathematiques\/?page_id=6377"},"modified":"2023-06-03T23:32:39","modified_gmt":"2023-06-03T21:32:39","slug":"baccalaureat-general-et-technologique-2023","status":"publish","type":"page","link":"https:\/\/www.pedagogie.ac-nice.fr\/mathematiques\/baccalaureat-general-et-technologique-2023\/","title":{"rendered":"Baccalaur\u00e9at g\u00e9n\u00e9ral et technologique 2023"},"content":{"rendered":"<p>[et_pb_section fb_built=\u00a0\u00bb1&Prime; _builder_version=\u00a0\u00bb3.22&Prime; global_colors_info=\u00a0\u00bb{}\u00a0\u00bb][et_pb_row _builder_version=\u00a0\u00bb3.25&Prime; background_size=\u00a0\u00bbinitial\u00a0\u00bb background_position=\u00a0\u00bbtop_left\u00a0\u00bb background_repeat=\u00a0\u00bbrepeat\u00a0\u00bb global_colors_info=\u00a0\u00bb{}\u00a0\u00bb][et_pb_column type=\u00a0\u00bb4_4&Prime; _builder_version=\u00a0\u00bb3.25&Prime; custom_padding=\u00a0\u00bb|||\u00a0\u00bb global_colors_info=\u00a0\u00bb{}\u00a0\u00bb custom_padding__hover=\u00a0\u00bb|||\u00a0\u00bb][et_pb_text _builder_version=\u00a0\u00bb4.10.7&Prime; background_size=\u00a0\u00bbinitial\u00a0\u00bb background_position=\u00a0\u00bbtop_left\u00a0\u00bb background_repeat=\u00a0\u00bbrepeat\u00a0\u00bb global_colors_info=\u00a0\u00bb{}\u00a0\u00bb]<\/p>\n<h2 style=\"text-align: center;\"><span style=\"color: #000080;\">Modalit\u00e9s d&rsquo;\u00e9valuation<\/span><\/h2>\n<p>&nbsp;<\/p>\n<p><img loading=\"lazy\" decoding=\"async\" class=\" wp-image-3851 alignleft\" src=\"https:\/\/www.pedagogie.ac-nice.fr\/mathematiques\/wp-content\/uploads\/sites\/30\/2021\/03\/eduscol4_65.jpg\" alt=\"\" width=\"168\" height=\"70\"><\/p>\n<p>La page Eduscol d\u00e9di\u00e9e au modalit\u00e9s d&rsquo;\u00e9valuation pour le baccalaur\u00e9at g\u00e9n\u00e9ral et technologique :<br \/><a href=\"https:\/\/eduscol.education.fr\/2688\/modalites-d-evaluation-pour-le-baccalaureat\" target=\"_blank\" rel=\"noopener\">https:\/\/eduscol.education.fr\/2688\/modalites-d-evaluation-pour-le-baccalaureat<\/a><\/p>\n<p>&nbsp;<\/p>\n<ul>\n<li><span style=\"font-size: 14pt;\"><strong>Le guide de l\u2019\u00e9valuation<\/strong><\/span><\/li>\n<\/ul>\n<p><img loading=\"lazy\" decoding=\"async\" class=\" wp-image-4815 alignleft\" src=\"https:\/\/www.pedagogie.ac-nice.fr\/mathematiques\/wp-content\/uploads\/sites\/30\/2022\/02\/guide-evaluation.jpg\" alt=\"\" width=\"111\" height=\"157\" srcset=\"https:\/\/www.pedagogie.ac-nice.fr\/mathematiques\/wp-content\/uploads\/sites\/30\/2022\/02\/guide-evaluation.jpg 402w, https:\/\/www.pedagogie.ac-nice.fr\/mathematiques\/wp-content\/uploads\/sites\/30\/2022\/02\/guide-evaluation-213x300.jpg 213w, https:\/\/www.pedagogie.ac-nice.fr\/mathematiques\/wp-content\/uploads\/sites\/30\/2022\/02\/guide-evaluation-107x150.jpg 107w\" sizes=\"(max-width: 111px) 100vw, 111px\" \/>Ce guide de l\u2019\u00e9valuation des apprentissages et des acquis au lyc\u00e9e g\u00e9n\u00e9ral et technologique expose \u00e0 la fois <strong>des principes communs, des pr\u00e9conisations par discipline et par sp\u00e9cialit\u00e9 ainsi que des pr\u00e9conisations pour le pilotage g\u00e9n\u00e9ral de l\u2019\u00e9valuation<\/strong>. Toutes les formes d\u2019\u00e9valuation possibles et la diversit\u00e9 de leurs r\u00f4les sont prises en consid\u00e9ration dans le cadre des enseignements.<\/p>\n<p><a href=\"https:\/\/eduscol.education.fr\/document\/5470\/download?attachment\" target=\"_blank\" rel=\"noopener\"><strong>T\u00e9l\u00e9charger le guide &#8211; maj d\u00e9cembre 2022<\/strong><\/a><\/p>\n<p>&nbsp;<\/p>\n<ul>\n<li><span style=\"font-size: 14pt;\"><strong>Note de service relative aux modalit\u00e9s d\u2019\u00e9valuation<\/strong><\/span><\/li>\n<\/ul>\n<p><a href=\"https:\/\/eduscol.education.fr\/document\/12571\/download\" target=\"_blank\" rel=\"noopener\"><img loading=\"lazy\" decoding=\"async\" class=\"wp-image-4814 alignleft\" src=\"https:\/\/www.pedagogie.ac-nice.fr\/mathematiques\/wp-content\/uploads\/sites\/30\/2022\/02\/note-de-service.jpg\" sizes=\"(max-width: 111px) 100vw, 111px\" srcset=\"https:\/\/www.pedagogie.ac-nice.fr\/mathematiques\/wp-content\/uploads\/sites\/30\/2022\/02\/note-de-service.jpg 402w, https:\/\/www.pedagogie.ac-nice.fr\/mathematiques\/wp-content\/uploads\/sites\/30\/2022\/02\/note-de-service-212x300.jpg 212w, https:\/\/www.pedagogie.ac-nice.fr\/mathematiques\/wp-content\/uploads\/sites\/30\/2022\/02\/note-de-service-106x150.jpg 106w\" alt=\"\" width=\"111\" height=\"157\"><\/a><\/p>\n<p>Version consolid\u00e9e de la note de service relative aux modalit\u00e9s d\u2019\u00e9valuation des candidats au baccalaur\u00e9at g\u00e9n\u00e9ral et technologique \u00e0 compter de la session 2022.<br \/><a href=\"https:\/\/eduscol.education.fr\/document\/12571\/download\" target=\"_blank\" rel=\"noopener\"><strong>T\u00e9l\u00e9charger le document<\/strong><\/a><\/p>\n<p>&nbsp;<\/p>\n<p>&nbsp;<\/p>\n<ul>\n<li id=\"summary-item-2\"><strong><span style=\"font-size: 14pt;\">FAQ sur le projet d\u2019\u00e9valuation de l\u2019\u00e9tablissement et les modalit\u00e9s d&rsquo;\u00e9valuation au baccalaur\u00e9at<\/span><\/strong><\/li>\n<\/ul>\n<p><img loading=\"lazy\" decoding=\"async\" class=\"alignleft\" src=\"https:\/\/eduscol.education.fr\/sites\/default\/files\/styles\/sc147x208\/public\/2021-12\/couv-de-faq-_projet_evaluation_dec21.png?itok=vfuGJBei\" alt=\"\" width=\"99\" height=\"140\"><\/p>\n<p>Cette FAQ apporte des pr\u00e9cisions sur les modalit\u00e9s d\u2019\u00e9valuation \u00e0 l\u2019examen pr\u00e9vues par les textes, et permet d&rsquo;accompagner les \u00e9quipes p\u00e9dagogiques dans la mise en \u0153uvre du projet d&rsquo;\u00e9valuation.<\/p>\n<p><a href=\"https:\/\/eduscol.education.fr\/document\/12346\/download?attachment\" target=\"_blank\" rel=\"noopener\"><strong>T\u00e9l\u00e9charger le document<\/strong><\/a><\/p>\n<h2>&nbsp;<\/h2>\n<p>[\/et_pb_text][\/et_pb_column][\/et_pb_row][et_pb_row _builder_version=\u00a0\u00bb4.10.7&Prime; _module_preset=\u00a0\u00bbdefault\u00a0\u00bb global_colors_info=\u00a0\u00bb{}\u00a0\u00bb][et_pb_column type=\u00a0\u00bb4_4&Prime; _builder_version=\u00a0\u00bb4.10.7&Prime; _module_preset=\u00a0\u00bbdefault\u00a0\u00bb global_colors_info=\u00a0\u00bb{}\u00a0\u00bb][et_pb_text _builder_version=\u00a0\u00bb4.10.7&Prime; _module_preset=\u00a0\u00bbdefault\u00a0\u00bb global_colors_info=\u00a0\u00bb{}\u00a0\u00bb]<\/p>\n<h2 style=\"text-align: center;\"><span style=\"color: #000080;\"><strong>Le Grand oral<\/strong><\/span><\/h2>\n<p>&nbsp;<\/p>\n<p><img loading=\"lazy\" decoding=\"async\" class=\" wp-image-3851 alignleft\" src=\"https:\/\/www.pedagogie.ac-nice.fr\/mathematiques\/wp-content\/uploads\/sites\/30\/2021\/03\/eduscol4_65.jpg\" alt=\"\" width=\"168\" height=\"70\"><\/p>\n<p>La page Eduscol de pr\u00e9sentation du Grand oral :<br \/><a href=\"https:\/\/eduscol.education.fr\/729\/presentation-du-grand-oral\" target=\"_blank\" rel=\"noopener\">https:\/\/eduscol.education.fr\/729\/presentation-du-grand-oral<\/a><\/p>\n<p>&nbsp;<\/p>\n<ul>\n<li><span style=\"font-size: 14pt;\"><em><strong>Le grand oral : d\u00e9finition et objectifs<\/strong><\/em><\/span><\/li>\n<\/ul>\n<p>L\u2019 \u00e9preuve du Grand oral a&nbsp; \u00e9t\u00e9 con\u00e7ue pour permettre au candidat de montrer sa capacit\u00e9 \u00e0 prendre la parole en public de fa\u00e7on claire et convaincante. Elle lui permettra aussi d\u2019utiliser les connaissances li\u00e9es \u00e0 ses sp\u00e9cialit\u00e9s pour d\u00e9montrer ses capacit\u00e9s argumentatives et la maturit\u00e9 de son projet de poursuite d&rsquo;\u00e9tudes, voire professionnel.<\/p>\n<p><strong>L&rsquo;\u00e9preuve<\/strong><strong><br \/><\/strong>&nbsp; &nbsp; &nbsp; &nbsp;&nbsp;&nbsp; Dur\u00e9e&nbsp;&nbsp;&nbsp;&nbsp;&nbsp;&nbsp; &nbsp; &nbsp; &nbsp; 20 minutes<br \/>&nbsp;&nbsp;&nbsp; &nbsp; &nbsp; &nbsp; Pr\u00e9paration &nbsp;&nbsp; 20 minutes<br \/>&nbsp; &nbsp; &nbsp; &nbsp; &nbsp; Coefficient&nbsp;&nbsp; &nbsp; 10 [voie g\u00e9n\u00e9rale] &nbsp;&nbsp; 14 [voie technologique]<\/p>\n<p>&nbsp;<\/p>\n<ul>\n<li><strong><span style=\"font-size: 14pt;\"><em>Le grand oral : d\u00e9roulement<\/em><\/span><br \/><\/strong><\/li>\n<\/ul>\n<p>Le Grand oral dure 20 minutes avec 20 minutes de pr\u00e9paration. Le candidat pr\u00e9sente au jury deux questions pr\u00e9par\u00e9es avec ses professeurs et \u00e9ventuellement avec d\u2019autres \u00e9l\u00e8ves, qui portent sur ses deux sp\u00e9cialit\u00e9s, soit prises isol\u00e9ment, soit abord\u00e9es de mani\u00e8re transversale en voie g\u00e9n\u00e9rale.&nbsp; Pour la voie technologique, ces questions s\u2019appuient sur l\u2019enseignement de sp\u00e9cialit\u00e9 pour lequel le programme pr\u00e9voit la r\u00e9alisation d\u2019une \u00e9tude approfondie. Le jury choisit une de ces deux questions.&nbsp; Le candidat a ensuite 20 minutes de pr\u00e9paration pour mettre en ordre ses id\u00e9es et cr\u00e9er s\u2019il le souhaite un support (qui ne sera pas \u00e9valu\u00e9) \u00e0 donner au jury.<\/p>\n<p>L\u2019\u00e9preuve se d\u00e9roule en <strong>3 temps<\/strong> :<\/p>\n<p style=\"padding-left: 40px;\"><strong>Pendant 5 minutes, le candidat pr\u00e9sente la question choisie et y r\u00e9pond<\/strong>. Le jury \u00e9value son argumentation et ses qualit\u00e9s de pr\u00e9sentation.&nbsp; L\u2019expos\u00e9 se d\u00e9roule sans note et debout, sauf am\u00e9nagements pour les candidats \u00e0 besoins sp\u00e9cifiques.<\/p>\n<p style=\"padding-left: 40px;\"><strong>Ensuite, pendant 10 minutes, le jury \u00e9change avec le candidat<\/strong> et \u00e9value la solidit\u00e9 de ses connaissances et ses comp\u00e9tences argumentatives.&nbsp; Ce temps d\u2019\u00e9change permet \u00e0 l\u2019\u00e9l\u00e8ve de mettre en valeur ses connaissances, li\u00e9es au programme des sp\u00e9cialit\u00e9s suivies en classe de premi\u00e8re et terminale.<\/p>\n<p style=\"padding-left: 40px;\"><strong>Les 5 derni\u00e8res minutes d\u2019\u00e9changes avec le jury portent sur le projet d\u2019orientation du candidat<\/strong>.&nbsp; Le candidat montre que la question trait\u00e9e a particip\u00e9 \u00e0 la maturation de son projet de poursuite d\u2019\u00e9tudes, et m\u00eame pour son projet professionnel.<\/p>\n<p>[\/et_pb_text][\/et_pb_column][\/et_pb_row][et_pb_row column_structure=\u00a0\u00bb1_2,1_2&Prime; _builder_version=\u00a0\u00bb4.10.7&Prime; _module_preset=\u00a0\u00bbdefault\u00a0\u00bb global_colors_info=\u00a0\u00bb{}\u00a0\u00bb][et_pb_column type=\u00a0\u00bb1_2&Prime; _builder_version=\u00a0\u00bb4.10.7&Prime; _module_preset=\u00a0\u00bbdefault\u00a0\u00bb global_colors_info=\u00a0\u00bb{}\u00a0\u00bb][et_pb_text _builder_version=\u00a0\u00bb4.10.7&Prime; _module_preset=\u00a0\u00bbdefault\u00a0\u00bb global_colors_info=\u00a0\u00bb{}\u00a0\u00bb]<\/p>\n<p><strong>Vid\u00e9o : Pr\u00e9sentation institutionnelle du Grand oral<\/strong><\/p>\n<p><iframe loading=\"lazy\" title=\"YouTube video player\" src=\"https:\/\/www.youtube.com\/embed\/xOpJRLOXXMg\" allowfullscreen=\"allowfullscreen\" width=\"560\" height=\"315\" frameborder=\"0\"><\/iframe><\/p>\n<p>[\/et_pb_text][\/et_pb_column][et_pb_column type=\u00a0\u00bb1_2&Prime; _builder_version=\u00a0\u00bb4.10.7&Prime; _module_preset=\u00a0\u00bbdefault\u00a0\u00bb global_colors_info=\u00a0\u00bb{}\u00a0\u00bb][et_pb_text _builder_version=\u00a0\u00bb4.10.7&Prime; _module_preset=\u00a0\u00bbdefault\u00a0\u00bb global_colors_info=\u00a0\u00bb{}\u00a0\u00bb]<\/p>\n<p><strong>Sch\u00e9ma sur le support pr\u00e9par\u00e9 par le candidat<\/strong><\/p>\n<p>Ce sch\u00e9ma pr\u00e9cise les consignes concernant le support que le candidat peut pr\u00e9parer pendant les 20 minutes de pr\u00e9paration et utiliser pendant l\u2019\u00e9preuve.<\/p>\n<p><a href=\"https:\/\/eduscol.education.fr\/document\/44140\/download\" target=\"_blank\" rel=\"noopener\"><img loading=\"lazy\" decoding=\"async\" class=\"aligncenter\" src=\"https:\/\/eduscol.education.fr\/sites\/default\/files\/styles\/image_used_in_block_media_full_height\/public\/2022-10\/infog_epreuve_orale_terminale_grandoral_v4.jpg?itok=7UGVrNZD\" alt=\"\" width=\"220\" height=\"231\"><\/a><\/p>\n<p>[\/et_pb_text][\/et_pb_column][\/et_pb_row][et_pb_row _builder_version=\u00a0\u00bb4.10.7&Prime; _module_preset=\u00a0\u00bbdefault\u00a0\u00bb global_colors_info=\u00a0\u00bb{}\u00a0\u00bb][et_pb_column type=\u00a0\u00bb4_4&Prime; _builder_version=\u00a0\u00bb4.10.7&Prime; _module_preset=\u00a0\u00bbdefault\u00a0\u00bb global_colors_info=\u00a0\u00bb{}\u00a0\u00bb][et_pb_text _builder_version=\u00a0\u00bb4.10.7&Prime; _module_preset=\u00a0\u00bbdefault\u00a0\u00bb global_colors_info=\u00a0\u00bb{}\u00a0\u00bb]<\/p>\n<ul>\n<li><span style=\"font-size: 14pt;\"><strong>Documents pour les enseignants<\/strong><\/span><\/li>\n<\/ul>\n<p>[\/et_pb_text][\/et_pb_column][\/et_pb_row][et_pb_row column_structure=\u00a0\u00bb2_5,3_5&Prime; _builder_version=\u00a0\u00bb4.10.7&Prime; _module_preset=\u00a0\u00bbdefault\u00a0\u00bb global_colors_info=\u00a0\u00bb{}\u00a0\u00bb][et_pb_column type=\u00a0\u00bb2_5&Prime; _builder_version=\u00a0\u00bb4.10.7&Prime; _module_preset=\u00a0\u00bbdefault\u00a0\u00bb global_colors_info=\u00a0\u00bb{}\u00a0\u00bb][et_pb_text _builder_version=\u00a0\u00bb4.10.7&Prime; _module_preset=\u00a0\u00bbdefault\u00a0\u00bb global_colors_info=\u00a0\u00bb{}\u00a0\u00bb]<\/p>\n<p><img loading=\"lazy\" decoding=\"async\" class=\"aligncenter\" src=\"https:\/\/eduscol.education.fr\/sites\/default\/files\/styles\/sc147x208\/public\/2023-01\/screenshot_07.png?itok=F3vklbLv\" alt=\"\" width=\"110\" height=\"156\"><\/p>\n<p>[\/et_pb_text][\/et_pb_column][et_pb_column type=\u00a0\u00bb3_5&Prime; _builder_version=\u00a0\u00bb4.10.7&Prime; _module_preset=\u00a0\u00bbdefault\u00a0\u00bb global_colors_info=\u00a0\u00bb{}\u00a0\u00bb][et_pb_text _builder_version=\u00a0\u00bb4.10.7&Prime; _module_preset=\u00a0\u00bbdefault\u00a0\u00bb global_colors_info=\u00a0\u00bb{}\u00a0\u00bb]<\/p>\n<div class=\"description ckeditor-text\">\n<p><strong>Guide Grand oral et enseignements de sp\u00e9cialit\u00e9<\/strong><br \/><em>(mis \u00e0 jour en janvier 2023)<\/em><\/p>\n<p><a href=\"https:\/\/eduscol.education.fr\/document\/46243\/download?attachment\" target=\"_blank\" rel=\"noopener\"><strong>T\u00e9l\u00e9charger le document<\/strong><\/a><\/p>\n<\/div>\n<p>[\/et_pb_text][\/et_pb_column][\/et_pb_row][et_pb_row column_structure=\u00a0\u00bb2_5,3_5&Prime; _builder_version=\u00a0\u00bb4.10.7&Prime; _module_preset=\u00a0\u00bbdefault\u00a0\u00bb global_colors_info=\u00a0\u00bb{}\u00a0\u00bb][et_pb_column type=\u00a0\u00bb2_5&Prime; _builder_version=\u00a0\u00bb4.10.7&Prime; _module_preset=\u00a0\u00bbdefault\u00a0\u00bb global_colors_info=\u00a0\u00bb{}\u00a0\u00bb][et_pb_text _builder_version=\u00a0\u00bb4.10.7&Prime; _module_preset=\u00a0\u00bbdefault\u00a0\u00bb global_colors_info=\u00a0\u00bb{}\u00a0\u00bb]<\/p>\n<p><img loading=\"lazy\" decoding=\"async\" class=\"aligncenter\" src=\"https:\/\/eduscol.education.fr\/sites\/default\/files\/styles\/sc147x208\/public\/2022-10\/couverture_guide_grand-oral.png?itok=xudU5zg-\" alt=\"\" width=\"111\" height=\"157\"><\/p>\n<p>[\/et_pb_text][\/et_pb_column][et_pb_column type=\u00a0\u00bb3_5&Prime; _builder_version=\u00a0\u00bb4.10.7&Prime; _module_preset=\u00a0\u00bbdefault\u00a0\u00bb global_colors_info=\u00a0\u00bb{}\u00a0\u00bb][et_pb_text _builder_version=\u00a0\u00bb4.10.7&Prime; _module_preset=\u00a0\u00bbdefault\u00a0\u00bb global_colors_info=\u00a0\u00bb{}\u00a0\u00bb]<\/p>\n<div class=\"description ckeditor-text\">\n<p><strong>Guide pour le jury de l&rsquo;\u00e9preuve de Grand oral&nbsp;<\/strong><br \/><em>(mis \u00e0 jour en octobre 2022)<\/em><\/p>\n<p><strong><a href=\"https:\/\/eduscol.education.fr\/document\/7136\/download?attachment\" target=\"_blank\" rel=\"noopener\">T\u00e9l\u00e9charger le document<\/a><\/strong><\/p>\n<\/div>\n<p>[\/et_pb_text][\/et_pb_column][\/et_pb_row][et_pb_row column_structure=\u00a0\u00bb2_5,3_5&Prime; _builder_version=\u00a0\u00bb4.10.7&Prime; _module_preset=\u00a0\u00bbdefault\u00a0\u00bb global_colors_info=\u00a0\u00bb{}\u00a0\u00bb][et_pb_column type=\u00a0\u00bb2_5&Prime; _builder_version=\u00a0\u00bb4.10.7&Prime; _module_preset=\u00a0\u00bbdefault\u00a0\u00bb global_colors_info=\u00a0\u00bb{}\u00a0\u00bb][et_pb_text _builder_version=\u00a0\u00bb4.10.7&Prime; _module_preset=\u00a0\u00bbdefault\u00a0\u00bb global_colors_info=\u00a0\u00bb{}\u00a0\u00bb]<\/p>\n<p><img loading=\"lazy\" decoding=\"async\" class=\"aligncenter\" src=\"https:\/\/eduscol.education.fr\/sites\/default\/files\/styles\/sc147x208\/public\/2022-10\/couverture_faq_grand-oral-jury.png?itok=JnX5uK9M\" alt=\"\" width=\"110\" height=\"156\"><\/p>\n<p>[\/et_pb_text][\/et_pb_column][et_pb_column type=\u00a0\u00bb3_5&Prime; _builder_version=\u00a0\u00bb4.10.7&Prime; _module_preset=\u00a0\u00bbdefault\u00a0\u00bb global_colors_info=\u00a0\u00bb{}\u00a0\u00bb][et_pb_text _builder_version=\u00a0\u00bb4.10.7&Prime; _module_preset=\u00a0\u00bbdefault\u00a0\u00bb global_colors_info=\u00a0\u00bb{}\u00a0\u00bb]<\/p>\n<p><strong>Questions\/r\u00e9ponses pour le jury du Grand oral&nbsp; <\/strong><br \/><em>(mis \u00e0 jour en octobre 2022<\/em>).<\/p>\n<p><strong><a href=\"https:\/\/eduscol.education.fr\/document\/7139\/download?attachment\" target=\"_blank\" rel=\"noopener\">T\u00e9l\u00e9charger le document<\/a><\/strong><\/p>\n<p>[\/et_pb_text][\/et_pb_column][\/et_pb_row][et_pb_row column_structure=\u00a0\u00bb2_5,3_5&Prime; _builder_version=\u00a0\u00bb4.10.7&Prime; _module_preset=\u00a0\u00bbdefault\u00a0\u00bb global_colors_info=\u00a0\u00bb{}\u00a0\u00bb][et_pb_column type=\u00a0\u00bb2_5&Prime; _builder_version=\u00a0\u00bb4.10.7&Prime; _module_preset=\u00a0\u00bbdefault\u00a0\u00bb global_colors_info=\u00a0\u00bb{}\u00a0\u00bb][et_pb_text _builder_version=\u00a0\u00bb4.10.7&Prime; _module_preset=\u00a0\u00bbdefault\u00a0\u00bb global_colors_info=\u00a0\u00bb{}\u00a0\u00bb]<\/p>\n<p><img loading=\"lazy\" decoding=\"async\" class=\"aligncenter\" src=\"https:\/\/eduscol.education.fr\/sites\/default\/files\/styles\/sc147x208\/public\/2022-10\/couverture_faq_grand-oral-enseignants.png?itok=lJEsvaax\" alt=\"\" width=\"111\" height=\"157\"><\/p>\n<p>[\/et_pb_text][\/et_pb_column][et_pb_column type=\u00a0\u00bb3_5&Prime; _builder_version=\u00a0\u00bb4.10.7&Prime; _module_preset=\u00a0\u00bbdefault\u00a0\u00bb global_colors_info=\u00a0\u00bb{}\u00a0\u00bb][et_pb_text _builder_version=\u00a0\u00bb4.10.7&Prime; _module_preset=\u00a0\u00bbdefault\u00a0\u00bb global_colors_info=\u00a0\u00bb{}\u00a0\u00bb]<\/p>\n<div class=\"description ckeditor-text\">\n<p><strong>Questions\/r\u00e9ponses sur les modalit\u00e9s de pr\u00e9paration de l\u2019\u00e9preuve, son d\u00e9roulement et ses attendus.<\/strong><br \/><em>(mis \u00e0 jour en octobre 2022)<\/em><\/p>\n<p><strong><a href=\"https:\/\/eduscol.education.fr\/document\/3420\/download?attachment\" target=\"_blank\" rel=\"noopener\">T\u00e9l\u00e9charger le<\/a><\/strong><strong><a href=\"https:\/\/eduscol.education.fr\/document\/3420\/download?attachment\" target=\"_blank\" rel=\"noopener\"> document<\/a><\/strong><\/p>\n<\/div>\n<p>[\/et_pb_text][\/et_pb_column][\/et_pb_row][\/et_pb_section]<\/p>\n","protected":false},"excerpt":{"rendered":"<p>Modalit\u00e9s d&rsquo;\u00e9valuation &nbsp; La page Eduscol d\u00e9di\u00e9e au modalit\u00e9s d&rsquo;\u00e9valuation pour le baccalaur\u00e9at g\u00e9n\u00e9ral et technologique :https:\/\/eduscol.education.fr\/2688\/modalites-d-evaluation-pour-le-baccalaureat &nbsp; Le guide de l\u2019\u00e9valuation Ce guide de l\u2019\u00e9valuation des apprentissages et des acquis au lyc\u00e9e g\u00e9n\u00e9ral et technologique expose \u00e0 la fois des principes communs, des pr\u00e9conisations par discipline et par sp\u00e9cialit\u00e9 ainsi que des pr\u00e9conisations pour [&hellip;]<\/p>\n","protected":false},"author":202,"featured_media":0,"parent":0,"menu_order":0,"comment_status":"closed","ping_status":"closed","template":"","meta":{"_et_pb_use_builder":"on","_et_pb_old_content":"<p>\u00a0<\/p><p>\u00a0<\/p>","_et_gb_content_width":"","ngg_post_thumbnail":0,"footnotes":""},"class_list":["post-6377","page","type-page","status-publish","hentry"],"rttpg_featured_image_url":null,"rttpg_author":{"display_name":"admin","author_link":"https:\/\/www.pedagogie.ac-nice.fr\/mathematiques\/author\/opilorget\/"},"rttpg_comment":0,"rttpg_category":null,"rttpg_excerpt":"Modalit\u00e9s d'\u00e9valuation &nbsp; La page Eduscol d\u00e9di\u00e9e au modalit\u00e9s d'\u00e9valuation pour le baccalaur\u00e9at g\u00e9n\u00e9ral et technologique :https:\/\/eduscol.education.fr\/2688\/modalites-d-evaluation-pour-le-baccalaureat &nbsp; Le guide de l\u2019\u00e9valuation Ce guide de l\u2019\u00e9valuation des apprentissages et des acquis au lyc\u00e9e g\u00e9n\u00e9ral et technologique expose \u00e0 la fois des principes communs, des pr\u00e9conisations par discipline et par sp\u00e9cialit\u00e9 ainsi que des pr\u00e9conisations pour\u2026","post_mailing_queue_ids":[],"_links":{"self":[{"href":"https:\/\/www.pedagogie.ac-nice.fr\/mathematiques\/wp-json\/wp\/v2\/pages\/6377","targetHints":{"allow":["GET"]}}],"collection":[{"href":"https:\/\/www.pedagogie.ac-nice.fr\/mathematiques\/wp-json\/wp\/v2\/pages"}],"about":[{"href":"https:\/\/www.pedagogie.ac-nice.fr\/mathematiques\/wp-json\/wp\/v2\/types\/page"}],"author":[{"embeddable":true,"href":"https:\/\/www.pedagogie.ac-nice.fr\/mathematiques\/wp-json\/wp\/v2\/users\/202"}],"replies":[{"embeddable":true,"href":"https:\/\/www.pedagogie.ac-nice.fr\/mathematiques\/wp-json\/wp\/v2\/comments?post=6377"}],"version-history":[{"count":32,"href":"https:\/\/www.pedagogie.ac-nice.fr\/mathematiques\/wp-json\/wp\/v2\/pages\/6377\/revisions"}],"predecessor-version":[{"id":6786,"href":"https:\/\/www.pedagogie.ac-nice.fr\/mathematiques\/wp-json\/wp\/v2\/pages\/6377\/revisions\/6786"}],"wp:attachment":[{"href":"https:\/\/www.pedagogie.ac-nice.fr\/mathematiques\/wp-json\/wp\/v2\/media?parent=6377"}],"curies":[{"name":"wp","href":"https:\/\/api.w.org\/{rel}","templated":true}]}}