{"id":683,"date":"2019-07-09T09:05:12","date_gmt":"2019-07-09T07:05:12","guid":{"rendered":"https:\/\/www.pedagogie.ac-nice.fr\/mathematiques\/?page_id=683"},"modified":"2025-02-03T08:38:33","modified_gmt":"2025-02-03T07:38:33","slug":"contacts-dans-lacademie","status":"publish","type":"page","link":"https:\/\/www.pedagogie.ac-nice.fr\/mathematiques\/contacts-dans-lacademie\/","title":{"rendered":"L&rsquo;inspection p\u00e9dagogique r\u00e9gionale"},"content":{"rendered":"<h2>&nbsp;Les Inspecteurs Acad\u00e9miques &#8211; Inspecteurs P\u00e9dagogiques&nbsp;&nbsp;&nbsp;<br \/>\n&nbsp;R\u00e9gionaux<\/h2>\n<p style=\"padding-left: 40px;\">Mme Marl\u00e8ne ESTEVE : <a class=\"v1moz-txt-link-abbreviated\" href=\"mailto:marlene.esteve@ac-nice.fr\" rel=\"noreferrer\">marlene.esteve@ac-nice.fr<\/a><\/p>\n<p style=\"padding-left: 40px;\">Mme Clarisse FIOL : <a class=\"v1moz-txt-link-abbreviated\" href=\"mailto:Clarisse.Fiol@ac-nice.fr\" rel=\"noreferrer\">Clarisse.Fiol@ac-nice.fr<\/a><\/p>\n<p style=\"padding-left: 40px;\">M. C\u00e9dric GOURJON&nbsp; (Faisant Fonction) : <a class=\"v1moz-txt-link-abbreviated\" href=\"mailto:cedric.gourjon@ac-nice.fr\" rel=\"noreferrer\">cedric.gourjon@ac-nice.fr<\/a><\/p>\n<p style=\"padding-left: 40px;\">M. Arnaud LATHELIZE : <a class=\"v1moz-txt-link-abbreviated\" href=\"mailto:arnaud.lathelize@ac-nice.fr\" rel=\"noreferrer\">arnaud.lathelize@ac-nice.fr<\/a><\/p>\n<p style=\"padding-left: 40px;\">M. Pierre MARI : <a class=\"v1moz-txt-link-abbreviated\" title=\"\" href=\"mailto:Pierre.Mari@ac-nice.fr\" rel=\"noreferrer\" aria-haspopup=\"true\" aria-expanded=\"false\" aria-owns=\"mailto-menu\" data-original-title=\"\">Pierre.Mari@ac-nice.fr<\/a><\/p>\n<p>&nbsp;<\/p>\n<h2>&nbsp;Les charg\u00e9s de missions aupr\u00e8s des IA-IPR<\/h2>\n<p style=\"padding-left: 40px;\">M. Denis&nbsp; DEROBERTMASURE<\/p>\n<p style=\"padding-left: 40px;\">Mme B\u00e9n\u00e9dicte FOURNERON<\/p>\n<p style=\"padding-left: 40px;\">M. Olivier GINOLA<\/p>\n<p style=\"padding-left: 40px;\">M. Denis GUICHETEAU<\/p>\n<p style=\"padding-left: 40px;\">Mme Fabienne JORRO<\/p>\n<p style=\"padding-left: 40px;\">Mme Isabelle PAZE<\/p>\n<p>&nbsp;<\/p>\n<h2>&nbsp;L&rsquo;Interlocuteur Acad\u00e9mique au Num\u00e9rique<\/h2>\n<p style=\"padding-left: 40px;\">M. Olivier Pilorget : Olivier.Pilorget@ac-nice.fr<\/p>\n<p>&nbsp;<\/p>\n<h2>&nbsp;Le webmestre du site acad\u00e9mique<\/h2>\n<p style=\"padding-left: 40px;\">M. Olivier Pilorget : Olivier.Pilorget@ac-nice.fr<\/p>\n<p>&nbsp;<\/p>\n","protected":false},"excerpt":{"rendered":"<p>&nbsp;Les Inspecteurs Acad\u00e9miques &#8211; Inspecteurs P\u00e9dagogiques&nbsp;&nbsp;&nbsp; &nbsp;R\u00e9gionaux Mme Marl\u00e8ne ESTEVE : marlene.esteve@ac-nice.fr Mme Clarisse FIOL : Clarisse.Fiol@ac-nice.fr M. C\u00e9dric GOURJON&nbsp; (Faisant Fonction) : cedric.gourjon@ac-nice.fr M. Arnaud LATHELIZE : arnaud.lathelize@ac-nice.fr M. Pierre MARI : Pierre.Mari@ac-nice.fr &nbsp; &nbsp;Les charg\u00e9s de missions aupr\u00e8s des IA-IPR M. Denis&nbsp; DEROBERTMASURE Mme B\u00e9n\u00e9dicte FOURNERON M. Olivier GINOLA M. Denis GUICHETEAU Mme [&hellip;]<\/p>\n","protected":false},"author":201,"featured_media":0,"parent":0,"menu_order":0,"comment_status":"closed","ping_status":"closed","template":"","meta":{"_et_pb_use_builder":"","_et_pb_old_content":"","_et_gb_content_width":"","ngg_post_thumbnail":0,"footnotes":""},"class_list":["post-683","page","type-page","status-publish","hentry"],"rttpg_featured_image_url":null,"rttpg_author":{"display_name":"lfaubourg","author_link":"https:\/\/www.pedagogie.ac-nice.fr\/mathematiques\/author\/lfaubourg\/"},"rttpg_comment":0,"rttpg_category":null,"rttpg_excerpt":"&nbsp;Les Inspecteurs Acad\u00e9miques &#8211; Inspecteurs P\u00e9dagogiques&nbsp;&nbsp;&nbsp; &nbsp;R\u00e9gionaux Mme Marl\u00e8ne ESTEVE : marlene.esteve@ac-nice.fr Mme Clarisse FIOL : Clarisse.Fiol@ac-nice.fr M. C\u00e9dric GOURJON&nbsp; (Faisant Fonction) : cedric.gourjon@ac-nice.fr M. Arnaud LATHELIZE : arnaud.lathelize@ac-nice.fr M. Pierre MARI : Pierre.Mari@ac-nice.fr &nbsp; &nbsp;Les charg\u00e9s de missions aupr\u00e8s des IA-IPR M. Denis&nbsp; DEROBERTMASURE Mme B\u00e9n\u00e9dicte FOURNERON M. Olivier GINOLA M. Denis GUICHETEAU Mme\u2026","post_mailing_queue_ids":[],"_links":{"self":[{"href":"https:\/\/www.pedagogie.ac-nice.fr\/mathematiques\/wp-json\/wp\/v2\/pages\/683","targetHints":{"allow":["GET"]}}],"collection":[{"href":"https:\/\/www.pedagogie.ac-nice.fr\/mathematiques\/wp-json\/wp\/v2\/pages"}],"about":[{"href":"https:\/\/www.pedagogie.ac-nice.fr\/mathematiques\/wp-json\/wp\/v2\/types\/page"}],"author":[{"embeddable":true,"href":"https:\/\/www.pedagogie.ac-nice.fr\/mathematiques\/wp-json\/wp\/v2\/users\/201"}],"replies":[{"embeddable":true,"href":"https:\/\/www.pedagogie.ac-nice.fr\/mathematiques\/wp-json\/wp\/v2\/comments?post=683"}],"version-history":[{"count":13,"href":"https:\/\/www.pedagogie.ac-nice.fr\/mathematiques\/wp-json\/wp\/v2\/pages\/683\/revisions"}],"predecessor-version":[{"id":11640,"href":"https:\/\/www.pedagogie.ac-nice.fr\/mathematiques\/wp-json\/wp\/v2\/pages\/683\/revisions\/11640"}],"wp:attachment":[{"href":"https:\/\/www.pedagogie.ac-nice.fr\/mathematiques\/wp-json\/wp\/v2\/media?parent=683"}],"curies":[{"name":"wp","href":"https:\/\/api.w.org\/{rel}","templated":true}]}}