{"id":6941,"date":"2023-06-19T14:46:34","date_gmt":"2023-06-19T12:46:34","guid":{"rendered":"https:\/\/www.pedagogie.ac-nice.fr\/mathematiques\/?page_id=6941"},"modified":"2023-10-05T23:33:36","modified_gmt":"2023-10-05T21:33:36","slug":"mathematiques-en-langue-etrangere-dnl-informations-et-ressources","status":"publish","type":"page","link":"https:\/\/www.pedagogie.ac-nice.fr\/mathematiques\/mathematiques-en-langue-etrangere-dnl-informations-et-ressources\/","title":{"rendered":"Math\u00e9matiques en langue \u00e9trang\u00e8re (DNL) &#8211; Informations et ressources"},"content":{"rendered":"<p>[et_pb_section fb_built=\u00a0\u00bb1&Prime; admin_label=\u00a0\u00bbsection\u00a0\u00bb _builder_version=\u00a0\u00bb3.22&Prime; global_colors_info=\u00a0\u00bb{}\u00a0\u00bb][et_pb_row _builder_version=\u00a0\u00bb4.10.7&Prime; _module_preset=\u00a0\u00bbdefault\u00a0\u00bb global_colors_info=\u00a0\u00bb{}\u00a0\u00bb][et_pb_column type=\u00a0\u00bb4_4&Prime; _builder_version=\u00a0\u00bb4.10.7&Prime; _module_preset=\u00a0\u00bbdefault\u00a0\u00bb global_colors_info=\u00a0\u00bb{}\u00a0\u00bb][et_pb_text _builder_version=\u00a0\u00bb4.10.7&Prime; _module_preset=\u00a0\u00bbdefault\u00a0\u00bb global_colors_info=\u00a0\u00bb{}\u00a0\u00bb]<\/p>\n<p><span style=\"font-size: 14pt;\"><strong><span style=\"color: #000080;\">Une certification compl\u00e9mentaire&nbsp;<\/span> <\/strong><\/span><\/p>\n<p><img loading=\"lazy\" decoding=\"async\" class=\"wp-image-6958 alignleft\" src=\"https:\/\/www.pedagogie.ac-nice.fr\/mathematiques\/wp-content\/uploads\/sites\/30\/2023\/06\/vignette-eduscol-952x453-340-langues-jpg-2830.jpg\" alt=\"\" width=\"347\" height=\"165\" srcset=\"https:\/\/www.pedagogie.ac-nice.fr\/mathematiques\/wp-content\/uploads\/sites\/30\/2023\/06\/vignette-eduscol-952x453-340-langues-jpg-2830.jpg 952w, https:\/\/www.pedagogie.ac-nice.fr\/mathematiques\/wp-content\/uploads\/sites\/30\/2023\/06\/vignette-eduscol-952x453-340-langues-jpg-2830-300x142.jpg 300w, https:\/\/www.pedagogie.ac-nice.fr\/mathematiques\/wp-content\/uploads\/sites\/30\/2023\/06\/vignette-eduscol-952x453-340-langues-jpg-2830-150x71.jpg 150w, https:\/\/www.pedagogie.ac-nice.fr\/mathematiques\/wp-content\/uploads\/sites\/30\/2023\/06\/vignette-eduscol-952x453-340-langues-jpg-2830-768x365.jpg 768w\" sizes=\"(max-width: 347px) 100vw, 347px\" \/>Afin d\u2019enseigner les math\u00e9matiques en langue \u00e9trang\u00e8re, l\u2019enseignant devra passer <strong>une certification <\/strong>attestant de son niveau dans la langue souhait\u00e9.<br \/>Pour cela l\u2019enseignant devra constituer un dossier complet pour poser sa candidature. Puis il sera re\u00e7u en entretien avec un jury compos\u00e9 de deux membres&nbsp;: un sp\u00e9cialiste de la mati\u00e8re (de pr\u00e9f\u00e9rence un IPR en math\u00e9matiques) et un sp\u00e9cialiste de la langue choisie (\u00e9galement un IPR de pr\u00e9f\u00e9rence).<br \/>Pour plus d\u2019information, voir les documents de r\u00e9f\u00e9rence ci-apr\u00e8s.&nbsp;<\/p>\n<p>[\/et_pb_text][et_pb_text _builder_version=\u00a0\u00bb4.10.7&Prime; _module_preset=\u00a0\u00bbdefault\u00a0\u00bb global_colors_info=\u00a0\u00bb{}\u00a0\u00bb]<\/p>\n<p>&nbsp;<\/p>\n<p><span style=\"color: #000080;\"><strong><span style=\"font-size: 14pt;\">\u00c9preuve sp\u00e9cifique de terminale<\/span><br \/><\/strong><\/span><\/p>\n<p>A partir de la session 2022 du baccalaur\u00e9at, une \u00e9valuation sp\u00e9cifique de contr\u00f4le continu demeure dans le cadre des SELO comme dans celui des DNL hors SELO.<\/p>\n<p>Le dipl\u00f4me du baccalaur\u00e9at g\u00e9n\u00e9ral et du baccalaur\u00e9at technologique comporte&nbsp;l\u2019indication de la DNL ayant fait l\u2019objet d\u2019un enseignement en langue vivante (ici Math\u00e9matiques), suivie de la d\u00e9signation de la langue concern\u00e9e.<\/p>\n<p><span style=\"font-size: 12pt;\"><strong><div class='et-box et-shadow'>\n\t\t\t\t\t<div class='et-box-content'><span style=\"font-size: 14pt;\">Deux conditions cumulatives sont requises pour obtenir cette indication :<\/span><\/strong><\/span><\/p>\n<ul>\n<li><span style=\"font-size: 12pt;\">Avoir obtenu une note \u00e9gale ou sup\u00e9rieure \u00e0 12 sur 20 \u00e0 l&rsquo;\u00e9valuation de contr\u00f4le continu de la langue de la section ;<\/span><\/li>\n<li><span style=\"font-size: 14pt;\"><span style=\"font-size: 12pt;\">Avoir obtenu une note \u00e9gale ou sup\u00e9rieure \u00e0 10 sur 20 \u00e0 une \u00e9valuation sp\u00e9cifique de contr\u00f4le continu visant \u00e0 appr\u00e9cier le niveau de ma\u00eetrise de la langue acquis dans la DNL.<\/span><strong><span style=\"font-size: 12pt;\"><\/div><\/div><\/span> <\/strong><\/span><\/li>\n<\/ul>\n<p><strong>&nbsp;<\/strong>Ainsi, pour <strong>obtenir cette indication au niveau du dipl\u00f4me<\/strong>, une note est \u00e9tablie \u00e0 la fin de l\u2019ann\u00e9e de terminale comprenant :<br \/>&nbsp;&nbsp; \u2666 Le r\u00e9sultat d\u2019une interrogation orale en langue, qui a lieu \u00e0 la fin du cycle terminal, comptant pour 80 % de la note globale ;<br \/>&nbsp;&nbsp; \u2666 La note sanctionnant la scolarit\u00e9 de l\u2019\u00e9l\u00e8ve dans sa section au cours de la classe de terminale, qui compte pour 20 % de la note globale. Elle est conjointement attribu\u00e9e par le professeur de langue et le ou les professeur(s) de la ou les discipline(s) non linguistique(s) ayant fait l\u2019objet d\u2019un enseignement dans la langue de la section.<\/p>\n<p>Pour la derni\u00e8re \u00e9preuve de terminale, les professeurs de l\u2019acad\u00e9mie de Nice se sont entendus sur <strong><a href=\"https:\/\/www.pedagogie.ac-nice.fr\/mathematiques\/wp-content\/uploads\/sites\/30\/2023\/01\/prgm_DNL_maths_ac_nice_2020.pdf\" target=\"_blank\" rel=\"noopener\">un contenu minimal \u00e0 maitriser<\/a><\/strong>.<br \/>Ce programme tient en compte du parcours de l\u2019\u00e9l\u00e8ve en ann\u00e9e de premi\u00e8re et terminale, de ses choix de sp\u00e9cialit\u00e9s.<\/p>\n<p>Durant l\u2019interrogation orale, l\u2019\u00e9l\u00e8ve pourra montrer sa capacit\u00e9 \u00e0 argumenter, \u00e0 parler math\u00e9matiques, autour d\u2019un th\u00e8me travailler en DNL. L\u2019enseignant sera libre de choisir ses th\u00e8mes de travail que l\u2019\u00e9l\u00e8ve pourra pr\u00e9senter au jury l\u2019hors de &nbsp;cette \u00e9preuve.<br \/>Ces th\u00e8mes seront l\u2019occasion pour le professeur de mettre en place du vocabulaire sp\u00e9cifique \u00e0 la langue et aux math\u00e9matiques. &nbsp;Et ils sont aussi l\u2019occasion de faire \u00e9merger de nouvelles comp\u00e9tences chez les \u00e9l\u00e8ves autour de l\u2019oral.<\/p>\n<p>[\/et_pb_text][\/et_pb_column][\/et_pb_row][et_pb_row _builder_version=\u00a0\u00bb4.10.7&Prime; _module_preset=\u00a0\u00bbdefault\u00a0\u00bb global_colors_info=\u00a0\u00bb{}\u00a0\u00bb][et_pb_column type=\u00a0\u00bb4_4&Prime; _builder_version=\u00a0\u00bb4.10.7&Prime; _module_preset=\u00a0\u00bbdefault\u00a0\u00bb global_colors_info=\u00a0\u00bb{}\u00a0\u00bb][et_pb_text _builder_version=\u00a0\u00bb4.10.7&Prime; _module_preset=\u00a0\u00bbdefault\u00a0\u00bb global_colors_info=\u00a0\u00bb{}\u00a0\u00bb]<\/p>\n<p><span style=\"font-size: 14pt; color: #000080;\"><strong>Exemples de sujets d\u2019\u00e9preuves de DNL&nbsp;<\/strong><\/span><\/p>\n<p>[\/et_pb_text][\/et_pb_column][\/et_pb_row][et_pb_row column_structure=\u00a0\u00bb1_2,1_2&Prime; _builder_version=\u00a0\u00bb4.10.7&Prime; _module_preset=\u00a0\u00bbdefault\u00a0\u00bb global_colors_info=\u00a0\u00bb{}\u00a0\u00bb][et_pb_column type=\u00a0\u00bb1_2&Prime; _builder_version=\u00a0\u00bb4.10.7&Prime; _module_preset=\u00a0\u00bbdefault\u00a0\u00bb global_colors_info=\u00a0\u00bb{}\u00a0\u00bb][et_pb_text _builder_version=\u00a0\u00bb4.10.7&Prime; _module_preset=\u00a0\u00bbdefault\u00a0\u00bb global_colors_info=\u00a0\u00bb{}\u00a0\u00bb]<\/p>\n<p style=\"text-align: center;\"><span style=\"font-size: 14pt;\"><strong>En anglais<\/strong><\/span><\/p>\n<ul style=\"list-style-type: square;\">\n<li><em><a href=\"https:\/\/www.pedagogie.ac-nice.fr\/mathematiques\/wp-content\/uploads\/sites\/30\/2023\/06\/Anglais_Sujet-1_niveau-terminale_func_ln.pdf\">Sujet 1 de niveau terminale sp\u00e9 maths sur la fonction logarithme n\u00e9p\u00e9rien.<\/a><\/em><\/li>\n<li><em><a href=\"https:\/\/www.pedagogie.ac-nice.fr\/mathematiques\/wp-content\/uploads\/sites\/30\/2023\/06\/Anglais_Sujet-2_niveau-MathCo_func.pdf\">Sujet 2 de niveau terminale avec l\u2019option maths compl\u00e9mentaire sur les fonctions.<\/a><\/em><\/li>\n<li><a href=\"https:\/\/www.pedagogie.ac-nice.fr\/mathematiques\/wp-content\/uploads\/sites\/30\/2023\/06\/Anglais_Sujet-3_niveau-Sans-SpeMaths_prob.pdf\"><em>Sujet 3 de niveau cycle terminale tronc commun sur les probabilit\u00e9s conditionnelles.<\/em><\/a><\/li>\n<\/ul>\n<p>[\/et_pb_text][\/et_pb_column][et_pb_column type=\u00a0\u00bb1_2&Prime; _builder_version=\u00a0\u00bb4.10.7&Prime; _module_preset=\u00a0\u00bbdefault\u00a0\u00bb global_colors_info=\u00a0\u00bb{}\u00a0\u00bb][et_pb_text _builder_version=\u00a0\u00bb4.10.7&Prime; _module_preset=\u00a0\u00bbdefault\u00a0\u00bb global_colors_info=\u00a0\u00bb{}\u00a0\u00bb]<\/p>\n<p style=\"text-align: center;\"><strong><span style=\"font-size: 14pt;\">En allemand<\/span><br \/><\/strong><\/p>\n<ul style=\"list-style-type: square;\">\n<li><em><a href=\"https:\/\/www.pedagogie.ac-nice.fr\/mathematiques\/wp-content\/uploads\/sites\/30\/2023\/06\/Allemand_Sujet-1_Bac2021_LoiBinomiale.pdf\">Sujet 1 de niveau terminale sp\u00e9 maths sur la loi binomiale.<\/a><\/em><\/li>\n<li><a href=\"https:\/\/www.pedagogie.ac-nice.fr\/mathematiques\/wp-content\/uploads\/sites\/30\/2023\/06\/Allemand_Sujet-2_Bac2022_Analysis.pdf\"><em>Sujet 2 de niveau terminale sp\u00e9 maths sur&nbsp; la fonction logarithme n\u00e9p\u00e9rien.<\/em><\/a><\/li>\n<\/ul>\n<p>[\/et_pb_text][\/et_pb_column][\/et_pb_row][et_pb_row _builder_version=\u00a0\u00bb4.10.7&Prime; _module_preset=\u00a0\u00bbdefault\u00a0\u00bb global_colors_info=\u00a0\u00bb{}\u00a0\u00bb][et_pb_column type=\u00a0\u00bb4_4&Prime; _builder_version=\u00a0\u00bb4.10.7&Prime; _module_preset=\u00a0\u00bbdefault\u00a0\u00bb global_colors_info=\u00a0\u00bb{}\u00a0\u00bb][et_pb_text _builder_version=\u00a0\u00bb4.10.7&Prime; _module_preset=\u00a0\u00bbdefault\u00a0\u00bb global_colors_info=\u00a0\u00bb{}\u00a0\u00bb]<\/p>\n<p><span style=\"color: #000080;\"><strong><span style=\"font-size: 14pt;\">Documents de r\u00e9f\u00e9rences<br \/><\/span><\/strong><\/span><\/p>\n<ul>\n<li style=\"list-style-type: none;\">\n<ul style=\"list-style-type: disc;\">\n<li><a href=\"https:\/\/eduscol.education.fr\/681\/apprendre-en-langue-vivante-selo-et-dnl-hors-selo\"><strong>Apprendre en langue vivante (SELO et DNL hors SELO)<\/strong><\/a><\/li>\n<li><a href=\"https:\/\/www.education.gouv.fr\/bo\/21\/Hebdo31\/MENE2121393N.htm\"><strong>Bulletin Officiel n\u00b0 21 du 26 aout 2021&nbsp;<\/strong><\/a>a pour objet de d\u00e9finir les modalit\u00e9s d&rsquo;organisation de l&rsquo;\u00e9valuation sp\u00e9cifique de contr\u00f4le continu pour les candidats scolaris\u00e9s en section europ\u00e9enne ou section de langue orientale (Selo) et pour ceux pr\u00e9sentant une discipline non linguistique ayant fait l&rsquo;objet d&rsquo;un enseignement en langue vivante (DNL).<\/li>\n<li><strong><a href=\"https:\/\/www.pedagogie.ac-nice.fr\/mathematiques\/wp-content\/uploads\/sites\/30\/2023\/01\/doc_ress_DNL_math_v4_relu_Sd_212844.pdf\" target=\"_blank\" rel=\"noopener\"> Enseigner les maths en DNL<\/a> <\/strong>: Document de travail IGEN groupe des math\u00e9matiques et groupe des langues vivantes datant de janvier 2012.<\/li>\n<li><a href=\"https:\/\/www.pedagogie.ac-nice.fr\/mathematiques\/certification-complementaire-dnl-attentes\/\" target=\"_blank\" rel=\"noopener\"><strong>Certification compl\u00e9mentaire<\/strong> <strong>&#8211; attentes<\/strong>.&nbsp;<\/a><\/li>\n<\/ul>\n<\/li>\n<\/ul>\n<p>[\/et_pb_text][\/et_pb_column][\/et_pb_row][et_pb_row _builder_version=\u00a0\u00bb4.10.7&Prime; _module_preset=\u00a0\u00bbdefault\u00a0\u00bb global_colors_info=\u00a0\u00bb{}\u00a0\u00bb][et_pb_column type=\u00a0\u00bb4_4&Prime; _builder_version=\u00a0\u00bb4.10.7&Prime; _module_preset=\u00a0\u00bbdefault\u00a0\u00bb global_colors_info=\u00a0\u00bb{}\u00a0\u00bb][et_pb_text _builder_version=\u00a0\u00bb4.10.7&Prime; _module_preset=\u00a0\u00bbdefault\u00a0\u00bb hover_enabled=\u00a0\u00bb0&Prime; global_colors_info=\u00a0\u00bb{}\u00a0\u00bb sticky_enabled=\u00a0\u00bb0&Prime;]<\/p>\n<p><span style=\"font-size: 14pt; color: #333399;\"><strong>Ressources<\/strong><\/span><\/p>\n<ul>\n<li>Le site <strong>CultureMath<\/strong> de l\u2019ENS propose notamment des sujets de DNL du baccalaur\u00e9at 2021 en anglais, italien, arabe et chinois, ainsi qu\u2019un dossier d\u2019une formation r\u00e9alis\u00e9e en 2022 \u00ab&nbsp;Enseigner et \u00e9valuer les math\u00e9matiques en SELO&nbsp;\u00bb, comprenant deux vid\u00e9os.<br \/><a href=\"https:\/\/culturemath.ens.fr\/thematiques\/dnl\/annales-disciplines-non-linguistique\">https:\/\/culturemath.ens.fr\/thematiques\/dnl\/annales-disciplines-non-linguistique<\/a><br \/><a href=\"https:\/\/culturemath.ens.fr\/thematiques\/dnl\/enseigner-et-evaluer-les-mathematiques-en-sections-europeennes-et-de-langues\">https:\/\/culturemath.ens.fr\/thematiques\/dnl\/enseigner-et-evaluer-les-mathematiques-en-sections-europeennes-et-de-langues<\/a><\/li>\n<li>Le <strong>Centre europ\u00e9en pour les langues vivantes<\/strong> (CELV) du Conseil de l\u2019Europe propose des ressources soulignant les d\u00e9fis auxquels les \u00e9l\u00e8ves de 12-13 et 15-16 ans sont confront\u00e9s dans les mati\u00e8res scolaires o\u00f9 la langue d\u2019instruction n\u2019est pas leur premi\u00e8re langue.<br \/><img loading=\"lazy\" decoding=\"async\" class=\" wp-image-7791 alignleft\" src=\"https:\/\/www.pedagogie.ac-nice.fr\/mathematiques\/wp-content\/uploads\/sites\/30\/2023\/10\/language-descriptors-FR_couv-1-300x284.jpg\" alt=\"\" width=\"218\" height=\"206\" srcset=\"https:\/\/www.pedagogie.ac-nice.fr\/mathematiques\/wp-content\/uploads\/sites\/30\/2023\/10\/language-descriptors-FR_couv-1-300x284.jpg 300w, https:\/\/www.pedagogie.ac-nice.fr\/mathematiques\/wp-content\/uploads\/sites\/30\/2023\/10\/language-descriptors-FR_couv-1-1024x971.jpg 1024w, https:\/\/www.pedagogie.ac-nice.fr\/mathematiques\/wp-content\/uploads\/sites\/30\/2023\/10\/language-descriptors-FR_couv-1-150x142.jpg 150w, https:\/\/www.pedagogie.ac-nice.fr\/mathematiques\/wp-content\/uploads\/sites\/30\/2023\/10\/language-descriptors-FR_couv-1-768x728.jpg 768w, https:\/\/www.pedagogie.ac-nice.fr\/mathematiques\/wp-content\/uploads\/sites\/30\/2023\/10\/language-descriptors-FR_couv-1-1536x1456.jpg 1536w, https:\/\/www.pedagogie.ac-nice.fr\/mathematiques\/wp-content\/uploads\/sites\/30\/2023\/10\/language-descriptors-FR_couv-1-2048x1942.jpg 2048w, https:\/\/www.pedagogie.ac-nice.fr\/mathematiques\/wp-content\/uploads\/sites\/30\/2023\/10\/language-descriptors-FR_couv-1-1080x1024.jpg 1080w\" sizes=\"(max-width: 218px) 100vw, 218px\" \/>Un document est t\u00e9l\u00e9chargeable fournissant des descripteurs linguistiques pour la r\u00e9ussite des \u00e9l\u00e8ves dans l\u2019apprentissage des math\u00e9matiques en langue \u00e9trang\u00e8re.<br \/>On y trouve notamment des descripteurs li\u00e9s au Cadre europ\u00e9en commun de r\u00e9f\u00e9rence pour les langues (CECR) correspondant aux niveaux A2, B1 et B2 pour pr\u00e9senter des arguments ou prouver en math\u00e9matiques, ainsi que des exemples de grilles d\u2019\u00e9valuation ou d\u2019auto-\u00e9valuation des \u00e9l\u00e8ves.<br \/><a href=\"https:\/\/www.ecml.at\/ECML-Programme\/Programme2012-2015\/LanguageDescriptors\/tabid\/1800\/language\/fr-FR\/Default.aspx\" target=\"_blank\" rel=\"noopener\">https:\/\/www.ecml.at\/ECML-Programme\/Programme2012-2015\/LanguageDescriptors\/tabid\/1800\/language\/fr-FR\/Default.aspx<\/a><\/li>\n<\/ul>\n<p>[\/et_pb_text][\/et_pb_column][\/et_pb_row][\/et_pb_section]<\/p>\n","protected":false},"excerpt":{"rendered":"<p>Une certification compl\u00e9mentaire&nbsp; Afin d\u2019enseigner les math\u00e9matiques en langue \u00e9trang\u00e8re, l\u2019enseignant devra passer une certification attestant de son niveau dans la langue souhait\u00e9.Pour cela l\u2019enseignant devra constituer un dossier complet pour poser sa candidature. Puis il sera re\u00e7u en entretien avec un jury compos\u00e9 de deux membres&nbsp;: un sp\u00e9cialiste de la mati\u00e8re (de pr\u00e9f\u00e9rence un [&hellip;]<\/p>\n","protected":false},"author":202,"featured_media":0,"parent":0,"menu_order":0,"comment_status":"closed","ping_status":"closed","template":"","meta":{"_et_pb_use_builder":"on","_et_pb_old_content":"","_et_gb_content_width":"","ngg_post_thumbnail":0,"footnotes":""},"class_list":["post-6941","page","type-page","status-publish","hentry"],"rttpg_featured_image_url":null,"rttpg_author":{"display_name":"admin","author_link":"https:\/\/www.pedagogie.ac-nice.fr\/mathematiques\/author\/opilorget\/"},"rttpg_comment":0,"rttpg_category":null,"rttpg_excerpt":"Une certification compl\u00e9mentaire&nbsp; Afin d\u2019enseigner les math\u00e9matiques en langue \u00e9trang\u00e8re, l\u2019enseignant devra passer une certification attestant de son niveau dans la langue souhait\u00e9.Pour cela l\u2019enseignant devra constituer un dossier complet pour poser sa candidature. Puis il sera re\u00e7u en entretien avec un jury compos\u00e9 de deux membres&nbsp;: un sp\u00e9cialiste de la mati\u00e8re (de pr\u00e9f\u00e9rence un\u2026","post_mailing_queue_ids":[],"_links":{"self":[{"href":"https:\/\/www.pedagogie.ac-nice.fr\/mathematiques\/wp-json\/wp\/v2\/pages\/6941","targetHints":{"allow":["GET"]}}],"collection":[{"href":"https:\/\/www.pedagogie.ac-nice.fr\/mathematiques\/wp-json\/wp\/v2\/pages"}],"about":[{"href":"https:\/\/www.pedagogie.ac-nice.fr\/mathematiques\/wp-json\/wp\/v2\/types\/page"}],"author":[{"embeddable":true,"href":"https:\/\/www.pedagogie.ac-nice.fr\/mathematiques\/wp-json\/wp\/v2\/users\/202"}],"replies":[{"embeddable":true,"href":"https:\/\/www.pedagogie.ac-nice.fr\/mathematiques\/wp-json\/wp\/v2\/comments?post=6941"}],"version-history":[{"count":19,"href":"https:\/\/www.pedagogie.ac-nice.fr\/mathematiques\/wp-json\/wp\/v2\/pages\/6941\/revisions"}],"predecessor-version":[{"id":7794,"href":"https:\/\/www.pedagogie.ac-nice.fr\/mathematiques\/wp-json\/wp\/v2\/pages\/6941\/revisions\/7794"}],"wp:attachment":[{"href":"https:\/\/www.pedagogie.ac-nice.fr\/mathematiques\/wp-json\/wp\/v2\/media?parent=6941"}],"curies":[{"name":"wp","href":"https:\/\/api.w.org\/{rel}","templated":true}]}}