{"id":7779,"date":"2023-10-05T22:53:31","date_gmt":"2023-10-05T20:53:31","guid":{"rendered":"https:\/\/www.pedagogie.ac-nice.fr\/mathematiques\/?page_id=7779"},"modified":"2023-10-05T23:49:04","modified_gmt":"2023-10-05T21:49:04","slug":"certification-complementaire-dnl-attentes","status":"publish","type":"page","link":"https:\/\/www.pedagogie.ac-nice.fr\/mathematiques\/certification-complementaire-dnl-attentes\/","title":{"rendered":"Certification compl\u00e9mentaire DNL &#8211; Attentes"},"content":{"rendered":"<p>[et_pb_section fb_built=\u00a0\u00bb1&Prime; _builder_version=\u00a0\u00bb4.10.7&Prime; _module_preset=\u00a0\u00bbdefault\u00a0\u00bb global_colors_info=\u00a0\u00bb{}\u00a0\u00bb][et_pb_row _builder_version=\u00a0\u00bb4.10.7&Prime; _module_preset=\u00a0\u00bbdefault\u00a0\u00bb global_colors_info=\u00a0\u00bb{}\u00a0\u00bb][et_pb_column type=\u00a0\u00bb4_4&Prime; _builder_version=\u00a0\u00bb4.10.7&Prime; _module_preset=\u00a0\u00bbdefault\u00a0\u00bb global_colors_info=\u00a0\u00bb{}\u00a0\u00bb][et_pb_text _builder_version=\u00a0\u00bb4.10.7&Prime; _module_preset=\u00a0\u00bbdefault\u00a0\u00bb global_colors_info=\u00a0\u00bb{}\u00a0\u00bb]<\/p>\n<p><span style=\"font-size: 18pt; color: #333399;\"><strong>Le cadre de l\u2019examen pour la certification compl\u00e9mentaire DNL <\/strong><\/span><\/p>\n<p>[\/et_pb_text][et_pb_text _builder_version=\u00a0\u00bb4.10.7&Prime; _module_preset=\u00a0\u00bbdefault\u00a0\u00bb global_colors_info=\u00a0\u00bb{}\u00a0\u00bb]<\/p>\n<p>Le candidat remet au recteur d&rsquo;acad\u00e9mie, \u00e0 la date fix\u00e9e par celui-ci, un <strong>rapport <\/strong>relatif \u00e0 sa formation et \u00e0 ses activit\u00e9s professionnelles ou personnelles en lien avec le secteur disciplinaire choisi. Ce rapport, communiqu\u00e9 par le recteur d&rsquo;acad\u00e9mie au jury avant l&rsquo;audition du candidat, n&rsquo;est pas soumis \u00e0 notation.<\/p>\n<p>L&rsquo;\u00e9preuve, d&rsquo;une dur\u00e9e de trente minutes maximum, d\u00e9bute par un expos\u00e9 oral du candidat, pendant une dur\u00e9e de <strong>dix minutes<\/strong> maximum, prenant appui sur sa formation universitaire ou professionnelle. Le candidat peut \u00e9galement faire \u00e9tat de son exp\u00e9rience et de ses pratiques personnelles, dans le domaine de l&rsquo;enseignement ou dans un autre domaine, notamment \u00e0 l&rsquo;occasion de stages, d&rsquo;\u00e9changes, de travaux ou de r\u00e9alisations effectu\u00e9s \u00e0 titre professionnel ou personnel.<\/p>\n<p>Cet expos\u00e9 est suivi d&rsquo;un entretien avec le jury, d&rsquo;une dur\u00e9e de <strong>vingt minutes<\/strong> maximum, dont l&rsquo;objet est d&rsquo;appr\u00e9cier les connaissances du candidat concernant les contenus d&rsquo;enseignement, les programmes et les principes essentiels touchant \u00e0 l&rsquo;organisation du secteur disciplinaire de la certification compl\u00e9mentaire choisie, et d&rsquo;estimer ses capacit\u00e9s de conception et d&rsquo;implication dans la mise en \u0153uvre, au sein d&rsquo;une \u00e9cole ou d&rsquo;un \u00e9tablissement scolaire du second degr\u00e9.<\/p>\n<p>Quelques remarques&nbsp;:<\/p>\n<p>&#8211; les candidats ne pr\u00e9sentent pas de diaporama&nbsp;;<\/p>\n<p>&#8211; la premi\u00e8re partie (10 min) est <strong>obligatoirement<\/strong> en langue \u00e9trang\u00e8re&nbsp;;<\/p>\n<p>&#8211; la seconde partie (20 min) comporte une (petite) part en fran\u00e7ais.<\/p>\n<p><span style=\"font-size: 14pt;\"><strong><br \/>Le jury \u00e9valuera les connaissances et comp\u00e9tences suivantes&nbsp;:<\/strong><\/span><\/p>\n<p>&nbsp;<\/p>\n<table>\n<tbody>\n<tr>\n<td width=\"526\">1. CONNAISSANCE DU CADRE INSTITUTIONNEL<\/td>\n<\/tr>\n<tr>\n<td width=\"526\"><em>Sections europ\u00e9ennes et langues orientales et autres dispositifs ou contextes o\u00f9 l\u2019enseignement d\u2019une discipline autre que linguistique se fait en langue \u00e9trang\u00e8re <\/em><\/td>\n<\/tr>\n<\/tbody>\n<\/table>\n<table>\n<tbody>\n<tr>\n<td width=\"508\">2. CONNAISSANCE DU CADRE EUROPEEN<\/td>\n<\/tr>\n<tr>\n<td width=\"508\"><em>Connaissance du Cadre europ\u00e9en commun de r\u00e9f\u00e9rence pour les langues, des programmes de langues en vigueur.<\/em><\/td>\n<\/tr>\n<\/tbody>\n<\/table>\n<table>\n<tbody>\n<tr>\n<td width=\"615\">3. CONNAISSANCE DES DIFFERENCES D\u2019APPROCHE DE L\u2019ENSEIGNEMENT<\/td>\n<\/tr>\n<tr>\n<td width=\"615\"><em>Connaissance des diff\u00e9rences d\u2019approche de l\u2019enseignement de la discipline dans les pays concern\u00e9s.<\/em><\/td>\n<\/tr>\n<\/tbody>\n<\/table>\n<table>\n<tbody>\n<tr>\n<td width=\"557\">4. CONNAISSANCE DES RESSOURCES DOCUMENTAIRES<\/td>\n<\/tr>\n<tr>\n<td width=\"557\"><em>Connaissance des ressources documentaires utiles \u00e0 cet enseignement.<\/em><\/td>\n<\/tr>\n<\/tbody>\n<\/table>\n<table>\n<tbody>\n<tr>\n<td width=\"523\">5. MAITRISE DE LA LANGUE D\u2019ENSEIGNEMENT<\/td>\n<\/tr>\n<tr>\n<td width=\"523\"><em>Au niveau B2 ou C1 selon le contexte d\u2019enseignement.<\/em><\/td>\n<\/tr>\n<\/tbody>\n<\/table>\n<table>\n<tbody>\n<tr>\n<td width=\"659\">6. DIFFERENCE ENTRE ENSEIGNEMENT EN LANGUE ET ENSEIGNEMENT DE LA LANGUE<\/td>\n<\/tr>\n<tr>\n<td width=\"659\">\n<p><em>Capacit\u00e9 \u00e0 s\u2019interroger sur la diff\u00e9rence entre un enseignement en langue et l\u2019enseignement de la langue.<\/em><\/p>\n<p><em>Capacit\u00e9 \u00e0 s\u2019interroger sur la diff\u00e9rence entre l\u2019enseignement de sa discipline dans la langue de scolarisation et dans une autre langue.<\/em><\/p>\n<\/td>\n<\/tr>\n<\/tbody>\n<\/table>\n<table>\n<tbody>\n<tr>\n<td width=\"482\">7. APPROCHE PLURICULTURELLE<\/td>\n<\/tr>\n<tr>\n<td width=\"482\">\n<p><em>Capacit\u00e9 \u00e0 expliquer les diff\u00e9rences de concept, leurs connotations \u00e9ventuelles divergentes.<\/em><\/p>\n<p><em>Reconna\u00eetre la r\u00e9f\u00e9rence culturelle derri\u00e8re la notion.<\/em><\/p>\n<p><em>Avoir une approche pluriculturelle.<\/em><\/p>\n<\/td>\n<\/tr>\n<\/tbody>\n<\/table>\n<table>\n<tbody>\n<tr>\n<td width=\"576\">8. CAPACITE A CHOISIR DES THEMES ET SUPPORTS ADAPTES<\/td>\n<\/tr>\n<tr>\n<td width=\"576\"><em>Capacit\u00e9 \u00e0 choisir des th\u00e8mes et supports adapt\u00e9s. <\/em><\/td>\n<\/tr>\n<\/tbody>\n<\/table>\n<table>\n<tbody>\n<tr>\n<td width=\"543\">9. CAPACITE A CONCEVOIR UN PROJET D\u2019ECHANGE<\/td>\n<\/tr>\n<tr>\n<td width=\"543\"><em>Capacit\u00e9 \u00e0 concevoir un projet d\u2019\u00e9change (r\u00e9els et virtuels, de classe, d\u2019\u00e9l\u00e8ves, etc.) dans une perspective interculturelle et pluridisciplinaire.<\/em><\/td>\n<\/tr>\n<\/tbody>\n<\/table>\n<table>\n<tbody>\n<tr>\n<td width=\"504\">10. APTITUDE A TRAVAILLER EN EQUIPE<\/td>\n<\/tr>\n<tr>\n<td width=\"504\"><em>Aptitude \u00e0 travailler en \u00e9quipe ou en collaboration avec les enseignants de langue vivante, les assistants de langue, les autres enseignants engag\u00e9s dans un enseignement en langue.<\/em><\/td>\n<\/tr>\n<\/tbody>\n<\/table>\n<p>[\/et_pb_text][et_pb_text _builder_version=\u00a0\u00bb4.10.7&Prime; _module_preset=\u00a0\u00bbdefault\u00a0\u00bb global_colors_info=\u00a0\u00bb{}\u00a0\u00bb]<\/p>\n<p>&nbsp;<\/p>\n<p><span style=\"font-size: 18pt; color: #333399;\"><strong>Des conseils pour la certification DNL math\u00e9matiques en anglais<\/strong><\/span><\/p>\n<p>[\/et_pb_text][et_pb_text _builder_version=\u00a0\u00bb4.10.7&Prime; _module_preset=\u00a0\u00bbdefault\u00a0\u00bb hover_enabled=\u00a0\u00bb0&Prime; global_colors_info=\u00a0\u00bb{}\u00a0\u00bb sticky_enabled=\u00a0\u00bb0&Prime;]<\/p>\n<p>On constate que les candidats ajourn\u00e9s arrivent g\u00e9n\u00e9ralement sans pr\u00e9paration linguistique suffisante, mais \u00e9galement sans avoir r\u00e9fl\u00e9chi ou s&rsquo;\u00eatre suffisamment renseign\u00e9s sur ce qu&rsquo;implique l&rsquo;enseignement des math\u00e9matiques dans une langue \u00e9trang\u00e8re ou sur le cadre institutionnel dans lequel celui-ci s&rsquo;inscrit.<\/p>\n<p>Les dossiers de ces candidats, tout comme l&rsquo;expos\u00e9 initial et l&rsquo;entretien, refl\u00e8tent \u00e9galement ce manque de pr\u00e9paration. L\u2019exp\u00e9rience de certains pouvait se limiter au traitement de quelques exercices \u00ab&nbsp;DNL&nbsp;\u00bb de manuels scolaires fran\u00e7ais, sans collaboration avec des professeurs de langue vivante et sans rien conna\u00eetre des particularit\u00e9s de l\u2019enseignement des math\u00e9matiques dans les pays anglo-saxons (\u00e9tude des programmes, d\u2019activit\u00e9s ou d\u2019exercices propos\u00e9s dans les pays de langue anglaise).<\/p>\n<p>Les candidats proposant un expos\u00e9 tr\u00e8s satisfaisant ont, a contrario, constitu\u00e9 un dossier \u00e9toff\u00e9 et \u00e9clairant. Ils ont pr\u00e9sent\u00e9 une d\u00e9marche organis\u00e9e reprenant point par point les attendus de la grille d&rsquo;\u00e9valuation, et ont su envisager leur pratique dans un cadre plus large. Ces derniers int\u00e8grent d\u00e9j\u00e0 &#8211; m\u00eame modestement &#8211; l&rsquo;anglais dans leur enseignement, et n&rsquo;attendent pas la certification pour mettre en \u0153uvre des pratiques plus actionnelles ou communicationnelles. Ils ont r\u00e9fl\u00e9chi aux diff\u00e9rences d&rsquo;approche de l&rsquo;enseignement de la discipline non linguistique dans le monde anglo-saxon et en France. Ils ont effectu\u00e9 une recherche documentaire sur les ressources p\u00e9dagogiques utilis\u00e9es dans l&rsquo;enseignement des math\u00e9matiques dans le monde anglo-saxon.<\/p>\n<p>Leur r\u00e9flexion personnelle ainsi que leurs recherches leur ont permis d&rsquo;interagir de mani\u00e8re pertinente avec le jury.<br \/>Les excellents candidats avaient d\u00e9j\u00e0 une habitude solide de l&rsquo;interdisciplinarit\u00e9 et de la d\u00e9marche de projet.<\/p>\n<p><strong>Quelques erreurs notables<\/strong>&nbsp;:<\/p>\n<p>&#8211; le mot&nbsp;<em>mathematics<\/em>&nbsp;prononc\u00e9 \u00e0 la fran\u00e7aise, sans s final, sans th \/<em>matematik\/ et non&nbsp;<\/em>\/<em>\u02ccm\u00e6\u03b8\u02c8m\u00e6t.\u026aks<\/em>\/ou sa contraction&nbsp;<em>maths&nbsp;<\/em>prononc\u00e9 \/<em>mates\/&nbsp;<\/em>et non&nbsp;&nbsp;\/m\u00e6\u03b8s\/&nbsp;;<\/p>\n<p>&#8211; le&nbsp;<em>\u03b8<\/em>&nbsp;de&nbsp;<em>mathematics&nbsp;<\/em>ou de&nbsp;<em>method&nbsp;<\/em>prononc\u00e9<em>&nbsp;comme un \/t\/&nbsp;;<\/em><\/p>\n<p>&#8211; l&rsquo;omission des -S et -ES finaux des noms pluriels&nbsp;;<\/p>\n<p>&#8211; le positionnement de l&rsquo;adjectif apr\u00e8s le nom ou encore des constructions de type \u00ab <em>in the speaking English country<\/em> \u00bb&nbsp;;<\/p>\n<p>&#8211; vune confusion fr\u00e9quente entre&nbsp;<em>teach<\/em>&nbsp;et&nbsp;<em>learn&nbsp;;<\/em><\/p>\n<p>&#8211; la confusion entre pays anglophones et Angleterre&nbsp;;<\/p>\n<p>&#8211; l&rsquo;inclusion de la Grande Bretagne dans l&rsquo;union Europ\u00e9enne&nbsp;;<\/p>\n<p>&#8211; la restriction du domaine culturel \u00e0 la seule Angleterre.<\/p>\n<p>[\/et_pb_text][\/et_pb_column][\/et_pb_row][\/et_pb_section]<\/p>\n","protected":false},"excerpt":{"rendered":"<p>Le cadre de l\u2019examen pour la certification compl\u00e9mentaire DNL Le candidat remet au recteur d&rsquo;acad\u00e9mie, \u00e0 la date fix\u00e9e par celui-ci, un rapport relatif \u00e0 sa formation et \u00e0 ses activit\u00e9s professionnelles ou personnelles en lien avec le secteur disciplinaire choisi. Ce rapport, communiqu\u00e9 par le recteur d&rsquo;acad\u00e9mie au jury avant l&rsquo;audition du candidat, n&rsquo;est [&hellip;]<\/p>\n","protected":false},"author":202,"featured_media":0,"parent":0,"menu_order":0,"comment_status":"closed","ping_status":"closed","template":"","meta":{"_et_pb_use_builder":"on","_et_pb_old_content":"","_et_gb_content_width":"","ngg_post_thumbnail":0,"footnotes":""},"class_list":["post-7779","page","type-page","status-publish","hentry"],"rttpg_featured_image_url":null,"rttpg_author":{"display_name":"admin","author_link":"https:\/\/www.pedagogie.ac-nice.fr\/mathematiques\/author\/opilorget\/"},"rttpg_comment":0,"rttpg_category":null,"rttpg_excerpt":"Le cadre de l\u2019examen pour la certification compl\u00e9mentaire DNL Le candidat remet au recteur d'acad\u00e9mie, \u00e0 la date fix\u00e9e par celui-ci, un rapport relatif \u00e0 sa formation et \u00e0 ses activit\u00e9s professionnelles ou personnelles en lien avec le secteur disciplinaire choisi. Ce rapport, communiqu\u00e9 par le recteur d'acad\u00e9mie au jury avant l'audition du candidat, n'est\u2026","post_mailing_queue_ids":[],"_links":{"self":[{"href":"https:\/\/www.pedagogie.ac-nice.fr\/mathematiques\/wp-json\/wp\/v2\/pages\/7779","targetHints":{"allow":["GET"]}}],"collection":[{"href":"https:\/\/www.pedagogie.ac-nice.fr\/mathematiques\/wp-json\/wp\/v2\/pages"}],"about":[{"href":"https:\/\/www.pedagogie.ac-nice.fr\/mathematiques\/wp-json\/wp\/v2\/types\/page"}],"author":[{"embeddable":true,"href":"https:\/\/www.pedagogie.ac-nice.fr\/mathematiques\/wp-json\/wp\/v2\/users\/202"}],"replies":[{"embeddable":true,"href":"https:\/\/www.pedagogie.ac-nice.fr\/mathematiques\/wp-json\/wp\/v2\/comments?post=7779"}],"version-history":[{"count":15,"href":"https:\/\/www.pedagogie.ac-nice.fr\/mathematiques\/wp-json\/wp\/v2\/pages\/7779\/revisions"}],"predecessor-version":[{"id":7812,"href":"https:\/\/www.pedagogie.ac-nice.fr\/mathematiques\/wp-json\/wp\/v2\/pages\/7779\/revisions\/7812"}],"wp:attachment":[{"href":"https:\/\/www.pedagogie.ac-nice.fr\/mathematiques\/wp-json\/wp\/v2\/media?parent=7779"}],"curies":[{"name":"wp","href":"https:\/\/api.w.org\/{rel}","templated":true}]}}