{"id":150,"date":"2023-06-12T10:27:49","date_gmt":"2023-06-12T08:27:49","guid":{"rendered":"https:\/\/www.pedagogie.ac-nice.fr\/memoire-citoyennete-defense\/?page_id=150"},"modified":"2025-01-20T17:13:51","modified_gmt":"2025-01-20T16:13:51","slug":"temps-forts","status":"publish","type":"page","link":"https:\/\/www.pedagogie.ac-nice.fr\/memoire-citoyennete-defense\/temps-forts\/","title":{"rendered":"Temps forts"},"content":{"rendered":"<h2><img loading=\"lazy\" decoding=\"async\" class=\"aligncenter wp-image-423 size-large\" src=\"https:\/\/www.pedagogie.ac-nice.fr\/memoire-citoyennete-defense\/wp-content\/uploads\/sites\/54\/2025\/01\/toulon-1024x682.jpg\" alt=\"\" width=\"800\" height=\"533\" srcset=\"https:\/\/www.pedagogie.ac-nice.fr\/memoire-citoyennete-defense\/wp-content\/uploads\/sites\/54\/2025\/01\/toulon-1024x682.jpg 1024w, https:\/\/www.pedagogie.ac-nice.fr\/memoire-citoyennete-defense\/wp-content\/uploads\/sites\/54\/2025\/01\/toulon-300x200.jpg 300w, https:\/\/www.pedagogie.ac-nice.fr\/memoire-citoyennete-defense\/wp-content\/uploads\/sites\/54\/2025\/01\/toulon-768x512.jpg 768w, https:\/\/www.pedagogie.ac-nice.fr\/memoire-citoyennete-defense\/wp-content\/uploads\/sites\/54\/2025\/01\/toulon.jpg 1043w\" sizes=\"auto, (max-width: 800px) 100vw, 800px\" \/><\/h2>\n<h2><span style=\"font-family: 'trebuchet ms', geneva, sans-serif; color: #ff6600;\">Temps forts m\u00e9moriels nationaux et r\u00e9gionaux<\/span><\/h2>\n<p><span style=\"font-family: 'trebuchet ms', geneva, sans-serif;\">Ces temps forts m\u00e9moriaux, dont la liste n\u2019est pas exhaustive, sont l\u2019occasion de sensibiliser les \u00e9l\u00e8ves \u00e0 des th\u00e9matiques citoyennes. Des actions peuvent \u00eatre mises en \u0153uvre avec les collectivit\u00e9s territoriales, les associations m\u00e9morielles, les lieux de culture\u2026 Ils peuvent permettre d\u2019aborder l\u2019histoire locale, par des actions ponctuelles ou des projets m\u00e9moriaux plus complets.<\/span><\/p>\n<p><span style=\"font-family: 'trebuchet ms', geneva, sans-serif;\">\u0097 27 janvier : <a href=\"https:\/\/www.education.gouv.fr\/27-janvier-journee-de-la-memoire-des-genocides-et-de-la-prevention-des-crimes-contre-l-humanite-11057#:~:text=Une%20journ%C3%A9e%20europ%C3%A9enne%20pour%20se%20souvenir,-Les%20ministres%20europ%C3%A9ens&amp;text=La%20date%20a%20%C3%A9t%C3%A9%20laiss%C3%A9e,camp%20d'Auschwitz%2DBirkenau.\" target=\"_blank\" rel=\"noopener\">journ\u00e9e de la m\u00e9moire des g\u00e9nocides et de la pr\u00e9vention des crimes contre l&rsquo;humanit\u00e9<\/a><\/span><\/p>\n<p><span style=\"font-family: 'trebuchet ms', geneva, sans-serif;\">\u0097 11 mars&nbsp;: <a href=\"https:\/\/eduscol.education.fr\/3283\/journee-nationale-d-hommage-aux-victimes-du-terrorisme-11-mars#:~:text=Le%2011%20mars%20est%20la,France%20depuis%20les%20ann%C3%A9es%201970.\" target=\"_blank\" rel=\"noopener\">journ\u00e9e nationale d\u2019hommage aux victimes du terrorisme<\/a><\/span><\/p>\n<p><span style=\"font-family: 'trebuchet ms', geneva, sans-serif;\">\u0097 19 mars&nbsp;: <a href=\"https:\/\/www.cheminsdememoire.gouv.fr\/fr\/19-mars-journee-nationale\" target=\"_blank\" rel=\"noopener\">journ\u00e9e nationale du souvenir et de recueillement \u00e0 la m\u00e9moire des victimes civiles et militaires de la guerre d&rsquo;Alg\u00e9rie et des combats en Tunisie et au Maroc<\/a><\/span><\/p>\n<p><span style=\"font-family: 'trebuchet ms', geneva, sans-serif;\">\u0097 7 avril&nbsp;: <a href=\"https:\/\/eduscol.education.fr\/1377\/ressources-sur-le-genocide-au-rwanda\" target=\"_blank\" rel=\"noopener\">Comm\u00e9moration annuelle du g\u00e9nocide des Tutsis<\/a><\/span><\/p>\n<p><span style=\"font-family: 'trebuchet ms', geneva, sans-serif;\">\u0097 24 avril&nbsp;: <a href=\"https:\/\/eduscol.education.fr\/3239\/memoire-des-genocides-et-prevention-des-crimes-contre-l-humanite\" target=\"_blank\" rel=\"noopener\">Comm\u00e9moration annuelle du g\u00e9nocide arm\u00e9nien de 1915<\/a><\/span><\/p>\n<p><span style=\"font-family: 'trebuchet ms', geneva, sans-serif;\">\u0097 Dernier dimanche d\u2019avril&nbsp;: <a href=\"https:\/\/www.education.gouv.fr\/journee-du-souvenir-des-victimes-de-la-deportation-10025#:~:text=Le%20dernier%20dimanche%20d'avril,-La%20Journ%C3%A9e%20nationale&amp;text=En%202024%2C%20elle%20a%20lieu,c%C3%A9l%C3%A9bration%20nationale%20ou%20religieuse%20existante.\" target=\"_blank\" rel=\"noopener\">journ\u00e9e nationale du souvenir des victimes et des h\u00e9ros de la D\u00e9portation<\/a><\/span><\/p>\n<p><span style=\"font-family: 'trebuchet ms', geneva, sans-serif;\">\u0097 8 mai&nbsp;: <a href=\"https:\/\/eduscol.education.fr\/1387\/80e-anniversaire-des-debarquements-de-la-liberation-de-la-france-et-de-la-victoire\" target=\"_blank\" rel=\"noopener\">comm\u00e9moration de la victoire du 8 mai 1945<\/a><\/span><\/p>\n<p><span style=\"font-family: 'trebuchet ms', geneva, sans-serif;\"><a href=\"https:\/\/www.clg-pierre-puget.ac-nice.fr\/2024\/06\/05\/ceremonie-de-commemorations-du-8-mai-1945\/\" target=\"_blank\" rel=\"noopener\">Focus sur le coll\u00e8ge Pierre Puget (Toulon)<\/a><\/span><\/p>\n<p><span style=\"font-family: 'trebuchet ms', geneva, sans-serif;\">\u0097 23 mai : <a href=\"https:\/\/www.ac-nice.fr\/journee-nationale-des-memoires-de-la-traite-de-l-esclavage-et-de-leurs-abolitions-122033\" target=\"_blank\" rel=\"noopener\">journ\u00e9e nationale \u00e0 la m\u00e9moire des victimes de l&rsquo;esclavage<\/a><\/span><\/p>\n<p><span style=\"font-family: 'trebuchet ms', geneva, sans-serif;\">&#8211; Les lyc\u00e9ens de Bonaparte (Toulon) et des volontaires du SNU accueillis \u00e0 la Pr\u00e9fecture par le Pr\u00e9fet Philippe Mah\u00e9 pour leur pr\u00e9senter l\u2019exposition <a href=\"https:\/\/www.var.gouv.fr\/Actions-de-l-Etat\/Culture-patrimoine-et-memoire\/Memoire\/Memoire-de-l-esclavage-a-la-prefecture\" target=\"_blank\" rel=\"noopener\"><em>\u00ab #CESTNOTREHISTOIRE &#8211; Esclavage et abolitions : une Histoire de France \u00bb<\/em><\/a> de la Fondation pour la M\u00e9moire de l\u2019Esclavage.<\/span><\/p>\n<p><span style=\"font-family: 'trebuchet ms', geneva, sans-serif;\">&#8211; Les Premi\u00e8res du Lyc\u00e9e Raynouard (Brignoles) prim\u00e9s en 2023 au <a href=\"https:\/\/www.youtube.com\/watch?v=n6pRhaEP5_g\" target=\"_blank\" rel=\"noopener\">Concours La Flamme de l\u2019\u00c9galit\u00e9&nbsp;<\/a>: ils ont r\u00e9alis\u00e9 une carte interactive de l&rsquo;habitation Cassagniard. A partir du document d\u00e9couvert aux Archives nationales d&rsquo;Outremer, la classe a donn\u00e9 vie au plan de l&rsquo;habitation en proposant divers document originaux <em>(chants, dialogues, recettes, sch\u00e9mas explicatifs, donn\u00e9es de production, lettres, etc.)<\/em> afin d&rsquo;appr\u00e9hender les diff\u00e9rents espaces de vie et de travail d&rsquo;une plantation sucri\u00e8re.<\/span><\/p>\n<p><span style=\"font-family: 'trebuchet ms', geneva, sans-serif;\">\u0097 27 mai&nbsp;: <a href=\"https:\/\/eduscol.education.fr\/3233\/journee-nationale-de-la-resistance-27-mai\" target=\"_blank\" rel=\"noopener\">journ\u00e9e nationale de la R\u00e9sistance<\/a><\/span><\/p>\n<p><span style=\"font-family: 'trebuchet ms', geneva, sans-serif;\">\u0097 8 juin&nbsp;: <a href=\"https:\/\/www.cheminsdememoire.gouv.fr\/fr\/hommage-aux-morts-pour-la-france-en-indochine\" target=\"_blank\" rel=\"noopener\">journ\u00e9e nationale d&rsquo;hommage aux \u00ab\u00a0morts pour la France\u00a0\u00bb en Indochine<\/a><\/span><\/p>\n<p><span style=\"font-family: 'trebuchet ms', geneva, sans-serif;\">\u0097 17 juin&nbsp;: <a href=\"https:\/\/www.defense.gouv.fr\/sga\/actualites\/17-juin-hommage-jean-moulin-heros-resistance#:~:text=La%20c%C3%A9r%C3%A9monie%20d'hommage%20aura,archives%20(SGA%2FDMCA).\" target=\"_blank\" rel=\"noopener\">c\u00e9r\u00e9monie en hommage \u00e0 Jean Moulin au Panth\u00e9on, jour anniversaire de l&rsquo;acte consid\u00e9r\u00e9 comme son premier acte de r\u00e9sistance<\/a><\/span><\/p>\n<p><span style=\"font-family: 'trebuchet ms', geneva, sans-serif;\">\u0097 18 juin&nbsp;: <a href=\"https:\/\/www.cheminsdememoire.gouv.fr\/fr\/18-juin-1940-commemoration-de-lappel-du-general-de-gaulle\" target=\"_blank\" rel=\"noopener\">journ\u00e9e nationale comm\u00e9morative de l&rsquo;appel du g\u00e9n\u00e9ral de Gaulle, le 18 juin 1940, \u00e0 refuser la d\u00e9faite et \u00e0 poursuivre le combat contre l&rsquo;ennemi<\/a><\/span><\/p>\n<p><span style=\"font-family: 'trebuchet ms', geneva, sans-serif;\"><a href=\"https:\/\/www.clg-villeneuve.ac-nice.fr\/2024\/06\/23\/2023-2024-participation-dune-delegation-deleves-de-la-3e-defense-a-la-ceremonie-de-lappel-du-18-juin\/\" target=\"_blank\" rel=\"noopener\">Focus sur le coll\u00e8ge Villeneuve \u00e0 Fr\u00e9jus<\/a><\/span><\/p>\n<p><span style=\"font-family: 'trebuchet ms', geneva, sans-serif;\">\u0097 16 juillet (si c\u2019est un dimanche, sinon le dimanche qui suit)&nbsp;: <a href=\"https:\/\/www.cheminsdememoire.gouv.fr\/fr\/ceremonie-de-la-rafle-du-vel-dhiv\" target=\"_blank\" rel=\"noopener\">journ\u00e9e nationale \u00e0 la m\u00e9moire des victimes des crimes racistes et antis\u00e9mites de l&rsquo;\u00c9tat fran\u00e7ais et d&rsquo;hommage aux \u00ab\u00a0Justes\u00a0\u00bb de France<\/a><\/span><\/p>\n<p><span style=\"font-family: 'trebuchet ms', geneva, sans-serif;\">\u0097 18 juillet&nbsp;: comm\u00e9moration du Charnier de Signes.<\/span><\/p>\n<p><span style=\"font-family: 'trebuchet ms', geneva, sans-serif;\">Les 18 juillet et 12 ao\u00fbt 1944, 38 r\u00e9sistants, dont de nombreux responsables de la R\u00e9sistance r\u00e9gionale, ont \u00e9t\u00e9 fusill\u00e9s dans un vallon isol\u00e9 de Signes. C\u2019est devenu le lieu d\u2019une <a href=\"https:\/\/www.bouches-du-rhone.gouv.fr\/contenu\/telechargement\/56190\/402994\/file\/Brochure%20Signes%202017%20@.pdf\" target=\"_blank\" rel=\"noopener\">N\u00e9cropole nationale<\/a>, avec un hommage tous les 18 juillet.<\/span><\/p>\n<p><span style=\"font-family: 'trebuchet ms', geneva, sans-serif;\">L\u2019ONACVG avec ses partenaires dont le MUREL-PACA y organise chaque ann\u00e9e une comm\u00e9moration \u00e0 destination des coll\u00e9giens et lyc\u00e9ens du Var, des Bouches-du-Rh\u00f4ne et des Alpes de Haute Provence, lors de la <a href=\"https:\/\/www.onac-vg.fr\/actualites\/signes-hommage-de-la-jeunesse-la-resistance\" target=\"_blank\" rel=\"noopener\">journ\u00e9e d\u2019hommage de la Jeunesse \u00e0 la R\u00e9sistance.<\/a><\/span><\/p>\n<p><span style=\"font-family: 'trebuchet ms', geneva, sans-serif;\">\u0097 15 ao\u00fbt&nbsp;: <a href=\"https:\/\/www.ac-nice.fr\/DDAY80\" target=\"_blank\" rel=\"noopener\">anniversaire du d\u00e9barquement de Provence<\/a><\/span><\/p>\n<p><span style=\"font-family: 'trebuchet ms', geneva, sans-serif;\">\u0097 25 septembre&nbsp;: <a href=\"https:\/\/www.defense.gouv.fr\/sga\/actualites\/25-septembre-journee-nationale-dhommage-aux-harkis-aux-moghaznis-aux-personnels-diverses-2\" target=\"_blank\" rel=\"noopener\">journ\u00e9e nationale d&rsquo;hommage aux harkis et autres membres des formations suppl\u00e9tives<\/a><\/span><\/p>\n<p><span style=\"font-family: 'trebuchet ms', geneva, sans-serif;\">\u0097 11 novembre&nbsp;: <a href=\"https:\/\/www.ac-nice.fr\/commemoration-de-l-armistice-de-la-premiere-guerre-mondiale-122266\" target=\"_blank\" rel=\"noopener\">comm\u00e9moration de l&rsquo;Armistice du 11 novembre 1918 et l&rsquo;hommage rendu \u00e0 tous les morts pour la France.<\/a><\/span><\/p>\n<p><span style=\"font-family: 'trebuchet ms', geneva, sans-serif;\">\u0097 5 d\u00e9cembre&nbsp;: <a href=\"https:\/\/eduscol.education.fr\/3140\/algerie-1962-france-2022-enseigner-la-fin-de-la-guerre-et-ses-enjeux-memoriels\" target=\"_blank\" rel=\"noopener\">journ\u00e9e nationale d&rsquo;hommage aux morts de la guerre d&rsquo;Alg\u00e9rie et des combats du Maroc et de la Tunisie<\/a><\/span><\/p>\n<p>&nbsp;<\/p>\n","protected":false},"excerpt":{"rendered":"<p>Temps forts m\u00e9moriels nationaux et r\u00e9gionaux Ces temps forts m\u00e9moriaux, dont la liste n\u2019est pas exhaustive, sont l\u2019occasion de sensibiliser<\/p>\n","protected":false},"author":230,"featured_media":0,"parent":0,"menu_order":0,"comment_status":"closed","ping_status":"closed","template":"","meta":{"colormag_page_container_layout":"default_layout","colormag_page_sidebar_layout":"default_layout","ngg_post_thumbnail":0,"footnotes":""},"class_list":["post-150","page","type-page","status-publish","hentry"],"rttpg_featured_image_url":null,"rttpg_author":{"display_name":"Admin","author_link":"https:\/\/www.pedagogie.ac-nice.fr\/memoire-citoyennete-defense\/author\/pbriand\/"},"rttpg_comment":0,"rttpg_category":null,"rttpg_excerpt":"Temps forts m\u00e9moriels nationaux et r\u00e9gionaux Ces temps forts m\u00e9moriaux, dont la liste n\u2019est pas exhaustive, sont l\u2019occasion de sensibiliser","post_mailing_queue_ids":[],"_links":{"self":[{"href":"https:\/\/www.pedagogie.ac-nice.fr\/memoire-citoyennete-defense\/wp-json\/wp\/v2\/pages\/150","targetHints":{"allow":["GET"]}}],"collection":[{"href":"https:\/\/www.pedagogie.ac-nice.fr\/memoire-citoyennete-defense\/wp-json\/wp\/v2\/pages"}],"about":[{"href":"https:\/\/www.pedagogie.ac-nice.fr\/memoire-citoyennete-defense\/wp-json\/wp\/v2\/types\/page"}],"author":[{"embeddable":true,"href":"https:\/\/www.pedagogie.ac-nice.fr\/memoire-citoyennete-defense\/wp-json\/wp\/v2\/users\/230"}],"replies":[{"embeddable":true,"href":"https:\/\/www.pedagogie.ac-nice.fr\/memoire-citoyennete-defense\/wp-json\/wp\/v2\/comments?post=150"}],"version-history":[{"count":6,"href":"https:\/\/www.pedagogie.ac-nice.fr\/memoire-citoyennete-defense\/wp-json\/wp\/v2\/pages\/150\/revisions"}],"predecessor-version":[{"id":425,"href":"https:\/\/www.pedagogie.ac-nice.fr\/memoire-citoyennete-defense\/wp-json\/wp\/v2\/pages\/150\/revisions\/425"}],"wp:attachment":[{"href":"https:\/\/www.pedagogie.ac-nice.fr\/memoire-citoyennete-defense\/wp-json\/wp\/v2\/media?parent=150"}],"curies":[{"name":"wp","href":"https:\/\/api.w.org\/{rel}","templated":true}]}}