{"id":339,"date":"2024-10-03T15:46:11","date_gmt":"2024-10-03T13:46:11","guid":{"rendered":"https:\/\/www.pedagogie.ac-nice.fr\/memoire-citoyennete-defense\/?page_id=339"},"modified":"2025-06-04T14:49:39","modified_gmt":"2025-06-04T12:49:39","slug":"actualites","status":"publish","type":"page","link":"https:\/\/www.pedagogie.ac-nice.fr\/memoire-citoyennete-defense\/actualites\/","title":{"rendered":"Actualit\u00e9s"},"content":{"rendered":"<p><span style=\"color: #ff6600;\"><strong>8 mai 2025 : 80\u00e8me anniversaire de la Victoire<\/strong><\/span><\/p>\n<p>Les \u00e9l\u00e8ves du coll\u00e8ge de la Fontonne d&rsquo; ANTIBES, accompagn\u00e9s de leurs professeurs M. EL JAZOULI (Histoire- G\u00e9ographie) et Mme FORESTIER (\u00c9ducation Musicale) ont entonn\u00e9 \u00ab Le Chant des Africains \u00bb en m\u00e9moire aux soldats venus d\u2019Afrique. Puis accompagn\u00e9s de leurs correspondants allemands venus de la ville jumelle Schw\u00e4bisch Gm\u00fcnd et v\u00eatus des \u00e9toiles du drapeau europ\u00e9en, ont chant\u00e9 un vibrant \u00ab Hymne \u00e0 la Joie \u00bb afin de c\u00e9l\u00e9brer l\u2019Europe et l\u2019amiti\u00e9 franco-allemande avant de terminer par les 3 couplets de notre hymne nationale. La c\u00e9r\u00e9monie s&rsquo;est termin\u00e9e par les d\u00e9p\u00f4ts de gerbe assur\u00e9es cette ann\u00e9e par les \u00e9l\u00e8ves allemands.<\/p>\n<p style=\"text-align: center;\"><iframe loading=\"lazy\" style=\"padding: 0; margin: 0; border: 0;\" title=\"fontonne8mai.mp4\" src=\"https:\/\/podeduc.apps.education.fr\/video\/92478-fontonne8maimp4\/78a1af3be76ab6360a2397f7b0ec715399f9d1bf3c5c406355fda429e14f95f8\/?is_iframe=true\" width=\"640\" height=\"360\" allowfullscreen=\"allowfullscreen\"><\/iframe><br \/>\n<img loading=\"lazy\" decoding=\"async\" class=\"aligncenter size-full wp-image-488\" src=\"https:\/\/www.pedagogie.ac-nice.fr\/memoire-citoyennete-defense\/wp-content\/uploads\/sites\/54\/2025\/06\/20250508.jpeg\" alt=\"\" width=\"1123\" height=\"844\" srcset=\"https:\/\/www.pedagogie.ac-nice.fr\/memoire-citoyennete-defense\/wp-content\/uploads\/sites\/54\/2025\/06\/20250508.jpeg 1123w, https:\/\/www.pedagogie.ac-nice.fr\/memoire-citoyennete-defense\/wp-content\/uploads\/sites\/54\/2025\/06\/20250508-300x225.jpeg 300w, https:\/\/www.pedagogie.ac-nice.fr\/memoire-citoyennete-defense\/wp-content\/uploads\/sites\/54\/2025\/06\/20250508-1024x770.jpeg 1024w, https:\/\/www.pedagogie.ac-nice.fr\/memoire-citoyennete-defense\/wp-content\/uploads\/sites\/54\/2025\/06\/20250508-768x577.jpeg 768w\" sizes=\"auto, (max-width: 1123px) 100vw, 1123px\" \/>&nbsp;<\/p>\n<hr>\n<p><strong><span style=\"color: #ff6600;\">Journ\u00e9e nationale d&rsquo;hommage aux victimes du terrorisme &#8211; 11 mars<\/span><\/strong><\/p>\n<p><strong><span style=\"color: #ff6600;\"><img loading=\"lazy\" decoding=\"async\" class=\"alignright size-thumbnail wp-image-472\" src=\"https:\/\/www.pedagogie.ac-nice.fr\/memoire-citoyennete-defense\/wp-content\/uploads\/sites\/54\/2025\/04\/11mars-150x150.jpg\" alt=\"\" width=\"150\" height=\"150\"><\/span><\/strong><\/p>\n<p>A l&rsquo;occasion de la journ\u00e9e nationale en hommage aux victimes du terrorisme, la <span style=\"color: #ff6600;\">classe de 3\u00e8me D du coll\u00e8ge de La Fontonne<\/span> a assist\u00e9 avec Laetitia LAURENT et Oc\u00e9ane (stagiaire M2 Histoire g\u00e9ographie) \u00e0 la c\u00e9r\u00e9monie organis\u00e9 par la ville d&rsquo;Antibes aux c\u00f4t\u00e9s des portes drapeaux et de l&rsquo;adjoint du D.M.D (D\u00e9l\u00e9gu\u00e9 Militaire D\u00e9partemental).<\/p>\n<p>L&rsquo;un des temps forts de la matin\u00e9e f\u00fbt la lecture par <span style=\"color: #ff6600;\">Aziz ABIDI, \u00e9l\u00e8ve de terminale au lyc\u00e9e AUDIBERTI,<\/span> de la lettre d&rsquo;Antoine LEIRIS \u00ab\u00a0Vous n&rsquo;aurez pas ma haine\u00a0\u00bb publi\u00e9e apr\u00e8s la mort de sa femme le 13 novembre 2015 au Bataclan.<\/p>\n<hr>\n<p><strong><span style=\"color: #ff6600;\"><img loading=\"lazy\" decoding=\"async\" class=\"alignleft size-thumbnail wp-image-474\" src=\"https:\/\/www.pedagogie.ac-nice.fr\/memoire-citoyennete-defense\/wp-content\/uploads\/sites\/54\/2025\/04\/27janv-150x150.jpg\" alt=\"\" width=\"150\" height=\"150\">Journ\u00e9e de la m\u00e9moire des g\u00e9nocides et de la pr\u00e9vention des crimes contre l\u2019humanit\u00e9 &#8211; 27 janvier<\/span><\/strong><\/p>\n<p>La <span style=\"color: #ff6600;\">classe de 3\u00e8me C du coll\u00e8ge de La Fontonne<\/span> a particip\u00e9 ce lundi \u00e0 la journ\u00e9e internationale d\u00e9di\u00e9e \u00e0 la m\u00e9moire des victimes de l\u2019Holocauste et \u00e0 la pr\u00e9vention des crimes contre l\u2019Humanit\u00e9 organis\u00e9e par la ville d\u2019Antibes. Ce fut l\u2019occasion pour une des \u00e9l\u00e8ves, <span style=\"color: #ff6600;\">Fatma SAADA,<\/span> de lire un extrait du livre \u00ab UNE VIE \u00bb de Simone Veil.<\/p>\n<p>T\u00e9moignage de Simone Veil sur la d\u00e9portation : Extrait de son autobiographie, Une vie, publi\u00e9e en 2007.<\/p>\n<p><em>\u00ab\u00a0Le 13 avril (1944), nous avons \u00e9t\u00e9 embarqu\u00e9es \u00e0 5 heures du matin pour une nouvelle \u00e9tape dans cette descente aux enfers qui semblait sans fin. Des autobus nous ont conduits \u00e0 la gare de Bobigny, o\u00f9 l\u2019on nous a fait monter dans des wagons \u00e0 bestiaux formant un convoi aussit\u00f4t parti vers l\u2019est. Comme il ne faisait ni trop froid ni trop chaud, le cauchemar n\u2019a pas tourn\u00e9 au drame, et dans le wagon o\u00f9 nous nous trouvions toutes les trois, personne n\u2019est mort au cours du voyage. Nous \u00e9tions cependant effroyablement serr\u00e9s, une soixantaine d\u2019hommes, de femmes, d\u2019enfants, de personnes \u00e2g\u00e9es, mais pas de malades. Tout le monde se poussait pour gagner un peu de place. Il fallait se relayer pour s\u2019asseoir ou s\u2019allonger un peu. Il n\u2019y avait pas de soldats au-dessus des wagons. La surveillance du convoi \u00e9tait seulement assur\u00e9e par des SS dans chaque gare o\u00f9 il s\u2019arr\u00eatait. Ils longeaient alors les wagons pour pr\u00e9venir que, si quelqu\u2019un tentait de s\u2019\u00e9vader, tous les occupants du wagon seraient fusill\u00e9s. Notre soumission donne la mesure de notre ignorance. Si nous avions pu imaginer ce qui nous attendait, nous aurions suppli\u00e9 les jeunes de prendre tous les risques pour sauter du train. Tout \u00e9tait pr\u00e9f\u00e9rable \u00e0 ce que nous allions subi. Le voyage a dur\u00e9 deux jours et demi ; du 13 avril \u00e0 l\u2019aube au 15 au soir \u00e0 Auschwitz-Birkenau. C\u2019est une des dates que je n\u2019oublierai jamais, avec celle du 18 janvier 1945, jour o\u00f9 nous avons quitt\u00e9 Auschwitz, et celle du retour en France, le 23 mai 1945. Elles constituent les points de rep\u00e8re de ma vie. Je peux oublier beaucoup de choses, mais pas ces dates. Elles demeurent attach\u00e9es \u00e0 mon \u00eatre le plus profond, comme le tatouage du num\u00e9ro 78651 sur la peau de mon bras gauche. A tout jamais, elles sont les traces ind\u00e9l\u00e9biles de ce que j\u2019ai v\u00e9cu\u00a0\u00bb.<\/em><\/p>\n<hr>\n<p><a href=\"https:\/\/eduscol.education.fr\/2395\/hommage-aux-professeurs-samuel-paty-et-dominique-bernard\" target=\"_blank\" rel=\"noopener\"><img loading=\"lazy\" decoding=\"async\" class=\"aligncenter wp-image-381 size-full\" src=\"https:\/\/www.pedagogie.ac-nice.fr\/memoire-citoyennete-defense\/wp-content\/uploads\/sites\/54\/2024\/10\/patybernard2024.jpg\" alt=\"\" width=\"563\" height=\"596\" srcset=\"https:\/\/www.pedagogie.ac-nice.fr\/memoire-citoyennete-defense\/wp-content\/uploads\/sites\/54\/2024\/10\/patybernard2024.jpg 563w, https:\/\/www.pedagogie.ac-nice.fr\/memoire-citoyennete-defense\/wp-content\/uploads\/sites\/54\/2024\/10\/patybernard2024-283x300.jpg 283w\" sizes=\"auto, (max-width: 563px) 100vw, 563px\" \/><\/a><\/p>\n<hr>\n<p><a href=\"https:\/\/www.pedagogie.ac-nice.fr\/memoire-citoyennete-defense\/actualites\/80e-anniversaire-de-la-liberation-de-nice\/\"><img loading=\"lazy\" decoding=\"async\" class=\"aligncenter wp-image-390 size-full\" src=\"https:\/\/www.pedagogie.ac-nice.fr\/memoire-citoyennete-defense\/wp-content\/uploads\/sites\/54\/2024\/10\/80eNICE.jpg\" alt=\"\" width=\"300\" height=\"429\" srcset=\"https:\/\/www.pedagogie.ac-nice.fr\/memoire-citoyennete-defense\/wp-content\/uploads\/sites\/54\/2024\/10\/80eNICE.jpg 300w, https:\/\/www.pedagogie.ac-nice.fr\/memoire-citoyennete-defense\/wp-content\/uploads\/sites\/54\/2024\/10\/80eNICE-210x300.jpg 210w\" sizes=\"auto, (max-width: 300px) 100vw, 300px\" \/><\/a><\/p>\n<hr>\n<p><a href=\"https:\/\/www.pedagogie.ac-nice.fr\/histgeo\/index.php\/memoires\/shoah-et-memoire-des-genocides\" target=\"_blank\" rel=\"noopener\"><img loading=\"lazy\" decoding=\"async\" class=\"aligncenter wp-image-375 size-full\" src=\"https:\/\/www.pedagogie.ac-nice.fr\/memoire-citoyennete-defense\/wp-content\/uploads\/sites\/54\/2024\/10\/AAP2025.jpg\" alt=\"\" width=\"507\" height=\"188\" srcset=\"https:\/\/www.pedagogie.ac-nice.fr\/memoire-citoyennete-defense\/wp-content\/uploads\/sites\/54\/2024\/10\/AAP2025.jpg 507w, https:\/\/www.pedagogie.ac-nice.fr\/memoire-citoyennete-defense\/wp-content\/uploads\/sites\/54\/2024\/10\/AAP2025-300x111.jpg 300w\" sizes=\"auto, (max-width: 507px) 100vw, 507px\" \/><\/a><\/p>\n<hr>\n<h3><strong><span style=\"color: #ff6600;\">Comm\u00e9moration du 80\u00e8me anniversaire des rafles de l\u2019\u00e9t\u00e9 1942<br \/>\n<\/span><\/strong><em>un projet \u00e0 l&rsquo;\u00e9chelle de la r\u00e9gion acad\u00e9mique<\/em><\/h3>\n<p>&nbsp;<\/p>\n<p>Ce<span style=\"color: #ff6600;\"> mardi 13 d\u00e9cembre<\/span> a eu lieu au <span style=\"color: #ff6600;\">Camp des Milles<\/span> la comm\u00e9moration du 80<sup>\u00e8me<\/sup> anniversaire des rafles de l\u2019\u00e9t\u00e9 1942.<\/p>\n<p>A cette occasion, un partenariat entre la r\u00e9gion acad\u00e9mique, l\u2019ONAC-VG, la r\u00e9gion Sud, le Camp des Milles a sollicit\u00e9 les \u00e9l\u00e8ves des acad\u00e9mies d\u2019Aix-Marseille et de Nice. Chaque classe a cherch\u00e9 \u00e0 rendre compte de ce que furent les rafles de 1942 dans notre r\u00e9gion, et de la \u00ab r\u00e9activit\u00e9 sociale \u00bb (S\u00e9melin) qu\u2019elle y provoqua. <a href=\"https:\/\/www.pedagogie.ac-nice.fr\/cnrd\/wp-content\/uploads\/sites\/34\/2023\/01\/ressources_-_rafles_ete_1942.pdf\" target=\"_blank\" rel=\"noopener\">[RESSOURCES DOCUMENTAIRES]<\/a><\/p>\n<p>Les \u00e9l\u00e8ves ont opt\u00e9 pour des formes d\u2019expression vari\u00e9es&nbsp;:<\/p>\n<ul>\n<li style=\"list-style-type: none;\">\n<ul>\n<li>Le <a href=\"https:\/\/www.pedagogie.ac-nice.fr\/cnrd\/wp-content\/uploads\/sites\/34\/2023\/01\/rafleforcalquier35.mp3\" target=\"_blank\" rel=\"noopener\">podcast<\/a> pour le <strong>coll\u00e8ge Paul Ar\u00e8ne de Sisteron<\/strong><\/li>\n<li>Le <a href=\"https:\/\/memoireetavenirclggiraudes.blogspot.com\/\" target=\"_blank\" rel=\"noopener\">blog pour la classe m\u00e9moire<\/a> du <strong>coll\u00e8ge les Giraudes de l\u2019Argenti\u00e8re la Bess\u00e9e<\/strong><\/li>\n<li>La carte narrative pour le lyc\u00e9e professionnel Colbert de Marseille<\/li>\n<li><a href=\"https:\/\/www.pedagogie.ac-nice.fr\/cnrd\/wp-content\/uploads\/sites\/34\/2023\/01\/lycee_curie_menton_-_les_rafles_dans_les_alpes_maritimes.pdf\" target=\"_blank\" rel=\"noopener\">L\u2019expos\u00e9 oral appuy\u00e9 sur un diaporama<\/a> insistant particuli\u00e8rement sur les parcours locaux pour les Terminales du <strong>lyc\u00e9e PM. Curie de Menton<\/strong><\/li>\n<li>et <a href=\"https:\/\/www.pedagogie.ac-nice.fr\/cnrd\/wp-content\/uploads\/sites\/34\/2023\/01\/projet_lycee_dumont_durville_toulon.pdf\" target=\"_blank\" rel=\"noopener\">celui du<\/a> <strong>lyc\u00e9e Dumont d\u2019Urville de Toulon,<\/strong><\/li>\n<li><a href=\"https:\/\/www.pedagogie.ac-nice.fr\/cnrd\/wp-content\/uploads\/sites\/34\/2023\/01\/lycee_lucie_aubrac_-_justes_de_bollene.pdf\" target=\"_blank\" rel=\"noopener\">ainsi que celui des<\/a> premi\u00e8res du <strong>lyc\u00e9e Lucie Aubrac de Boll\u00e8ne.<\/strong><\/li>\n<\/ul>\n<\/li>\n<\/ul>\n<p>A l&rsquo;issue de la restitution des travaux, les \u00e9l\u00e8ves se sont retrouv\u00e9s pour un moment de recueillement \u00e9mouvant devant le wagon-souvenir du camp.<\/p>\n<p><img loading=\"lazy\" decoding=\"async\" class=\"aligncenter size-full wp-image-1001\" src=\"https:\/\/www.pedagogie.ac-nice.fr\/cnrd\/wp-content\/uploads\/sites\/34\/2023\/01\/milles1.jpg\" alt=\"\" width=\"800\" height=\"391\"><\/p>\n<p>L\u2019ann\u00e9e 1942 est une ann\u00e9e d\u00e9cisive. Une ann\u00e9e noire de la collaboration d\u2019\u00c9tat, de la massification des d\u00e9portations qui touchent jusqu\u2019aux enfants, une ann\u00e9e \u00e0 partir de laquelle, en France, \u00ab tout est clair d\u00e9sormais \u00bb (Henry Frenay, <em>Combat<\/em>, printemps 1942).&nbsp; Les productions des \u00e9l\u00e8ves assument cette histoire des ann\u00e9es sombres, d\u00e9cryptent les ressorts de la r\u00e9sistance sociale, et construisent en cela leur citoyennet\u00e9.<\/p>\n<p>La richesse des projets, la qualit\u00e9 de la r\u00e9flexion m\u00e9morielle et l\u2019investissement des \u00e9l\u00e8ves n\u2019auraient pas \u00e9t\u00e9 possibles sans l\u2019engagement de leurs professeurs. Nous les en remercions sinc\u00e8rement. Un grand merci \u00e0 tous les personnels des services d\u2019archives d\u00e9partementales qui ont permis d\u2019ancrer dans l\u2019histoire locale la r\u00e9flexion des \u00e9l\u00e8ves et de mettre en lumi\u00e8re des parcours oubli\u00e9s de victimes et de justes.<\/p>\n<p style=\"text-align: right;\">C\u00e9line Borel et Jean-Marc Noaille,<br \/>\n<em>IA-IPR d\u2019histoire g\u00e9ographie, RAMC acad\u00e9mie d\u2019Aix-Marseille et de Nice<\/em><\/p>\n<p style=\"text-align: left;\"><img loading=\"lazy\" decoding=\"async\" class=\"aligncenter wp-image-999 size-full\" src=\"https:\/\/www.pedagogie.ac-nice.fr\/cnrd\/wp-content\/uploads\/sites\/34\/2023\/01\/milles2.jpg\" alt=\"\" width=\"800\" height=\"344\"><\/p>\n<p style=\"text-align: left;\"><img loading=\"lazy\" decoding=\"async\" class=\"aligncenter wp-image-1000 size-full\" src=\"https:\/\/www.pedagogie.ac-nice.fr\/cnrd\/wp-content\/uploads\/sites\/34\/2023\/01\/milles3.jpg\" alt=\"\" width=\"800\" height=\"358\"><\/p>\n<hr>\n<h3><strong><span style=\"color: #ff6600;\">Dans les \u00e9tablissements&#8230;<\/span><\/strong><\/h3>\n<table style=\"width: 100%; border-collapse: collapse;\">\n<tbody>\n<tr>\n<td style=\"width: 50%; text-align: center;\">\n<p style=\"text-align: left;\">[HOMMAGE] <span style=\"color: #ff6600;\">Au coll\u00e8ge La Fontonne \u00e0 Antibes,<\/span> un vibrant hommage vient d\u2019\u00eatre rendu \u00e0 Samuel Paty, le professeur d\u2019histoire-g\u00e9ographie victime de la barbarie terroriste le 16 octobre 2020.<\/p>\n<p style=\"text-align: left;\">Le hall principal porte d\u00e9sormais son nom.<\/p>\n<p><a href=\"https:\/\/www.pedagogie.ac-nice.fr\/cnrd\/samuel-paty\/\"><img loading=\"lazy\" decoding=\"async\" class=\"alignright wp-image-435 size-full\" src=\"https:\/\/www.pedagogie.ac-nice.fr\/cnrd\/wp-content\/uploads\/sites\/34\/2020\/07\/lire_la_suite.png\" alt=\"\" width=\"169\" height=\"82\"><\/a><\/td>\n<td style=\"width: 50%;\">\n<p style=\"text-align: center;\"><a href=\"https:\/\/www.pedagogie.ac-nice.fr\/cnrd\/samuel-paty\/\"><img loading=\"lazy\" decoding=\"async\" class=\"aligncenter wp-image-895\" src=\"https:\/\/www.pedagogie.ac-nice.fr\/cnrd\/wp-content\/uploads\/sites\/34\/2020\/07\/fontonne.jpg\" alt=\"\" width=\"333\" height=\"226\"><\/a><\/p>\n<p>&nbsp;<\/td>\n<\/tr>\n<tr>\n<td style=\"width: 50%; text-align: center;\">\n<div class=\"mceTemp\">&nbsp;<\/div>\n<p><figure id=\"attachment_423\" aria-describedby=\"caption-attachment-423\" style=\"width: 300px\" class=\"wp-caption aligncenter\"><a href=\"https:\/\/www.pedagogie.ac-nice.fr\/cnrd\/voyage-de-la-memoire\/\"><img loading=\"lazy\" decoding=\"async\" class=\"wp-image-423 size-medium\" src=\"https:\/\/www.pedagogie.ac-nice.fr\/cnrd\/wp-content\/uploads\/sites\/34\/2020\/07\/cdargent-300x215.jpg\" alt=\"https:\/\/dutyofmemory-lycee-s-veil.jimdofree.com\/\" width=\"300\" height=\"215\"><\/a><figcaption id=\"caption-attachment-423\" class=\"wp-caption-text\">Voyage de la M\u00e9moire<\/figcaption><\/figure><\/td>\n<td style=\"width: 50%;\">\u00c9l\u00e8ve au Lyc\u00e9e Simone Veil (Valbonne) en classe de Premi\u00e8re, <span style=\"color: #ff6600;\">Chlo\u00e9 DARGENT<\/span> a effectu\u00e9 cette ann\u00e9e 2019-2020 un travail de m\u00e9moire remarquable sur le g\u00e9nocide juif&#8230;<\/p>\n<p><a href=\"https:\/\/www.pedagogie.ac-nice.fr\/cnrd\/voyage-de-la-memoire\/\"><img loading=\"lazy\" decoding=\"async\" class=\"alignright wp-image-435 size-full\" src=\"https:\/\/www.pedagogie.ac-nice.fr\/cnrd\/wp-content\/uploads\/sites\/34\/2020\/07\/lire_la_suite.png\" alt=\"\" width=\"169\" height=\"82\"><\/a><\/td>\n<\/tr>\n<\/tbody>\n<\/table>\n<p>&nbsp;<\/p>\n<h3><strong><span style=\"color: #ff6600;\">Expositions<\/span><\/strong><\/h3>\n<table style=\"border-collapse: collapse; width: 100%;\">\n<tbody>\n<tr>\n<td style=\"width: 50%; text-align: center;\"><a href=\"https:\/\/www.pedagogie.ac-nice.fr\/cnrd\/wp-content\/uploads\/sites\/34\/2021\/12\/Expo-06-archives_de_le_lumiere_ombre.pdf\" target=\"_blank\" rel=\"noopener\"><img loading=\"lazy\" decoding=\"async\" class=\"aligncenter size-full wp-image-872\" src=\"https:\/\/www.pedagogie.ac-nice.fr\/cnrd\/wp-content\/uploads\/sites\/34\/2021\/12\/cd06.jpg\" alt=\"\" width=\"364\" height=\"414\"><\/a><\/td>\n<td style=\"width: 50%;\">&nbsp;<\/p>\n<p>&nbsp;<\/td>\n<\/tr>\n<tr>\n<td style=\"width: 50%; text-align: center;\">Exposition De Gaulle :<\/td>\n<td style=\"width: 50%;\"><a href=\"http:\/\/www.clubvarois18juin.fr\/2019\/10\/exposition-charles-de-gaulle-2020\/\" target=\"_blank\" rel=\"noopener noreferrer\"><img loading=\"lazy\" decoding=\"async\" class=\"aligncenter wp-image-212\" src=\"https:\/\/www.pedagogie.ac-nice.fr\/cnrd\/wp-content\/uploads\/sites\/34\/2020\/06\/anneeDG-300x86.png\" alt=\"\" width=\"600\" height=\"173\"><\/a><\/td>\n<\/tr>\n<\/tbody>\n<\/table>\n<h4>&nbsp;<\/h4>\n<h3><strong><span style=\"color: #ff6600;\">Festivals et manifestations<\/span><\/strong><\/h3>\n<table style=\"border-collapse: collapse; width: 100%;\">\n<tbody>\n<tr>\n<td style=\"width: 50%;\">\n<h4><a href=\"http:\/\/www.musee-resistance-azureenne.fr\/\" target=\"_blank\" rel=\"noopener noreferrer\"><img loading=\"lazy\" decoding=\"async\" class=\"aligncenter wp-image-215 size-full\" src=\"https:\/\/www.pedagogie.ac-nice.fr\/cnrd\/wp-content\/uploads\/sites\/34\/2020\/06\/museenice.png\" alt=\"\" width=\"140\" height=\"140\"><\/a><\/h4>\n<\/td>\n<td style=\"width: 50%;\">Le Festival du film de la R\u00e9sistance<\/td>\n<\/tr>\n<\/tbody>\n<\/table>\n<h4>&nbsp;<\/h4>\n<h3><strong><span style=\"color: #ff6600;\">Conf\u00e9rences<\/span><\/strong><\/h3>\n<p>&nbsp;<\/p>\n","protected":false},"excerpt":{"rendered":"<p>8 mai 2025 : 80\u00e8me anniversaire de la Victoire Les \u00e9l\u00e8ves du coll\u00e8ge de la Fontonne d&rsquo; ANTIBES, accompagn\u00e9s de<\/p>\n","protected":false},"author":230,"featured_media":0,"parent":0,"menu_order":0,"comment_status":"closed","ping_status":"closed","template":"","meta":{"colormag_page_container_layout":"default_layout","colormag_page_sidebar_layout":"default_layout","ngg_post_thumbnail":0,"footnotes":""},"class_list":["post-339","page","type-page","status-publish","hentry"],"rttpg_featured_image_url":null,"rttpg_author":{"display_name":"Admin","author_link":"https:\/\/www.pedagogie.ac-nice.fr\/memoire-citoyennete-defense\/author\/pbriand\/"},"rttpg_comment":0,"rttpg_category":null,"rttpg_excerpt":"8 mai 2025 : 80\u00e8me anniversaire de la Victoire Les \u00e9l\u00e8ves du coll\u00e8ge de la Fontonne d&rsquo; ANTIBES, accompagn\u00e9s de","post_mailing_queue_ids":[],"_links":{"self":[{"href":"https:\/\/www.pedagogie.ac-nice.fr\/memoire-citoyennete-defense\/wp-json\/wp\/v2\/pages\/339","targetHints":{"allow":["GET"]}}],"collection":[{"href":"https:\/\/www.pedagogie.ac-nice.fr\/memoire-citoyennete-defense\/wp-json\/wp\/v2\/pages"}],"about":[{"href":"https:\/\/www.pedagogie.ac-nice.fr\/memoire-citoyennete-defense\/wp-json\/wp\/v2\/types\/page"}],"author":[{"embeddable":true,"href":"https:\/\/www.pedagogie.ac-nice.fr\/memoire-citoyennete-defense\/wp-json\/wp\/v2\/users\/230"}],"replies":[{"embeddable":true,"href":"https:\/\/www.pedagogie.ac-nice.fr\/memoire-citoyennete-defense\/wp-json\/wp\/v2\/comments?post=339"}],"version-history":[{"count":12,"href":"https:\/\/www.pedagogie.ac-nice.fr\/memoire-citoyennete-defense\/wp-json\/wp\/v2\/pages\/339\/revisions"}],"predecessor-version":[{"id":489,"href":"https:\/\/www.pedagogie.ac-nice.fr\/memoire-citoyennete-defense\/wp-json\/wp\/v2\/pages\/339\/revisions\/489"}],"wp:attachment":[{"href":"https:\/\/www.pedagogie.ac-nice.fr\/memoire-citoyennete-defense\/wp-json\/wp\/v2\/media?parent=339"}],"curies":[{"name":"wp","href":"https:\/\/api.w.org\/{rel}","templated":true}]}}