{"id":345,"date":"2024-10-03T15:59:13","date_gmt":"2024-10-03T13:59:13","guid":{"rendered":"https:\/\/www.pedagogie.ac-nice.fr\/memoire-citoyennete-defense\/?page_id=345"},"modified":"2025-07-16T15:11:30","modified_gmt":"2025-07-16T13:11:30","slug":"ressources-2","status":"publish","type":"page","link":"https:\/\/www.pedagogie.ac-nice.fr\/memoire-citoyennete-defense\/ressources-2\/","title":{"rendered":"Ressources"},"content":{"rendered":"<h2><span style=\"color: #ff6600;\">TRAVAILLER SUR LA SHOAH<br \/>\navec des ressources num\u00e9riques<\/span><\/h2>\n<p><a href=\"https:\/\/digipad.app\/p\/19191\/23c6ad1b0720c\" target=\"_blank\" rel=\"noopener\"><img loading=\"lazy\" decoding=\"async\" class=\"aligncenter size-full wp-image-503\" src=\"https:\/\/www.pedagogie.ac-nice.fr\/memoire-citoyennete-defense\/wp-content\/uploads\/sites\/54\/2025\/07\/digipad_shoah.png\" alt=\"\" width=\"800\" height=\"405\" srcset=\"https:\/\/www.pedagogie.ac-nice.fr\/memoire-citoyennete-defense\/wp-content\/uploads\/sites\/54\/2025\/07\/digipad_shoah.png 800w, https:\/\/www.pedagogie.ac-nice.fr\/memoire-citoyennete-defense\/wp-content\/uploads\/sites\/54\/2025\/07\/digipad_shoah-300x152.png 300w, https:\/\/www.pedagogie.ac-nice.fr\/memoire-citoyennete-defense\/wp-content\/uploads\/sites\/54\/2025\/07\/digipad_shoah-768x389.png 768w\" sizes=\"auto, (max-width: 800px) 100vw, 800px\" \/><\/a><\/p>\n<hr>\n<p><img loading=\"lazy\" decoding=\"async\" class=\"aligncenter size-full wp-image-400\" src=\"https:\/\/www.pedagogie.ac-nice.fr\/memoire-citoyennete-defense\/wp-content\/uploads\/sites\/54\/2024\/10\/auschwitzmemorial.jpg\" alt=\"\" width=\"744\" height=\"211\" srcset=\"https:\/\/www.pedagogie.ac-nice.fr\/memoire-citoyennete-defense\/wp-content\/uploads\/sites\/54\/2024\/10\/auschwitzmemorial.jpg 744w, https:\/\/www.pedagogie.ac-nice.fr\/memoire-citoyennete-defense\/wp-content\/uploads\/sites\/54\/2024\/10\/auschwitzmemorial-300x85.jpg 300w\" sizes=\"auto, (max-width: 744px) 100vw, 744px\" \/><\/p>\n<h2><span style=\"color: #ff6600;\">VISITE VIRTUELLE du camp d&rsquo;Auschwitz-Birkenau<\/span><\/h2>\n<p>La fondation et le m\u00e9morial Auschwitz-Birkenau ont d\u00e9velopp\u00e9 un dispositif innovant de <span style=\"color: #ff6600;\">visite \u00e0 distance des camps d&rsquo;Auschwitz-Birkenau<\/span> appel\u00e9 <a href=\"https:\/\/www.auschwitz.org\/en\/museum\/news\/to-reach-people-in-the-most-remote-corners-of-the-world-the-launch-of-the-online-tours-of-the-auschwitz-memorial-,1661.html\" target=\"_blank\" rel=\"noopener\">Devant vos yeux (In front of your eyes)<\/a>.<\/p>\n<p>Ce projet, n\u00e9 durant la crise du COVID, a pour objectif d&rsquo;atteindre des personnes dans des pays qui ne visitent pas ou peu actuellement le site, et de fa\u00e7on g\u00e9n\u00e9rale de donner acc\u00e8s au plus grand nombre possible de visiteurs, tout en pr\u00e9servant l&rsquo;authenticit\u00e9 du site. C&rsquo;est donc un outil compl\u00e9mentaire de la visite sur site. Il rev\u00eat , un int\u00e9r\u00eat tout particulier, dans la perspective de la comm\u00e9moration, en janvier prochain, du 80\u00e8me anniversaire de la lib\u00e9ration des camps. Il a fait, l&rsquo;objet d&rsquo;une phase de test avec plusieurs \u00e9tablissements en France ainsi qu&rsquo;avec le lyc\u00e9e fran\u00e7ais de Varsovie.<\/p>\n<p>Ce dispositif permet de b\u00e9n\u00e9ficier d&rsquo;<span style=\"color: #ff6600;\">une visite en direct des camps Auschwitz 1 Stammlager et Auschwitz 2 Birkenau.<\/span> Il est propos\u00e9 en plusieurs langues dont le fran\u00e7ais. La visite est organis\u00e9e par un guide muni d&rsquo;une cam\u00e9ra et se d\u00e9roule en ligne et en direct. Elle est interactive et dure environ une heure et quarante-cinq minutes. Les participants d\u00e9couvrent les deux sites. Ils peuvent poser des questions au guide et r\u00e9agir au contenu tout au long de l&rsquo;expos\u00e9 des faits historiques. Des t\u00e9moignages enregistr\u00e9s de survivants, des documents originaux, des photographies, des objets authentiques sont pr\u00e9sent\u00e9s pendant la visite.<\/p>\n<p>La visite \u00e0 distance permet \u00e9galement, gr\u00e2ce \u00e0 des enregistrements vid\u00e9o, d&rsquo;entrer dans plusieurs espaces qui ne sont pas accessibles aux visiteurs, comme le bloc 10 de l&rsquo;ancien camp d&rsquo;Auschwitz I, ou qui sont situ\u00e9s trop loin du du circuit de visite habituel, comme le b\u00e2timent des saunas de l&rsquo;ancien camp d&rsquo;Auschwitz II-Birkenau. A ce stade, la visite ne comprend pas encore celle du pavillon fran\u00e7ais.<\/p>\n<p>Cette possibilit\u00e9 de visite \u00e0 distance sans remplacer pleinement une visite sur site pr\u00e9sente de nombreux avantages. Cette visite en direct permet toutes les interactions souhait\u00e9es avec le guide, sp\u00e9cialement form\u00e9. L&rsquo;organisation en est mat\u00e9riellement facile, le co\u00fbt \u00e9conomique et \u00e9cologique est d\u00e9risoire compar\u00e9 \u00e0 une visite sur site. Il y aura la possibilit\u00e9, \u00e0 terme, de personnaliser la visite en fonction des orientations p\u00e9dagogiques de l&rsquo;enseignant.<\/p>\n<p>Informations sur le site : <a href=\"https:\/\/afmarketingdev.appsflyer.com\/in-front-of-your-eyes\/\" target=\"_blank\" rel=\"noopener\">https:\/\/afmarketingdev.appsflyer.com\/in-front-of-your-eyes\/<\/a><\/p>\n","protected":false},"excerpt":{"rendered":"<p>TRAVAILLER SUR LA SHOAH avec des ressources num\u00e9riques VISITE VIRTUELLE du camp d&rsquo;Auschwitz-Birkenau La fondation et le m\u00e9morial Auschwitz-Birkenau ont<\/p>\n","protected":false},"author":230,"featured_media":0,"parent":0,"menu_order":0,"comment_status":"closed","ping_status":"closed","template":"","meta":{"colormag_page_container_layout":"default_layout","colormag_page_sidebar_layout":"default_layout","ngg_post_thumbnail":0,"footnotes":""},"class_list":["post-345","page","type-page","status-publish","hentry"],"rttpg_featured_image_url":null,"rttpg_author":{"display_name":"Admin","author_link":"https:\/\/www.pedagogie.ac-nice.fr\/memoire-citoyennete-defense\/author\/pbriand\/"},"rttpg_comment":0,"rttpg_category":null,"rttpg_excerpt":"TRAVAILLER SUR LA SHOAH avec des ressources num\u00e9riques VISITE VIRTUELLE du camp d&rsquo;Auschwitz-Birkenau La fondation et le m\u00e9morial Auschwitz-Birkenau ont","post_mailing_queue_ids":[],"_links":{"self":[{"href":"https:\/\/www.pedagogie.ac-nice.fr\/memoire-citoyennete-defense\/wp-json\/wp\/v2\/pages\/345","targetHints":{"allow":["GET"]}}],"collection":[{"href":"https:\/\/www.pedagogie.ac-nice.fr\/memoire-citoyennete-defense\/wp-json\/wp\/v2\/pages"}],"about":[{"href":"https:\/\/www.pedagogie.ac-nice.fr\/memoire-citoyennete-defense\/wp-json\/wp\/v2\/types\/page"}],"author":[{"embeddable":true,"href":"https:\/\/www.pedagogie.ac-nice.fr\/memoire-citoyennete-defense\/wp-json\/wp\/v2\/users\/230"}],"replies":[{"embeddable":true,"href":"https:\/\/www.pedagogie.ac-nice.fr\/memoire-citoyennete-defense\/wp-json\/wp\/v2\/comments?post=345"}],"version-history":[{"count":5,"href":"https:\/\/www.pedagogie.ac-nice.fr\/memoire-citoyennete-defense\/wp-json\/wp\/v2\/pages\/345\/revisions"}],"predecessor-version":[{"id":504,"href":"https:\/\/www.pedagogie.ac-nice.fr\/memoire-citoyennete-defense\/wp-json\/wp\/v2\/pages\/345\/revisions\/504"}],"wp:attachment":[{"href":"https:\/\/www.pedagogie.ac-nice.fr\/memoire-citoyennete-defense\/wp-json\/wp\/v2\/media?parent=345"}],"curies":[{"name":"wp","href":"https:\/\/api.w.org\/{rel}","templated":true}]}}