{"id":353,"date":"2024-10-03T16:31:18","date_gmt":"2024-10-03T14:31:18","guid":{"rendered":"https:\/\/www.pedagogie.ac-nice.fr\/memoire-citoyennete-defense\/?page_id=353"},"modified":"2024-11-26T22:16:14","modified_gmt":"2024-11-26T21:16:14","slug":"le-cross-du-poilu-a-antibes","status":"publish","type":"page","link":"https:\/\/www.pedagogie.ac-nice.fr\/memoire-citoyennete-defense\/le-cross-du-poilu-a-antibes\/","title":{"rendered":"Le cross du poilu \u00e0 Antibes"},"content":{"rendered":"<p>Lors de <span style=\"color: #ff6600;\"><strong>la c\u00e9r\u00e9monie du 11 novembre \u00e0 ANTIBES<\/strong><\/span> les \u00e9l\u00e8ves du coll\u00e8ge de la Fontonne ainsi que des lyc\u00e9ens repr\u00e9sentants les lyc\u00e9es AUDIBERTI et L\u00e9onard de Vinci ont particip\u00e9 \u00e0 la c\u00e9r\u00e9monie. Ils ont chant\u00e9 les trois couplets de la Marseillaise (Couplet 1, Couplet 6 de la Libert\u00e9 et le couplet 9 \u00ab\u00a0des enfants\u00a0\u00bb) accompagn\u00e9s par Aur\u00e9lie Forestier professeur d&rsquo;\u00e9ducation musicale et l&rsquo;harmonie Antiboise. A cette occasion, un repr\u00e9sentant du CVL du lyc\u00e9e AUDIBERTI, a lu une lettre de poilu et les coll\u00e9giens ont d\u00e9pos\u00e9 les gerbes avec les autorit\u00e9s. Ce f\u00fbt \u00e9galement pour les \u00e9l\u00e8ves d&rsquo;\u00e9changer avec les associations patriotiques et les portes drapeaux sur le devoir de m\u00e9moire et la transmission.<\/p>\n<p><img loading=\"lazy\" decoding=\"async\" class=\"aligncenter size-full wp-image-414\" src=\"https:\/\/www.pedagogie.ac-nice.fr\/memoire-citoyennete-defense\/wp-content\/uploads\/sites\/54\/2024\/11\/cross2024.png\" alt=\"\" width=\"800\" height=\"526\" srcset=\"https:\/\/www.pedagogie.ac-nice.fr\/memoire-citoyennete-defense\/wp-content\/uploads\/sites\/54\/2024\/11\/cross2024.png 800w, https:\/\/www.pedagogie.ac-nice.fr\/memoire-citoyennete-defense\/wp-content\/uploads\/sites\/54\/2024\/11\/cross2024-300x197.png 300w, https:\/\/www.pedagogie.ac-nice.fr\/memoire-citoyennete-defense\/wp-content\/uploads\/sites\/54\/2024\/11\/cross2024-768x505.png 768w\" sizes=\"auto, (max-width: 800px) 100vw, 800px\" \/><\/p>\n<p>&nbsp;<\/p>\n<p style=\"text-align: center;\"><iframe loading=\"lazy\" title=\"YouTube video player\" src=\"https:\/\/www.youtube.com\/embed\/pLmfGYH3mv8?si=fXmrAB5jO0ZXo2gF\" width=\"560\" height=\"315\" frameborder=\"0\" allowfullscreen=\"allowfullscreen\"><\/iframe><\/p>\n","protected":false},"excerpt":{"rendered":"<p>Lors de la c\u00e9r\u00e9monie du 11 novembre \u00e0 ANTIBES les \u00e9l\u00e8ves du coll\u00e8ge de la Fontonne ainsi que des lyc\u00e9ens<\/p>\n","protected":false},"author":230,"featured_media":0,"parent":0,"menu_order":0,"comment_status":"closed","ping_status":"closed","template":"","meta":{"colormag_page_container_layout":"default_layout","colormag_page_sidebar_layout":"default_layout","ngg_post_thumbnail":0,"footnotes":""},"class_list":["post-353","page","type-page","status-publish","hentry"],"rttpg_featured_image_url":null,"rttpg_author":{"display_name":"Admin","author_link":"https:\/\/www.pedagogie.ac-nice.fr\/memoire-citoyennete-defense\/author\/pbriand\/"},"rttpg_comment":0,"rttpg_category":null,"rttpg_excerpt":"Lors de la c\u00e9r\u00e9monie du 11 novembre \u00e0 ANTIBES les \u00e9l\u00e8ves du coll\u00e8ge de la Fontonne ainsi que des lyc\u00e9ens","post_mailing_queue_ids":[],"_links":{"self":[{"href":"https:\/\/www.pedagogie.ac-nice.fr\/memoire-citoyennete-defense\/wp-json\/wp\/v2\/pages\/353","targetHints":{"allow":["GET"]}}],"collection":[{"href":"https:\/\/www.pedagogie.ac-nice.fr\/memoire-citoyennete-defense\/wp-json\/wp\/v2\/pages"}],"about":[{"href":"https:\/\/www.pedagogie.ac-nice.fr\/memoire-citoyennete-defense\/wp-json\/wp\/v2\/types\/page"}],"author":[{"embeddable":true,"href":"https:\/\/www.pedagogie.ac-nice.fr\/memoire-citoyennete-defense\/wp-json\/wp\/v2\/users\/230"}],"replies":[{"embeddable":true,"href":"https:\/\/www.pedagogie.ac-nice.fr\/memoire-citoyennete-defense\/wp-json\/wp\/v2\/comments?post=353"}],"version-history":[{"count":4,"href":"https:\/\/www.pedagogie.ac-nice.fr\/memoire-citoyennete-defense\/wp-json\/wp\/v2\/pages\/353\/revisions"}],"predecessor-version":[{"id":415,"href":"https:\/\/www.pedagogie.ac-nice.fr\/memoire-citoyennete-defense\/wp-json\/wp\/v2\/pages\/353\/revisions\/415"}],"wp:attachment":[{"href":"https:\/\/www.pedagogie.ac-nice.fr\/memoire-citoyennete-defense\/wp-json\/wp\/v2\/media?parent=353"}],"curies":[{"name":"wp","href":"https:\/\/api.w.org\/{rel}","templated":true}]}}