{"id":389,"date":"2024-10-12T14:40:47","date_gmt":"2024-10-12T12:40:47","guid":{"rendered":"https:\/\/www.pedagogie.ac-nice.fr\/memoire-citoyennete-defense\/?page_id=389"},"modified":"2024-10-12T14:48:48","modified_gmt":"2024-10-12T12:48:48","slug":"80e-anniversaire-de-la-liberation-de-nice","status":"publish","type":"page","link":"https:\/\/www.pedagogie.ac-nice.fr\/memoire-citoyennete-defense\/actualites\/80e-anniversaire-de-la-liberation-de-nice\/","title":{"rendered":"80e ANNIVERSAIRE DE LA LIB\u00c9RATION DE NICE"},"content":{"rendered":"<p><img loading=\"lazy\" decoding=\"async\" class=\"alignright size-full wp-image-390\" src=\"https:\/\/www.pedagogie.ac-nice.fr\/memoire-citoyennete-defense\/wp-content\/uploads\/sites\/54\/2024\/10\/80eNICE.jpg\" alt=\"\" width=\"300\" height=\"429\" srcset=\"https:\/\/www.pedagogie.ac-nice.fr\/memoire-citoyennete-defense\/wp-content\/uploads\/sites\/54\/2024\/10\/80eNICE.jpg 300w, https:\/\/www.pedagogie.ac-nice.fr\/memoire-citoyennete-defense\/wp-content\/uploads\/sites\/54\/2024\/10\/80eNICE-210x300.jpg 210w\" sizes=\"auto, (max-width: 300px) 100vw, 300px\" \/><\/p>\n<p><img loading=\"lazy\" decoding=\"async\" class=\"alignnone size-full wp-image-106\" src=\"https:\/\/www.pedagogie.ac-nice.fr\/memoire-citoyennete-defense\/wp-content\/uploads\/sites\/54\/2023\/06\/flch.gif\" alt=\"\" width=\"13\" height=\"18\"> Dans le cadre des comm\u00e9morations du 80e anniversaire de la Lib\u00e9ration de Nice, les Ni\u00e7ois ont \u00e9t\u00e9 invit\u00e9s \u00e0 participer, le 28 ao\u00fbt dernier, \u00e0 <span style=\"color: #ff6600;\">un circuit de la M\u00e9moire<\/span> dans la ville, afin de rendre hommage in situ aux 35 r\u00e9sistants tomb\u00e9s ce jour-l\u00e0, ainsi qu&rsquo;aux 280 bless\u00e9s au combat.<\/p>\n<p><img loading=\"lazy\" decoding=\"async\" class=\"alignnone size-full wp-image-106\" src=\"https:\/\/www.pedagogie.ac-nice.fr\/memoire-citoyennete-defense\/wp-content\/uploads\/sites\/54\/2023\/06\/flch.gif\" alt=\"\" width=\"13\" height=\"18\"> Ils ont \u00e9t\u00e9 \u00e9galement invit\u00e9s \u00e0 d\u00e9couvrir cette page mouvement\u00e9e de l&rsquo;histoire de la capitale azur\u00e9enne, au travers de <span style=\"color: #ff6600;\">l&rsquo;exposition temporaire install\u00e9e place Garibaldi : <em>Nice dans la tourmente<\/em><\/span><\/p>\n<p><img loading=\"lazy\" decoding=\"async\" class=\"alignnone size-full wp-image-106\" src=\"https:\/\/www.pedagogie.ac-nice.fr\/memoire-citoyennete-defense\/wp-content\/uploads\/sites\/54\/2023\/06\/flch.gif\" alt=\"\" width=\"13\" height=\"18\"> Comptant parmi ses commissaires <span style=\"color: #ff6600;\">Jean-Louis Panicacci,<\/span> pr\u00e9sident du Mus\u00e9e de la R\u00e9sistance Azur\u00e9enne, dont sont issues de nombreuses photographies pr\u00e9sent\u00e9es dans l&rsquo;exposition, celle-ci s&rsquo;organise autour de cinq th\u00e8mes&nbsp;:<\/p>\n<p>1 \u2013 Nice, une ville occup\u00e9e et fortifi\u00e9e<br \/>\n2- Nice, une ville meurtrie<br \/>\n3- L&rsquo;insurrection du 28 ao\u00fbt 1944<br \/>\n4- Nice lib\u00e9r\u00e9e<br \/>\n5- La m\u00e9moire de la Lib\u00e9ration<\/p>\n<p><img loading=\"lazy\" decoding=\"async\" class=\"alignnone size-full wp-image-106\" src=\"https:\/\/www.pedagogie.ac-nice.fr\/memoire-citoyennete-defense\/wp-content\/uploads\/sites\/54\/2023\/06\/flch.gif\" alt=\"\" width=\"13\" height=\"18\"> Une exposition \u00e0 la fois compacte et richement document\u00e9e, permettant de croiser histoire locale et histoire de la Seconde Guerre mondiale et offrant de nombreuses pistes \u00e0 approfondir avec les \u00e9l\u00e8ves (sur les diff\u00e9rentes phases de l&rsquo;Occupation \u00e0 Nice et en France, les r\u00e9seaux de r\u00e9sistants, l&rsquo;\u00e9puration, la refondation de la R\u00e9publique&#8230;)<\/p>\n<p><img loading=\"lazy\" decoding=\"async\" class=\"alignnone size-full wp-image-106\" src=\"https:\/\/www.pedagogie.ac-nice.fr\/memoire-citoyennete-defense\/wp-content\/uploads\/sites\/54\/2023\/06\/flch.gif\" alt=\"\" width=\"13\" height=\"18\"> Pour <a href=\"https:\/\/www.nice.fr\/fr\/actualites\/80eme-anniversaire-de-la-liberation-de-nice?type=articles&amp;parent=actualites\" target=\"_blank\" rel=\"noopener\">en savoir plus sur la programmation m\u00e9morielle du 80e anniversaire<\/a> (c\u00e9r\u00e9monies, conf\u00e9rences, concerts&#8230;)<\/p>\n<p>&nbsp;<\/p>\n<p><img loading=\"lazy\" decoding=\"async\" class=\"aligncenter size-full wp-image-392\" src=\"https:\/\/www.pedagogie.ac-nice.fr\/memoire-citoyennete-defense\/wp-content\/uploads\/sites\/54\/2024\/10\/80expo.jpg\" alt=\"\" width=\"693\" height=\"469\" srcset=\"https:\/\/www.pedagogie.ac-nice.fr\/memoire-citoyennete-defense\/wp-content\/uploads\/sites\/54\/2024\/10\/80expo.jpg 693w, https:\/\/www.pedagogie.ac-nice.fr\/memoire-citoyennete-defense\/wp-content\/uploads\/sites\/54\/2024\/10\/80expo-300x203.jpg 300w\" sizes=\"auto, (max-width: 693px) 100vw, 693px\" \/><\/p>\n<p><img loading=\"lazy\" decoding=\"async\" class=\"aligncenter size-full wp-image-394\" src=\"https:\/\/www.pedagogie.ac-nice.fr\/memoire-citoyennete-defense\/wp-content\/uploads\/sites\/54\/2024\/10\/80e1.jpg\" alt=\"\" width=\"615\" height=\"906\" srcset=\"https:\/\/www.pedagogie.ac-nice.fr\/memoire-citoyennete-defense\/wp-content\/uploads\/sites\/54\/2024\/10\/80e1.jpg 615w, https:\/\/www.pedagogie.ac-nice.fr\/memoire-citoyennete-defense\/wp-content\/uploads\/sites\/54\/2024\/10\/80e1-204x300.jpg 204w\" sizes=\"auto, (max-width: 615px) 100vw, 615px\" \/><\/p>\n<p><img loading=\"lazy\" decoding=\"async\" class=\"aligncenter size-full wp-image-395\" src=\"https:\/\/www.pedagogie.ac-nice.fr\/memoire-citoyennete-defense\/wp-content\/uploads\/sites\/54\/2024\/10\/80e2.jpg\" alt=\"\" width=\"597\" height=\"903\" srcset=\"https:\/\/www.pedagogie.ac-nice.fr\/memoire-citoyennete-defense\/wp-content\/uploads\/sites\/54\/2024\/10\/80e2.jpg 597w, https:\/\/www.pedagogie.ac-nice.fr\/memoire-citoyennete-defense\/wp-content\/uploads\/sites\/54\/2024\/10\/80e2-198x300.jpg 198w\" sizes=\"auto, (max-width: 597px) 100vw, 597px\" \/><\/p>\n<p>&nbsp;<\/p>\n","protected":false},"excerpt":{"rendered":"<p>Dans le cadre des comm\u00e9morations du 80e anniversaire de la Lib\u00e9ration de Nice, les Ni\u00e7ois ont \u00e9t\u00e9 invit\u00e9s \u00e0 participer,<\/p>\n","protected":false},"author":230,"featured_media":0,"parent":339,"menu_order":0,"comment_status":"closed","ping_status":"closed","template":"","meta":{"colormag_page_container_layout":"default_layout","colormag_page_sidebar_layout":"default_layout","ngg_post_thumbnail":0,"footnotes":""},"class_list":["post-389","page","type-page","status-publish","hentry"],"rttpg_featured_image_url":null,"rttpg_author":{"display_name":"Admin","author_link":"https:\/\/www.pedagogie.ac-nice.fr\/memoire-citoyennete-defense\/author\/pbriand\/"},"rttpg_comment":0,"rttpg_category":null,"rttpg_excerpt":"Dans le cadre des comm\u00e9morations du 80e anniversaire de la Lib\u00e9ration de Nice, les Ni\u00e7ois ont \u00e9t\u00e9 invit\u00e9s \u00e0 participer,","post_mailing_queue_ids":[],"_links":{"self":[{"href":"https:\/\/www.pedagogie.ac-nice.fr\/memoire-citoyennete-defense\/wp-json\/wp\/v2\/pages\/389","targetHints":{"allow":["GET"]}}],"collection":[{"href":"https:\/\/www.pedagogie.ac-nice.fr\/memoire-citoyennete-defense\/wp-json\/wp\/v2\/pages"}],"about":[{"href":"https:\/\/www.pedagogie.ac-nice.fr\/memoire-citoyennete-defense\/wp-json\/wp\/v2\/types\/page"}],"author":[{"embeddable":true,"href":"https:\/\/www.pedagogie.ac-nice.fr\/memoire-citoyennete-defense\/wp-json\/wp\/v2\/users\/230"}],"replies":[{"embeddable":true,"href":"https:\/\/www.pedagogie.ac-nice.fr\/memoire-citoyennete-defense\/wp-json\/wp\/v2\/comments?post=389"}],"version-history":[{"count":4,"href":"https:\/\/www.pedagogie.ac-nice.fr\/memoire-citoyennete-defense\/wp-json\/wp\/v2\/pages\/389\/revisions"}],"predecessor-version":[{"id":397,"href":"https:\/\/www.pedagogie.ac-nice.fr\/memoire-citoyennete-defense\/wp-json\/wp\/v2\/pages\/389\/revisions\/397"}],"up":[{"embeddable":true,"href":"https:\/\/www.pedagogie.ac-nice.fr\/memoire-citoyennete-defense\/wp-json\/wp\/v2\/pages\/339"}],"wp:attachment":[{"href":"https:\/\/www.pedagogie.ac-nice.fr\/memoire-citoyennete-defense\/wp-json\/wp\/v2\/media?parent=389"}],"curies":[{"name":"wp","href":"https:\/\/api.w.org\/{rel}","templated":true}]}}