{"id":57,"date":"2023-03-18T12:07:55","date_gmt":"2023-03-18T11:07:55","guid":{"rendered":"https:\/\/www.pedagogie.ac-nice.fr\/memoire-citoyennete-defense\/?page_id=57"},"modified":"2025-06-26T11:53:13","modified_gmt":"2025-06-26T09:53:13","slug":"parce-que-cest-notre-projet","status":"publish","type":"page","link":"https:\/\/www.pedagogie.ac-nice.fr\/memoire-citoyennete-defense\/parce-que-cest-notre-projet\/","title":{"rendered":"Projets en \u00e9tablissements"},"content":{"rendered":"<div class=\"cs_blocs\">\n<h4 class=\"blocs_titre blocs_replie blocs_click cs_done\"><span style=\"font-size: large;\"><img loading=\"lazy\" decoding=\"async\" class=\"size-full wp-image-106 alignnone\" src=\"https:\/\/www.pedagogie.ac-nice.fr\/memoire-citoyennete-defense\/wp-content\/uploads\/sites\/54\/2023\/06\/flch.gif\" alt=\"\" width=\"13\" height=\"18\"> <a href=\"https:\/\/www.pedagogie.ac-nice.fr\/memoire-citoyennete-defense\/wp-content\/uploads\/sites\/54\/2025\/06\/signeshommage.pdf\" target=\"_blank\" rel=\"noopener\">HOMMAGE DE LA JEUNESSE A LA RESISTANCE<\/a><br \/>\n<\/span><a class=\"ouvrir_fermer\" title=\"D\u00e9plier\"><span style=\"font-size: large;\">&nbsp; &nbsp; <em>Participation \u00e0 la Journ\u00e9e nationale de la R\u00e9sistance<br \/>\n&nbsp; &nbsp; organis\u00e9e par l&rsquo;ONACVG, le MUREL et la Mairie de Signes le 27 mai 2025<\/em><\/span><\/a><\/h4>\n<h4 class=\"blocs_titre blocs_replie blocs_click cs_done\"><span style=\"font-size: large;\"><img loading=\"lazy\" decoding=\"async\" class=\"size-full wp-image-106 alignnone\" src=\"https:\/\/www.pedagogie.ac-nice.fr\/memoire-citoyennete-defense\/wp-content\/uploads\/sites\/54\/2023\/06\/flch.gif\" alt=\"\" width=\"13\" height=\"18\"> <a href=\"https:\/\/www.pedagogie.ac-nice.fr\/memoire-citoyennete-defense\/devoir-de-memoire-transmettre-honorer-entretenir\/\">RESTAURATION DES TOMBES DU CARRE MILITAIRE<\/a><br \/>\n<\/span><a class=\"ouvrir_fermer\" title=\"D\u00e9plier\"><span style=\"font-size: large;\">&nbsp; &nbsp; <em>coll\u00e8ge La Fontonne &#8211; Antibes<\/em><\/span><\/a><\/h4>\n<h4 class=\"blocs_titre blocs_replie blocs_click cs_done\"><a class=\"ouvrir_fermer\" title=\"D\u00e9plier\" href=\"https:\/\/www.pedagogie.ac-nice.fr\/memoire-citoyennete-defense\/hommage-aux-victimes-des-genocides\/\"><span style=\"font-size: large;\"><img loading=\"lazy\" decoding=\"async\" class=\"size-full wp-image-106 alignnone\" src=\"https:\/\/www.pedagogie.ac-nice.fr\/memoire-citoyennete-defense\/wp-content\/uploads\/sites\/54\/2023\/06\/flch.gif\" alt=\"\" width=\"13\" height=\"18\"> HOMMAGE AUX VICTIMES DES GENOCIDES<br \/>\n<\/span><\/a><a class=\"ouvrir_fermer\" title=\"D\u00e9plier\"><span style=\"font-size: large;\">&nbsp; &nbsp; <em>pour les 80 ans de la lib\u00e9ration du camp d&rsquo;Auschwitz-Birkenau,<\/em><br \/>\n<em>&nbsp; &nbsp; du coll\u00e8ge Ludovic Br\u00e9a de Saint Martin du Var<\/em><\/span><\/a><em><span style=\"font-size: large;\">&nbsp;<\/span><\/em><\/h4>\n<h4 class=\"blocs_titre blocs_replie blocs_click cs_done\"><span style=\"font-size: large;\"><img loading=\"lazy\" decoding=\"async\" class=\"size-full wp-image-106 alignnone\" src=\"https:\/\/www.pedagogie.ac-nice.fr\/memoire-citoyennete-defense\/wp-content\/uploads\/sites\/54\/2023\/06\/flch.gif\" alt=\"\" width=\"13\" height=\"18\"> <a href=\"https:\/\/www.pedagogie.ac-nice.fr\/memoire-citoyennete-defense\/assemblee-nationale\/\">ASSEMBLEE NATIONALE DES JEUNES AU COLLEGE VERNIER<\/a><\/span><\/h4>\n<h4 class=\"blocs_titre blocs_replie blocs_click cs_done\"><a class=\"ouvrir_fermer\" title=\"D\u00e9plier\"><span style=\"font-size: large;\"><img loading=\"lazy\" decoding=\"async\" class=\"size-full wp-image-106 alignnone\" src=\"https:\/\/www.pedagogie.ac-nice.fr\/memoire-citoyennete-defense\/wp-content\/uploads\/sites\/54\/2023\/06\/flch.gif\" alt=\"\" width=\"13\" height=\"18\"> <\/span><\/a><span style=\"font-size: large;\"><a href=\"https:\/\/www.pedagogie.ac-nice.fr\/memoire-citoyennete-defense\/hommage-a-samuel-paty-a-la-fontonne\/\">HOMMAGE A SAMUEL PATY A LA FONTONNE<\/a>&nbsp;<\/span><\/h4>\n<\/div>\n<h4 class=\"blocs_titre blocs_replie blocs_click cs_done\"><a class=\"ouvrir_fermer\" title=\"D\u00e9plier\"><span style=\"font-size: large;\"><img loading=\"lazy\" decoding=\"async\" class=\"size-full wp-image-106 alignnone\" src=\"https:\/\/www.pedagogie.ac-nice.fr\/memoire-citoyennete-defense\/wp-content\/uploads\/sites\/54\/2023\/06\/flch.gif\" alt=\"\" width=\"13\" height=\"18\"> <\/span><\/a><a href=\"https:\/\/www.pedagogie.ac-nice.fr\/memoire-citoyennete-defense\/le-cross-du-poilu-a-antibes\/\"><span style=\"font-size: large;\">LE CROSS DU POILU A&nbsp; ANTIBES<\/span><\/a><\/h4>\n<h4 class=\"blocs_titre blocs_replie blocs_click cs_done\">&nbsp;<\/h4>\n<h4 class=\"blocs_titre blocs_replie blocs_click cs_done\">&nbsp;<\/h4>\n","protected":false},"excerpt":{"rendered":"<p>HOMMAGE DE LA JEUNESSE A LA RESISTANCE &nbsp; &nbsp; Participation \u00e0 la Journ\u00e9e nationale de la R\u00e9sistance &nbsp; &nbsp; organis\u00e9e<\/p>\n","protected":false},"author":230,"featured_media":0,"parent":0,"menu_order":0,"comment_status":"closed","ping_status":"closed","template":"","meta":{"colormag_page_container_layout":"default_layout","colormag_page_sidebar_layout":"default_layout","ngg_post_thumbnail":0,"footnotes":""},"class_list":["post-57","page","type-page","status-publish","hentry"],"rttpg_featured_image_url":null,"rttpg_author":{"display_name":"Admin","author_link":"https:\/\/www.pedagogie.ac-nice.fr\/memoire-citoyennete-defense\/author\/pbriand\/"},"rttpg_comment":0,"rttpg_category":null,"rttpg_excerpt":"HOMMAGE DE LA JEUNESSE A LA RESISTANCE &nbsp; &nbsp; Participation \u00e0 la Journ\u00e9e nationale de la R\u00e9sistance &nbsp; &nbsp; organis\u00e9e","post_mailing_queue_ids":[],"_links":{"self":[{"href":"https:\/\/www.pedagogie.ac-nice.fr\/memoire-citoyennete-defense\/wp-json\/wp\/v2\/pages\/57","targetHints":{"allow":["GET"]}}],"collection":[{"href":"https:\/\/www.pedagogie.ac-nice.fr\/memoire-citoyennete-defense\/wp-json\/wp\/v2\/pages"}],"about":[{"href":"https:\/\/www.pedagogie.ac-nice.fr\/memoire-citoyennete-defense\/wp-json\/wp\/v2\/types\/page"}],"author":[{"embeddable":true,"href":"https:\/\/www.pedagogie.ac-nice.fr\/memoire-citoyennete-defense\/wp-json\/wp\/v2\/users\/230"}],"replies":[{"embeddable":true,"href":"https:\/\/www.pedagogie.ac-nice.fr\/memoire-citoyennete-defense\/wp-json\/wp\/v2\/comments?post=57"}],"version-history":[{"count":15,"href":"https:\/\/www.pedagogie.ac-nice.fr\/memoire-citoyennete-defense\/wp-json\/wp\/v2\/pages\/57\/revisions"}],"predecessor-version":[{"id":493,"href":"https:\/\/www.pedagogie.ac-nice.fr\/memoire-citoyennete-defense\/wp-json\/wp\/v2\/pages\/57\/revisions\/493"}],"wp:attachment":[{"href":"https:\/\/www.pedagogie.ac-nice.fr\/memoire-citoyennete-defense\/wp-json\/wp\/v2\/media?parent=57"}],"curies":[{"name":"wp","href":"https:\/\/api.w.org\/{rel}","templated":true}]}}