{"id":95,"date":"2023-06-11T17:16:05","date_gmt":"2023-06-11T15:16:05","guid":{"rendered":"https:\/\/www.pedagogie.ac-nice.fr\/memoire-citoyennete-defense\/?page_id=95"},"modified":"2023-11-09T10:37:33","modified_gmt":"2023-11-09T09:37:33","slug":"ressources","status":"publish","type":"page","link":"https:\/\/www.pedagogie.ac-nice.fr\/memoire-citoyennete-defense\/ressources\/","title":{"rendered":"Ressources documentaires"},"content":{"rendered":"<blockquote>\n<h1>Des ressources pour enseigner l&rsquo;esprit critique,<br \/>\nla la\u00efcit\u00e9 et les valeurs de la R\u00e9publique<\/h1>\n<\/blockquote>\n<p>&nbsp;<\/p>\n<h2><span style=\"color: #808080;\">Ressources sur le terrorisme et le Proche et Moyen-Orient<\/span><\/h2>\n<ul>\n<li>L\u2019actualit\u00e9 nationale et internationale est marqu\u00e9e par des actes terroristes et une situation de guerre au Proche et Moyen-Orient. Il a paru utile de recenser quelques ressources accessibles \u00e0 jour sur ces questions. <img loading=\"lazy\" decoding=\"async\" class=\"alignnone size-full wp-image-131\" style=\"color: #808080;\" src=\"https:\/\/www.pedagogie.ac-nice.fr\/memoire-citoyennete-defense\/wp-content\/uploads\/sites\/54\/2023\/06\/neuf.gif\" alt=\"\" width=\"48\" height=\"9\">\n<p><a href=\"https:\/\/www.pedagogie.ac-nice.fr\/memoire-citoyennete-defense\/ressources\/ressources-sur-le-terrorisme-et-le-proche-et-moyen-orient\/\"><img loading=\"lazy\" decoding=\"async\" class=\"alignnone wp-image-219 size-full\" src=\"https:\/\/www.pedagogie.ac-nice.fr\/memoire-citoyennete-defense\/wp-content\/uploads\/sites\/54\/2023\/11\/lire_suite.jpg\" alt=\"\" width=\"109\" height=\"26\"><\/a><\/li>\n<\/ul>\n<p>&nbsp;<\/p>\n<h2><span style=\"color: #808080;\">Ressources g\u00e9n\u00e9ralistes<\/span><\/h2>\n<ul>\n<li><a href=\"https:\/\/www.pedagogie.ac-nice.fr\/histgeo\/images\/attachments\/vademecum_lutte_contre_racisme_antisemitisme.pdf\" target=\"_blank\" rel=\"noopener\">Vademecum lutte contre le racisme et l&rsquo;antis\u00e9mitisme <\/a><img loading=\"lazy\" decoding=\"async\" class=\"alignnone size-full wp-image-105\" src=\"https:\/\/www.pedagogie.ac-nice.fr\/memoire-citoyennete-defense\/wp-content\/uploads\/sites\/54\/2023\/06\/attention.png\" alt=\"\" width=\"18\" height=\"19\"><\/li>\n<li><a href=\"http:\/\/geoconfluences.ens-lyon.fr\/actualites\/veille\/revues-de-presse\/liberte-d-expression\" target=\"_blank\" rel=\"noopener\">Libert\u00e9 d&rsquo;expression et blasph\u00e8me en France<\/a> [G\u00e9oconfluences]<\/li>\n<li><a href=\"https:\/\/eduscol.education.fr\/2125\/la-liberte-d-expression-un-droit-fondamental\" target=\"_blank\" rel=\"noopener\">Enseigner la libert\u00e9 d&rsquo;expression<\/a> [Eduscol]<\/li>\n<li><a href=\"https:\/\/enseignants.lumni.fr\/parcours\/1009\/parler-de-la-liberte-d-expression-en-classe.html\" target=\"_blank\" rel=\"noopener\">Parler de la libert\u00e9 d&rsquo;expression en classe<\/a> [Lumni]<\/li>\n<li><a href=\"https:\/\/eduscol.education.fr\/1538\/former-l-esprit-critique-des-eleves\" target=\"_blank\" rel=\"noopener\">Former l&rsquo;esprit critique des \u00e9l\u00e8ves<\/a> [Eduscol]<\/li>\n<li><a href=\"https:\/\/www.reseau-canope.fr\/valeurs-de-la-republique.html\" target=\"_blank\" rel=\"noopener\">Les valeurs de la R\u00e9publique<\/a> [Canop\u00e9]<\/li>\n<li><a href=\"https:\/\/www.pedagogie.ac-aix-marseille.fr\/upload\/docs\/application\/pdf\/2020-10\/socle_commun_formation_citoyennete_vdef.pdf\" target=\"_blank\" rel=\"noopener\">Guide de ressources Insp\u00e9-Rectorat d&rsquo;\u00e9ducation \u00e0 la citoyennet\u00e9<\/a> con\u00e7u au sein d&rsquo;un groupe de travail inter-institutionnel de l&rsquo;acad\u00e9mie d&rsquo;Aix-Marseille<\/li>\n<li><a href=\"https:\/\/eduscol.education.fr\/2395\/hommage-au-professeur-samuel-paty\" target=\"_blank\" rel=\"noopener\">Hommage \u00e0 Samuel Paty<\/a> [Eduscol]<\/li>\n<\/ul>\n<hr>\n<h2><span style=\"color: #808080;\">Autour de la La\u00efcit\u00e9<\/span><\/h2>\n<p><a href=\"https:\/\/www.pedagogie.ac-nice.fr\/histgeo\/index.php\/citoyennete\/76-peda\/emc\/430-lecture-de-la-charte-de-la-laicite\" target=\"_blank\" rel=\"noopener\"><img loading=\"lazy\" decoding=\"async\" class=\"alignright wp-image-110 size-thumbnail\" src=\"https:\/\/www.pedagogie.ac-nice.fr\/memoire-citoyennete-defense\/wp-content\/uploads\/sites\/54\/2023\/06\/charteNice_logo-150x150.jpg\" alt=\"\" width=\"150\" height=\"150\" srcset=\"https:\/\/www.pedagogie.ac-nice.fr\/memoire-citoyennete-defense\/wp-content\/uploads\/sites\/54\/2023\/06\/charteNice_logo-150x150.jpg 150w, https:\/\/www.pedagogie.ac-nice.fr\/memoire-citoyennete-defense\/wp-content\/uploads\/sites\/54\/2023\/06\/charteNice_logo-300x300.jpg 300w\" sizes=\"auto, (max-width: 150px) 100vw, 150px\" \/><\/a><\/p>\n<ul>\n<li><a href=\"https:\/\/www.reseau-canope.fr\/les-valeurs-de-la-republique\/eduquer-a-la-laicite.html\" target=\"_blank\" rel=\"noopener\">Charte de la la\u00efcit\u00e9 comment\u00e9e<\/a> par <span style=\"color: #ff6600;\">Abdenour Bidar,<\/span> IGESR<\/li>\n<li><a href=\"https:\/\/www.pedagogie.ac-nice.fr\/histgeo\/index.php\/citoyennete\/76-peda\/emc\/430-lecture-de-la-charte-de-la-laicite\" target=\"_blank\" rel=\"noopener\">Notre lecture de la Charte de la la\u00efcit\u00e9 interactive<\/a> [Histoire-G\u00e9ographie &#8211; Nice]<\/li>\n<\/ul>\n<p>&nbsp;<\/p>\n<ul>\n<li><a href=\"https:\/\/www.pedagogie.ac-nice.fr\/histgeo\/images\/attachments\/vademecum-laicite-version-decembre-2021.pdf\" target=\"_blank\" rel=\"noopener\">Vademecum La\u00efcit\u00e9<\/a> <img loading=\"lazy\" decoding=\"async\" class=\"alignnone size-full wp-image-105\" src=\"https:\/\/www.pedagogie.ac-nice.fr\/memoire-citoyennete-defense\/wp-content\/uploads\/sites\/54\/2023\/06\/attention.png\" alt=\"\" width=\"18\" height=\"19\"><\/li>\n<li><a href=\"https:\/\/www.education.gouv.fr\/la-laicite-l-ecole-12482\" target=\"_blank\" rel=\"noopener\">Dossier DEGESCO sur la la\u00efcit\u00e9<\/a><\/li>\n<li>[Notes de lectures] <a href=\"https:\/\/www.pedagogie.ac-nice.fr\/histgeo\/images\/attachments\/micheron.pdf\" target=\"_blank\" rel=\"noopener\">JIHADISME EUROP\u00c9EN. QUELS ENJEUX POUR L\u2019AVENIR ?<\/a> Tracts Gallimard, n\u00b0 35, 2022, 56 p.<br \/>\nd&rsquo;<span style=\"color: #ff6600;\">Hugo Micheron,<\/span> professeur \u00e0 Princeton et sp\u00e9cialiste du jihadisme en France.<a href=\"https:\/\/www.pedagogie.ac-nice.fr\/histgeo\/images\/attachments\/micheron.pdf\" target=\"_blank\" rel=\"noopener\"><img loading=\"lazy\" decoding=\"async\" class=\"alignright wp-image-111 size-thumbnail\" src=\"https:\/\/www.pedagogie.ac-nice.fr\/memoire-citoyennete-defense\/wp-content\/uploads\/sites\/54\/2023\/06\/micheron-150x150.jpg\" alt=\"\" width=\"150\" height=\"150\" srcset=\"https:\/\/www.pedagogie.ac-nice.fr\/memoire-citoyennete-defense\/wp-content\/uploads\/sites\/54\/2023\/06\/micheron-150x150.jpg 150w, https:\/\/www.pedagogie.ac-nice.fr\/memoire-citoyennete-defense\/wp-content\/uploads\/sites\/54\/2023\/06\/micheron-300x300.jpg 300w\" sizes=\"auto, (max-width: 150px) 100vw, 150px\" \/><\/a><\/li>\n<\/ul>\n<p>&nbsp;<\/p>\n<ul>\n<li>Le <a href=\"https:\/\/www.gouvernement.fr\/qu-est-ce-que-la-laicite\" target=\"_blank\" rel=\"noopener\">Comit\u00e9 interminist\u00e9riel de la la\u00efcit\u00e9<\/a><\/li>\n<li><a href=\"https:\/\/eduscol.education.fr\/1615\/laicite\" target=\"_blank\" rel=\"noopener\">La la\u00efcit\u00e9 \u00e0 l\u2019\u00c9cole<\/a> [Eduscol]<\/li>\n<li><a href=\"https:\/\/www.ac-nice.fr\/eavr\" target=\"_blank\" rel=\"noopener\">L&rsquo;\u00e9quipe acad\u00e9mique \u00ab\u00a0Valeurs de la R\u00e9publique\u00a0\u00bb<\/a> [Acad\u00e9mie de Nice]<\/li>\n<\/ul>\n<p>&nbsp;<\/p>\n<ul>\n<li><a href=\"http:\/\/classes.bnf.fr\/laicite\/\" target=\"_blank\" rel=\"noopener\">Exposition BNF en ligne et dossier p\u00e9dagogique<\/a><\/li>\n<li><a href=\"https:\/\/www.reseau-canope.fr\/valeurs-de-la-republique\/laicite.html\" target=\"_blank\" rel=\"noopener\">R\u00e9seau CANOP\u00e9<\/a><\/li>\n<li><a href=\"https:\/\/enseignants.lumni.fr\/fiche-media\/00000001762\/le-port-du-voile-en-france.html\" target=\"_blank\" rel=\"noopener\">Le port du voile en France<\/a> [Lumni]<\/li>\n<\/ul>\n<p>&nbsp;<\/p>\n<ul>\n<li>Depuis ESTEREL :&nbsp;<a href=\"https:\/\/tribu.phm.education.gouv.fr\/portal\/auth\/pagemarker\/5\/cms\/default-domain\/workspaces\/laicite-et-valeurs-de-la-republque-academie-de-nice?scope=__nocache&amp;addToBreadcrumb=0&amp;displayLiveVersion=2&amp;pagePath=%252Ffoad%252F_dyn_QWR2YW5jZWRTZWFyY2g%253D.dGVtcGxhdGVJZDpaR1ZtWVhWc2RBX2VfZV9kZEdWdGNHeGhkR1Z6X2RjMlZoY21Obw%253D%253D.X19FX18%253D.c2VsZWN0b3JzJTNEc2VhcmNoJTI1M0RsYWljaXQlMjVDMyUyNUE5JTI1MjZ0eXBlJTI1M0RXb3Jrc3BhY2U%253D.X19OX18%253D&amp;pageParams=\" target=\"_blank\" rel=\"noopener\">Le TRBU acad\u00e9mique La\u00efcit\u00e9 et valeurs de la R\u00e9publique<\/a><\/li>\n<li>Le <a href=\"https:\/\/magistere.education.fr\/local\/magistere_offers\/index.php#offer=88\" target=\"_blank\" rel=\"noopener\">parcours MAGISTERE \u00ab\u00a0La\u00efcit\u00e9\u00a0\u00bb<\/a><\/li>\n<li>Les <a href=\"https:\/\/www.departement06.fr\/liste-des-expositions-en-pret-pour-les-mairies-offices-de-tourisme-et-associations\/comment-est-nee-la-laicite-republicaine-vivre-la-diversite-religieuse-en-france-du-moyen-age-a-nos-jours-19320.html\" target=\"_blank\" rel=\"noopener\">expositions La\u00efcit\u00e9 des Archives d\u00e9partementales<\/a> en lien avec les charg\u00e9s de mission de la DAAC<\/li>\n<li>Le num\u00e9ro sp\u00e9cial de la revue Pastel de l&rsquo;acad\u00e9mie de Toulouse sur <a href=\"https:\/\/issuu.com\/academiedetoulouse\/docs\/print_maquette_revuepastel2018_fina\" target=\"_blank\" rel=\"noopener\">\u00ab\u00a0Enseigner les questions socialement vives en histoire-g\u00e9ographie\u00a0\u00bb<\/a><\/li>\n<\/ul>\n<hr>\n<h2><span style=\"color: #808080;\">Enseignement la\u00efc du fait religieux<\/span><\/h2>\n<ul>\n<li>IREL : <a href=\"https:\/\/irel.ephe.psl.eu\/\" target=\"_blank\" rel=\"noopener\">Institut d\u2019\u00c9tude des Religions et de la La\u00efcit\u00e9<img loading=\"lazy\" decoding=\"async\" class=\"alignright size-thumbnail wp-image-139\" src=\"https:\/\/www.pedagogie.ac-nice.fr\/memoire-citoyennete-defense\/wp-content\/uploads\/sites\/54\/2023\/06\/irel-150x150.jpg\" alt=\"\" width=\"150\" height=\"150\"><\/a><\/li>\n<li>Rubrique d\u00e9di\u00e9e du <a href=\"https:\/\/www.reseau-canope.fr\/valeurs-de-la-republique\/laicite\/comprendre\/enseignement-laique-des-faits-religieux.html\" target=\"_blank\" rel=\"noopener\">r\u00e9seau CANOP\u00e9<\/a><\/li>\n<li>\u00c9mission \u00ab\u00a0Le cours de l\u2019histoire\u00a0\u00bb de France Culture : <a href=\"https:\/\/www.radiofrance.fr\/franceculture\/podcasts\/le-cours-de-l-histoire\/enseigner-le-fait-religieux-sensibiliser-a-la-liberte-d-expression-les-defis-de-l-ecole-republicaine-5478725\" target=\"_blank\" rel=\"noopener\">\u00ab Enseigner le fait religieux, sensibiliser \u00e0 la libert\u00e9 d\u2019expression: les d\u00e9fis de l\u2019\u00e9cole r\u00e9publicaine \u00bb<\/a> du 20\/10\/2020<\/li>\n<\/ul>\n<p>&nbsp;<\/p>\n<p>&nbsp;<\/p>\n<p>&nbsp;<\/p>\n<p>&nbsp;<\/p>\n<p>&nbsp;<\/p>\n<p>&nbsp;<\/p>\n","protected":false},"excerpt":{"rendered":"<p>Des ressources pour enseigner l&rsquo;esprit critique, la la\u00efcit\u00e9 et les valeurs de la R\u00e9publique &nbsp; Ressources sur le terrorisme et<\/p>\n","protected":false},"author":230,"featured_media":0,"parent":0,"menu_order":0,"comment_status":"closed","ping_status":"closed","template":"","meta":{"colormag_page_container_layout":"no_sidebar_full_width","colormag_page_sidebar_layout":"no_sidebar","ngg_post_thumbnail":0,"footnotes":""},"class_list":["post-95","page","type-page","status-publish","hentry"],"rttpg_featured_image_url":null,"rttpg_author":{"display_name":"Admin","author_link":"https:\/\/www.pedagogie.ac-nice.fr\/memoire-citoyennete-defense\/author\/pbriand\/"},"rttpg_comment":0,"rttpg_category":null,"rttpg_excerpt":"Des ressources pour enseigner l&rsquo;esprit critique, la la\u00efcit\u00e9 et les valeurs de la R\u00e9publique &nbsp; Ressources sur le terrorisme et","post_mailing_queue_ids":[],"_links":{"self":[{"href":"https:\/\/www.pedagogie.ac-nice.fr\/memoire-citoyennete-defense\/wp-json\/wp\/v2\/pages\/95","targetHints":{"allow":["GET"]}}],"collection":[{"href":"https:\/\/www.pedagogie.ac-nice.fr\/memoire-citoyennete-defense\/wp-json\/wp\/v2\/pages"}],"about":[{"href":"https:\/\/www.pedagogie.ac-nice.fr\/memoire-citoyennete-defense\/wp-json\/wp\/v2\/types\/page"}],"author":[{"embeddable":true,"href":"https:\/\/www.pedagogie.ac-nice.fr\/memoire-citoyennete-defense\/wp-json\/wp\/v2\/users\/230"}],"replies":[{"embeddable":true,"href":"https:\/\/www.pedagogie.ac-nice.fr\/memoire-citoyennete-defense\/wp-json\/wp\/v2\/comments?post=95"}],"version-history":[{"count":34,"href":"https:\/\/www.pedagogie.ac-nice.fr\/memoire-citoyennete-defense\/wp-json\/wp\/v2\/pages\/95\/revisions"}],"predecessor-version":[{"id":228,"href":"https:\/\/www.pedagogie.ac-nice.fr\/memoire-citoyennete-defense\/wp-json\/wp\/v2\/pages\/95\/revisions\/228"}],"wp:attachment":[{"href":"https:\/\/www.pedagogie.ac-nice.fr\/memoire-citoyennete-defense\/wp-json\/wp\/v2\/media?parent=95"}],"curies":[{"name":"wp","href":"https:\/\/api.w.org\/{rel}","templated":true}]}}