{"id":102,"date":"2017-12-19T13:01:20","date_gmt":"2017-12-19T12:01:20","guid":{"rendered":"https:\/\/www.pedagogie.ac-nice.fr\/mi-ami\/?page_id=102"},"modified":"2017-12-19T13:11:10","modified_gmt":"2017-12-19T12:11:10","slug":"presentation-vip","status":"publish","type":"page","link":"https:\/\/www.pedagogie.ac-nice.fr\/mi-ami\/","title":{"rendered":"VIP"},"content":{"rendered":"<p><strong>Vers l&rsquo;insertion professionnelle<\/strong><\/p>\n<p>Vous souhaitez :<\/p>\n<ul>\n<li>optimiser vos embauches<\/li>\n<li>valoriser votre image \u00ab\u00a0d&rsquo;entreprise citoyenne\u00a0\u00bb<\/li>\n<li>engager vos salari\u00e9s \u00ab\u00a0tuteurs\u00a0\u00bb dans une d\u00e9marche valorisante<\/li>\n<li>contribuer \u00e0 la formation des jeunes<\/li>\n<\/ul>\n<p>L&rsquo;\u00c9ducation nationale, l&rsquo;UPE 06 et leurs partenaires s&rsquo;associent pour conjuguer formation, emploi des jeunes et qualit\u00e9 du recrutement.<\/p>\n<p>Ensemble, ils cr\u00e9ent le Label VIP<\/p>\n<p>Rejoignez-nous pour :<\/p>\n<ul>\n<li>un partenariat gagnant-gagnant<\/li>\n<li>un engagement social<\/li>\n<li>un label reconnu<\/li>\n<\/ul>\n<p>Nombre des jeunes dipl\u00f4m\u00e9 n&rsquo;ont pas acc\u00e8s \u00e0 l&#8217;emploi \u00e0 l&rsquo;issue de leur scolarit\u00e9 et les entreprises ont des difficult\u00e9s majeures de recrutement.<\/p>\n<p>Id\u00e9es re\u00e7ues ? Manque de motivation, manque d&rsquo;exp\u00e9rience, comportement inadapt\u00e9 &#8230; sont autant de freins \u00e0 l&rsquo;insertion professionnelle.<\/p>\n<p><strong>ET POURTANT NOUS AVONS BESOIN DE LEURS TALENTS !!<\/strong><\/p>\n<p><strong>Public :<\/strong> Les jeunes lyc\u00e9ens des sections professionnelles, \u00e0 savoir \u00e9l\u00e8ves de 2nde, 1\u00e8re et terminale.<\/p>\n<p><strong>Objectif :<\/strong> Faciliter l&rsquo;insertion professionnelle des jeunes dipl\u00f4m\u00e9s titulaires d&rsquo;un bac professionnel et r\u00e9pondre aux besoins en comp\u00e9tences des entreprises.<\/p>\n<p><strong>Dispositif VIP :<\/strong> Il vise \u00e0 placer l&rsquo;ensemble des acteurs de la formation (\u00e9l\u00e8ves, enseignants et tuteurs) dans une dynamique de professionnalisation pour une meilleure ad\u00e9quation entre la formation des jeunes et les besoins de main d\u2019\u0153uvre des entreprises.<br \/>\n Il participe au parcours des jeunes dipl\u00f4m\u00e9s (bac professionnel) en termes de savoirs (connaissance et culture professionnelle, culture g\u00e9n\u00e9rale, anglais), de savoir-\u00eatre et de savoir-faire \u00e0 la hauteur des attentes de l&rsquo;entreprise.<\/p>\n<p><strong>Label VIP \u00ab\u00a0Vers l&rsquo;insertion professionnelle\u00a0\u00bb :<\/strong> Ce label valide le parcours des jeunes dipl\u00f4m\u00e9s ayant suivi avec succ\u00e8s le dispositif VIP et l&rsquo;engagement de tous les acteurs.<br \/>\n VIP c&rsquo;est aussi un label qualit\u00e9 pour les entreprises qui participent \u00e0 la formation des jeunes gr\u00e2ce \u00e0 des tuteurs particuli\u00e8rement engag\u00e9s dans leur mission d&rsquo;int\u00e9gration et de transmission des avoirs-faire.<br \/>\n Ce label est co-valid\u00e9 par l&rsquo;acad\u00e9mie de Nice et l&rsquo;UPE 06 et leurs partenaires.<\/p>\n<p><strong>Partenaires :<\/strong> Avec le label VIP, l&rsquo;\u00c9ducation nationale, l&rsquo;UPE 06 et leurs partenaires s&rsquo;associent pour conjuguer formation, emploi des jeunes et satisfaction des entreprises.<\/p>\n","protected":false},"excerpt":{"rendered":"<p class=\"excerpt\">Vers l&rsquo;insertion professionnelle Vous souhaitez : optimiser vos embauches valoriser votre image \u00ab\u00a0d&rsquo;entreprise citoyenne\u00a0\u00bb engager vos salari\u00e9s \u00ab\u00a0tuteurs\u00a0\u00bb dans une d\u00e9marche valorisante contribuer \u00e0 la formation des jeunes L&rsquo;\u00c9ducation nationale, l&rsquo;UPE 06 et leurs partenaires s&rsquo;associent pour conjuguer formation, emploi des jeunes et qualit\u00e9 du recrutement. Ensemble, ils cr\u00e9ent le Label VIP Rejoignez-nous pour : un partenariat gagnant-gagnant un engagement&hellip; <a href=\"https:\/\/www.pedagogie.ac-nice.fr\/mi-ami\/\">Read more &rarr;<\/a><\/p>\n","protected":false},"author":107,"featured_media":0,"parent":0,"menu_order":0,"comment_status":"closed","ping_status":"closed","template":"","meta":{"ngg_post_thumbnail":0,"footnotes":""},"class_list":["post-102","page","type-page","status-publish","hentry","xfolkentry"],"rttpg_featured_image_url":null,"rttpg_author":{"display_name":"mi-ami","author_link":"https:\/\/www.pedagogie.ac-nice.fr\/mi-ami\/author\/mi-ami\/"},"rttpg_comment":0,"rttpg_category":null,"rttpg_excerpt":"Vers l&rsquo;insertion professionnelle Vous souhaitez : optimiser vos embauches valoriser votre image \u00ab\u00a0d&rsquo;entreprise citoyenne\u00a0\u00bb engager vos salari\u00e9s \u00ab\u00a0tuteurs\u00a0\u00bb dans une d\u00e9marche valorisante contribuer \u00e0 la formation des jeunes L&rsquo;\u00c9ducation nationale, l&rsquo;UPE 06 et leurs partenaires s&rsquo;associent pour conjuguer formation, emploi des jeunes et qualit\u00e9 du recrutement. Ensemble, ils cr\u00e9ent le Label VIP Rejoignez-nous pour :\u2026","post_mailing_queue_ids":[],"_links":{"self":[{"href":"https:\/\/www.pedagogie.ac-nice.fr\/mi-ami\/wp-json\/wp\/v2\/pages\/102","targetHints":{"allow":["GET"]}}],"collection":[{"href":"https:\/\/www.pedagogie.ac-nice.fr\/mi-ami\/wp-json\/wp\/v2\/pages"}],"about":[{"href":"https:\/\/www.pedagogie.ac-nice.fr\/mi-ami\/wp-json\/wp\/v2\/types\/page"}],"author":[{"embeddable":true,"href":"https:\/\/www.pedagogie.ac-nice.fr\/mi-ami\/wp-json\/wp\/v2\/users\/107"}],"replies":[{"embeddable":true,"href":"https:\/\/www.pedagogie.ac-nice.fr\/mi-ami\/wp-json\/wp\/v2\/comments?post=102"}],"version-history":[{"count":2,"href":"https:\/\/www.pedagogie.ac-nice.fr\/mi-ami\/wp-json\/wp\/v2\/pages\/102\/revisions"}],"predecessor-version":[{"id":239,"href":"https:\/\/www.pedagogie.ac-nice.fr\/mi-ami\/wp-json\/wp\/v2\/pages\/102\/revisions\/239"}],"wp:attachment":[{"href":"https:\/\/www.pedagogie.ac-nice.fr\/mi-ami\/wp-json\/wp\/v2\/media?parent=102"}],"curies":[{"name":"wp","href":"https:\/\/api.w.org\/{rel}","templated":true}]}}