{"id":14,"date":"2017-11-20T11:29:46","date_gmt":"2017-11-20T10:29:46","guid":{"rendered":"https:\/\/www.pedagogie.ac-nice.fr\/mi-ami\/?page_id=14"},"modified":"2017-11-23T21:45:55","modified_gmt":"2017-11-23T20:45:55","slug":"nous-contacter","status":"publish","type":"page","link":"https:\/\/www.pedagogie.ac-nice.fr\/mi-ami\/nous-contacter\/","title":{"rendered":"Contacts"},"content":{"rendered":"<p><img loading=\"lazy\" decoding=\"async\" class=\"size-full wp-image-56 alignright\" src=\"https:\/\/www.pedagogie.ac-nice.fr\/mi-ami\/wp-content\/uploads\/sites\/11\/2017\/11\/logoVIP.png\" alt=\"\" width=\"200\" height=\"200\" srcset=\"https:\/\/www.pedagogie.ac-nice.fr\/mi-ami\/wp-content\/uploads\/sites\/11\/2017\/11\/logoVIP.png 200w, https:\/\/www.pedagogie.ac-nice.fr\/mi-ami\/wp-content\/uploads\/sites\/11\/2017\/11\/logoVIP-150x150.png 150w, https:\/\/www.pedagogie.ac-nice.fr\/mi-ami\/wp-content\/uploads\/sites\/11\/2017\/11\/logoVIP-100x100.png 100w\" sizes=\"auto, (max-width: 200px) 100vw, 200px\" \/><\/p>\n<p><strong>Rectorat de Nice<\/strong><br \/>\n Yves Costa<br \/>\n T\u00e9l : 06 74 29 58 56<br \/>\n E-mail : yves.costa@ac-nice.fr<\/p>\n<p>&nbsp;<\/p>\n<p><strong>UPE 06<\/strong><br \/>\n Sol\u00e8ne Galandie<br \/>\n T\u00e9l : 04 92 27 27 72 &#8211; 06 70 63 04 30<br \/>\n E-mail : s.galandie@upe06.com<\/p>\n","protected":false},"excerpt":{"rendered":"<p class=\"excerpt\">Rectorat de Nice Yves Costa T\u00e9l : 06 74 29 58 56 E-mail : yves.costa@ac-nice.fr &nbsp; UPE 06 Sol\u00e8ne Galandie T\u00e9l : 04 92 27 27 72 &#8211; 06 70 63 04 30 E-mail : s.galandie@upe06.com <a href=\"https:\/\/www.pedagogie.ac-nice.fr\/mi-ami\/nous-contacter\/\">Read more &rarr;<\/a><\/p>\n","protected":false},"author":107,"featured_media":0,"parent":0,"menu_order":0,"comment_status":"closed","ping_status":"closed","template":"","meta":{"ngg_post_thumbnail":0,"footnotes":""},"class_list":["post-14","page","type-page","status-publish","hentry","xfolkentry"],"rttpg_featured_image_url":null,"rttpg_author":{"display_name":"mi-ami","author_link":"https:\/\/www.pedagogie.ac-nice.fr\/mi-ami\/author\/mi-ami\/"},"rttpg_comment":0,"rttpg_category":null,"rttpg_excerpt":"Rectorat de Nice Yves Costa T\u00e9l : 06 74 29 58 56 E-mail : yves.costa@ac-nice.fr &nbsp; UPE 06 Sol\u00e8ne Galandie T\u00e9l : 04 92 27 27 72 &#8211; 06 70 63 04 30 E-mail : s.galandie@upe06.com Read more &rarr;","post_mailing_queue_ids":[],"_links":{"self":[{"href":"https:\/\/www.pedagogie.ac-nice.fr\/mi-ami\/wp-json\/wp\/v2\/pages\/14","targetHints":{"allow":["GET"]}}],"collection":[{"href":"https:\/\/www.pedagogie.ac-nice.fr\/mi-ami\/wp-json\/wp\/v2\/pages"}],"about":[{"href":"https:\/\/www.pedagogie.ac-nice.fr\/mi-ami\/wp-json\/wp\/v2\/types\/page"}],"author":[{"embeddable":true,"href":"https:\/\/www.pedagogie.ac-nice.fr\/mi-ami\/wp-json\/wp\/v2\/users\/107"}],"replies":[{"embeddable":true,"href":"https:\/\/www.pedagogie.ac-nice.fr\/mi-ami\/wp-json\/wp\/v2\/comments?post=14"}],"version-history":[{"count":13,"href":"https:\/\/www.pedagogie.ac-nice.fr\/mi-ami\/wp-json\/wp\/v2\/pages\/14\/revisions"}],"predecessor-version":[{"id":198,"href":"https:\/\/www.pedagogie.ac-nice.fr\/mi-ami\/wp-json\/wp\/v2\/pages\/14\/revisions\/198"}],"wp:attachment":[{"href":"https:\/\/www.pedagogie.ac-nice.fr\/mi-ami\/wp-json\/wp\/v2\/media?parent=14"}],"curies":[{"name":"wp","href":"https:\/\/api.w.org\/{rel}","templated":true}]}}